{"id":1503,"date":"2025-12-23T14:01:33","date_gmt":"2025-12-23T11:01:33","guid":{"rendered":"https:\/\/label.bet\/at\/?page_id=1503"},"modified":"2026-03-26T11:46:19","modified_gmt":"2026-03-26T08:46:19","slug":"app","status":"publish","type":"page","link":"https:\/\/label.bet\/at\/app\/","title":{"rendered":"App"},"content":{"rendered":"","protected":false},"excerpt":{"rendered":"","protected":false},"author":1,"featured_media":0,"parent":0,"menu_order":0,"comment_status":"closed","ping_status":"closed","template":"","meta":{"_acf_changed":false,"footnotes":""},"class_list":["post-1503","page","type-page","status-publish","hentry"],"acf":[],"yoast_head":"<!-- This site is optimized with the Yoast SEO plugin v26.5 - https:\/\/yoast.com\/wordpress\/plugins\/seo\/ -->\n<title>BetLabel App \u1409 App f\u00fcr Android und iOS kostenlos herunterladen<\/title>\n<meta name=\"description\" content=\"Laden Sie die BetLabel \u00d6sterreich App f\u00fcr Android und iOS herunter und genie\u00dfen Sie von Ihrem Smartphone aus uneingeschr\u00e4nkten Zugriff auf Sportwetten und Online-Casino-Spiele. Praktische APK, schnelle Anmeldung, Bonus f\u00fcr Neukunden und Support rund um die Uhr.\" \/>\n<meta name=\"robots\" content=\"index, follow, max-snippet:-1, max-image-preview:large, max-video-preview:-1\" \/>\n<link rel=\"canonical\" href=\"https:\/\/label.bet\/at\/app\/\" \/>\n<meta property=\"og:locale\" content=\"de_DE\" \/>\n<meta property=\"og:type\" content=\"article\" \/>\n<meta property=\"og:title\" content=\"BetLabel App \u1409 App f\u00fcr Android und iOS kostenlos herunterladen\" \/>\n<meta property=\"og:description\" content=\"Laden Sie die BetLabel \u00d6sterreich App f\u00fcr Android und iOS herunter und genie\u00dfen Sie von Ihrem Smartphone aus uneingeschr\u00e4nkten Zugriff auf Sportwetten und Online-Casino-Spiele. Praktische APK, schnelle Anmeldung, Bonus f\u00fcr Neukunden und Support rund um die Uhr.\" \/>\n<meta property=\"og:url\" content=\"https:\/\/label.bet\/at\/app\/\" \/>\n<meta property=\"og:site_name\" content=\"Betlabel at\" \/>\n<meta property=\"article:modified_time\" content=\"2026-03-26T08:46:19+00:00\" \/>\n<meta name=\"twitter:card\" content=\"summary_large_image\" \/>\n<script type=\"application\/ld+json\" class=\"yoast-schema-graph\">{\"@context\":\"https:\/\/schema.org\",\"@graph\":[{\"@type\":\"WebPage\",\"@id\":\"https:\/\/label.bet\/at\/app\/\",\"url\":\"https:\/\/label.bet\/at\/app\/\",\"name\":\"BetLabel App \u1409 App f\u00fcr Android und iOS kostenlos herunterladen\",\"isPartOf\":{\"@id\":\"https:\/\/label.bet\/at\/#website\"},\"datePublished\":\"2025-12-23T11:01:33+00:00\",\"dateModified\":\"2026-03-26T08:46:19+00:00\",\"description\":\"Laden Sie die BetLabel \u00d6sterreich App f\u00fcr Android und iOS herunter und genie\u00dfen Sie von Ihrem Smartphone aus uneingeschr\u00e4nkten Zugriff auf Sportwetten und Online-Casino-Spiele. Praktische APK, schnelle Anmeldung, Bonus f\u00fcr Neukunden und Support rund um die Uhr.\",\"inLanguage\":\"de-AT\",\"potentialAction\":[{\"@type\":\"ReadAction\",\"target\":[\"https:\/\/label.bet\/at\/app\/\"]}]},{\"@type\":\"WebSite\",\"@id\":\"https:\/\/label.bet\/at\/#website\",\"url\":\"https:\/\/label.bet\/at\/\",\"name\":\"Betlabel at\",\"description\":\"\",\"potentialAction\":[{\"@type\":\"SearchAction\",\"target\":{\"@type\":\"EntryPoint\",\"urlTemplate\":\"https:\/\/label.bet\/at\/?s={search_term_string}\"},\"query-input\":{\"@type\":\"PropertyValueSpecification\",\"valueRequired\":true,\"valueName\":\"search_term_string\"}}],\"inLanguage\":\"de-AT\"}]}<\/script>\n<!-- \/ Yoast SEO plugin. -->","yoast_head_json":{"title":"BetLabel App \u1409 App f\u00fcr Android und iOS kostenlos herunterladen","description":"Laden Sie die BetLabel \u00d6sterreich App f\u00fcr Android und iOS herunter und genie\u00dfen Sie von Ihrem Smartphone aus uneingeschr\u00e4nkten Zugriff auf Sportwetten und Online-Casino-Spiele. Praktische APK, schnelle Anmeldung, Bonus f\u00fcr Neukunden und Support rund um die Uhr.","robots":{"index":"index","follow":"follow","max-snippet":"max-snippet:-1","max-image-preview":"max-image-preview:large","max-video-preview":"max-video-preview:-1"},"canonical":"https:\/\/label.bet\/at\/app\/","og_locale":"de_DE","og_type":"article","og_title":"BetLabel App \u1409 App f\u00fcr Android und iOS kostenlos herunterladen","og_description":"Laden Sie die BetLabel \u00d6sterreich App f\u00fcr Android und iOS herunter und genie\u00dfen Sie von Ihrem Smartphone aus uneingeschr\u00e4nkten Zugriff auf Sportwetten und Online-Casino-Spiele. Praktische APK, schnelle Anmeldung, Bonus f\u00fcr Neukunden und Support rund um die Uhr.","og_url":"https:\/\/label.bet\/at\/app\/","og_site_name":"Betlabel at","article_modified_time":"2026-03-26T08:46:19+00:00","twitter_card":"summary_large_image","schema":{"@context":"https:\/\/schema.org","@graph":[{"@type":"WebPage","@id":"https:\/\/label.bet\/at\/app\/","url":"https:\/\/label.bet\/at\/app\/","name":"BetLabel App \u1409 App f\u00fcr Android und iOS kostenlos herunterladen","isPartOf":{"@id":"https:\/\/label.bet\/at\/#website"},"datePublished":"2025-12-23T11:01:33+00:00","dateModified":"2026-03-26T08:46:19+00:00","description":"Laden Sie die BetLabel \u00d6sterreich App f\u00fcr Android und iOS herunter und genie\u00dfen Sie von Ihrem Smartphone aus uneingeschr\u00e4nkten Zugriff auf Sportwetten und Online-Casino-Spiele. Praktische APK, schnelle Anmeldung, Bonus f\u00fcr Neukunden und Support rund um die Uhr.","inLanguage":"de-AT","potentialAction":[{"@type":"ReadAction","target":["https:\/\/label.bet\/at\/app\/"]}]},{"@type":"WebSite","@id":"https:\/\/label.bet\/at\/#website","url":"https:\/\/label.bet\/at\/","name":"Betlabel at","description":"","potentialAction":[{"@type":"SearchAction","target":{"@type":"EntryPoint","urlTemplate":"https:\/\/label.bet\/at\/?s={search_term_string}"},"query-input":{"@type":"PropertyValueSpecification","valueRequired":true,"valueName":"search_term_string"}}],"inLanguage":"de-AT"}]}},"_links":{"self":[{"href":"https:\/\/label.bet\/at\/wp-json\/wp\/v2\/pages\/1503","targetHints":{"allow":["GET"]}}],"collection":[{"href":"https:\/\/label.bet\/at\/wp-json\/wp\/v2\/pages"}],"about":[{"href":"https:\/\/label.bet\/at\/wp-json\/wp\/v2\/types\/page"}],"author":[{"embeddable":true,"href":"https:\/\/label.bet\/at\/wp-json\/wp\/v2\/users\/1"}],"replies":[{"embeddable":true,"href":"https:\/\/label.bet\/at\/wp-json\/wp\/v2\/comments?post=1503"}],"version-history":[{"count":5,"href":"https:\/\/label.bet\/at\/wp-json\/wp\/v2\/pages\/1503\/revisions"}],"predecessor-version":[{"id":2139,"href":"https:\/\/label.bet\/at\/wp-json\/wp\/v2\/pages\/1503\/revisions\/2139"}],"wp:attachment":[{"href":"https:\/\/label.bet\/at\/wp-json\/wp\/v2\/media?parent=1503"}],"curies":[{"name":"wp","href":"https:\/\/api.w.org\/{rel}","templated":true}]}}