{"id":1629,"date":"2025-12-29T16:26:05","date_gmt":"2025-12-29T13:26:05","guid":{"rendered":"https:\/\/label.bet\/at\/?page_id=1629"},"modified":"2026-03-26T13:00:13","modified_gmt":"2026-03-26T10:00:13","slug":"promo-code","status":"publish","type":"page","link":"https:\/\/label.bet\/at\/promo-code\/","title":{"rendered":"Gutscheincode"},"content":{"rendered":"","protected":false},"excerpt":{"rendered":"","protected":false},"author":1,"featured_media":0,"parent":0,"menu_order":0,"comment_status":"closed","ping_status":"closed","template":"","meta":{"_acf_changed":false,"footnotes":""},"class_list":["post-1629","page","type-page","status-publish","hentry"],"acf":[],"yoast_head":"<!-- This site is optimized with the Yoast SEO plugin v26.5 - https:\/\/yoast.com\/wordpress\/plugins\/seo\/ -->\n<title>BetLabel-Gutscheincode \u1409 Aktueller Bonuscode f\u00fcr die Registrierung<\/title>\n<meta name=\"description\" content=\"Aktueller BetLabel \u00d6sterreich Promo-Code f\u00fcr neue Spieler: Anmeldebonus, Gratiswetten und weitere Vorteile f\u00fcr Sportwetten und Casino. Erfahren Sie, wie Sie den Bonuscode richtig aktivieren.\" \/>\n<meta name=\"robots\" content=\"index, follow, max-snippet:-1, max-image-preview:large, max-video-preview:-1\" \/>\n<link rel=\"canonical\" href=\"https:\/\/label.bet\/at\/promo-code\/\" \/>\n<meta property=\"og:locale\" content=\"de_DE\" \/>\n<meta property=\"og:type\" content=\"article\" \/>\n<meta property=\"og:title\" content=\"BetLabel-Gutscheincode \u1409 Aktueller Bonuscode f\u00fcr die Registrierung\" \/>\n<meta property=\"og:description\" content=\"Aktueller BetLabel \u00d6sterreich Promo-Code f\u00fcr neue Spieler: Anmeldebonus, Gratiswetten und weitere Vorteile f\u00fcr Sportwetten und Casino. Erfahren Sie, wie Sie den Bonuscode richtig aktivieren.\" \/>\n<meta property=\"og:url\" content=\"https:\/\/label.bet\/at\/promo-code\/\" \/>\n<meta property=\"og:site_name\" content=\"Betlabel at\" \/>\n<meta property=\"article:modified_time\" content=\"2026-03-26T10:00:13+00:00\" \/>\n<meta name=\"twitter:card\" content=\"summary_large_image\" \/>\n<script type=\"application\/ld+json\" class=\"yoast-schema-graph\">{\"@context\":\"https:\/\/schema.org\",\"@graph\":[{\"@type\":\"WebPage\",\"@id\":\"https:\/\/label.bet\/at\/promo-code\/\",\"url\":\"https:\/\/label.bet\/at\/promo-code\/\",\"name\":\"BetLabel-Gutscheincode \u1409 Aktueller Bonuscode f\u00fcr die Registrierung\",\"isPartOf\":{\"@id\":\"https:\/\/label.bet\/at\/#website\"},\"datePublished\":\"2025-12-29T13:26:05+00:00\",\"dateModified\":\"2026-03-26T10:00:13+00:00\",\"description\":\"Aktueller BetLabel \u00d6sterreich Promo-Code f\u00fcr neue Spieler: Anmeldebonus, Gratiswetten und weitere Vorteile f\u00fcr Sportwetten und Casino. Erfahren Sie, wie Sie den Bonuscode richtig aktivieren.\",\"inLanguage\":\"de-AT\",\"potentialAction\":[{\"@type\":\"ReadAction\",\"target\":[\"https:\/\/label.bet\/at\/promo-code\/\"]}]},{\"@type\":\"WebSite\",\"@id\":\"https:\/\/label.bet\/at\/#website\",\"url\":\"https:\/\/label.bet\/at\/\",\"name\":\"Betlabel at\",\"description\":\"\",\"potentialAction\":[{\"@type\":\"SearchAction\",\"target\":{\"@type\":\"EntryPoint\",\"urlTemplate\":\"https:\/\/label.bet\/at\/?s={search_term_string}\"},\"query-input\":{\"@type\":\"PropertyValueSpecification\",\"valueRequired\":true,\"valueName\":\"search_term_string\"}}],\"inLanguage\":\"de-AT\"}]}<\/script>\n<!-- \/ Yoast SEO plugin. -->","yoast_head_json":{"title":"BetLabel-Gutscheincode \u1409 Aktueller Bonuscode f\u00fcr die Registrierung","description":"Aktueller BetLabel \u00d6sterreich Promo-Code f\u00fcr neue Spieler: Anmeldebonus, Gratiswetten und weitere Vorteile f\u00fcr Sportwetten und Casino. Erfahren Sie, wie Sie den Bonuscode richtig aktivieren.","robots":{"index":"index","follow":"follow","max-snippet":"max-snippet:-1","max-image-preview":"max-image-preview:large","max-video-preview":"max-video-preview:-1"},"canonical":"https:\/\/label.bet\/at\/promo-code\/","og_locale":"de_DE","og_type":"article","og_title":"BetLabel-Gutscheincode \u1409 Aktueller Bonuscode f\u00fcr die Registrierung","og_description":"Aktueller BetLabel \u00d6sterreich Promo-Code f\u00fcr neue Spieler: Anmeldebonus, Gratiswetten und weitere Vorteile f\u00fcr Sportwetten und Casino. Erfahren Sie, wie Sie den Bonuscode richtig aktivieren.","og_url":"https:\/\/label.bet\/at\/promo-code\/","og_site_name":"Betlabel at","article_modified_time":"2026-03-26T10:00:13+00:00","twitter_card":"summary_large_image","schema":{"@context":"https:\/\/schema.org","@graph":[{"@type":"WebPage","@id":"https:\/\/label.bet\/at\/promo-code\/","url":"https:\/\/label.bet\/at\/promo-code\/","name":"BetLabel-Gutscheincode \u1409 Aktueller Bonuscode f\u00fcr die Registrierung","isPartOf":{"@id":"https:\/\/label.bet\/at\/#website"},"datePublished":"2025-12-29T13:26:05+00:00","dateModified":"2026-03-26T10:00:13+00:00","description":"Aktueller BetLabel \u00d6sterreich Promo-Code f\u00fcr neue Spieler: Anmeldebonus, Gratiswetten und weitere Vorteile f\u00fcr Sportwetten und Casino. Erfahren Sie, wie Sie den Bonuscode richtig aktivieren.","inLanguage":"de-AT","potentialAction":[{"@type":"ReadAction","target":["https:\/\/label.bet\/at\/promo-code\/"]}]},{"@type":"WebSite","@id":"https:\/\/label.bet\/at\/#website","url":"https:\/\/label.bet\/at\/","name":"Betlabel at","description":"","potentialAction":[{"@type":"SearchAction","target":{"@type":"EntryPoint","urlTemplate":"https:\/\/label.bet\/at\/?s={search_term_string}"},"query-input":{"@type":"PropertyValueSpecification","valueRequired":true,"valueName":"search_term_string"}}],"inLanguage":"de-AT"}]}},"_links":{"self":[{"href":"https:\/\/label.bet\/at\/wp-json\/wp\/v2\/pages\/1629","targetHints":{"allow":["GET"]}}],"collection":[{"href":"https:\/\/label.bet\/at\/wp-json\/wp\/v2\/pages"}],"about":[{"href":"https:\/\/label.bet\/at\/wp-json\/wp\/v2\/types\/page"}],"author":[{"embeddable":true,"href":"https:\/\/label.bet\/at\/wp-json\/wp\/v2\/users\/1"}],"replies":[{"embeddable":true,"href":"https:\/\/label.bet\/at\/wp-json\/wp\/v2\/comments?post=1629"}],"version-history":[{"count":5,"href":"https:\/\/label.bet\/at\/wp-json\/wp\/v2\/pages\/1629\/revisions"}],"predecessor-version":[{"id":2153,"href":"https:\/\/label.bet\/at\/wp-json\/wp\/v2\/pages\/1629\/revisions\/2153"}],"wp:attachment":[{"href":"https:\/\/label.bet\/at\/wp-json\/wp\/v2\/media?parent=1629"}],"curies":[{"name":"wp","href":"https:\/\/api.w.org\/{rel}","templated":true}]}}