{"id":1646,"date":"2025-12-30T10:08:42","date_gmt":"2025-12-30T07:08:42","guid":{"rendered":"https:\/\/label.bet\/at\/?page_id=1646"},"modified":"2026-03-26T11:33:07","modified_gmt":"2026-03-26T08:33:07","slug":"login","status":"publish","type":"page","link":"https:\/\/label.bet\/at\/login\/","title":{"rendered":"Anmelden"},"content":{"rendered":"","protected":false},"excerpt":{"rendered":"","protected":false},"author":1,"featured_media":0,"parent":0,"menu_order":0,"comment_status":"closed","ping_status":"closed","template":"","meta":{"_acf_changed":false,"footnotes":""},"class_list":["post-1646","page","type-page","status-publish","hentry"],"acf":[],"yoast_head":"<!-- This site is optimized with the Yoast SEO plugin v26.5 - https:\/\/yoast.com\/wordpress\/plugins\/seo\/ -->\n<title>BetLabel-Anmeldung \u1409 Anleitung und Tipps zur Kontoanmeldung<\/title>\n<meta name=\"description\" content=\"So melden Sie sich schnell und sicher bei Ihrem BetLabel \u00d6sterreich Konto an. Ausf\u00fchrliche Anleitung zur Anmeldung, Anmeldemethoden und L\u00f6sungen f\u00fcr h\u00e4ufig auftretende Probleme bei BetLabel.\" \/>\n<meta name=\"robots\" content=\"index, follow, max-snippet:-1, max-image-preview:large, max-video-preview:-1\" \/>\n<link rel=\"canonical\" href=\"https:\/\/label.bet\/at\/login\/\" \/>\n<meta property=\"og:locale\" content=\"de_DE\" \/>\n<meta property=\"og:type\" content=\"article\" \/>\n<meta property=\"og:title\" content=\"BetLabel-Anmeldung \u1409 Anleitung und Tipps zur Kontoanmeldung\" \/>\n<meta property=\"og:description\" content=\"So melden Sie sich schnell und sicher bei Ihrem BetLabel \u00d6sterreich Konto an. Ausf\u00fchrliche Anleitung zur Anmeldung, Anmeldemethoden und L\u00f6sungen f\u00fcr h\u00e4ufig auftretende Probleme bei BetLabel.\" \/>\n<meta property=\"og:url\" content=\"https:\/\/label.bet\/at\/login\/\" \/>\n<meta property=\"og:site_name\" content=\"Betlabel at\" \/>\n<meta property=\"article:modified_time\" content=\"2026-03-26T08:33:07+00:00\" \/>\n<meta name=\"twitter:card\" content=\"summary_large_image\" \/>\n<script type=\"application\/ld+json\" class=\"yoast-schema-graph\">{\"@context\":\"https:\/\/schema.org\",\"@graph\":[{\"@type\":\"WebPage\",\"@id\":\"https:\/\/label.bet\/at\/login\/\",\"url\":\"https:\/\/label.bet\/at\/login\/\",\"name\":\"BetLabel-Anmeldung \u1409 Anleitung und Tipps zur Kontoanmeldung\",\"isPartOf\":{\"@id\":\"https:\/\/label.bet\/at\/#website\"},\"datePublished\":\"2025-12-30T07:08:42+00:00\",\"dateModified\":\"2026-03-26T08:33:07+00:00\",\"description\":\"So melden Sie sich schnell und sicher bei Ihrem BetLabel \u00d6sterreich Konto an. Ausf\u00fchrliche Anleitung zur Anmeldung, Anmeldemethoden und L\u00f6sungen f\u00fcr h\u00e4ufig auftretende Probleme bei BetLabel.\",\"inLanguage\":\"de-AT\",\"potentialAction\":[{\"@type\":\"ReadAction\",\"target\":[\"https:\/\/label.bet\/at\/login\/\"]}]},{\"@type\":\"WebSite\",\"@id\":\"https:\/\/label.bet\/at\/#website\",\"url\":\"https:\/\/label.bet\/at\/\",\"name\":\"Betlabel at\",\"description\":\"\",\"potentialAction\":[{\"@type\":\"SearchAction\",\"target\":{\"@type\":\"EntryPoint\",\"urlTemplate\":\"https:\/\/label.bet\/at\/?s={search_term_string}\"},\"query-input\":{\"@type\":\"PropertyValueSpecification\",\"valueRequired\":true,\"valueName\":\"search_term_string\"}}],\"inLanguage\":\"de-AT\"}]}<\/script>\n<!-- \/ Yoast SEO plugin. -->","yoast_head_json":{"title":"BetLabel-Anmeldung \u1409 Anleitung und Tipps zur Kontoanmeldung","description":"So melden Sie sich schnell und sicher bei Ihrem BetLabel \u00d6sterreich Konto an. Ausf\u00fchrliche Anleitung zur Anmeldung, Anmeldemethoden und L\u00f6sungen f\u00fcr h\u00e4ufig auftretende Probleme bei BetLabel.","robots":{"index":"index","follow":"follow","max-snippet":"max-snippet:-1","max-image-preview":"max-image-preview:large","max-video-preview":"max-video-preview:-1"},"canonical":"https:\/\/label.bet\/at\/login\/","og_locale":"de_DE","og_type":"article","og_title":"BetLabel-Anmeldung \u1409 Anleitung und Tipps zur Kontoanmeldung","og_description":"So melden Sie sich schnell und sicher bei Ihrem BetLabel \u00d6sterreich Konto an. Ausf\u00fchrliche Anleitung zur Anmeldung, Anmeldemethoden und L\u00f6sungen f\u00fcr h\u00e4ufig auftretende Probleme bei BetLabel.","og_url":"https:\/\/label.bet\/at\/login\/","og_site_name":"Betlabel at","article_modified_time":"2026-03-26T08:33:07+00:00","twitter_card":"summary_large_image","schema":{"@context":"https:\/\/schema.org","@graph":[{"@type":"WebPage","@id":"https:\/\/label.bet\/at\/login\/","url":"https:\/\/label.bet\/at\/login\/","name":"BetLabel-Anmeldung \u1409 Anleitung und Tipps zur Kontoanmeldung","isPartOf":{"@id":"https:\/\/label.bet\/at\/#website"},"datePublished":"2025-12-30T07:08:42+00:00","dateModified":"2026-03-26T08:33:07+00:00","description":"So melden Sie sich schnell und sicher bei Ihrem BetLabel \u00d6sterreich Konto an. Ausf\u00fchrliche Anleitung zur Anmeldung, Anmeldemethoden und L\u00f6sungen f\u00fcr h\u00e4ufig auftretende Probleme bei BetLabel.","inLanguage":"de-AT","potentialAction":[{"@type":"ReadAction","target":["https:\/\/label.bet\/at\/login\/"]}]},{"@type":"WebSite","@id":"https:\/\/label.bet\/at\/#website","url":"https:\/\/label.bet\/at\/","name":"Betlabel at","description":"","potentialAction":[{"@type":"SearchAction","target":{"@type":"EntryPoint","urlTemplate":"https:\/\/label.bet\/at\/?s={search_term_string}"},"query-input":{"@type":"PropertyValueSpecification","valueRequired":true,"valueName":"search_term_string"}}],"inLanguage":"de-AT"}]}},"_links":{"self":[{"href":"https:\/\/label.bet\/at\/wp-json\/wp\/v2\/pages\/1646","targetHints":{"allow":["GET"]}}],"collection":[{"href":"https:\/\/label.bet\/at\/wp-json\/wp\/v2\/pages"}],"about":[{"href":"https:\/\/label.bet\/at\/wp-json\/wp\/v2\/types\/page"}],"author":[{"embeddable":true,"href":"https:\/\/label.bet\/at\/wp-json\/wp\/v2\/users\/1"}],"replies":[{"embeddable":true,"href":"https:\/\/label.bet\/at\/wp-json\/wp\/v2\/comments?post=1646"}],"version-history":[{"count":5,"href":"https:\/\/label.bet\/at\/wp-json\/wp\/v2\/pages\/1646\/revisions"}],"predecessor-version":[{"id":2136,"href":"https:\/\/label.bet\/at\/wp-json\/wp\/v2\/pages\/1646\/revisions\/2136"}],"wp:attachment":[{"href":"https:\/\/label.bet\/at\/wp-json\/wp\/v2\/media?parent=1646"}],"curies":[{"name":"wp","href":"https:\/\/api.w.org\/{rel}","templated":true}]}}