{"id":1662,"date":"2025-12-31T11:18:43","date_gmt":"2025-12-31T08:18:43","guid":{"rendered":"https:\/\/label.bet\/at\/?page_id=1662"},"modified":"2026-03-26T11:36:38","modified_gmt":"2026-03-26T08:36:38","slug":"registration","status":"publish","type":"page","link":"https:\/\/label.bet\/at\/registration\/","title":{"rendered":"Anmeldung"},"content":{"rendered":"","protected":false},"excerpt":{"rendered":"","protected":false},"author":1,"featured_media":0,"parent":0,"menu_order":0,"comment_status":"closed","ping_status":"closed","template":"","meta":{"_acf_changed":false,"footnotes":""},"class_list":["post-1662","page","type-page","status-publish","hentry"],"acf":[],"yoast_head":"<!-- This site is optimized with the Yoast SEO plugin v26.5 - https:\/\/yoast.com\/wordpress\/plugins\/seo\/ -->\n<title>BetLabel-Registrierung \u1409 Schnell und einfach ein Konto erstellen<\/title>\n<meta name=\"description\" content=\"So registrieren Sie sich bei BetLabel \u00d6sterreich: Eine Schritt-f\u00fcr-Schritt-Anleitung zur Kontoer\u00f6ffnung, zur Auswahl einer Registrierungsmethode und zum Erhalt eines Willkommensbonus f\u00fcr Sportwetten und Casinospiele.\" \/>\n<meta name=\"robots\" content=\"index, follow, max-snippet:-1, max-image-preview:large, max-video-preview:-1\" \/>\n<link rel=\"canonical\" href=\"https:\/\/label.bet\/at\/registration\/\" \/>\n<meta property=\"og:locale\" content=\"de_DE\" \/>\n<meta property=\"og:type\" content=\"article\" \/>\n<meta property=\"og:title\" content=\"BetLabel-Registrierung \u1409 Schnell und einfach ein Konto erstellen\" \/>\n<meta property=\"og:description\" content=\"So registrieren Sie sich bei BetLabel \u00d6sterreich: Eine Schritt-f\u00fcr-Schritt-Anleitung zur Kontoer\u00f6ffnung, zur Auswahl einer Registrierungsmethode und zum Erhalt eines Willkommensbonus f\u00fcr Sportwetten und Casinospiele.\" \/>\n<meta property=\"og:url\" content=\"https:\/\/label.bet\/at\/registration\/\" \/>\n<meta property=\"og:site_name\" content=\"Betlabel at\" \/>\n<meta property=\"article:modified_time\" content=\"2026-03-26T08:36:38+00:00\" \/>\n<meta name=\"twitter:card\" content=\"summary_large_image\" \/>\n<script type=\"application\/ld+json\" class=\"yoast-schema-graph\">{\"@context\":\"https:\/\/schema.org\",\"@graph\":[{\"@type\":\"WebPage\",\"@id\":\"https:\/\/label.bet\/at\/registration\/\",\"url\":\"https:\/\/label.bet\/at\/registration\/\",\"name\":\"BetLabel-Registrierung \u1409 Schnell und einfach ein Konto erstellen\",\"isPartOf\":{\"@id\":\"https:\/\/label.bet\/at\/#website\"},\"datePublished\":\"2025-12-31T08:18:43+00:00\",\"dateModified\":\"2026-03-26T08:36:38+00:00\",\"description\":\"So registrieren Sie sich bei BetLabel \u00d6sterreich: Eine Schritt-f\u00fcr-Schritt-Anleitung zur Kontoer\u00f6ffnung, zur Auswahl einer Registrierungsmethode und zum Erhalt eines Willkommensbonus f\u00fcr Sportwetten und Casinospiele.\",\"inLanguage\":\"de-AT\",\"potentialAction\":[{\"@type\":\"ReadAction\",\"target\":[\"https:\/\/label.bet\/at\/registration\/\"]}]},{\"@type\":\"WebSite\",\"@id\":\"https:\/\/label.bet\/at\/#website\",\"url\":\"https:\/\/label.bet\/at\/\",\"name\":\"Betlabel at\",\"description\":\"\",\"potentialAction\":[{\"@type\":\"SearchAction\",\"target\":{\"@type\":\"EntryPoint\",\"urlTemplate\":\"https:\/\/label.bet\/at\/?s={search_term_string}\"},\"query-input\":{\"@type\":\"PropertyValueSpecification\",\"valueRequired\":true,\"valueName\":\"search_term_string\"}}],\"inLanguage\":\"de-AT\"}]}<\/script>\n<!-- \/ Yoast SEO plugin. -->","yoast_head_json":{"title":"BetLabel-Registrierung \u1409 Schnell und einfach ein Konto erstellen","description":"So registrieren Sie sich bei BetLabel \u00d6sterreich: Eine Schritt-f\u00fcr-Schritt-Anleitung zur Kontoer\u00f6ffnung, zur Auswahl einer Registrierungsmethode und zum Erhalt eines Willkommensbonus f\u00fcr Sportwetten und Casinospiele.","robots":{"index":"index","follow":"follow","max-snippet":"max-snippet:-1","max-image-preview":"max-image-preview:large","max-video-preview":"max-video-preview:-1"},"canonical":"https:\/\/label.bet\/at\/registration\/","og_locale":"de_DE","og_type":"article","og_title":"BetLabel-Registrierung \u1409 Schnell und einfach ein Konto erstellen","og_description":"So registrieren Sie sich bei BetLabel \u00d6sterreich: Eine Schritt-f\u00fcr-Schritt-Anleitung zur Kontoer\u00f6ffnung, zur Auswahl einer Registrierungsmethode und zum Erhalt eines Willkommensbonus f\u00fcr Sportwetten und Casinospiele.","og_url":"https:\/\/label.bet\/at\/registration\/","og_site_name":"Betlabel at","article_modified_time":"2026-03-26T08:36:38+00:00","twitter_card":"summary_large_image","schema":{"@context":"https:\/\/schema.org","@graph":[{"@type":"WebPage","@id":"https:\/\/label.bet\/at\/registration\/","url":"https:\/\/label.bet\/at\/registration\/","name":"BetLabel-Registrierung \u1409 Schnell und einfach ein Konto erstellen","isPartOf":{"@id":"https:\/\/label.bet\/at\/#website"},"datePublished":"2025-12-31T08:18:43+00:00","dateModified":"2026-03-26T08:36:38+00:00","description":"So registrieren Sie sich bei BetLabel \u00d6sterreich: Eine Schritt-f\u00fcr-Schritt-Anleitung zur Kontoer\u00f6ffnung, zur Auswahl einer Registrierungsmethode und zum Erhalt eines Willkommensbonus f\u00fcr Sportwetten und Casinospiele.","inLanguage":"de-AT","potentialAction":[{"@type":"ReadAction","target":["https:\/\/label.bet\/at\/registration\/"]}]},{"@type":"WebSite","@id":"https:\/\/label.bet\/at\/#website","url":"https:\/\/label.bet\/at\/","name":"Betlabel at","description":"","potentialAction":[{"@type":"SearchAction","target":{"@type":"EntryPoint","urlTemplate":"https:\/\/label.bet\/at\/?s={search_term_string}"},"query-input":{"@type":"PropertyValueSpecification","valueRequired":true,"valueName":"search_term_string"}}],"inLanguage":"de-AT"}]}},"_links":{"self":[{"href":"https:\/\/label.bet\/at\/wp-json\/wp\/v2\/pages\/1662","targetHints":{"allow":["GET"]}}],"collection":[{"href":"https:\/\/label.bet\/at\/wp-json\/wp\/v2\/pages"}],"about":[{"href":"https:\/\/label.bet\/at\/wp-json\/wp\/v2\/types\/page"}],"author":[{"embeddable":true,"href":"https:\/\/label.bet\/at\/wp-json\/wp\/v2\/users\/1"}],"replies":[{"embeddable":true,"href":"https:\/\/label.bet\/at\/wp-json\/wp\/v2\/comments?post=1662"}],"version-history":[{"count":5,"href":"https:\/\/label.bet\/at\/wp-json\/wp\/v2\/pages\/1662\/revisions"}],"predecessor-version":[{"id":2137,"href":"https:\/\/label.bet\/at\/wp-json\/wp\/v2\/pages\/1662\/revisions\/2137"}],"wp:attachment":[{"href":"https:\/\/label.bet\/at\/wp-json\/wp\/v2\/media?parent=1662"}],"curies":[{"name":"wp","href":"https:\/\/api.w.org\/{rel}","templated":true}]}}