{"id":1718,"date":"2026-01-22T13:07:55","date_gmt":"2026-01-22T10:07:55","guid":{"rendered":"https:\/\/label.bet\/at\/?page_id=1718"},"modified":"2026-03-26T12:52:34","modified_gmt":"2026-03-26T09:52:34","slug":"football","status":"publish","type":"page","link":"https:\/\/label.bet\/at\/football\/","title":{"rendered":"Fu\u00dfball"},"content":{"rendered":"","protected":false},"excerpt":{"rendered":"","protected":false},"author":1,"featured_media":0,"parent":0,"menu_order":0,"comment_status":"closed","ping_status":"closed","template":"","meta":{"_acf_changed":false,"footnotes":""},"class_list":["post-1718","page","type-page","status-publish","hentry"],"acf":[],"yoast_head":"<!-- This site is optimized with the Yoast SEO plugin v26.5 - https:\/\/yoast.com\/wordpress\/plugins\/seo\/ -->\n<title>BetLabel Fu\u00dfball \u25b6\ufe0f Wettquoten und Vorhersagen f\u00fcr Spiele<\/title>\n<meta name=\"description\" content=\"Spielen Sie Fu\u00dfball bei BetLabel \u00d6sterreich! Geben Sie treffsichere Tipps auf Meisterschaften und Turniere ab, sichern Sie sich hohe Quoten und gewinnen Sie. Ein moderner Buchmacher mit Schwerpunkt auf Sportwetten erwartet Sie.\" \/>\n<meta name=\"robots\" content=\"index, follow, max-snippet:-1, max-image-preview:large, max-video-preview:-1\" \/>\n<link rel=\"canonical\" href=\"https:\/\/label.bet\/at\/football\/\" \/>\n<meta property=\"og:locale\" content=\"de_DE\" \/>\n<meta property=\"og:type\" content=\"article\" \/>\n<meta property=\"og:title\" content=\"BetLabel Fu\u00dfball \u25b6\ufe0f Wettquoten und Vorhersagen f\u00fcr Spiele\" \/>\n<meta property=\"og:description\" content=\"Spielen Sie Fu\u00dfball bei BetLabel \u00d6sterreich! Geben Sie treffsichere Tipps auf Meisterschaften und Turniere ab, sichern Sie sich hohe Quoten und gewinnen Sie. Ein moderner Buchmacher mit Schwerpunkt auf Sportwetten erwartet Sie.\" \/>\n<meta property=\"og:url\" content=\"https:\/\/label.bet\/at\/football\/\" \/>\n<meta property=\"og:site_name\" content=\"Betlabel at\" \/>\n<meta property=\"article:modified_time\" content=\"2026-03-26T09:52:34+00:00\" \/>\n<meta name=\"twitter:card\" content=\"summary_large_image\" \/>\n<script type=\"application\/ld+json\" class=\"yoast-schema-graph\">{\"@context\":\"https:\/\/schema.org\",\"@graph\":[{\"@type\":\"WebPage\",\"@id\":\"https:\/\/label.bet\/at\/football\/\",\"url\":\"https:\/\/label.bet\/at\/football\/\",\"name\":\"BetLabel Fu\u00dfball \u25b6\ufe0f Wettquoten und Vorhersagen f\u00fcr Spiele\",\"isPartOf\":{\"@id\":\"https:\/\/label.bet\/at\/#website\"},\"datePublished\":\"2026-01-22T10:07:55+00:00\",\"dateModified\":\"2026-03-26T09:52:34+00:00\",\"description\":\"Spielen Sie Fu\u00dfball bei BetLabel \u00d6sterreich! Geben Sie treffsichere Tipps auf Meisterschaften und Turniere ab, sichern Sie sich hohe Quoten und gewinnen Sie. Ein moderner Buchmacher mit Schwerpunkt auf Sportwetten erwartet Sie.\",\"inLanguage\":\"de-AT\",\"potentialAction\":[{\"@type\":\"ReadAction\",\"target\":[\"https:\/\/label.bet\/at\/football\/\"]}]},{\"@type\":\"WebSite\",\"@id\":\"https:\/\/label.bet\/at\/#website\",\"url\":\"https:\/\/label.bet\/at\/\",\"name\":\"Betlabel at\",\"description\":\"\",\"potentialAction\":[{\"@type\":\"SearchAction\",\"target\":{\"@type\":\"EntryPoint\",\"urlTemplate\":\"https:\/\/label.bet\/at\/?s={search_term_string}\"},\"query-input\":{\"@type\":\"PropertyValueSpecification\",\"valueRequired\":true,\"valueName\":\"search_term_string\"}}],\"inLanguage\":\"de-AT\"}]}<\/script>\n<!-- \/ Yoast SEO plugin. -->","yoast_head_json":{"title":"BetLabel Fu\u00dfball \u25b6\ufe0f Wettquoten und Vorhersagen f\u00fcr Spiele","description":"Spielen Sie Fu\u00dfball bei BetLabel \u00d6sterreich! Geben Sie treffsichere Tipps auf Meisterschaften und Turniere ab, sichern Sie sich hohe Quoten und gewinnen Sie. Ein moderner Buchmacher mit Schwerpunkt auf Sportwetten erwartet Sie.","robots":{"index":"index","follow":"follow","max-snippet":"max-snippet:-1","max-image-preview":"max-image-preview:large","max-video-preview":"max-video-preview:-1"},"canonical":"https:\/\/label.bet\/at\/football\/","og_locale":"de_DE","og_type":"article","og_title":"BetLabel Fu\u00dfball \u25b6\ufe0f Wettquoten und Vorhersagen f\u00fcr Spiele","og_description":"Spielen Sie Fu\u00dfball bei BetLabel \u00d6sterreich! Geben Sie treffsichere Tipps auf Meisterschaften und Turniere ab, sichern Sie sich hohe Quoten und gewinnen Sie. Ein moderner Buchmacher mit Schwerpunkt auf Sportwetten erwartet Sie.","og_url":"https:\/\/label.bet\/at\/football\/","og_site_name":"Betlabel at","article_modified_time":"2026-03-26T09:52:34+00:00","twitter_card":"summary_large_image","schema":{"@context":"https:\/\/schema.org","@graph":[{"@type":"WebPage","@id":"https:\/\/label.bet\/at\/football\/","url":"https:\/\/label.bet\/at\/football\/","name":"BetLabel Fu\u00dfball \u25b6\ufe0f Wettquoten und Vorhersagen f\u00fcr Spiele","isPartOf":{"@id":"https:\/\/label.bet\/at\/#website"},"datePublished":"2026-01-22T10:07:55+00:00","dateModified":"2026-03-26T09:52:34+00:00","description":"Spielen Sie Fu\u00dfball bei BetLabel \u00d6sterreich! Geben Sie treffsichere Tipps auf Meisterschaften und Turniere ab, sichern Sie sich hohe Quoten und gewinnen Sie. Ein moderner Buchmacher mit Schwerpunkt auf Sportwetten erwartet Sie.","inLanguage":"de-AT","potentialAction":[{"@type":"ReadAction","target":["https:\/\/label.bet\/at\/football\/"]}]},{"@type":"WebSite","@id":"https:\/\/label.bet\/at\/#website","url":"https:\/\/label.bet\/at\/","name":"Betlabel at","description":"","potentialAction":[{"@type":"SearchAction","target":{"@type":"EntryPoint","urlTemplate":"https:\/\/label.bet\/at\/?s={search_term_string}"},"query-input":{"@type":"PropertyValueSpecification","valueRequired":true,"valueName":"search_term_string"}}],"inLanguage":"de-AT"}]}},"_links":{"self":[{"href":"https:\/\/label.bet\/at\/wp-json\/wp\/v2\/pages\/1718","targetHints":{"allow":["GET"]}}],"collection":[{"href":"https:\/\/label.bet\/at\/wp-json\/wp\/v2\/pages"}],"about":[{"href":"https:\/\/label.bet\/at\/wp-json\/wp\/v2\/types\/page"}],"author":[{"embeddable":true,"href":"https:\/\/label.bet\/at\/wp-json\/wp\/v2\/users\/1"}],"replies":[{"embeddable":true,"href":"https:\/\/label.bet\/at\/wp-json\/wp\/v2\/comments?post=1718"}],"version-history":[{"count":5,"href":"https:\/\/label.bet\/at\/wp-json\/wp\/v2\/pages\/1718\/revisions"}],"predecessor-version":[{"id":2150,"href":"https:\/\/label.bet\/at\/wp-json\/wp\/v2\/pages\/1718\/revisions\/2150"}],"wp:attachment":[{"href":"https:\/\/label.bet\/at\/wp-json\/wp\/v2\/media?parent=1718"}],"curies":[{"name":"wp","href":"https:\/\/api.w.org\/{rel}","templated":true}]}}