{"id":1736,"date":"2026-01-22T15:56:50","date_gmt":"2026-01-22T12:56:50","guid":{"rendered":"https:\/\/label.bet\/at\/?page_id=1736"},"modified":"2026-03-26T14:40:19","modified_gmt":"2026-03-26T11:40:19","slug":"ufc","status":"publish","type":"page","link":"https:\/\/label.bet\/at\/ufc\/","title":{"rendered":"UFC"},"content":{"rendered":"","protected":false},"excerpt":{"rendered":"","protected":false},"author":1,"featured_media":0,"parent":0,"menu_order":0,"comment_status":"closed","ping_status":"closed","template":"","meta":{"_acf_changed":false,"footnotes":""},"class_list":["post-1736","page","type-page","status-publish","hentry"],"acf":[],"yoast_head":"<!-- This site is optimized with the Yoast SEO plugin v26.5 - https:\/\/yoast.com\/wordpress\/plugins\/seo\/ -->\n<title>BetLabel \u2013 UFC- und MMA-Wetten \ud83d\udfd2 Hohe Quoten, Live-K\u00e4mpfe<\/title>\n<meta name=\"description\" content=\"BetLabel \u00d6sterreich \u2013 Wetten auf UFC und MMA \ud83e\udd4a. Boni f\u00fcr neue Spieler, Live-K\u00e4mpfe, Quoten und zuverl\u00e4ssige Auszahlungen. Melde dich an und hol dir noch heute deine Gewinne!\" \/>\n<meta name=\"robots\" content=\"index, follow, max-snippet:-1, max-image-preview:large, max-video-preview:-1\" \/>\n<link rel=\"canonical\" href=\"https:\/\/label.bet\/at\/ufc\/\" \/>\n<meta property=\"og:locale\" content=\"de_DE\" \/>\n<meta property=\"og:type\" content=\"article\" \/>\n<meta property=\"og:title\" content=\"BetLabel \u2013 UFC- und MMA-Wetten \ud83d\udfd2 Hohe Quoten, Live-K\u00e4mpfe\" \/>\n<meta property=\"og:description\" content=\"BetLabel \u00d6sterreich \u2013 Wetten auf UFC und MMA \ud83e\udd4a. Boni f\u00fcr neue Spieler, Live-K\u00e4mpfe, Quoten und zuverl\u00e4ssige Auszahlungen. Melde dich an und hol dir noch heute deine Gewinne!\" \/>\n<meta property=\"og:url\" content=\"https:\/\/label.bet\/at\/ufc\/\" \/>\n<meta property=\"og:site_name\" content=\"Betlabel at\" \/>\n<meta property=\"article:modified_time\" content=\"2026-03-26T11:40:19+00:00\" \/>\n<meta name=\"twitter:card\" content=\"summary_large_image\" \/>\n<script type=\"application\/ld+json\" class=\"yoast-schema-graph\">{\"@context\":\"https:\/\/schema.org\",\"@graph\":[{\"@type\":\"WebPage\",\"@id\":\"https:\/\/label.bet\/at\/ufc\/\",\"url\":\"https:\/\/label.bet\/at\/ufc\/\",\"name\":\"BetLabel \u2013 UFC- und MMA-Wetten \ud83d\udfd2 Hohe Quoten, Live-K\u00e4mpfe\",\"isPartOf\":{\"@id\":\"https:\/\/label.bet\/at\/#website\"},\"datePublished\":\"2026-01-22T12:56:50+00:00\",\"dateModified\":\"2026-03-26T11:40:19+00:00\",\"description\":\"BetLabel \u00d6sterreich \u2013 Wetten auf UFC und MMA \ud83e\udd4a. Boni f\u00fcr neue Spieler, Live-K\u00e4mpfe, Quoten und zuverl\u00e4ssige Auszahlungen. Melde dich an und hol dir noch heute deine Gewinne!\",\"inLanguage\":\"de-AT\",\"potentialAction\":[{\"@type\":\"ReadAction\",\"target\":[\"https:\/\/label.bet\/at\/ufc\/\"]}]},{\"@type\":\"WebSite\",\"@id\":\"https:\/\/label.bet\/at\/#website\",\"url\":\"https:\/\/label.bet\/at\/\",\"name\":\"Betlabel at\",\"description\":\"\",\"potentialAction\":[{\"@type\":\"SearchAction\",\"target\":{\"@type\":\"EntryPoint\",\"urlTemplate\":\"https:\/\/label.bet\/at\/?s={search_term_string}\"},\"query-input\":{\"@type\":\"PropertyValueSpecification\",\"valueRequired\":true,\"valueName\":\"search_term_string\"}}],\"inLanguage\":\"de-AT\"}]}<\/script>\n<!-- \/ Yoast SEO plugin. -->","yoast_head_json":{"title":"BetLabel \u2013 UFC- und MMA-Wetten \ud83d\udfd2 Hohe Quoten, Live-K\u00e4mpfe","description":"BetLabel \u00d6sterreich \u2013 Wetten auf UFC und MMA \ud83e\udd4a. Boni f\u00fcr neue Spieler, Live-K\u00e4mpfe, Quoten und zuverl\u00e4ssige Auszahlungen. Melde dich an und hol dir noch heute deine Gewinne!","robots":{"index":"index","follow":"follow","max-snippet":"max-snippet:-1","max-image-preview":"max-image-preview:large","max-video-preview":"max-video-preview:-1"},"canonical":"https:\/\/label.bet\/at\/ufc\/","og_locale":"de_DE","og_type":"article","og_title":"BetLabel \u2013 UFC- und MMA-Wetten \ud83d\udfd2 Hohe Quoten, Live-K\u00e4mpfe","og_description":"BetLabel \u00d6sterreich \u2013 Wetten auf UFC und MMA \ud83e\udd4a. Boni f\u00fcr neue Spieler, Live-K\u00e4mpfe, Quoten und zuverl\u00e4ssige Auszahlungen. Melde dich an und hol dir noch heute deine Gewinne!","og_url":"https:\/\/label.bet\/at\/ufc\/","og_site_name":"Betlabel at","article_modified_time":"2026-03-26T11:40:19+00:00","twitter_card":"summary_large_image","schema":{"@context":"https:\/\/schema.org","@graph":[{"@type":"WebPage","@id":"https:\/\/label.bet\/at\/ufc\/","url":"https:\/\/label.bet\/at\/ufc\/","name":"BetLabel \u2013 UFC- und MMA-Wetten \ud83d\udfd2 Hohe Quoten, Live-K\u00e4mpfe","isPartOf":{"@id":"https:\/\/label.bet\/at\/#website"},"datePublished":"2026-01-22T12:56:50+00:00","dateModified":"2026-03-26T11:40:19+00:00","description":"BetLabel \u00d6sterreich \u2013 Wetten auf UFC und MMA \ud83e\udd4a. Boni f\u00fcr neue Spieler, Live-K\u00e4mpfe, Quoten und zuverl\u00e4ssige Auszahlungen. Melde dich an und hol dir noch heute deine Gewinne!","inLanguage":"de-AT","potentialAction":[{"@type":"ReadAction","target":["https:\/\/label.bet\/at\/ufc\/"]}]},{"@type":"WebSite","@id":"https:\/\/label.bet\/at\/#website","url":"https:\/\/label.bet\/at\/","name":"Betlabel at","description":"","potentialAction":[{"@type":"SearchAction","target":{"@type":"EntryPoint","urlTemplate":"https:\/\/label.bet\/at\/?s={search_term_string}"},"query-input":{"@type":"PropertyValueSpecification","valueRequired":true,"valueName":"search_term_string"}}],"inLanguage":"de-AT"}]}},"_links":{"self":[{"href":"https:\/\/label.bet\/at\/wp-json\/wp\/v2\/pages\/1736","targetHints":{"allow":["GET"]}}],"collection":[{"href":"https:\/\/label.bet\/at\/wp-json\/wp\/v2\/pages"}],"about":[{"href":"https:\/\/label.bet\/at\/wp-json\/wp\/v2\/types\/page"}],"author":[{"embeddable":true,"href":"https:\/\/label.bet\/at\/wp-json\/wp\/v2\/users\/1"}],"replies":[{"embeddable":true,"href":"https:\/\/label.bet\/at\/wp-json\/wp\/v2\/comments?post=1736"}],"version-history":[{"count":5,"href":"https:\/\/label.bet\/at\/wp-json\/wp\/v2\/pages\/1736\/revisions"}],"predecessor-version":[{"id":2168,"href":"https:\/\/label.bet\/at\/wp-json\/wp\/v2\/pages\/1736\/revisions\/2168"}],"wp:attachment":[{"href":"https:\/\/label.bet\/at\/wp-json\/wp\/v2\/media?parent=1736"}],"curies":[{"name":"wp","href":"https:\/\/api.w.org\/{rel}","templated":true}]}}