{"id":2040,"date":"2026-03-16T14:15:07","date_gmt":"2026-03-16T11:15:07","guid":{"rendered":"https:\/\/label.bet\/at\/?page_id=2040"},"modified":"2026-03-26T15:38:13","modified_gmt":"2026-03-26T12:38:13","slug":"bet-slip","status":"publish","type":"page","link":"https:\/\/label.bet\/at\/bet-slip\/","title":{"rendered":"Wettschein"},"content":{"rendered":"","protected":false},"excerpt":{"rendered":"","protected":false},"author":1,"featured_media":0,"parent":0,"menu_order":0,"comment_status":"closed","ping_status":"closed","template":"","meta":{"_acf_changed":false,"footnotes":""},"class_list":["post-2040","page","type-page","status-publish","hentry"],"acf":[],"yoast_head":"<!-- This site is optimized with the Yoast SEO plugin v26.5 - https:\/\/yoast.com\/wordpress\/plugins\/seo\/ -->\n<title>BetLabel-Wettschein \u2013 Vollst\u00e4ndige oder teilweise Auszahlung des Wettscheins<\/title>\n<meta name=\"description\" content=\"BetLabel \u00d6sterreich bietet den Verkauf von vollst\u00e4ndigen und teilweisen Wettscheinen an. Verkaufen Sie Ihre Einzel-, Kombi- oder Systemwetten jederzeit und erhalten Sie Ihr Geld sofort, noch bevor das Ergebnis feststeht.\" \/>\n<meta name=\"robots\" content=\"index, follow, max-snippet:-1, max-image-preview:large, max-video-preview:-1\" \/>\n<meta property=\"og:locale\" content=\"de_DE\" \/>\n<meta property=\"og:type\" content=\"article\" \/>\n<meta property=\"og:title\" content=\"BetLabel-Wettschein \u2013 Vollst\u00e4ndige oder teilweise Auszahlung des Wettscheins\" \/>\n<meta property=\"og:description\" content=\"BetLabel \u00d6sterreich bietet den Verkauf von vollst\u00e4ndigen und teilweisen Wettscheinen an. Verkaufen Sie Ihre Einzel-, Kombi- oder Systemwetten jederzeit und erhalten Sie Ihr Geld sofort, noch bevor das Ergebnis feststeht.\" \/>\n<meta property=\"og:url\" content=\"https:\/\/label.bet\/at\/bet-slip\/\" \/>\n<meta property=\"og:site_name\" content=\"Betlabel at\" \/>\n<meta property=\"article:modified_time\" content=\"2026-03-26T12:38:13+00:00\" \/>\n<meta name=\"twitter:card\" content=\"summary_large_image\" \/>\n<script type=\"application\/ld+json\" class=\"yoast-schema-graph\">{\"@context\":\"https:\/\/schema.org\",\"@graph\":[{\"@type\":\"WebPage\",\"@id\":\"https:\/\/label.bet\/at\/bet-slip\/\",\"url\":\"https:\/\/label.bet\/at\/bet-slip\/\",\"name\":\"BetLabel-Wettschein \u2013 Vollst\u00e4ndige oder teilweise Auszahlung des Wettscheins\",\"isPartOf\":{\"@id\":\"https:\/\/label.bet\/at\/#website\"},\"datePublished\":\"2026-03-16T11:15:07+00:00\",\"dateModified\":\"2026-03-26T12:38:13+00:00\",\"description\":\"BetLabel \u00d6sterreich bietet den Verkauf von vollst\u00e4ndigen und teilweisen Wettscheinen an. Verkaufen Sie Ihre Einzel-, Kombi- oder Systemwetten jederzeit und erhalten Sie Ihr Geld sofort, noch bevor das Ergebnis feststeht.\",\"inLanguage\":\"de-AT\",\"potentialAction\":[{\"@type\":\"ReadAction\",\"target\":[\"https:\/\/label.bet\/at\/bet-slip\/\"]}]},{\"@type\":\"WebSite\",\"@id\":\"https:\/\/label.bet\/at\/#website\",\"url\":\"https:\/\/label.bet\/at\/\",\"name\":\"Betlabel at\",\"description\":\"\",\"potentialAction\":[{\"@type\":\"SearchAction\",\"target\":{\"@type\":\"EntryPoint\",\"urlTemplate\":\"https:\/\/label.bet\/at\/?s={search_term_string}\"},\"query-input\":{\"@type\":\"PropertyValueSpecification\",\"valueRequired\":true,\"valueName\":\"search_term_string\"}}],\"inLanguage\":\"de-AT\"}]}<\/script>\n<!-- \/ Yoast SEO plugin. -->","yoast_head_json":{"title":"BetLabel-Wettschein \u2013 Vollst\u00e4ndige oder teilweise Auszahlung des Wettscheins","description":"BetLabel \u00d6sterreich bietet den Verkauf von vollst\u00e4ndigen und teilweisen Wettscheinen an. Verkaufen Sie Ihre Einzel-, Kombi- oder Systemwetten jederzeit und erhalten Sie Ihr Geld sofort, noch bevor das Ergebnis feststeht.","robots":{"index":"index","follow":"follow","max-snippet":"max-snippet:-1","max-image-preview":"max-image-preview:large","max-video-preview":"max-video-preview:-1"},"og_locale":"de_DE","og_type":"article","og_title":"BetLabel-Wettschein \u2013 Vollst\u00e4ndige oder teilweise Auszahlung des Wettscheins","og_description":"BetLabel \u00d6sterreich bietet den Verkauf von vollst\u00e4ndigen und teilweisen Wettscheinen an. Verkaufen Sie Ihre Einzel-, Kombi- oder Systemwetten jederzeit und erhalten Sie Ihr Geld sofort, noch bevor das Ergebnis feststeht.","og_url":"https:\/\/label.bet\/at\/bet-slip\/","og_site_name":"Betlabel at","article_modified_time":"2026-03-26T12:38:13+00:00","twitter_card":"summary_large_image","schema":{"@context":"https:\/\/schema.org","@graph":[{"@type":"WebPage","@id":"https:\/\/label.bet\/at\/bet-slip\/","url":"https:\/\/label.bet\/at\/bet-slip\/","name":"BetLabel-Wettschein \u2013 Vollst\u00e4ndige oder teilweise Auszahlung des Wettscheins","isPartOf":{"@id":"https:\/\/label.bet\/at\/#website"},"datePublished":"2026-03-16T11:15:07+00:00","dateModified":"2026-03-26T12:38:13+00:00","description":"BetLabel \u00d6sterreich bietet den Verkauf von vollst\u00e4ndigen und teilweisen Wettscheinen an. Verkaufen Sie Ihre Einzel-, Kombi- oder Systemwetten jederzeit und erhalten Sie Ihr Geld sofort, noch bevor das Ergebnis feststeht.","inLanguage":"de-AT","potentialAction":[{"@type":"ReadAction","target":["https:\/\/label.bet\/at\/bet-slip\/"]}]},{"@type":"WebSite","@id":"https:\/\/label.bet\/at\/#website","url":"https:\/\/label.bet\/at\/","name":"Betlabel at","description":"","potentialAction":[{"@type":"SearchAction","target":{"@type":"EntryPoint","urlTemplate":"https:\/\/label.bet\/at\/?s={search_term_string}"},"query-input":{"@type":"PropertyValueSpecification","valueRequired":true,"valueName":"search_term_string"}}],"inLanguage":"de-AT"}]}},"_links":{"self":[{"href":"https:\/\/label.bet\/at\/wp-json\/wp\/v2\/pages\/2040","targetHints":{"allow":["GET"]}}],"collection":[{"href":"https:\/\/label.bet\/at\/wp-json\/wp\/v2\/pages"}],"about":[{"href":"https:\/\/label.bet\/at\/wp-json\/wp\/v2\/types\/page"}],"author":[{"embeddable":true,"href":"https:\/\/label.bet\/at\/wp-json\/wp\/v2\/users\/1"}],"replies":[{"embeddable":true,"href":"https:\/\/label.bet\/at\/wp-json\/wp\/v2\/comments?post=2040"}],"version-history":[{"count":4,"href":"https:\/\/label.bet\/at\/wp-json\/wp\/v2\/pages\/2040\/revisions"}],"predecessor-version":[{"id":2172,"href":"https:\/\/label.bet\/at\/wp-json\/wp\/v2\/pages\/2040\/revisions\/2172"}],"wp:attachment":[{"href":"https:\/\/label.bet\/at\/wp-json\/wp\/v2\/media?parent=2040"}],"curies":[{"name":"wp","href":"https:\/\/api.w.org\/{rel}","templated":true}]}}