{"id":1086,"date":"2025-11-15T16:52:15","date_gmt":"2025-11-15T13:52:15","guid":{"rendered":"https:\/\/label.bet\/br\/?page_id=1086"},"modified":"2026-02-17T08:12:29","modified_gmt":"2026-02-17T05:12:29","slug":"home","status":"publish","type":"page","link":"https:\/\/label.bet\/br\/","title":{"rendered":"P\u00e1gina inicial"},"content":{"rendered":"","protected":false},"excerpt":{"rendered":"","protected":false},"author":1,"featured_media":0,"parent":0,"menu_order":0,"comment_status":"closed","ping_status":"closed","template":"","meta":{"_acf_changed":false,"footnotes":""},"class_list":["post-1086","page","type-page","status-publish","hentry"],"acf":[],"yoast_head":"<!-- This site is optimized with the Yoast SEO plugin v26.5 - https:\/\/yoast.com\/wordpress\/plugins\/seo\/ -->\n<title>Apostas esportivas e odds \u2014 Bet Label \u2014 abril 2026<\/title>\n<meta name=\"description\" content=\"A Betlabel Brasil oferece apostas esportivas nas principais ligas e eventos globais com odds competitivas, ampla cobertura de mercado, coloca\u00e7\u00e3o r\u00e1pida de apostas e uma experi\u00eancia tranquila para apostadores ativos.\" \/>\n<meta name=\"robots\" content=\"index, follow, max-snippet:-1, max-image-preview:large, max-video-preview:-1\" \/>\n<link rel=\"canonical\" href=\"https:\/\/label.bet\/br\/\" \/>\n<meta property=\"og:locale\" content=\"pt_BR\" \/>\n<meta property=\"og:type\" content=\"article\" \/>\n<meta property=\"og:title\" content=\"Apostas esportivas e odds \u2014 Bet Label \u2014 abril 2026\" \/>\n<meta property=\"og:description\" content=\"A Betlabel Brasil oferece apostas esportivas nas principais ligas e eventos globais com odds competitivas, ampla cobertura de mercado, coloca\u00e7\u00e3o r\u00e1pida de apostas e uma experi\u00eancia tranquila para apostadores ativos.\" \/>\n<meta property=\"og:url\" content=\"https:\/\/label.bet\/br\/\" \/>\n<meta property=\"og:site_name\" content=\"BetLabel br\" \/>\n<meta property=\"article:modified_time\" content=\"2026-02-17T05:12:29+00:00\" \/>\n<meta name=\"twitter:card\" content=\"summary_large_image\" \/>\n<script type=\"application\/ld+json\" class=\"yoast-schema-graph\">{\"@context\":\"https:\/\/schema.org\",\"@graph\":[{\"@type\":\"WebPage\",\"@id\":\"https:\/\/label.bet\/br\/\",\"url\":\"https:\/\/label.bet\/br\/\",\"name\":\"Apostas esportivas e odds \u2014 Bet Label \u2014 abril 2026\",\"isPartOf\":{\"@id\":\"https:\/\/label.bet\/br\/#website\"},\"datePublished\":\"2025-11-15T13:52:15+00:00\",\"dateModified\":\"2026-02-17T05:12:29+00:00\",\"description\":\"A Betlabel Brasil oferece apostas esportivas nas principais ligas e eventos globais com odds competitivas, ampla cobertura de mercado, coloca\u00e7\u00e3o r\u00e1pida de apostas e uma experi\u00eancia tranquila para apostadores ativos.\",\"inLanguage\":\"pt-BR\",\"potentialAction\":[{\"@type\":\"ReadAction\",\"target\":[\"https:\/\/label.bet\/br\/\"]}]},{\"@type\":\"WebSite\",\"@id\":\"https:\/\/label.bet\/br\/#website\",\"url\":\"https:\/\/label.bet\/br\/\",\"name\":\"BetLabel br\",\"description\":\"\",\"potentialAction\":[{\"@type\":\"SearchAction\",\"target\":{\"@type\":\"EntryPoint\",\"urlTemplate\":\"https:\/\/label.bet\/br\/?s={search_term_string}\"},\"query-input\":{\"@type\":\"PropertyValueSpecification\",\"valueRequired\":true,\"valueName\":\"search_term_string\"}}],\"inLanguage\":\"pt-BR\"}]}<\/script>\n<!-- \/ Yoast SEO plugin. -->","yoast_head_json":{"title":"Apostas esportivas e odds \u2014 Bet Label \u2014 abril 2026","description":"A Betlabel Brasil oferece apostas esportivas nas principais ligas e eventos globais com odds competitivas, ampla cobertura de mercado, coloca\u00e7\u00e3o r\u00e1pida de apostas e uma experi\u00eancia tranquila para apostadores ativos.","robots":{"index":"index","follow":"follow","max-snippet":"max-snippet:-1","max-image-preview":"max-image-preview:large","max-video-preview":"max-video-preview:-1"},"canonical":"https:\/\/label.bet\/br\/","og_locale":"pt_BR","og_type":"article","og_title":"Apostas esportivas e odds \u2014 Bet Label \u2014 abril 2026","og_description":"A Betlabel Brasil oferece apostas esportivas nas principais ligas e eventos globais com odds competitivas, ampla cobertura de mercado, coloca\u00e7\u00e3o r\u00e1pida de apostas e uma experi\u00eancia tranquila para apostadores ativos.","og_url":"https:\/\/label.bet\/br\/","og_site_name":"BetLabel br","article_modified_time":"2026-02-17T05:12:29+00:00","twitter_card":"summary_large_image","schema":{"@context":"https:\/\/schema.org","@graph":[{"@type":"WebPage","@id":"https:\/\/label.bet\/br\/","url":"https:\/\/label.bet\/br\/","name":"Apostas esportivas e odds \u2014 Bet Label \u2014 abril 2026","isPartOf":{"@id":"https:\/\/label.bet\/br\/#website"},"datePublished":"2025-11-15T13:52:15+00:00","dateModified":"2026-02-17T05:12:29+00:00","description":"A Betlabel Brasil oferece apostas esportivas nas principais ligas e eventos globais com odds competitivas, ampla cobertura de mercado, coloca\u00e7\u00e3o r\u00e1pida de apostas e uma experi\u00eancia tranquila para apostadores ativos.","inLanguage":"pt-BR","potentialAction":[{"@type":"ReadAction","target":["https:\/\/label.bet\/br\/"]}]},{"@type":"WebSite","@id":"https:\/\/label.bet\/br\/#website","url":"https:\/\/label.bet\/br\/","name":"BetLabel br","description":"","potentialAction":[{"@type":"SearchAction","target":{"@type":"EntryPoint","urlTemplate":"https:\/\/label.bet\/br\/?s={search_term_string}"},"query-input":{"@type":"PropertyValueSpecification","valueRequired":true,"valueName":"search_term_string"}}],"inLanguage":"pt-BR"}]}},"_links":{"self":[{"href":"https:\/\/label.bet\/br\/wp-json\/wp\/v2\/pages\/1086","targetHints":{"allow":["GET"]}}],"collection":[{"href":"https:\/\/label.bet\/br\/wp-json\/wp\/v2\/pages"}],"about":[{"href":"https:\/\/label.bet\/br\/wp-json\/wp\/v2\/types\/page"}],"author":[{"embeddable":true,"href":"https:\/\/label.bet\/br\/wp-json\/wp\/v2\/users\/1"}],"replies":[{"embeddable":true,"href":"https:\/\/label.bet\/br\/wp-json\/wp\/v2\/comments?post=1086"}],"version-history":[{"count":5,"href":"https:\/\/label.bet\/br\/wp-json\/wp\/v2\/pages\/1086\/revisions"}],"predecessor-version":[{"id":1996,"href":"https:\/\/label.bet\/br\/wp-json\/wp\/v2\/pages\/1086\/revisions\/1996"}],"wp:attachment":[{"href":"https:\/\/label.bet\/br\/wp-json\/wp\/v2\/media?parent=1086"}],"curies":[{"name":"wp","href":"https:\/\/api.w.org\/{rel}","templated":true}]}}