{"id":1612,"date":"2025-12-29T10:50:54","date_gmt":"2025-12-29T07:50:54","guid":{"rendered":"https:\/\/label.bet\/br\/?page_id=1612"},"modified":"2026-02-17T07:16:45","modified_gmt":"2026-02-17T04:16:45","slug":"bonus","status":"publish","type":"page","link":"https:\/\/label.bet\/br\/bonus\/","title":{"rendered":"B\u00f4nus"},"content":{"rendered":"","protected":false},"excerpt":{"rendered":"","protected":false},"author":1,"featured_media":0,"parent":0,"menu_order":0,"comment_status":"closed","ping_status":"closed","template":"","meta":{"_acf_changed":false,"footnotes":""},"class_list":["post-1612","page","type-page","status-publish","hentry"],"acf":[],"yoast_head":"<!-- This site is optimized with the Yoast SEO plugin v26.5 - https:\/\/yoast.com\/wordpress\/plugins\/seo\/ -->\n<title>B\u00f4nus BetLabel \u1409 Pacote de Boas-Vindas, Promo\u00e7\u00f5es, Apostas<\/title>\n<meta name=\"description\" content=\"B\u00f4nus BetLabel Brasil \u1409 um generoso b\u00f4nus de boas-vindas, apostas gr\u00e1tis, b\u00f4nus de apostas e cassino, promo\u00e7\u00f5es semanais e ofertas especiais para jogadores novos e regulares.\" \/>\n<meta name=\"robots\" content=\"index, follow, max-snippet:-1, max-image-preview:large, max-video-preview:-1\" \/>\n<link rel=\"canonical\" href=\"https:\/\/label.bet\/br\/bonus\/\" \/>\n<meta property=\"og:locale\" content=\"pt_BR\" \/>\n<meta property=\"og:type\" content=\"article\" \/>\n<meta property=\"og:title\" content=\"B\u00f4nus BetLabel \u1409 Pacote de Boas-Vindas, Promo\u00e7\u00f5es, Apostas\" \/>\n<meta property=\"og:description\" content=\"B\u00f4nus BetLabel Brasil \u1409 um generoso b\u00f4nus de boas-vindas, apostas gr\u00e1tis, b\u00f4nus de apostas e cassino, promo\u00e7\u00f5es semanais e ofertas especiais para jogadores novos e regulares.\" \/>\n<meta property=\"og:url\" content=\"https:\/\/label.bet\/br\/bonus\/\" \/>\n<meta property=\"og:site_name\" content=\"BetLabel br\" \/>\n<meta property=\"article:modified_time\" content=\"2026-02-17T04:16:45+00:00\" \/>\n<meta name=\"twitter:card\" content=\"summary_large_image\" \/>\n<script type=\"application\/ld+json\" class=\"yoast-schema-graph\">{\"@context\":\"https:\/\/schema.org\",\"@graph\":[{\"@type\":\"WebPage\",\"@id\":\"https:\/\/label.bet\/br\/bonus\/\",\"url\":\"https:\/\/label.bet\/br\/bonus\/\",\"name\":\"B\u00f4nus BetLabel \u1409 Pacote de Boas-Vindas, Promo\u00e7\u00f5es, Apostas\",\"isPartOf\":{\"@id\":\"https:\/\/label.bet\/br\/#website\"},\"datePublished\":\"2025-12-29T07:50:54+00:00\",\"dateModified\":\"2026-02-17T04:16:45+00:00\",\"description\":\"B\u00f4nus BetLabel Brasil \u1409 um generoso b\u00f4nus de boas-vindas, apostas gr\u00e1tis, b\u00f4nus de apostas e cassino, promo\u00e7\u00f5es semanais e ofertas especiais para jogadores novos e regulares.\",\"inLanguage\":\"pt-BR\",\"potentialAction\":[{\"@type\":\"ReadAction\",\"target\":[\"https:\/\/label.bet\/br\/bonus\/\"]}]},{\"@type\":\"WebSite\",\"@id\":\"https:\/\/label.bet\/br\/#website\",\"url\":\"https:\/\/label.bet\/br\/\",\"name\":\"BetLabel br\",\"description\":\"\",\"potentialAction\":[{\"@type\":\"SearchAction\",\"target\":{\"@type\":\"EntryPoint\",\"urlTemplate\":\"https:\/\/label.bet\/br\/?s={search_term_string}\"},\"query-input\":{\"@type\":\"PropertyValueSpecification\",\"valueRequired\":true,\"valueName\":\"search_term_string\"}}],\"inLanguage\":\"pt-BR\"}]}<\/script>\n<!-- \/ Yoast SEO plugin. -->","yoast_head_json":{"title":"B\u00f4nus BetLabel \u1409 Pacote de Boas-Vindas, Promo\u00e7\u00f5es, Apostas","description":"B\u00f4nus BetLabel Brasil \u1409 um generoso b\u00f4nus de boas-vindas, apostas gr\u00e1tis, b\u00f4nus de apostas e cassino, promo\u00e7\u00f5es semanais e ofertas especiais para jogadores novos e regulares.","robots":{"index":"index","follow":"follow","max-snippet":"max-snippet:-1","max-image-preview":"max-image-preview:large","max-video-preview":"max-video-preview:-1"},"canonical":"https:\/\/label.bet\/br\/bonus\/","og_locale":"pt_BR","og_type":"article","og_title":"B\u00f4nus BetLabel \u1409 Pacote de Boas-Vindas, Promo\u00e7\u00f5es, Apostas","og_description":"B\u00f4nus BetLabel Brasil \u1409 um generoso b\u00f4nus de boas-vindas, apostas gr\u00e1tis, b\u00f4nus de apostas e cassino, promo\u00e7\u00f5es semanais e ofertas especiais para jogadores novos e regulares.","og_url":"https:\/\/label.bet\/br\/bonus\/","og_site_name":"BetLabel br","article_modified_time":"2026-02-17T04:16:45+00:00","twitter_card":"summary_large_image","schema":{"@context":"https:\/\/schema.org","@graph":[{"@type":"WebPage","@id":"https:\/\/label.bet\/br\/bonus\/","url":"https:\/\/label.bet\/br\/bonus\/","name":"B\u00f4nus BetLabel \u1409 Pacote de Boas-Vindas, Promo\u00e7\u00f5es, Apostas","isPartOf":{"@id":"https:\/\/label.bet\/br\/#website"},"datePublished":"2025-12-29T07:50:54+00:00","dateModified":"2026-02-17T04:16:45+00:00","description":"B\u00f4nus BetLabel Brasil \u1409 um generoso b\u00f4nus de boas-vindas, apostas gr\u00e1tis, b\u00f4nus de apostas e cassino, promo\u00e7\u00f5es semanais e ofertas especiais para jogadores novos e regulares.","inLanguage":"pt-BR","potentialAction":[{"@type":"ReadAction","target":["https:\/\/label.bet\/br\/bonus\/"]}]},{"@type":"WebSite","@id":"https:\/\/label.bet\/br\/#website","url":"https:\/\/label.bet\/br\/","name":"BetLabel br","description":"","potentialAction":[{"@type":"SearchAction","target":{"@type":"EntryPoint","urlTemplate":"https:\/\/label.bet\/br\/?s={search_term_string}"},"query-input":{"@type":"PropertyValueSpecification","valueRequired":true,"valueName":"search_term_string"}}],"inLanguage":"pt-BR"}]}},"_links":{"self":[{"href":"https:\/\/label.bet\/br\/wp-json\/wp\/v2\/pages\/1612","targetHints":{"allow":["GET"]}}],"collection":[{"href":"https:\/\/label.bet\/br\/wp-json\/wp\/v2\/pages"}],"about":[{"href":"https:\/\/label.bet\/br\/wp-json\/wp\/v2\/types\/page"}],"author":[{"embeddable":true,"href":"https:\/\/label.bet\/br\/wp-json\/wp\/v2\/users\/1"}],"replies":[{"embeddable":true,"href":"https:\/\/label.bet\/br\/wp-json\/wp\/v2\/comments?post=1612"}],"version-history":[{"count":5,"href":"https:\/\/label.bet\/br\/wp-json\/wp\/v2\/pages\/1612\/revisions"}],"predecessor-version":[{"id":1980,"href":"https:\/\/label.bet\/br\/wp-json\/wp\/v2\/pages\/1612\/revisions\/1980"}],"wp:attachment":[{"href":"https:\/\/label.bet\/br\/wp-json\/wp\/v2\/media?parent=1612"}],"curies":[{"name":"wp","href":"https:\/\/api.w.org\/{rel}","templated":true}]}}