{"id":1646,"date":"2025-12-30T10:08:42","date_gmt":"2025-12-30T07:08:42","guid":{"rendered":"https:\/\/label.bet\/br\/?page_id=1646"},"modified":"2026-02-17T07:31:32","modified_gmt":"2026-02-17T04:31:32","slug":"login","status":"publish","type":"page","link":"https:\/\/label.bet\/br\/login\/","title":{"rendered":"Entrar"},"content":{"rendered":"","protected":false},"excerpt":{"rendered":"","protected":false},"author":1,"featured_media":0,"parent":0,"menu_order":0,"comment_status":"closed","ping_status":"closed","template":"","meta":{"_acf_changed":false,"footnotes":""},"class_list":["post-1646","page","type-page","status-publish","hentry"],"acf":[],"yoast_head":"<!-- This site is optimized with the Yoast SEO plugin v26.5 - https:\/\/yoast.com\/wordpress\/plugins\/seo\/ -->\n<title>Entrar BetLabel \u1409 Instru\u00e7\u00f5es e dicas para login na conta<\/title>\n<meta name=\"description\" content=\"Como fazer login na sua conta BetLabel Brasil de forma r\u00e1pida e segura. Guia detalhado de login, m\u00e9todos de autoriza\u00e7\u00e3o e solu\u00e7\u00f5es para problemas comuns na BetLabel.\" \/>\n<meta name=\"robots\" content=\"index, follow, max-snippet:-1, max-image-preview:large, max-video-preview:-1\" \/>\n<link rel=\"canonical\" href=\"https:\/\/label.bet\/br\/login\/\" \/>\n<meta property=\"og:locale\" content=\"pt_BR\" \/>\n<meta property=\"og:type\" content=\"article\" \/>\n<meta property=\"og:title\" content=\"Entrar BetLabel \u1409 Instru\u00e7\u00f5es e dicas para login na conta\" \/>\n<meta property=\"og:description\" content=\"Como fazer login na sua conta BetLabel Brasil de forma r\u00e1pida e segura. Guia detalhado de login, m\u00e9todos de autoriza\u00e7\u00e3o e solu\u00e7\u00f5es para problemas comuns na BetLabel.\" \/>\n<meta property=\"og:url\" content=\"https:\/\/label.bet\/br\/login\/\" \/>\n<meta property=\"og:site_name\" content=\"BetLabel br\" \/>\n<meta property=\"article:modified_time\" content=\"2026-02-17T04:31:32+00:00\" \/>\n<meta name=\"twitter:card\" content=\"summary_large_image\" \/>\n<script type=\"application\/ld+json\" class=\"yoast-schema-graph\">{\"@context\":\"https:\/\/schema.org\",\"@graph\":[{\"@type\":\"WebPage\",\"@id\":\"https:\/\/label.bet\/br\/login\/\",\"url\":\"https:\/\/label.bet\/br\/login\/\",\"name\":\"Entrar BetLabel \u1409 Instru\u00e7\u00f5es e dicas para login na conta\",\"isPartOf\":{\"@id\":\"https:\/\/label.bet\/br\/#website\"},\"datePublished\":\"2025-12-30T07:08:42+00:00\",\"dateModified\":\"2026-02-17T04:31:32+00:00\",\"description\":\"Como fazer login na sua conta BetLabel Brasil de forma r\u00e1pida e segura. Guia detalhado de login, m\u00e9todos de autoriza\u00e7\u00e3o e solu\u00e7\u00f5es para problemas comuns na BetLabel.\",\"inLanguage\":\"pt-BR\",\"potentialAction\":[{\"@type\":\"ReadAction\",\"target\":[\"https:\/\/label.bet\/br\/login\/\"]}]},{\"@type\":\"WebSite\",\"@id\":\"https:\/\/label.bet\/br\/#website\",\"url\":\"https:\/\/label.bet\/br\/\",\"name\":\"BetLabel br\",\"description\":\"\",\"potentialAction\":[{\"@type\":\"SearchAction\",\"target\":{\"@type\":\"EntryPoint\",\"urlTemplate\":\"https:\/\/label.bet\/br\/?s={search_term_string}\"},\"query-input\":{\"@type\":\"PropertyValueSpecification\",\"valueRequired\":true,\"valueName\":\"search_term_string\"}}],\"inLanguage\":\"pt-BR\"}]}<\/script>\n<!-- \/ Yoast SEO plugin. -->","yoast_head_json":{"title":"Entrar BetLabel \u1409 Instru\u00e7\u00f5es e dicas para login na conta","description":"Como fazer login na sua conta BetLabel Brasil de forma r\u00e1pida e segura. Guia detalhado de login, m\u00e9todos de autoriza\u00e7\u00e3o e solu\u00e7\u00f5es para problemas comuns na BetLabel.","robots":{"index":"index","follow":"follow","max-snippet":"max-snippet:-1","max-image-preview":"max-image-preview:large","max-video-preview":"max-video-preview:-1"},"canonical":"https:\/\/label.bet\/br\/login\/","og_locale":"pt_BR","og_type":"article","og_title":"Entrar BetLabel \u1409 Instru\u00e7\u00f5es e dicas para login na conta","og_description":"Como fazer login na sua conta BetLabel Brasil de forma r\u00e1pida e segura. Guia detalhado de login, m\u00e9todos de autoriza\u00e7\u00e3o e solu\u00e7\u00f5es para problemas comuns na BetLabel.","og_url":"https:\/\/label.bet\/br\/login\/","og_site_name":"BetLabel br","article_modified_time":"2026-02-17T04:31:32+00:00","twitter_card":"summary_large_image","schema":{"@context":"https:\/\/schema.org","@graph":[{"@type":"WebPage","@id":"https:\/\/label.bet\/br\/login\/","url":"https:\/\/label.bet\/br\/login\/","name":"Entrar BetLabel \u1409 Instru\u00e7\u00f5es e dicas para login na conta","isPartOf":{"@id":"https:\/\/label.bet\/br\/#website"},"datePublished":"2025-12-30T07:08:42+00:00","dateModified":"2026-02-17T04:31:32+00:00","description":"Como fazer login na sua conta BetLabel Brasil de forma r\u00e1pida e segura. Guia detalhado de login, m\u00e9todos de autoriza\u00e7\u00e3o e solu\u00e7\u00f5es para problemas comuns na BetLabel.","inLanguage":"pt-BR","potentialAction":[{"@type":"ReadAction","target":["https:\/\/label.bet\/br\/login\/"]}]},{"@type":"WebSite","@id":"https:\/\/label.bet\/br\/#website","url":"https:\/\/label.bet\/br\/","name":"BetLabel br","description":"","potentialAction":[{"@type":"SearchAction","target":{"@type":"EntryPoint","urlTemplate":"https:\/\/label.bet\/br\/?s={search_term_string}"},"query-input":{"@type":"PropertyValueSpecification","valueRequired":true,"valueName":"search_term_string"}}],"inLanguage":"pt-BR"}]}},"_links":{"self":[{"href":"https:\/\/label.bet\/br\/wp-json\/wp\/v2\/pages\/1646","targetHints":{"allow":["GET"]}}],"collection":[{"href":"https:\/\/label.bet\/br\/wp-json\/wp\/v2\/pages"}],"about":[{"href":"https:\/\/label.bet\/br\/wp-json\/wp\/v2\/types\/page"}],"author":[{"embeddable":true,"href":"https:\/\/label.bet\/br\/wp-json\/wp\/v2\/users\/1"}],"replies":[{"embeddable":true,"href":"https:\/\/label.bet\/br\/wp-json\/wp\/v2\/comments?post=1646"}],"version-history":[{"count":5,"href":"https:\/\/label.bet\/br\/wp-json\/wp\/v2\/pages\/1646\/revisions"}],"predecessor-version":[{"id":1985,"href":"https:\/\/label.bet\/br\/wp-json\/wp\/v2\/pages\/1646\/revisions\/1985"}],"wp:attachment":[{"href":"https:\/\/label.bet\/br\/wp-json\/wp\/v2\/media?parent=1646"}],"curies":[{"name":"wp","href":"https:\/\/api.w.org\/{rel}","templated":true}]}}