{"id":1713,"date":"2026-01-22T12:31:04","date_gmt":"2026-01-22T09:31:04","guid":{"rendered":"https:\/\/label.bet\/br\/?page_id=1713"},"modified":"2026-02-17T07:46:46","modified_gmt":"2026-02-17T04:46:46","slug":"sport-betting","status":"publish","type":"page","link":"https:\/\/label.bet\/br\/sport-betting\/","title":{"rendered":"Esporte"},"content":{"rendered":"","protected":false},"excerpt":{"rendered":"","protected":false},"author":1,"featured_media":0,"parent":0,"menu_order":0,"comment_status":"closed","ping_status":"closed","template":"","meta":{"_acf_changed":false,"footnotes":""},"class_list":["post-1713","page","type-page","status-publish","hentry"],"acf":[],"yoast_head":"<!-- This site is optimized with the Yoast SEO plugin v26.5 - https:\/\/yoast.com\/wordpress\/plugins\/seo\/ -->\n<title>BetLabel esportes \u26a1\ufe0f fa\u00e7a previs\u00f5es sobre os principais jogos<\/title>\n<meta name=\"description\" content=\"A BetLabel Brasil \u00e9 um servi\u00e7o conveniente para apostas esportivas \u2611\ufe0f jogue, fa\u00e7a previs\u00f5es precisas sobre os principais jogos e obtenha mais emo\u00e7\u00e3o em cada evento.\" \/>\n<meta name=\"robots\" content=\"index, follow, max-snippet:-1, max-image-preview:large, max-video-preview:-1\" \/>\n<link rel=\"canonical\" href=\"https:\/\/label.bet\/br\/sport-betting\/\" \/>\n<meta property=\"og:locale\" content=\"pt_BR\" \/>\n<meta property=\"og:type\" content=\"article\" \/>\n<meta property=\"og:title\" content=\"BetLabel esportes \u26a1\ufe0f fa\u00e7a previs\u00f5es sobre os principais jogos\" \/>\n<meta property=\"og:description\" content=\"A BetLabel Brasil \u00e9 um servi\u00e7o conveniente para apostas esportivas \u2611\ufe0f jogue, fa\u00e7a previs\u00f5es precisas sobre os principais jogos e obtenha mais emo\u00e7\u00e3o em cada evento.\" \/>\n<meta property=\"og:url\" content=\"https:\/\/label.bet\/br\/sport-betting\/\" \/>\n<meta property=\"og:site_name\" content=\"BetLabel br\" \/>\n<meta property=\"article:modified_time\" content=\"2026-02-17T04:46:46+00:00\" \/>\n<meta name=\"twitter:card\" content=\"summary_large_image\" \/>\n<script type=\"application\/ld+json\" class=\"yoast-schema-graph\">{\"@context\":\"https:\/\/schema.org\",\"@graph\":[{\"@type\":\"WebPage\",\"@id\":\"https:\/\/label.bet\/br\/sport-betting\/\",\"url\":\"https:\/\/label.bet\/br\/sport-betting\/\",\"name\":\"BetLabel esportes \u26a1\ufe0f fa\u00e7a previs\u00f5es sobre os principais jogos\",\"isPartOf\":{\"@id\":\"https:\/\/label.bet\/br\/#website\"},\"datePublished\":\"2026-01-22T09:31:04+00:00\",\"dateModified\":\"2026-02-17T04:46:46+00:00\",\"description\":\"A BetLabel Brasil \u00e9 um servi\u00e7o conveniente para apostas esportivas \u2611\ufe0f jogue, fa\u00e7a previs\u00f5es precisas sobre os principais jogos e obtenha mais emo\u00e7\u00e3o em cada evento.\",\"inLanguage\":\"pt-BR\",\"potentialAction\":[{\"@type\":\"ReadAction\",\"target\":[\"https:\/\/label.bet\/br\/sport-betting\/\"]}]},{\"@type\":\"WebSite\",\"@id\":\"https:\/\/label.bet\/br\/#website\",\"url\":\"https:\/\/label.bet\/br\/\",\"name\":\"BetLabel br\",\"description\":\"\",\"potentialAction\":[{\"@type\":\"SearchAction\",\"target\":{\"@type\":\"EntryPoint\",\"urlTemplate\":\"https:\/\/label.bet\/br\/?s={search_term_string}\"},\"query-input\":{\"@type\":\"PropertyValueSpecification\",\"valueRequired\":true,\"valueName\":\"search_term_string\"}}],\"inLanguage\":\"pt-BR\"}]}<\/script>\n<!-- \/ Yoast SEO plugin. -->","yoast_head_json":{"title":"BetLabel esportes \u26a1\ufe0f fa\u00e7a previs\u00f5es sobre os principais jogos","description":"A BetLabel Brasil \u00e9 um servi\u00e7o conveniente para apostas esportivas \u2611\ufe0f jogue, fa\u00e7a previs\u00f5es precisas sobre os principais jogos e obtenha mais emo\u00e7\u00e3o em cada evento.","robots":{"index":"index","follow":"follow","max-snippet":"max-snippet:-1","max-image-preview":"max-image-preview:large","max-video-preview":"max-video-preview:-1"},"canonical":"https:\/\/label.bet\/br\/sport-betting\/","og_locale":"pt_BR","og_type":"article","og_title":"BetLabel esportes \u26a1\ufe0f fa\u00e7a previs\u00f5es sobre os principais jogos","og_description":"A BetLabel Brasil \u00e9 um servi\u00e7o conveniente para apostas esportivas \u2611\ufe0f jogue, fa\u00e7a previs\u00f5es precisas sobre os principais jogos e obtenha mais emo\u00e7\u00e3o em cada evento.","og_url":"https:\/\/label.bet\/br\/sport-betting\/","og_site_name":"BetLabel br","article_modified_time":"2026-02-17T04:46:46+00:00","twitter_card":"summary_large_image","schema":{"@context":"https:\/\/schema.org","@graph":[{"@type":"WebPage","@id":"https:\/\/label.bet\/br\/sport-betting\/","url":"https:\/\/label.bet\/br\/sport-betting\/","name":"BetLabel esportes \u26a1\ufe0f fa\u00e7a previs\u00f5es sobre os principais jogos","isPartOf":{"@id":"https:\/\/label.bet\/br\/#website"},"datePublished":"2026-01-22T09:31:04+00:00","dateModified":"2026-02-17T04:46:46+00:00","description":"A BetLabel Brasil \u00e9 um servi\u00e7o conveniente para apostas esportivas \u2611\ufe0f jogue, fa\u00e7a previs\u00f5es precisas sobre os principais jogos e obtenha mais emo\u00e7\u00e3o em cada evento.","inLanguage":"pt-BR","potentialAction":[{"@type":"ReadAction","target":["https:\/\/label.bet\/br\/sport-betting\/"]}]},{"@type":"WebSite","@id":"https:\/\/label.bet\/br\/#website","url":"https:\/\/label.bet\/br\/","name":"BetLabel br","description":"","potentialAction":[{"@type":"SearchAction","target":{"@type":"EntryPoint","urlTemplate":"https:\/\/label.bet\/br\/?s={search_term_string}"},"query-input":{"@type":"PropertyValueSpecification","valueRequired":true,"valueName":"search_term_string"}}],"inLanguage":"pt-BR"}]}},"_links":{"self":[{"href":"https:\/\/label.bet\/br\/wp-json\/wp\/v2\/pages\/1713","targetHints":{"allow":["GET"]}}],"collection":[{"href":"https:\/\/label.bet\/br\/wp-json\/wp\/v2\/pages"}],"about":[{"href":"https:\/\/label.bet\/br\/wp-json\/wp\/v2\/types\/page"}],"author":[{"embeddable":true,"href":"https:\/\/label.bet\/br\/wp-json\/wp\/v2\/users\/1"}],"replies":[{"embeddable":true,"href":"https:\/\/label.bet\/br\/wp-json\/wp\/v2\/comments?post=1713"}],"version-history":[{"count":5,"href":"https:\/\/label.bet\/br\/wp-json\/wp\/v2\/pages\/1713\/revisions"}],"predecessor-version":[{"id":1986,"href":"https:\/\/label.bet\/br\/wp-json\/wp\/v2\/pages\/1713\/revisions\/1986"}],"wp:attachment":[{"href":"https:\/\/label.bet\/br\/wp-json\/wp\/v2\/media?parent=1713"}],"curies":[{"name":"wp","href":"https:\/\/api.w.org\/{rel}","templated":true}]}}