{"id":1788,"date":"2026-01-23T12:47:29","date_gmt":"2026-01-23T09:47:29","guid":{"rendered":"https:\/\/label.bet\/br\/?page_id=1788"},"modified":"2026-02-17T07:58:26","modified_gmt":"2026-02-17T04:58:26","slug":"games","status":"publish","type":"page","link":"https:\/\/label.bet\/br\/games\/","title":{"rendered":"Jogos"},"content":{"rendered":"","protected":false},"excerpt":{"rendered":"","protected":false},"author":1,"featured_media":0,"parent":0,"menu_order":0,"comment_status":"closed","ping_status":"closed","template":"","meta":{"_acf_changed":false,"footnotes":""},"class_list":["post-1788","page","type-page","status-publish","hentry"],"acf":[],"yoast_head":"<!-- This site is optimized with the Yoast SEO plugin v26.5 - https:\/\/yoast.com\/wordpress\/plugins\/seo\/ -->\n<title>BetLabel Jogos de cassino \u1409 jogos online, ca\u00e7a-n\u00edqueis e cassino<\/title>\n<meta name=\"description\" content=\"Jogue os melhores jogos de cassino na BetLabel Brasil \u1409 ca\u00e7a-n\u00edqueis, jogos de mesa, crupi\u00eas ao vivo e pagamentos r\u00e1pidos. B\u00f4nus e uma plataforma conveniente.\" \/>\n<meta name=\"robots\" content=\"index, follow, max-snippet:-1, max-image-preview:large, max-video-preview:-1\" \/>\n<link rel=\"canonical\" href=\"https:\/\/label.bet\/br\/games\/\" \/>\n<meta property=\"og:locale\" content=\"pt_BR\" \/>\n<meta property=\"og:type\" content=\"article\" \/>\n<meta property=\"og:title\" content=\"BetLabel Jogos de cassino \u1409 jogos online, ca\u00e7a-n\u00edqueis e cassino\" \/>\n<meta property=\"og:description\" content=\"Jogue os melhores jogos de cassino na BetLabel Brasil \u1409 ca\u00e7a-n\u00edqueis, jogos de mesa, crupi\u00eas ao vivo e pagamentos r\u00e1pidos. B\u00f4nus e uma plataforma conveniente.\" \/>\n<meta property=\"og:url\" content=\"https:\/\/label.bet\/br\/games\/\" \/>\n<meta property=\"og:site_name\" content=\"BetLabel br\" \/>\n<meta property=\"article:modified_time\" content=\"2026-02-17T04:58:26+00:00\" \/>\n<meta name=\"twitter:card\" content=\"summary_large_image\" \/>\n<script type=\"application\/ld+json\" class=\"yoast-schema-graph\">{\"@context\":\"https:\/\/schema.org\",\"@graph\":[{\"@type\":\"WebPage\",\"@id\":\"https:\/\/label.bet\/br\/games\/\",\"url\":\"https:\/\/label.bet\/br\/games\/\",\"name\":\"BetLabel Jogos de cassino \u1409 jogos online, ca\u00e7a-n\u00edqueis e cassino\",\"isPartOf\":{\"@id\":\"https:\/\/label.bet\/br\/#website\"},\"datePublished\":\"2026-01-23T09:47:29+00:00\",\"dateModified\":\"2026-02-17T04:58:26+00:00\",\"description\":\"Jogue os melhores jogos de cassino na BetLabel Brasil \u1409 ca\u00e7a-n\u00edqueis, jogos de mesa, crupi\u00eas ao vivo e pagamentos r\u00e1pidos. B\u00f4nus e uma plataforma conveniente.\",\"inLanguage\":\"pt-BR\",\"potentialAction\":[{\"@type\":\"ReadAction\",\"target\":[\"https:\/\/label.bet\/br\/games\/\"]}]},{\"@type\":\"WebSite\",\"@id\":\"https:\/\/label.bet\/br\/#website\",\"url\":\"https:\/\/label.bet\/br\/\",\"name\":\"BetLabel br\",\"description\":\"\",\"potentialAction\":[{\"@type\":\"SearchAction\",\"target\":{\"@type\":\"EntryPoint\",\"urlTemplate\":\"https:\/\/label.bet\/br\/?s={search_term_string}\"},\"query-input\":{\"@type\":\"PropertyValueSpecification\",\"valueRequired\":true,\"valueName\":\"search_term_string\"}}],\"inLanguage\":\"pt-BR\"}]}<\/script>\n<!-- \/ Yoast SEO plugin. -->","yoast_head_json":{"title":"BetLabel Jogos de cassino \u1409 jogos online, ca\u00e7a-n\u00edqueis e cassino","description":"Jogue os melhores jogos de cassino na BetLabel Brasil \u1409 ca\u00e7a-n\u00edqueis, jogos de mesa, crupi\u00eas ao vivo e pagamentos r\u00e1pidos. B\u00f4nus e uma plataforma conveniente.","robots":{"index":"index","follow":"follow","max-snippet":"max-snippet:-1","max-image-preview":"max-image-preview:large","max-video-preview":"max-video-preview:-1"},"canonical":"https:\/\/label.bet\/br\/games\/","og_locale":"pt_BR","og_type":"article","og_title":"BetLabel Jogos de cassino \u1409 jogos online, ca\u00e7a-n\u00edqueis e cassino","og_description":"Jogue os melhores jogos de cassino na BetLabel Brasil \u1409 ca\u00e7a-n\u00edqueis, jogos de mesa, crupi\u00eas ao vivo e pagamentos r\u00e1pidos. B\u00f4nus e uma plataforma conveniente.","og_url":"https:\/\/label.bet\/br\/games\/","og_site_name":"BetLabel br","article_modified_time":"2026-02-17T04:58:26+00:00","twitter_card":"summary_large_image","schema":{"@context":"https:\/\/schema.org","@graph":[{"@type":"WebPage","@id":"https:\/\/label.bet\/br\/games\/","url":"https:\/\/label.bet\/br\/games\/","name":"BetLabel Jogos de cassino \u1409 jogos online, ca\u00e7a-n\u00edqueis e cassino","isPartOf":{"@id":"https:\/\/label.bet\/br\/#website"},"datePublished":"2026-01-23T09:47:29+00:00","dateModified":"2026-02-17T04:58:26+00:00","description":"Jogue os melhores jogos de cassino na BetLabel Brasil \u1409 ca\u00e7a-n\u00edqueis, jogos de mesa, crupi\u00eas ao vivo e pagamentos r\u00e1pidos. B\u00f4nus e uma plataforma conveniente.","inLanguage":"pt-BR","potentialAction":[{"@type":"ReadAction","target":["https:\/\/label.bet\/br\/games\/"]}]},{"@type":"WebSite","@id":"https:\/\/label.bet\/br\/#website","url":"https:\/\/label.bet\/br\/","name":"BetLabel br","description":"","potentialAction":[{"@type":"SearchAction","target":{"@type":"EntryPoint","urlTemplate":"https:\/\/label.bet\/br\/?s={search_term_string}"},"query-input":{"@type":"PropertyValueSpecification","valueRequired":true,"valueName":"search_term_string"}}],"inLanguage":"pt-BR"}]}},"_links":{"self":[{"href":"https:\/\/label.bet\/br\/wp-json\/wp\/v2\/pages\/1788","targetHints":{"allow":["GET"]}}],"collection":[{"href":"https:\/\/label.bet\/br\/wp-json\/wp\/v2\/pages"}],"about":[{"href":"https:\/\/label.bet\/br\/wp-json\/wp\/v2\/types\/page"}],"author":[{"embeddable":true,"href":"https:\/\/label.bet\/br\/wp-json\/wp\/v2\/users\/1"}],"replies":[{"embeddable":true,"href":"https:\/\/label.bet\/br\/wp-json\/wp\/v2\/comments?post=1788"}],"version-history":[{"count":5,"href":"https:\/\/label.bet\/br\/wp-json\/wp\/v2\/pages\/1788\/revisions"}],"predecessor-version":[{"id":1994,"href":"https:\/\/label.bet\/br\/wp-json\/wp\/v2\/pages\/1788\/revisions\/1994"}],"wp:attachment":[{"href":"https:\/\/label.bet\/br\/wp-json\/wp\/v2\/media?parent=1788"}],"curies":[{"name":"wp","href":"https:\/\/api.w.org\/{rel}","templated":true}]}}