{"id":1794,"date":"2026-01-23T13:55:38","date_gmt":"2026-01-23T10:55:38","guid":{"rendered":"https:\/\/label.bet\/br\/?page_id=1794"},"modified":"2026-02-17T07:26:17","modified_gmt":"2026-02-17T04:26:17","slug":"chicken-road","status":"publish","type":"page","link":"https:\/\/label.bet\/br\/chicken-road\/","title":{"rendered":"Chicken Road"},"content":{"rendered":"","protected":false},"excerpt":{"rendered":"","protected":false},"author":1,"featured_media":0,"parent":0,"menu_order":0,"comment_status":"closed","ping_status":"closed","template":"","meta":{"_acf_changed":false,"footnotes":""},"class_list":["post-1794","page","type-page","status-publish","hentry"],"acf":[],"yoast_head":"<!-- This site is optimized with the Yoast SEO plugin v26.5 - https:\/\/yoast.com\/wordpress\/plugins\/seo\/ -->\n<title>Chicken Road na BetLabel \u2714\ufe0f Jogo Crash com um RTP elevado<\/title>\n<meta name=\"description\" content=\"Chicken Road no BetLabel Brasil Cassino \ud83d\udcbb \u00e9 um jogo din\u00e2mico com um RTP elevado. Fa\u00e7a a sua aposta, veja o multiplicador crescer e recolha os seus ganhos a tempo. Ideal para sess\u00f5es r\u00e1pidas e emocionantes.\" \/>\n<meta name=\"robots\" content=\"index, follow, max-snippet:-1, max-image-preview:large, max-video-preview:-1\" \/>\n<link rel=\"canonical\" href=\"https:\/\/label.bet\/br\/chicken-road\/\" \/>\n<meta property=\"og:locale\" content=\"pt_BR\" \/>\n<meta property=\"og:type\" content=\"article\" \/>\n<meta property=\"og:title\" content=\"Chicken Road na BetLabel \u2714\ufe0f Jogo Crash com um RTP elevado\" \/>\n<meta property=\"og:description\" content=\"Chicken Road no BetLabel Brasil Cassino \ud83d\udcbb \u00e9 um jogo din\u00e2mico com um RTP elevado. Fa\u00e7a a sua aposta, veja o multiplicador crescer e recolha os seus ganhos a tempo. Ideal para sess\u00f5es r\u00e1pidas e emocionantes.\" \/>\n<meta property=\"og:url\" content=\"https:\/\/label.bet\/br\/chicken-road\/\" \/>\n<meta property=\"og:site_name\" content=\"BetLabel br\" \/>\n<meta property=\"article:modified_time\" content=\"2026-02-17T04:26:17+00:00\" \/>\n<meta name=\"twitter:card\" content=\"summary_large_image\" \/>\n<script type=\"application\/ld+json\" class=\"yoast-schema-graph\">{\"@context\":\"https:\/\/schema.org\",\"@graph\":[{\"@type\":\"WebPage\",\"@id\":\"https:\/\/label.bet\/br\/chicken-road\/\",\"url\":\"https:\/\/label.bet\/br\/chicken-road\/\",\"name\":\"Chicken Road na BetLabel \u2714\ufe0f Jogo Crash com um RTP elevado\",\"isPartOf\":{\"@id\":\"https:\/\/label.bet\/br\/#website\"},\"datePublished\":\"2026-01-23T10:55:38+00:00\",\"dateModified\":\"2026-02-17T04:26:17+00:00\",\"description\":\"Chicken Road no BetLabel Brasil Cassino \ud83d\udcbb \u00e9 um jogo din\u00e2mico com um RTP elevado. Fa\u00e7a a sua aposta, veja o multiplicador crescer e recolha os seus ganhos a tempo. Ideal para sess\u00f5es r\u00e1pidas e emocionantes.\",\"inLanguage\":\"pt-BR\",\"potentialAction\":[{\"@type\":\"ReadAction\",\"target\":[\"https:\/\/label.bet\/br\/chicken-road\/\"]}]},{\"@type\":\"WebSite\",\"@id\":\"https:\/\/label.bet\/br\/#website\",\"url\":\"https:\/\/label.bet\/br\/\",\"name\":\"BetLabel br\",\"description\":\"\",\"potentialAction\":[{\"@type\":\"SearchAction\",\"target\":{\"@type\":\"EntryPoint\",\"urlTemplate\":\"https:\/\/label.bet\/br\/?s={search_term_string}\"},\"query-input\":{\"@type\":\"PropertyValueSpecification\",\"valueRequired\":true,\"valueName\":\"search_term_string\"}}],\"inLanguage\":\"pt-BR\"}]}<\/script>\n<!-- \/ Yoast SEO plugin. -->","yoast_head_json":{"title":"Chicken Road na BetLabel \u2714\ufe0f Jogo Crash com um RTP elevado","description":"Chicken Road no BetLabel Brasil Cassino \ud83d\udcbb \u00e9 um jogo din\u00e2mico com um RTP elevado. Fa\u00e7a a sua aposta, veja o multiplicador crescer e recolha os seus ganhos a tempo. Ideal para sess\u00f5es r\u00e1pidas e emocionantes.","robots":{"index":"index","follow":"follow","max-snippet":"max-snippet:-1","max-image-preview":"max-image-preview:large","max-video-preview":"max-video-preview:-1"},"canonical":"https:\/\/label.bet\/br\/chicken-road\/","og_locale":"pt_BR","og_type":"article","og_title":"Chicken Road na BetLabel \u2714\ufe0f Jogo Crash com um RTP elevado","og_description":"Chicken Road no BetLabel Brasil Cassino \ud83d\udcbb \u00e9 um jogo din\u00e2mico com um RTP elevado. Fa\u00e7a a sua aposta, veja o multiplicador crescer e recolha os seus ganhos a tempo. Ideal para sess\u00f5es r\u00e1pidas e emocionantes.","og_url":"https:\/\/label.bet\/br\/chicken-road\/","og_site_name":"BetLabel br","article_modified_time":"2026-02-17T04:26:17+00:00","twitter_card":"summary_large_image","schema":{"@context":"https:\/\/schema.org","@graph":[{"@type":"WebPage","@id":"https:\/\/label.bet\/br\/chicken-road\/","url":"https:\/\/label.bet\/br\/chicken-road\/","name":"Chicken Road na BetLabel \u2714\ufe0f Jogo Crash com um RTP elevado","isPartOf":{"@id":"https:\/\/label.bet\/br\/#website"},"datePublished":"2026-01-23T10:55:38+00:00","dateModified":"2026-02-17T04:26:17+00:00","description":"Chicken Road no BetLabel Brasil Cassino \ud83d\udcbb \u00e9 um jogo din\u00e2mico com um RTP elevado. Fa\u00e7a a sua aposta, veja o multiplicador crescer e recolha os seus ganhos a tempo. Ideal para sess\u00f5es r\u00e1pidas e emocionantes.","inLanguage":"pt-BR","potentialAction":[{"@type":"ReadAction","target":["https:\/\/label.bet\/br\/chicken-road\/"]}]},{"@type":"WebSite","@id":"https:\/\/label.bet\/br\/#website","url":"https:\/\/label.bet\/br\/","name":"BetLabel br","description":"","potentialAction":[{"@type":"SearchAction","target":{"@type":"EntryPoint","urlTemplate":"https:\/\/label.bet\/br\/?s={search_term_string}"},"query-input":{"@type":"PropertyValueSpecification","valueRequired":true,"valueName":"search_term_string"}}],"inLanguage":"pt-BR"}]}},"_links":{"self":[{"href":"https:\/\/label.bet\/br\/wp-json\/wp\/v2\/pages\/1794","targetHints":{"allow":["GET"]}}],"collection":[{"href":"https:\/\/label.bet\/br\/wp-json\/wp\/v2\/pages"}],"about":[{"href":"https:\/\/label.bet\/br\/wp-json\/wp\/v2\/types\/page"}],"author":[{"embeddable":true,"href":"https:\/\/label.bet\/br\/wp-json\/wp\/v2\/users\/1"}],"replies":[{"embeddable":true,"href":"https:\/\/label.bet\/br\/wp-json\/wp\/v2\/comments?post=1794"}],"version-history":[{"count":5,"href":"https:\/\/label.bet\/br\/wp-json\/wp\/v2\/pages\/1794\/revisions"}],"predecessor-version":[{"id":1983,"href":"https:\/\/label.bet\/br\/wp-json\/wp\/v2\/pages\/1794\/revisions\/1983"}],"wp:attachment":[{"href":"https:\/\/label.bet\/br\/wp-json\/wp\/v2\/media?parent=1794"}],"curies":[{"name":"wp","href":"https:\/\/api.w.org\/{rel}","templated":true}]}}