{"id":1815,"date":"2026-01-25T14:57:29","date_gmt":"2026-01-25T11:57:29","guid":{"rendered":"https:\/\/label.bet\/br\/?page_id=1815"},"modified":"2026-02-17T08:19:01","modified_gmt":"2026-02-17T05:19:01","slug":"sweet-bonanza","status":"publish","type":"page","link":"https:\/\/label.bet\/br\/sweet-bonanza\/","title":{"rendered":"Sweet Bonanza"},"content":{"rendered":"","protected":false},"excerpt":{"rendered":"","protected":false},"author":1,"featured_media":0,"parent":0,"menu_order":0,"comment_status":"closed","ping_status":"closed","template":"","meta":{"_acf_changed":false,"footnotes":""},"class_list":["post-1815","page","type-page","status-publish","hentry"],"acf":[],"yoast_head":"<!-- This site is optimized with the Yoast SEO plugin v26.5 - https:\/\/yoast.com\/wordpress\/plugins\/seo\/ -->\n<title>Sweet Bonanza na BetLabel \u26a1\ufe0f Slot da Pragmatic Play com b\u00f4nus<\/title>\n<meta name=\"description\" content=\"Jogue Sweet Bonanza da Pragmatic Play no BetLabel Brasil Cassino \u27a4 um ca\u00e7a-n\u00edquel vibrante com frutas, vit\u00f3rias em cascata, rodadas gr\u00e1tis e multiplicadores. Jogabilidade r\u00e1pida e rodadas b\u00f4nus sem regras complicadas.\" \/>\n<meta name=\"robots\" content=\"index, follow, max-snippet:-1, max-image-preview:large, max-video-preview:-1\" \/>\n<link rel=\"canonical\" href=\"https:\/\/label.bet\/br\/sweet-bonanza\/\" \/>\n<meta property=\"og:locale\" content=\"pt_BR\" \/>\n<meta property=\"og:type\" content=\"article\" \/>\n<meta property=\"og:title\" content=\"Sweet Bonanza na BetLabel \u26a1\ufe0f Slot da Pragmatic Play com b\u00f4nus\" \/>\n<meta property=\"og:description\" content=\"Jogue Sweet Bonanza da Pragmatic Play no BetLabel Brasil Cassino \u27a4 um ca\u00e7a-n\u00edquel vibrante com frutas, vit\u00f3rias em cascata, rodadas gr\u00e1tis e multiplicadores. Jogabilidade r\u00e1pida e rodadas b\u00f4nus sem regras complicadas.\" \/>\n<meta property=\"og:url\" content=\"https:\/\/label.bet\/br\/sweet-bonanza\/\" \/>\n<meta property=\"og:site_name\" content=\"BetLabel br\" \/>\n<meta property=\"article:modified_time\" content=\"2026-02-17T05:19:01+00:00\" \/>\n<meta name=\"twitter:card\" content=\"summary_large_image\" \/>\n<script type=\"application\/ld+json\" class=\"yoast-schema-graph\">{\"@context\":\"https:\/\/schema.org\",\"@graph\":[{\"@type\":\"WebPage\",\"@id\":\"https:\/\/label.bet\/br\/sweet-bonanza\/\",\"url\":\"https:\/\/label.bet\/br\/sweet-bonanza\/\",\"name\":\"Sweet Bonanza na BetLabel \u26a1\ufe0f Slot da Pragmatic Play com b\u00f4nus\",\"isPartOf\":{\"@id\":\"https:\/\/label.bet\/br\/#website\"},\"datePublished\":\"2026-01-25T11:57:29+00:00\",\"dateModified\":\"2026-02-17T05:19:01+00:00\",\"description\":\"Jogue Sweet Bonanza da Pragmatic Play no BetLabel Brasil Cassino \u27a4 um ca\u00e7a-n\u00edquel vibrante com frutas, vit\u00f3rias em cascata, rodadas gr\u00e1tis e multiplicadores. Jogabilidade r\u00e1pida e rodadas b\u00f4nus sem regras complicadas.\",\"inLanguage\":\"pt-BR\",\"potentialAction\":[{\"@type\":\"ReadAction\",\"target\":[\"https:\/\/label.bet\/br\/sweet-bonanza\/\"]}]},{\"@type\":\"WebSite\",\"@id\":\"https:\/\/label.bet\/br\/#website\",\"url\":\"https:\/\/label.bet\/br\/\",\"name\":\"BetLabel br\",\"description\":\"\",\"potentialAction\":[{\"@type\":\"SearchAction\",\"target\":{\"@type\":\"EntryPoint\",\"urlTemplate\":\"https:\/\/label.bet\/br\/?s={search_term_string}\"},\"query-input\":{\"@type\":\"PropertyValueSpecification\",\"valueRequired\":true,\"valueName\":\"search_term_string\"}}],\"inLanguage\":\"pt-BR\"}]}<\/script>\n<!-- \/ Yoast SEO plugin. -->","yoast_head_json":{"title":"Sweet Bonanza na BetLabel \u26a1\ufe0f Slot da Pragmatic Play com b\u00f4nus","description":"Jogue Sweet Bonanza da Pragmatic Play no BetLabel Brasil Cassino \u27a4 um ca\u00e7a-n\u00edquel vibrante com frutas, vit\u00f3rias em cascata, rodadas gr\u00e1tis e multiplicadores. Jogabilidade r\u00e1pida e rodadas b\u00f4nus sem regras complicadas.","robots":{"index":"index","follow":"follow","max-snippet":"max-snippet:-1","max-image-preview":"max-image-preview:large","max-video-preview":"max-video-preview:-1"},"canonical":"https:\/\/label.bet\/br\/sweet-bonanza\/","og_locale":"pt_BR","og_type":"article","og_title":"Sweet Bonanza na BetLabel \u26a1\ufe0f Slot da Pragmatic Play com b\u00f4nus","og_description":"Jogue Sweet Bonanza da Pragmatic Play no BetLabel Brasil Cassino \u27a4 um ca\u00e7a-n\u00edquel vibrante com frutas, vit\u00f3rias em cascata, rodadas gr\u00e1tis e multiplicadores. Jogabilidade r\u00e1pida e rodadas b\u00f4nus sem regras complicadas.","og_url":"https:\/\/label.bet\/br\/sweet-bonanza\/","og_site_name":"BetLabel br","article_modified_time":"2026-02-17T05:19:01+00:00","twitter_card":"summary_large_image","schema":{"@context":"https:\/\/schema.org","@graph":[{"@type":"WebPage","@id":"https:\/\/label.bet\/br\/sweet-bonanza\/","url":"https:\/\/label.bet\/br\/sweet-bonanza\/","name":"Sweet Bonanza na BetLabel \u26a1\ufe0f Slot da Pragmatic Play com b\u00f4nus","isPartOf":{"@id":"https:\/\/label.bet\/br\/#website"},"datePublished":"2026-01-25T11:57:29+00:00","dateModified":"2026-02-17T05:19:01+00:00","description":"Jogue Sweet Bonanza da Pragmatic Play no BetLabel Brasil Cassino \u27a4 um ca\u00e7a-n\u00edquel vibrante com frutas, vit\u00f3rias em cascata, rodadas gr\u00e1tis e multiplicadores. Jogabilidade r\u00e1pida e rodadas b\u00f4nus sem regras complicadas.","inLanguage":"pt-BR","potentialAction":[{"@type":"ReadAction","target":["https:\/\/label.bet\/br\/sweet-bonanza\/"]}]},{"@type":"WebSite","@id":"https:\/\/label.bet\/br\/#website","url":"https:\/\/label.bet\/br\/","name":"BetLabel br","description":"","potentialAction":[{"@type":"SearchAction","target":{"@type":"EntryPoint","urlTemplate":"https:\/\/label.bet\/br\/?s={search_term_string}"},"query-input":{"@type":"PropertyValueSpecification","valueRequired":true,"valueName":"search_term_string"}}],"inLanguage":"pt-BR"}]}},"_links":{"self":[{"href":"https:\/\/label.bet\/br\/wp-json\/wp\/v2\/pages\/1815","targetHints":{"allow":["GET"]}}],"collection":[{"href":"https:\/\/label.bet\/br\/wp-json\/wp\/v2\/pages"}],"about":[{"href":"https:\/\/label.bet\/br\/wp-json\/wp\/v2\/types\/page"}],"author":[{"embeddable":true,"href":"https:\/\/label.bet\/br\/wp-json\/wp\/v2\/users\/1"}],"replies":[{"embeddable":true,"href":"https:\/\/label.bet\/br\/wp-json\/wp\/v2\/comments?post=1815"}],"version-history":[{"count":5,"href":"https:\/\/label.bet\/br\/wp-json\/wp\/v2\/pages\/1815\/revisions"}],"predecessor-version":[{"id":1998,"href":"https:\/\/label.bet\/br\/wp-json\/wp\/v2\/pages\/1815\/revisions\/1998"}],"wp:attachment":[{"href":"https:\/\/label.bet\/br\/wp-json\/wp\/v2\/media?parent=1815"}],"curies":[{"name":"wp","href":"https:\/\/api.w.org\/{rel}","templated":true}]}}