{"id":1821,"date":"2026-01-25T16:26:05","date_gmt":"2026-01-25T13:26:05","guid":{"rendered":"https:\/\/label.bet\/br\/?page_id=1821"},"modified":"2026-02-17T07:51:54","modified_gmt":"2026-02-17T04:51:54","slug":"gates-of-olympus","status":"publish","type":"page","link":"https:\/\/label.bet\/br\/gates-of-olympus\/","title":{"rendered":"Gates of Olympus"},"content":{"rendered":"","protected":false},"excerpt":{"rendered":"","protected":false},"author":1,"featured_media":0,"parent":0,"menu_order":0,"comment_status":"closed","ping_status":"closed","template":"","meta":{"_acf_changed":false,"footnotes":""},"class_list":["post-1821","page","type-page","status-publish","hentry"],"acf":[],"yoast_head":"<!-- This site is optimized with the Yoast SEO plugin v26.5 - https:\/\/yoast.com\/wordpress\/plugins\/seo\/ -->\n<title>Gates of Olympus na BetLabel \u2714\ufe0f Multiplicadores at\u00e9 500x<\/title>\n<meta name=\"description\" content=\"Jogue Gates of Olympus no BetLabel Brasil Cassino \u2714\ufe0f Um popular ca\u00e7a-n\u00edquel da Pragmatic Play com rolos em cascata, compra de b\u00f4nus e multiplicadores de at\u00e9 500x. Vis\u00e3o geral da jogabilidade, volatilidade e oportunidades de grandes ganhos.\" \/>\n<meta name=\"robots\" content=\"index, follow, max-snippet:-1, max-image-preview:large, max-video-preview:-1\" \/>\n<link rel=\"canonical\" href=\"https:\/\/label.bet\/br\/gates-of-olympus\/\" \/>\n<meta property=\"og:locale\" content=\"pt_BR\" \/>\n<meta property=\"og:type\" content=\"article\" \/>\n<meta property=\"og:title\" content=\"Gates of Olympus na BetLabel \u2714\ufe0f Multiplicadores at\u00e9 500x\" \/>\n<meta property=\"og:description\" content=\"Jogue Gates of Olympus no BetLabel Brasil Cassino \u2714\ufe0f Um popular ca\u00e7a-n\u00edquel da Pragmatic Play com rolos em cascata, compra de b\u00f4nus e multiplicadores de at\u00e9 500x. Vis\u00e3o geral da jogabilidade, volatilidade e oportunidades de grandes ganhos.\" \/>\n<meta property=\"og:url\" content=\"https:\/\/label.bet\/br\/gates-of-olympus\/\" \/>\n<meta property=\"og:site_name\" content=\"BetLabel br\" \/>\n<meta property=\"article:modified_time\" content=\"2026-02-17T04:51:54+00:00\" \/>\n<meta name=\"twitter:card\" content=\"summary_large_image\" \/>\n<script type=\"application\/ld+json\" class=\"yoast-schema-graph\">{\"@context\":\"https:\/\/schema.org\",\"@graph\":[{\"@type\":\"WebPage\",\"@id\":\"https:\/\/label.bet\/br\/gates-of-olympus\/\",\"url\":\"https:\/\/label.bet\/br\/gates-of-olympus\/\",\"name\":\"Gates of Olympus na BetLabel \u2714\ufe0f Multiplicadores at\u00e9 500x\",\"isPartOf\":{\"@id\":\"https:\/\/label.bet\/br\/#website\"},\"datePublished\":\"2026-01-25T13:26:05+00:00\",\"dateModified\":\"2026-02-17T04:51:54+00:00\",\"description\":\"Jogue Gates of Olympus no BetLabel Brasil Cassino \u2714\ufe0f Um popular ca\u00e7a-n\u00edquel da Pragmatic Play com rolos em cascata, compra de b\u00f4nus e multiplicadores de at\u00e9 500x. Vis\u00e3o geral da jogabilidade, volatilidade e oportunidades de grandes ganhos.\",\"inLanguage\":\"pt-BR\",\"potentialAction\":[{\"@type\":\"ReadAction\",\"target\":[\"https:\/\/label.bet\/br\/gates-of-olympus\/\"]}]},{\"@type\":\"WebSite\",\"@id\":\"https:\/\/label.bet\/br\/#website\",\"url\":\"https:\/\/label.bet\/br\/\",\"name\":\"BetLabel br\",\"description\":\"\",\"potentialAction\":[{\"@type\":\"SearchAction\",\"target\":{\"@type\":\"EntryPoint\",\"urlTemplate\":\"https:\/\/label.bet\/br\/?s={search_term_string}\"},\"query-input\":{\"@type\":\"PropertyValueSpecification\",\"valueRequired\":true,\"valueName\":\"search_term_string\"}}],\"inLanguage\":\"pt-BR\"}]}<\/script>\n<!-- \/ Yoast SEO plugin. -->","yoast_head_json":{"title":"Gates of Olympus na BetLabel \u2714\ufe0f Multiplicadores at\u00e9 500x","description":"Jogue Gates of Olympus no BetLabel Brasil Cassino \u2714\ufe0f Um popular ca\u00e7a-n\u00edquel da Pragmatic Play com rolos em cascata, compra de b\u00f4nus e multiplicadores de at\u00e9 500x. Vis\u00e3o geral da jogabilidade, volatilidade e oportunidades de grandes ganhos.","robots":{"index":"index","follow":"follow","max-snippet":"max-snippet:-1","max-image-preview":"max-image-preview:large","max-video-preview":"max-video-preview:-1"},"canonical":"https:\/\/label.bet\/br\/gates-of-olympus\/","og_locale":"pt_BR","og_type":"article","og_title":"Gates of Olympus na BetLabel \u2714\ufe0f Multiplicadores at\u00e9 500x","og_description":"Jogue Gates of Olympus no BetLabel Brasil Cassino \u2714\ufe0f Um popular ca\u00e7a-n\u00edquel da Pragmatic Play com rolos em cascata, compra de b\u00f4nus e multiplicadores de at\u00e9 500x. Vis\u00e3o geral da jogabilidade, volatilidade e oportunidades de grandes ganhos.","og_url":"https:\/\/label.bet\/br\/gates-of-olympus\/","og_site_name":"BetLabel br","article_modified_time":"2026-02-17T04:51:54+00:00","twitter_card":"summary_large_image","schema":{"@context":"https:\/\/schema.org","@graph":[{"@type":"WebPage","@id":"https:\/\/label.bet\/br\/gates-of-olympus\/","url":"https:\/\/label.bet\/br\/gates-of-olympus\/","name":"Gates of Olympus na BetLabel \u2714\ufe0f Multiplicadores at\u00e9 500x","isPartOf":{"@id":"https:\/\/label.bet\/br\/#website"},"datePublished":"2026-01-25T13:26:05+00:00","dateModified":"2026-02-17T04:51:54+00:00","description":"Jogue Gates of Olympus no BetLabel Brasil Cassino \u2714\ufe0f Um popular ca\u00e7a-n\u00edquel da Pragmatic Play com rolos em cascata, compra de b\u00f4nus e multiplicadores de at\u00e9 500x. Vis\u00e3o geral da jogabilidade, volatilidade e oportunidades de grandes ganhos.","inLanguage":"pt-BR","potentialAction":[{"@type":"ReadAction","target":["https:\/\/label.bet\/br\/gates-of-olympus\/"]}]},{"@type":"WebSite","@id":"https:\/\/label.bet\/br\/#website","url":"https:\/\/label.bet\/br\/","name":"BetLabel br","description":"","potentialAction":[{"@type":"SearchAction","target":{"@type":"EntryPoint","urlTemplate":"https:\/\/label.bet\/br\/?s={search_term_string}"},"query-input":{"@type":"PropertyValueSpecification","valueRequired":true,"valueName":"search_term_string"}}],"inLanguage":"pt-BR"}]}},"_links":{"self":[{"href":"https:\/\/label.bet\/br\/wp-json\/wp\/v2\/pages\/1821","targetHints":{"allow":["GET"]}}],"collection":[{"href":"https:\/\/label.bet\/br\/wp-json\/wp\/v2\/pages"}],"about":[{"href":"https:\/\/label.bet\/br\/wp-json\/wp\/v2\/types\/page"}],"author":[{"embeddable":true,"href":"https:\/\/label.bet\/br\/wp-json\/wp\/v2\/users\/1"}],"replies":[{"embeddable":true,"href":"https:\/\/label.bet\/br\/wp-json\/wp\/v2\/comments?post=1821"}],"version-history":[{"count":5,"href":"https:\/\/label.bet\/br\/wp-json\/wp\/v2\/pages\/1821\/revisions"}],"predecessor-version":[{"id":1989,"href":"https:\/\/label.bet\/br\/wp-json\/wp\/v2\/pages\/1821\/revisions\/1989"}],"wp:attachment":[{"href":"https:\/\/label.bet\/br\/wp-json\/wp\/v2\/media?parent=1821"}],"curies":[{"name":"wp","href":"https:\/\/api.w.org\/{rel}","templated":true}]}}