{"id":1914,"date":"2026-02-12T17:09:47","date_gmt":"2026-02-12T14:09:47","guid":{"rendered":"https:\/\/label.bet\/br\/?page_id=1914"},"modified":"2026-02-17T08:19:38","modified_gmt":"2026-02-17T05:19:38","slug":"telegram","status":"publish","type":"page","link":"https:\/\/label.bet\/br\/telegram\/","title":{"rendered":"Telegram"},"content":{"rendered":"","protected":false},"excerpt":{"rendered":"","protected":false},"author":1,"featured_media":0,"parent":0,"menu_order":0,"comment_status":"closed","ping_status":"closed","template":"","meta":{"_acf_changed":false,"footnotes":""},"class_list":["post-1914","page","type-page","status-publish","hentry"],"acf":[],"yoast_head":"<!-- This site is optimized with the Yoast SEO plugin v26.5 - https:\/\/yoast.com\/wordpress\/plugins\/seo\/ -->\n<title>Canal BetLabel no Telegram \u2014 B\u00f4nus e previs\u00f5es esportivas<\/title>\n<meta name=\"description\" content=\"Inscreva-se no canal BetLabel Brasil Telegram e seja o primeiro a receber os b\u00f4nus mais recentes, c\u00f3digos promocionais exclusivos, promo\u00e7\u00f5es atuais e previs\u00f5es para os principais eventos esportivos.\" \/>\n<meta name=\"robots\" content=\"index, follow, max-snippet:-1, max-image-preview:large, max-video-preview:-1\" \/>\n<link rel=\"canonical\" href=\"https:\/\/label.bet\/br\/telegram\/\" \/>\n<meta property=\"og:locale\" content=\"pt_BR\" \/>\n<meta property=\"og:type\" content=\"article\" \/>\n<meta property=\"og:title\" content=\"Canal BetLabel no Telegram \u2014 B\u00f4nus e previs\u00f5es esportivas\" \/>\n<meta property=\"og:description\" content=\"Inscreva-se no canal BetLabel Brasil Telegram e seja o primeiro a receber os b\u00f4nus mais recentes, c\u00f3digos promocionais exclusivos, promo\u00e7\u00f5es atuais e previs\u00f5es para os principais eventos esportivos.\" \/>\n<meta property=\"og:url\" content=\"https:\/\/label.bet\/br\/telegram\/\" \/>\n<meta property=\"og:site_name\" content=\"BetLabel br\" \/>\n<meta property=\"article:modified_time\" content=\"2026-02-17T05:19:38+00:00\" \/>\n<meta name=\"twitter:card\" content=\"summary_large_image\" \/>\n<script type=\"application\/ld+json\" class=\"yoast-schema-graph\">{\"@context\":\"https:\/\/schema.org\",\"@graph\":[{\"@type\":\"WebPage\",\"@id\":\"https:\/\/label.bet\/br\/telegram\/\",\"url\":\"https:\/\/label.bet\/br\/telegram\/\",\"name\":\"Canal BetLabel no Telegram \u2014 B\u00f4nus e previs\u00f5es esportivas\",\"isPartOf\":{\"@id\":\"https:\/\/label.bet\/br\/#website\"},\"datePublished\":\"2026-02-12T14:09:47+00:00\",\"dateModified\":\"2026-02-17T05:19:38+00:00\",\"description\":\"Inscreva-se no canal BetLabel Brasil Telegram e seja o primeiro a receber os b\u00f4nus mais recentes, c\u00f3digos promocionais exclusivos, promo\u00e7\u00f5es atuais e previs\u00f5es para os principais eventos esportivos.\",\"inLanguage\":\"pt-BR\",\"potentialAction\":[{\"@type\":\"ReadAction\",\"target\":[\"https:\/\/label.bet\/br\/telegram\/\"]}]},{\"@type\":\"WebSite\",\"@id\":\"https:\/\/label.bet\/br\/#website\",\"url\":\"https:\/\/label.bet\/br\/\",\"name\":\"BetLabel br\",\"description\":\"\",\"potentialAction\":[{\"@type\":\"SearchAction\",\"target\":{\"@type\":\"EntryPoint\",\"urlTemplate\":\"https:\/\/label.bet\/br\/?s={search_term_string}\"},\"query-input\":{\"@type\":\"PropertyValueSpecification\",\"valueRequired\":true,\"valueName\":\"search_term_string\"}}],\"inLanguage\":\"pt-BR\"}]}<\/script>\n<!-- \/ Yoast SEO plugin. -->","yoast_head_json":{"title":"Canal BetLabel no Telegram \u2014 B\u00f4nus e previs\u00f5es esportivas","description":"Inscreva-se no canal BetLabel Brasil Telegram e seja o primeiro a receber os b\u00f4nus mais recentes, c\u00f3digos promocionais exclusivos, promo\u00e7\u00f5es atuais e previs\u00f5es para os principais eventos esportivos.","robots":{"index":"index","follow":"follow","max-snippet":"max-snippet:-1","max-image-preview":"max-image-preview:large","max-video-preview":"max-video-preview:-1"},"canonical":"https:\/\/label.bet\/br\/telegram\/","og_locale":"pt_BR","og_type":"article","og_title":"Canal BetLabel no Telegram \u2014 B\u00f4nus e previs\u00f5es esportivas","og_description":"Inscreva-se no canal BetLabel Brasil Telegram e seja o primeiro a receber os b\u00f4nus mais recentes, c\u00f3digos promocionais exclusivos, promo\u00e7\u00f5es atuais e previs\u00f5es para os principais eventos esportivos.","og_url":"https:\/\/label.bet\/br\/telegram\/","og_site_name":"BetLabel br","article_modified_time":"2026-02-17T05:19:38+00:00","twitter_card":"summary_large_image","schema":{"@context":"https:\/\/schema.org","@graph":[{"@type":"WebPage","@id":"https:\/\/label.bet\/br\/telegram\/","url":"https:\/\/label.bet\/br\/telegram\/","name":"Canal BetLabel no Telegram \u2014 B\u00f4nus e previs\u00f5es esportivas","isPartOf":{"@id":"https:\/\/label.bet\/br\/#website"},"datePublished":"2026-02-12T14:09:47+00:00","dateModified":"2026-02-17T05:19:38+00:00","description":"Inscreva-se no canal BetLabel Brasil Telegram e seja o primeiro a receber os b\u00f4nus mais recentes, c\u00f3digos promocionais exclusivos, promo\u00e7\u00f5es atuais e previs\u00f5es para os principais eventos esportivos.","inLanguage":"pt-BR","potentialAction":[{"@type":"ReadAction","target":["https:\/\/label.bet\/br\/telegram\/"]}]},{"@type":"WebSite","@id":"https:\/\/label.bet\/br\/#website","url":"https:\/\/label.bet\/br\/","name":"BetLabel br","description":"","potentialAction":[{"@type":"SearchAction","target":{"@type":"EntryPoint","urlTemplate":"https:\/\/label.bet\/br\/?s={search_term_string}"},"query-input":{"@type":"PropertyValueSpecification","valueRequired":true,"valueName":"search_term_string"}}],"inLanguage":"pt-BR"}]}},"_links":{"self":[{"href":"https:\/\/label.bet\/br\/wp-json\/wp\/v2\/pages\/1914","targetHints":{"allow":["GET"]}}],"collection":[{"href":"https:\/\/label.bet\/br\/wp-json\/wp\/v2\/pages"}],"about":[{"href":"https:\/\/label.bet\/br\/wp-json\/wp\/v2\/types\/page"}],"author":[{"embeddable":true,"href":"https:\/\/label.bet\/br\/wp-json\/wp\/v2\/users\/1"}],"replies":[{"embeddable":true,"href":"https:\/\/label.bet\/br\/wp-json\/wp\/v2\/comments?post=1914"}],"version-history":[{"count":4,"href":"https:\/\/label.bet\/br\/wp-json\/wp\/v2\/pages\/1914\/revisions"}],"predecessor-version":[{"id":1999,"href":"https:\/\/label.bet\/br\/wp-json\/wp\/v2\/pages\/1914\/revisions\/1999"}],"wp:attachment":[{"href":"https:\/\/label.bet\/br\/wp-json\/wp\/v2\/media?parent=1914"}],"curies":[{"name":"wp","href":"https:\/\/api.w.org\/{rel}","templated":true}]}}