{"id":1086,"date":"2025-11-15T16:52:15","date_gmt":"2025-11-15T13:52:15","guid":{"rendered":"https:\/\/label.bet\/bs\/?page_id=1086"},"modified":"2026-03-23T16:33:36","modified_gmt":"2026-03-23T13:33:36","slug":"home","status":"publish","type":"page","link":"https:\/\/label.bet\/bs\/","title":{"rendered":"Dom"},"content":{"rendered":"","protected":false},"excerpt":{"rendered":"","protected":false},"author":1,"featured_media":0,"parent":0,"menu_order":0,"comment_status":"closed","ping_status":"closed","template":"","meta":{"_acf_changed":false,"footnotes":""},"class_list":["post-1086","page","type-page","status-publish","hentry"],"acf":[],"yoast_head":"<!-- This site is optimized with the Yoast SEO plugin v26.5 - https:\/\/yoast.com\/wordpress\/plugins\/seo\/ -->\n<title>Sportsko kla\u0111enje i najbolje kvote \u2014 Bet Label \u2014 April 2026<\/title>\n<meta name=\"description\" content=\"Betlabel Bosna i Hercegovina nudi sportsko kla\u0111enje na glavne lige i globalne doga\u0111aje s konkurentnim kvotama, \u0161irokom pokriveno\u0161\u0107u tr\u017ei\u0161ta, brzim postavljanjem opklada i glatkim iskustvom za aktivne kladioni\u010dare.\" \/>\n<meta name=\"robots\" content=\"index, follow, max-snippet:-1, max-image-preview:large, max-video-preview:-1\" \/>\n<link rel=\"canonical\" href=\"https:\/\/label.bet\/bs\/\" \/>\n<meta property=\"og:locale\" content=\"bs_BA\" \/>\n<meta property=\"og:type\" content=\"article\" \/>\n<meta property=\"og:title\" content=\"Sportsko kla\u0111enje i najbolje kvote \u2014 Bet Label \u2014 April 2026\" \/>\n<meta property=\"og:description\" content=\"Betlabel Bosna i Hercegovina nudi sportsko kla\u0111enje na glavne lige i globalne doga\u0111aje s konkurentnim kvotama, \u0161irokom pokriveno\u0161\u0107u tr\u017ei\u0161ta, brzim postavljanjem opklada i glatkim iskustvom za aktivne kladioni\u010dare.\" \/>\n<meta property=\"og:url\" content=\"https:\/\/label.bet\/bs\/\" \/>\n<meta property=\"og:site_name\" content=\"Betlabel bs\" \/>\n<meta property=\"article:modified_time\" content=\"2026-03-23T13:33:36+00:00\" \/>\n<meta name=\"twitter:card\" content=\"summary_large_image\" \/>\n<script type=\"application\/ld+json\" class=\"yoast-schema-graph\">{\"@context\":\"https:\/\/schema.org\",\"@graph\":[{\"@type\":\"WebPage\",\"@id\":\"https:\/\/label.bet\/bs\/\",\"url\":\"https:\/\/label.bet\/bs\/\",\"name\":\"Sportsko kla\u0111enje i najbolje kvote \u2014 Bet Label \u2014 April 2026\",\"isPartOf\":{\"@id\":\"https:\/\/label.bet\/bs\/#website\"},\"datePublished\":\"2025-11-15T13:52:15+00:00\",\"dateModified\":\"2026-03-23T13:33:36+00:00\",\"description\":\"Betlabel Bosna i Hercegovina nudi sportsko kla\u0111enje na glavne lige i globalne doga\u0111aje s konkurentnim kvotama, \u0161irokom pokriveno\u0161\u0107u tr\u017ei\u0161ta, brzim postavljanjem opklada i glatkim iskustvom za aktivne kladioni\u010dare.\",\"inLanguage\":\"bs-BA\",\"potentialAction\":[{\"@type\":\"ReadAction\",\"target\":[\"https:\/\/label.bet\/bs\/\"]}]},{\"@type\":\"WebSite\",\"@id\":\"https:\/\/label.bet\/bs\/#website\",\"url\":\"https:\/\/label.bet\/bs\/\",\"name\":\"Betlabel bs\",\"description\":\"\",\"potentialAction\":[{\"@type\":\"SearchAction\",\"target\":{\"@type\":\"EntryPoint\",\"urlTemplate\":\"https:\/\/label.bet\/bs\/?s={search_term_string}\"},\"query-input\":{\"@type\":\"PropertyValueSpecification\",\"valueRequired\":true,\"valueName\":\"search_term_string\"}}],\"inLanguage\":\"bs-BA\"}]}<\/script>\n<!-- \/ Yoast SEO plugin. -->","yoast_head_json":{"title":"Sportsko kla\u0111enje i najbolje kvote \u2014 Bet Label \u2014 April 2026","description":"Betlabel Bosna i Hercegovina nudi sportsko kla\u0111enje na glavne lige i globalne doga\u0111aje s konkurentnim kvotama, \u0161irokom pokriveno\u0161\u0107u tr\u017ei\u0161ta, brzim postavljanjem opklada i glatkim iskustvom za aktivne kladioni\u010dare.","robots":{"index":"index","follow":"follow","max-snippet":"max-snippet:-1","max-image-preview":"max-image-preview:large","max-video-preview":"max-video-preview:-1"},"canonical":"https:\/\/label.bet\/bs\/","og_locale":"bs_BA","og_type":"article","og_title":"Sportsko kla\u0111enje i najbolje kvote \u2014 Bet Label \u2014 April 2026","og_description":"Betlabel Bosna i Hercegovina nudi sportsko kla\u0111enje na glavne lige i globalne doga\u0111aje s konkurentnim kvotama, \u0161irokom pokriveno\u0161\u0107u tr\u017ei\u0161ta, brzim postavljanjem opklada i glatkim iskustvom za aktivne kladioni\u010dare.","og_url":"https:\/\/label.bet\/bs\/","og_site_name":"Betlabel bs","article_modified_time":"2026-03-23T13:33:36+00:00","twitter_card":"summary_large_image","schema":{"@context":"https:\/\/schema.org","@graph":[{"@type":"WebPage","@id":"https:\/\/label.bet\/bs\/","url":"https:\/\/label.bet\/bs\/","name":"Sportsko kla\u0111enje i najbolje kvote \u2014 Bet Label \u2014 April 2026","isPartOf":{"@id":"https:\/\/label.bet\/bs\/#website"},"datePublished":"2025-11-15T13:52:15+00:00","dateModified":"2026-03-23T13:33:36+00:00","description":"Betlabel Bosna i Hercegovina nudi sportsko kla\u0111enje na glavne lige i globalne doga\u0111aje s konkurentnim kvotama, \u0161irokom pokriveno\u0161\u0107u tr\u017ei\u0161ta, brzim postavljanjem opklada i glatkim iskustvom za aktivne kladioni\u010dare.","inLanguage":"bs-BA","potentialAction":[{"@type":"ReadAction","target":["https:\/\/label.bet\/bs\/"]}]},{"@type":"WebSite","@id":"https:\/\/label.bet\/bs\/#website","url":"https:\/\/label.bet\/bs\/","name":"Betlabel bs","description":"","potentialAction":[{"@type":"SearchAction","target":{"@type":"EntryPoint","urlTemplate":"https:\/\/label.bet\/bs\/?s={search_term_string}"},"query-input":{"@type":"PropertyValueSpecification","valueRequired":true,"valueName":"search_term_string"}}],"inLanguage":"bs-BA"}]}},"_links":{"self":[{"href":"https:\/\/label.bet\/bs\/wp-json\/wp\/v2\/pages\/1086","targetHints":{"allow":["GET"]}}],"collection":[{"href":"https:\/\/label.bet\/bs\/wp-json\/wp\/v2\/pages"}],"about":[{"href":"https:\/\/label.bet\/bs\/wp-json\/wp\/v2\/types\/page"}],"author":[{"embeddable":true,"href":"https:\/\/label.bet\/bs\/wp-json\/wp\/v2\/users\/1"}],"replies":[{"embeddable":true,"href":"https:\/\/label.bet\/bs\/wp-json\/wp\/v2\/comments?post=1086"}],"version-history":[{"count":5,"href":"https:\/\/label.bet\/bs\/wp-json\/wp\/v2\/pages\/1086\/revisions"}],"predecessor-version":[{"id":2109,"href":"https:\/\/label.bet\/bs\/wp-json\/wp\/v2\/pages\/1086\/revisions\/2109"}],"wp:attachment":[{"href":"https:\/\/label.bet\/bs\/wp-json\/wp\/v2\/media?parent=1086"}],"curies":[{"name":"wp","href":"https:\/\/api.w.org\/{rel}","templated":true}]}}