{"id":1612,"date":"2025-12-29T10:50:54","date_gmt":"2025-12-29T07:50:54","guid":{"rendered":"https:\/\/label.bet\/bs\/?page_id=1612"},"modified":"2026-03-23T13:17:56","modified_gmt":"2026-03-23T10:17:56","slug":"bonus","status":"publish","type":"page","link":"https:\/\/label.bet\/bs\/bonus\/","title":{"rendered":"Bonus"},"content":{"rendered":"","protected":false},"excerpt":{"rendered":"","protected":false},"author":1,"featured_media":0,"parent":0,"menu_order":0,"comment_status":"closed","ping_status":"closed","template":"","meta":{"_acf_changed":false,"footnotes":""},"class_list":["post-1612","page","type-page","status-publish","hentry"],"acf":[],"yoast_head":"<!-- This site is optimized with the Yoast SEO plugin v26.5 - https:\/\/yoast.com\/wordpress\/plugins\/seo\/ -->\n<title>BetLabel bonusi \u1409 Paket dobrodo\u0161lice, promocije, besplatne opklade<\/title>\n<meta name=\"description\" content=\"BetLabel Bosna i Hercegovina bonusi: velikodu\u0161an bonus dobrodo\u0161lice, besplatne opklade, bonusi za kla\u0111enje i kazino, sedmi\u010dne promocije i posebne ponude za nove i redovne igra\u010de.\" \/>\n<meta name=\"robots\" content=\"index, follow, max-snippet:-1, max-image-preview:large, max-video-preview:-1\" \/>\n<link rel=\"canonical\" href=\"https:\/\/label.bet\/bs\/bonus\/\" \/>\n<meta property=\"og:locale\" content=\"bs_BA\" \/>\n<meta property=\"og:type\" content=\"article\" \/>\n<meta property=\"og:title\" content=\"BetLabel bonusi \u1409 Paket dobrodo\u0161lice, promocije, besplatne opklade\" \/>\n<meta property=\"og:description\" content=\"BetLabel Bosna i Hercegovina bonusi: velikodu\u0161an bonus dobrodo\u0161lice, besplatne opklade, bonusi za kla\u0111enje i kazino, sedmi\u010dne promocije i posebne ponude za nove i redovne igra\u010de.\" \/>\n<meta property=\"og:url\" content=\"https:\/\/label.bet\/bs\/bonus\/\" \/>\n<meta property=\"og:site_name\" content=\"Betlabel bs\" \/>\n<meta property=\"article:modified_time\" content=\"2026-03-23T10:17:56+00:00\" \/>\n<meta name=\"twitter:card\" content=\"summary_large_image\" \/>\n<script type=\"application\/ld+json\" class=\"yoast-schema-graph\">{\"@context\":\"https:\/\/schema.org\",\"@graph\":[{\"@type\":\"WebPage\",\"@id\":\"https:\/\/label.bet\/bs\/bonus\/\",\"url\":\"https:\/\/label.bet\/bs\/bonus\/\",\"name\":\"BetLabel bonusi \u1409 Paket dobrodo\u0161lice, promocije, besplatne opklade\",\"isPartOf\":{\"@id\":\"https:\/\/label.bet\/bs\/#website\"},\"datePublished\":\"2025-12-29T07:50:54+00:00\",\"dateModified\":\"2026-03-23T10:17:56+00:00\",\"description\":\"BetLabel Bosna i Hercegovina bonusi: velikodu\u0161an bonus dobrodo\u0161lice, besplatne opklade, bonusi za kla\u0111enje i kazino, sedmi\u010dne promocije i posebne ponude za nove i redovne igra\u010de.\",\"inLanguage\":\"bs-BA\",\"potentialAction\":[{\"@type\":\"ReadAction\",\"target\":[\"https:\/\/label.bet\/bs\/bonus\/\"]}]},{\"@type\":\"WebSite\",\"@id\":\"https:\/\/label.bet\/bs\/#website\",\"url\":\"https:\/\/label.bet\/bs\/\",\"name\":\"Betlabel bs\",\"description\":\"\",\"potentialAction\":[{\"@type\":\"SearchAction\",\"target\":{\"@type\":\"EntryPoint\",\"urlTemplate\":\"https:\/\/label.bet\/bs\/?s={search_term_string}\"},\"query-input\":{\"@type\":\"PropertyValueSpecification\",\"valueRequired\":true,\"valueName\":\"search_term_string\"}}],\"inLanguage\":\"bs-BA\"}]}<\/script>\n<!-- \/ Yoast SEO plugin. -->","yoast_head_json":{"title":"BetLabel bonusi \u1409 Paket dobrodo\u0161lice, promocije, besplatne opklade","description":"BetLabel Bosna i Hercegovina bonusi: velikodu\u0161an bonus dobrodo\u0161lice, besplatne opklade, bonusi za kla\u0111enje i kazino, sedmi\u010dne promocije i posebne ponude za nove i redovne igra\u010de.","robots":{"index":"index","follow":"follow","max-snippet":"max-snippet:-1","max-image-preview":"max-image-preview:large","max-video-preview":"max-video-preview:-1"},"canonical":"https:\/\/label.bet\/bs\/bonus\/","og_locale":"bs_BA","og_type":"article","og_title":"BetLabel bonusi \u1409 Paket dobrodo\u0161lice, promocije, besplatne opklade","og_description":"BetLabel Bosna i Hercegovina bonusi: velikodu\u0161an bonus dobrodo\u0161lice, besplatne opklade, bonusi za kla\u0111enje i kazino, sedmi\u010dne promocije i posebne ponude za nove i redovne igra\u010de.","og_url":"https:\/\/label.bet\/bs\/bonus\/","og_site_name":"Betlabel bs","article_modified_time":"2026-03-23T10:17:56+00:00","twitter_card":"summary_large_image","schema":{"@context":"https:\/\/schema.org","@graph":[{"@type":"WebPage","@id":"https:\/\/label.bet\/bs\/bonus\/","url":"https:\/\/label.bet\/bs\/bonus\/","name":"BetLabel bonusi \u1409 Paket dobrodo\u0161lice, promocije, besplatne opklade","isPartOf":{"@id":"https:\/\/label.bet\/bs\/#website"},"datePublished":"2025-12-29T07:50:54+00:00","dateModified":"2026-03-23T10:17:56+00:00","description":"BetLabel Bosna i Hercegovina bonusi: velikodu\u0161an bonus dobrodo\u0161lice, besplatne opklade, bonusi za kla\u0111enje i kazino, sedmi\u010dne promocije i posebne ponude za nove i redovne igra\u010de.","inLanguage":"bs-BA","potentialAction":[{"@type":"ReadAction","target":["https:\/\/label.bet\/bs\/bonus\/"]}]},{"@type":"WebSite","@id":"https:\/\/label.bet\/bs\/#website","url":"https:\/\/label.bet\/bs\/","name":"Betlabel bs","description":"","potentialAction":[{"@type":"SearchAction","target":{"@type":"EntryPoint","urlTemplate":"https:\/\/label.bet\/bs\/?s={search_term_string}"},"query-input":{"@type":"PropertyValueSpecification","valueRequired":true,"valueName":"search_term_string"}}],"inLanguage":"bs-BA"}]}},"_links":{"self":[{"href":"https:\/\/label.bet\/bs\/wp-json\/wp\/v2\/pages\/1612","targetHints":{"allow":["GET"]}}],"collection":[{"href":"https:\/\/label.bet\/bs\/wp-json\/wp\/v2\/pages"}],"about":[{"href":"https:\/\/label.bet\/bs\/wp-json\/wp\/v2\/types\/page"}],"author":[{"embeddable":true,"href":"https:\/\/label.bet\/bs\/wp-json\/wp\/v2\/users\/1"}],"replies":[{"embeddable":true,"href":"https:\/\/label.bet\/bs\/wp-json\/wp\/v2\/comments?post=1612"}],"version-history":[{"count":5,"href":"https:\/\/label.bet\/bs\/wp-json\/wp\/v2\/pages\/1612\/revisions"}],"predecessor-version":[{"id":2093,"href":"https:\/\/label.bet\/bs\/wp-json\/wp\/v2\/pages\/1612\/revisions\/2093"}],"wp:attachment":[{"href":"https:\/\/label.bet\/bs\/wp-json\/wp\/v2\/media?parent=1612"}],"curies":[{"name":"wp","href":"https:\/\/api.w.org\/{rel}","templated":true}]}}