{"id":1646,"date":"2025-12-30T10:08:42","date_gmt":"2025-12-30T07:08:42","guid":{"rendered":"https:\/\/label.bet\/bs\/?page_id=1646"},"modified":"2026-03-23T18:40:51","modified_gmt":"2026-03-23T15:40:51","slug":"login","status":"publish","type":"page","link":"https:\/\/label.bet\/bs\/login\/","title":{"rendered":"Prijava"},"content":{"rendered":"","protected":false},"excerpt":{"rendered":"","protected":false},"author":1,"featured_media":0,"parent":0,"menu_order":0,"comment_status":"closed","ping_status":"closed","template":"","meta":{"_acf_changed":false,"footnotes":""},"class_list":["post-1646","page","type-page","status-publish","hentry"],"acf":[],"yoast_head":"<!-- This site is optimized with the Yoast SEO plugin v26.5 - https:\/\/yoast.com\/wordpress\/plugins\/seo\/ -->\n<title>Prijava na BetLabel \u1409 Upute i savjeti za prijavu na ra\u010dun<\/title>\n<meta name=\"description\" content=\"Kako se brzo i sigurno prijaviti na svoj BetLabel Bosna i Hercegovina ra\u010dun. Detaljan vodi\u010d za prijavu, metode autorizacije i rje\u0161enja za uobi\u010dajene probleme na BetLabelu.\" \/>\n<meta name=\"robots\" content=\"index, follow, max-snippet:-1, max-image-preview:large, max-video-preview:-1\" \/>\n<link rel=\"canonical\" href=\"https:\/\/label.bet\/bs\/login\/\" \/>\n<meta property=\"og:locale\" content=\"bs_BA\" \/>\n<meta property=\"og:type\" content=\"article\" \/>\n<meta property=\"og:title\" content=\"Prijava na BetLabel \u1409 Upute i savjeti za prijavu na ra\u010dun\" \/>\n<meta property=\"og:description\" content=\"Kako se brzo i sigurno prijaviti na svoj BetLabel Bosna i Hercegovina ra\u010dun. Detaljan vodi\u010d za prijavu, metode autorizacije i rje\u0161enja za uobi\u010dajene probleme na BetLabelu.\" \/>\n<meta property=\"og:url\" content=\"https:\/\/label.bet\/bs\/login\/\" \/>\n<meta property=\"og:site_name\" content=\"Betlabel bs\" \/>\n<meta property=\"article:modified_time\" content=\"2026-03-23T15:40:51+00:00\" \/>\n<meta name=\"twitter:card\" content=\"summary_large_image\" \/>\n<script type=\"application\/ld+json\" class=\"yoast-schema-graph\">{\"@context\":\"https:\/\/schema.org\",\"@graph\":[{\"@type\":\"WebPage\",\"@id\":\"https:\/\/label.bet\/bs\/login\/\",\"url\":\"https:\/\/label.bet\/bs\/login\/\",\"name\":\"Prijava na BetLabel \u1409 Upute i savjeti za prijavu na ra\u010dun\",\"isPartOf\":{\"@id\":\"https:\/\/label.bet\/bs\/#website\"},\"datePublished\":\"2025-12-30T07:08:42+00:00\",\"dateModified\":\"2026-03-23T15:40:51+00:00\",\"description\":\"Kako se brzo i sigurno prijaviti na svoj BetLabel Bosna i Hercegovina ra\u010dun. Detaljan vodi\u010d za prijavu, metode autorizacije i rje\u0161enja za uobi\u010dajene probleme na BetLabelu.\",\"inLanguage\":\"bs-BA\",\"potentialAction\":[{\"@type\":\"ReadAction\",\"target\":[\"https:\/\/label.bet\/bs\/login\/\"]}]},{\"@type\":\"WebSite\",\"@id\":\"https:\/\/label.bet\/bs\/#website\",\"url\":\"https:\/\/label.bet\/bs\/\",\"name\":\"Betlabel bs\",\"description\":\"\",\"potentialAction\":[{\"@type\":\"SearchAction\",\"target\":{\"@type\":\"EntryPoint\",\"urlTemplate\":\"https:\/\/label.bet\/bs\/?s={search_term_string}\"},\"query-input\":{\"@type\":\"PropertyValueSpecification\",\"valueRequired\":true,\"valueName\":\"search_term_string\"}}],\"inLanguage\":\"bs-BA\"}]}<\/script>\n<!-- \/ Yoast SEO plugin. -->","yoast_head_json":{"title":"Prijava na BetLabel \u1409 Upute i savjeti za prijavu na ra\u010dun","description":"Kako se brzo i sigurno prijaviti na svoj BetLabel Bosna i Hercegovina ra\u010dun. Detaljan vodi\u010d za prijavu, metode autorizacije i rje\u0161enja za uobi\u010dajene probleme na BetLabelu.","robots":{"index":"index","follow":"follow","max-snippet":"max-snippet:-1","max-image-preview":"max-image-preview:large","max-video-preview":"max-video-preview:-1"},"canonical":"https:\/\/label.bet\/bs\/login\/","og_locale":"bs_BA","og_type":"article","og_title":"Prijava na BetLabel \u1409 Upute i savjeti za prijavu na ra\u010dun","og_description":"Kako se brzo i sigurno prijaviti na svoj BetLabel Bosna i Hercegovina ra\u010dun. Detaljan vodi\u010d za prijavu, metode autorizacije i rje\u0161enja za uobi\u010dajene probleme na BetLabelu.","og_url":"https:\/\/label.bet\/bs\/login\/","og_site_name":"Betlabel bs","article_modified_time":"2026-03-23T15:40:51+00:00","twitter_card":"summary_large_image","schema":{"@context":"https:\/\/schema.org","@graph":[{"@type":"WebPage","@id":"https:\/\/label.bet\/bs\/login\/","url":"https:\/\/label.bet\/bs\/login\/","name":"Prijava na BetLabel \u1409 Upute i savjeti za prijavu na ra\u010dun","isPartOf":{"@id":"https:\/\/label.bet\/bs\/#website"},"datePublished":"2025-12-30T07:08:42+00:00","dateModified":"2026-03-23T15:40:51+00:00","description":"Kako se brzo i sigurno prijaviti na svoj BetLabel Bosna i Hercegovina ra\u010dun. Detaljan vodi\u010d za prijavu, metode autorizacije i rje\u0161enja za uobi\u010dajene probleme na BetLabelu.","inLanguage":"bs-BA","potentialAction":[{"@type":"ReadAction","target":["https:\/\/label.bet\/bs\/login\/"]}]},{"@type":"WebSite","@id":"https:\/\/label.bet\/bs\/#website","url":"https:\/\/label.bet\/bs\/","name":"Betlabel bs","description":"","potentialAction":[{"@type":"SearchAction","target":{"@type":"EntryPoint","urlTemplate":"https:\/\/label.bet\/bs\/?s={search_term_string}"},"query-input":{"@type":"PropertyValueSpecification","valueRequired":true,"valueName":"search_term_string"}}],"inLanguage":"bs-BA"}]}},"_links":{"self":[{"href":"https:\/\/label.bet\/bs\/wp-json\/wp\/v2\/pages\/1646","targetHints":{"allow":["GET"]}}],"collection":[{"href":"https:\/\/label.bet\/bs\/wp-json\/wp\/v2\/pages"}],"about":[{"href":"https:\/\/label.bet\/bs\/wp-json\/wp\/v2\/types\/page"}],"author":[{"embeddable":true,"href":"https:\/\/label.bet\/bs\/wp-json\/wp\/v2\/users\/1"}],"replies":[{"embeddable":true,"href":"https:\/\/label.bet\/bs\/wp-json\/wp\/v2\/comments?post=1646"}],"version-history":[{"count":5,"href":"https:\/\/label.bet\/bs\/wp-json\/wp\/v2\/pages\/1646\/revisions"}],"predecessor-version":[{"id":2139,"href":"https:\/\/label.bet\/bs\/wp-json\/wp\/v2\/pages\/1646\/revisions\/2139"}],"wp:attachment":[{"href":"https:\/\/label.bet\/bs\/wp-json\/wp\/v2\/media?parent=1646"}],"curies":[{"name":"wp","href":"https:\/\/api.w.org\/{rel}","templated":true}]}}