{"id":1662,"date":"2025-12-31T11:18:43","date_gmt":"2025-12-31T08:18:43","guid":{"rendered":"https:\/\/label.bet\/bs\/?page_id=1662"},"modified":"2026-03-23T17:06:43","modified_gmt":"2026-03-23T14:06:43","slug":"registration","status":"publish","type":"page","link":"https:\/\/label.bet\/bs\/registration\/","title":{"rendered":"Registracija"},"content":{"rendered":"","protected":false},"excerpt":{"rendered":"","protected":false},"author":1,"featured_media":0,"parent":0,"menu_order":0,"comment_status":"closed","ping_status":"closed","template":"","meta":{"_acf_changed":false,"footnotes":""},"class_list":["post-1662","page","type-page","status-publish","hentry"],"acf":[],"yoast_head":"<!-- This site is optimized with the Yoast SEO plugin v26.5 - https:\/\/yoast.com\/wordpress\/plugins\/seo\/ -->\n<title>Registracija na BetLabelu \u1409 Brz i jednostavan na\u010din za kreiranje ra\u010duna<\/title>\n<meta name=\"description\" content=\"Kako se registrovati na BetLabel Bosna i Hercegovina: detaljni vodi\u010d za kreiranje ra\u010duna, odabir na\u010dina registracije i primanje bonusa dobrodo\u0161lice za kla\u0111enje i kazino igre.\" \/>\n<meta name=\"robots\" content=\"index, follow, max-snippet:-1, max-image-preview:large, max-video-preview:-1\" \/>\n<link rel=\"canonical\" href=\"https:\/\/label.bet\/bs\/registration\/\" \/>\n<meta property=\"og:locale\" content=\"bs_BA\" \/>\n<meta property=\"og:type\" content=\"article\" \/>\n<meta property=\"og:title\" content=\"Registracija na BetLabelu \u1409 Brz i jednostavan na\u010din za kreiranje ra\u010duna\" \/>\n<meta property=\"og:description\" content=\"Kako se registrovati na BetLabel Bosna i Hercegovina: detaljni vodi\u010d za kreiranje ra\u010duna, odabir na\u010dina registracije i primanje bonusa dobrodo\u0161lice za kla\u0111enje i kazino igre.\" \/>\n<meta property=\"og:url\" content=\"https:\/\/label.bet\/bs\/registration\/\" \/>\n<meta property=\"og:site_name\" content=\"Betlabel bs\" \/>\n<meta property=\"article:modified_time\" content=\"2026-03-23T14:06:43+00:00\" \/>\n<meta name=\"twitter:card\" content=\"summary_large_image\" \/>\n<script type=\"application\/ld+json\" class=\"yoast-schema-graph\">{\"@context\":\"https:\/\/schema.org\",\"@graph\":[{\"@type\":\"WebPage\",\"@id\":\"https:\/\/label.bet\/bs\/registration\/\",\"url\":\"https:\/\/label.bet\/bs\/registration\/\",\"name\":\"Registracija na BetLabelu \u1409 Brz i jednostavan na\u010din za kreiranje ra\u010duna\",\"isPartOf\":{\"@id\":\"https:\/\/label.bet\/bs\/#website\"},\"datePublished\":\"2025-12-31T08:18:43+00:00\",\"dateModified\":\"2026-03-23T14:06:43+00:00\",\"description\":\"Kako se registrovati na BetLabel Bosna i Hercegovina: detaljni vodi\u010d za kreiranje ra\u010duna, odabir na\u010dina registracije i primanje bonusa dobrodo\u0161lice za kla\u0111enje i kazino igre.\",\"inLanguage\":\"bs-BA\",\"potentialAction\":[{\"@type\":\"ReadAction\",\"target\":[\"https:\/\/label.bet\/bs\/registration\/\"]}]},{\"@type\":\"WebSite\",\"@id\":\"https:\/\/label.bet\/bs\/#website\",\"url\":\"https:\/\/label.bet\/bs\/\",\"name\":\"Betlabel bs\",\"description\":\"\",\"potentialAction\":[{\"@type\":\"SearchAction\",\"target\":{\"@type\":\"EntryPoint\",\"urlTemplate\":\"https:\/\/label.bet\/bs\/?s={search_term_string}\"},\"query-input\":{\"@type\":\"PropertyValueSpecification\",\"valueRequired\":true,\"valueName\":\"search_term_string\"}}],\"inLanguage\":\"bs-BA\"}]}<\/script>\n<!-- \/ Yoast SEO plugin. -->","yoast_head_json":{"title":"Registracija na BetLabelu \u1409 Brz i jednostavan na\u010din za kreiranje ra\u010duna","description":"Kako se registrovati na BetLabel Bosna i Hercegovina: detaljni vodi\u010d za kreiranje ra\u010duna, odabir na\u010dina registracije i primanje bonusa dobrodo\u0161lice za kla\u0111enje i kazino igre.","robots":{"index":"index","follow":"follow","max-snippet":"max-snippet:-1","max-image-preview":"max-image-preview:large","max-video-preview":"max-video-preview:-1"},"canonical":"https:\/\/label.bet\/bs\/registration\/","og_locale":"bs_BA","og_type":"article","og_title":"Registracija na BetLabelu \u1409 Brz i jednostavan na\u010din za kreiranje ra\u010duna","og_description":"Kako se registrovati na BetLabel Bosna i Hercegovina: detaljni vodi\u010d za kreiranje ra\u010duna, odabir na\u010dina registracije i primanje bonusa dobrodo\u0161lice za kla\u0111enje i kazino igre.","og_url":"https:\/\/label.bet\/bs\/registration\/","og_site_name":"Betlabel bs","article_modified_time":"2026-03-23T14:06:43+00:00","twitter_card":"summary_large_image","schema":{"@context":"https:\/\/schema.org","@graph":[{"@type":"WebPage","@id":"https:\/\/label.bet\/bs\/registration\/","url":"https:\/\/label.bet\/bs\/registration\/","name":"Registracija na BetLabelu \u1409 Brz i jednostavan na\u010din za kreiranje ra\u010duna","isPartOf":{"@id":"https:\/\/label.bet\/bs\/#website"},"datePublished":"2025-12-31T08:18:43+00:00","dateModified":"2026-03-23T14:06:43+00:00","description":"Kako se registrovati na BetLabel Bosna i Hercegovina: detaljni vodi\u010d za kreiranje ra\u010duna, odabir na\u010dina registracije i primanje bonusa dobrodo\u0161lice za kla\u0111enje i kazino igre.","inLanguage":"bs-BA","potentialAction":[{"@type":"ReadAction","target":["https:\/\/label.bet\/bs\/registration\/"]}]},{"@type":"WebSite","@id":"https:\/\/label.bet\/bs\/#website","url":"https:\/\/label.bet\/bs\/","name":"Betlabel bs","description":"","potentialAction":[{"@type":"SearchAction","target":{"@type":"EntryPoint","urlTemplate":"https:\/\/label.bet\/bs\/?s={search_term_string}"},"query-input":{"@type":"PropertyValueSpecification","valueRequired":true,"valueName":"search_term_string"}}],"inLanguage":"bs-BA"}]}},"_links":{"self":[{"href":"https:\/\/label.bet\/bs\/wp-json\/wp\/v2\/pages\/1662","targetHints":{"allow":["GET"]}}],"collection":[{"href":"https:\/\/label.bet\/bs\/wp-json\/wp\/v2\/pages"}],"about":[{"href":"https:\/\/label.bet\/bs\/wp-json\/wp\/v2\/types\/page"}],"author":[{"embeddable":true,"href":"https:\/\/label.bet\/bs\/wp-json\/wp\/v2\/users\/1"}],"replies":[{"embeddable":true,"href":"https:\/\/label.bet\/bs\/wp-json\/wp\/v2\/comments?post=1662"}],"version-history":[{"count":5,"href":"https:\/\/label.bet\/bs\/wp-json\/wp\/v2\/pages\/1662\/revisions"}],"predecessor-version":[{"id":2118,"href":"https:\/\/label.bet\/bs\/wp-json\/wp\/v2\/pages\/1662\/revisions\/2118"}],"wp:attachment":[{"href":"https:\/\/label.bet\/bs\/wp-json\/wp\/v2\/media?parent=1662"}],"curies":[{"name":"wp","href":"https:\/\/api.w.org\/{rel}","templated":true}]}}