{"id":1679,"date":"2026-01-02T15:08:59","date_gmt":"2026-01-02T12:08:59","guid":{"rendered":"https:\/\/label.bet\/bs\/?page_id=1679"},"modified":"2026-03-23T12:33:32","modified_gmt":"2026-03-23T09:33:32","slug":"partners","status":"publish","type":"page","link":"https:\/\/label.bet\/bs\/partners\/","title":{"rendered":"Partner"},"content":{"rendered":"","protected":false},"excerpt":{"rendered":"","protected":false},"author":1,"featured_media":0,"parent":0,"menu_order":0,"comment_status":"closed","ping_status":"closed","template":"","meta":{"_acf_changed":false,"footnotes":""},"class_list":["post-1679","page","type-page","status-publish","hentry"],"acf":[],"yoast_head":"<!-- This site is optimized with the Yoast SEO plugin v26.5 - https:\/\/yoast.com\/wordpress\/plugins\/seo\/ -->\n<title>BetLabel Partners - Partnerski program | CPA i RevShare<\/title>\n<meta name=\"description\" content=\"Partnerski program BetLabel Bosna i Hercegovina Partners \u2014 RevShare do 50% do\u017eivotno, CPA do 400 KM i hibridni modeli. Sedmi\u010dne isplate od 100 KM, bilo koji promet, li\u010dni menad\u017eer i bez negativnog prenosa. Registrujte se ODMAH!\" \/>\n<meta name=\"robots\" content=\"index, follow, max-snippet:-1, max-image-preview:large, max-video-preview:-1\" \/>\n<link rel=\"canonical\" href=\"https:\/\/label.bet\/bs\/partners\/\" \/>\n<meta property=\"og:locale\" content=\"bs_BA\" \/>\n<meta property=\"og:type\" content=\"article\" \/>\n<meta property=\"og:title\" content=\"BetLabel Partners - Partnerski program | CPA i RevShare\" \/>\n<meta property=\"og:description\" content=\"Partnerski program BetLabel Bosna i Hercegovina Partners \u2014 RevShare do 50% do\u017eivotno, CPA do 400 KM i hibridni modeli. Sedmi\u010dne isplate od 100 KM, bilo koji promet, li\u010dni menad\u017eer i bez negativnog prenosa. Registrujte se ODMAH!\" \/>\n<meta property=\"og:url\" content=\"https:\/\/label.bet\/bs\/partners\/\" \/>\n<meta property=\"og:site_name\" content=\"Betlabel bs\" \/>\n<meta property=\"article:modified_time\" content=\"2026-03-23T09:33:32+00:00\" \/>\n<meta name=\"twitter:card\" content=\"summary_large_image\" \/>\n<script type=\"application\/ld+json\" class=\"yoast-schema-graph\">{\"@context\":\"https:\/\/schema.org\",\"@graph\":[{\"@type\":\"WebPage\",\"@id\":\"https:\/\/label.bet\/bs\/partners\/\",\"url\":\"https:\/\/label.bet\/bs\/partners\/\",\"name\":\"BetLabel Partners - Partnerski program | CPA i RevShare\",\"isPartOf\":{\"@id\":\"https:\/\/label.bet\/bs\/#website\"},\"datePublished\":\"2026-01-02T12:08:59+00:00\",\"dateModified\":\"2026-03-23T09:33:32+00:00\",\"description\":\"Partnerski program BetLabel Bosna i Hercegovina Partners \u2014 RevShare do 50% do\u017eivotno, CPA do 400 KM i hibridni modeli. Sedmi\u010dne isplate od 100 KM, bilo koji promet, li\u010dni menad\u017eer i bez negativnog prenosa. Registrujte se ODMAH!\",\"inLanguage\":\"bs-BA\",\"potentialAction\":[{\"@type\":\"ReadAction\",\"target\":[\"https:\/\/label.bet\/bs\/partners\/\"]}]},{\"@type\":\"WebSite\",\"@id\":\"https:\/\/label.bet\/bs\/#website\",\"url\":\"https:\/\/label.bet\/bs\/\",\"name\":\"Betlabel bs\",\"description\":\"\",\"potentialAction\":[{\"@type\":\"SearchAction\",\"target\":{\"@type\":\"EntryPoint\",\"urlTemplate\":\"https:\/\/label.bet\/bs\/?s={search_term_string}\"},\"query-input\":{\"@type\":\"PropertyValueSpecification\",\"valueRequired\":true,\"valueName\":\"search_term_string\"}}],\"inLanguage\":\"bs-BA\"}]}<\/script>\n<!-- \/ Yoast SEO plugin. -->","yoast_head_json":{"title":"BetLabel Partners - Partnerski program | CPA i RevShare","description":"Partnerski program BetLabel Bosna i Hercegovina Partners \u2014 RevShare do 50% do\u017eivotno, CPA do 400 KM i hibridni modeli. Sedmi\u010dne isplate od 100 KM, bilo koji promet, li\u010dni menad\u017eer i bez negativnog prenosa. Registrujte se ODMAH!","robots":{"index":"index","follow":"follow","max-snippet":"max-snippet:-1","max-image-preview":"max-image-preview:large","max-video-preview":"max-video-preview:-1"},"canonical":"https:\/\/label.bet\/bs\/partners\/","og_locale":"bs_BA","og_type":"article","og_title":"BetLabel Partners - Partnerski program | CPA i RevShare","og_description":"Partnerski program BetLabel Bosna i Hercegovina Partners \u2014 RevShare do 50% do\u017eivotno, CPA do 400 KM i hibridni modeli. Sedmi\u010dne isplate od 100 KM, bilo koji promet, li\u010dni menad\u017eer i bez negativnog prenosa. Registrujte se ODMAH!","og_url":"https:\/\/label.bet\/bs\/partners\/","og_site_name":"Betlabel bs","article_modified_time":"2026-03-23T09:33:32+00:00","twitter_card":"summary_large_image","schema":{"@context":"https:\/\/schema.org","@graph":[{"@type":"WebPage","@id":"https:\/\/label.bet\/bs\/partners\/","url":"https:\/\/label.bet\/bs\/partners\/","name":"BetLabel Partners - Partnerski program | CPA i RevShare","isPartOf":{"@id":"https:\/\/label.bet\/bs\/#website"},"datePublished":"2026-01-02T12:08:59+00:00","dateModified":"2026-03-23T09:33:32+00:00","description":"Partnerski program BetLabel Bosna i Hercegovina Partners \u2014 RevShare do 50% do\u017eivotno, CPA do 400 KM i hibridni modeli. Sedmi\u010dne isplate od 100 KM, bilo koji promet, li\u010dni menad\u017eer i bez negativnog prenosa. Registrujte se ODMAH!","inLanguage":"bs-BA","potentialAction":[{"@type":"ReadAction","target":["https:\/\/label.bet\/bs\/partners\/"]}]},{"@type":"WebSite","@id":"https:\/\/label.bet\/bs\/#website","url":"https:\/\/label.bet\/bs\/","name":"Betlabel bs","description":"","potentialAction":[{"@type":"SearchAction","target":{"@type":"EntryPoint","urlTemplate":"https:\/\/label.bet\/bs\/?s={search_term_string}"},"query-input":{"@type":"PropertyValueSpecification","valueRequired":true,"valueName":"search_term_string"}}],"inLanguage":"bs-BA"}]}},"_links":{"self":[{"href":"https:\/\/label.bet\/bs\/wp-json\/wp\/v2\/pages\/1679","targetHints":{"allow":["GET"]}}],"collection":[{"href":"https:\/\/label.bet\/bs\/wp-json\/wp\/v2\/pages"}],"about":[{"href":"https:\/\/label.bet\/bs\/wp-json\/wp\/v2\/types\/page"}],"author":[{"embeddable":true,"href":"https:\/\/label.bet\/bs\/wp-json\/wp\/v2\/users\/1"}],"replies":[{"embeddable":true,"href":"https:\/\/label.bet\/bs\/wp-json\/wp\/v2\/comments?post=1679"}],"version-history":[{"count":5,"href":"https:\/\/label.bet\/bs\/wp-json\/wp\/v2\/pages\/1679\/revisions"}],"predecessor-version":[{"id":2086,"href":"https:\/\/label.bet\/bs\/wp-json\/wp\/v2\/pages\/1679\/revisions\/2086"}],"wp:attachment":[{"href":"https:\/\/label.bet\/bs\/wp-json\/wp\/v2\/media?parent=1679"}],"curies":[{"name":"wp","href":"https:\/\/api.w.org\/{rel}","templated":true}]}}