{"id":1736,"date":"2026-01-22T15:56:50","date_gmt":"2026-01-22T12:56:50","guid":{"rendered":"https:\/\/label.bet\/bs\/?page_id=1736"},"modified":"2026-03-23T18:25:32","modified_gmt":"2026-03-23T15:25:32","slug":"ufc","status":"publish","type":"page","link":"https:\/\/label.bet\/bs\/ufc\/","title":{"rendered":"UFC"},"content":{"rendered":"","protected":false},"excerpt":{"rendered":"","protected":false},"author":1,"featured_media":0,"parent":0,"menu_order":0,"comment_status":"closed","ping_status":"closed","template":"","meta":{"_acf_changed":false,"footnotes":""},"class_list":["post-1736","page","type-page","status-publish","hentry"],"acf":[],"yoast_head":"<!-- This site is optimized with the Yoast SEO plugin v26.5 - https:\/\/yoast.com\/wordpress\/plugins\/seo\/ -->\n<title>BetLabel UFC i MMA kla\u0111enje \ud83e\udd4a Visoke kvote, borbe u\u017eivo<\/title>\n<meta name=\"description\" content=\"BetLabel Bosna i Hercegovina kla\u0111enje na UFC i MMA \ud83e\udd4a. Bonusi za nove igra\u010de, borbe u\u017eivo, kvote i pouzdane isplate. Pridru\u017eite nam se i po\u010dnite pobje\u0111ivati \u200b\u200bve\u0107 danas!\" \/>\n<meta name=\"robots\" content=\"index, follow, max-snippet:-1, max-image-preview:large, max-video-preview:-1\" \/>\n<link rel=\"canonical\" href=\"https:\/\/label.bet\/bs\/ufc\/\" \/>\n<meta property=\"og:locale\" content=\"bs_BA\" \/>\n<meta property=\"og:type\" content=\"article\" \/>\n<meta property=\"og:title\" content=\"BetLabel UFC i MMA kla\u0111enje \ud83e\udd4a Visoke kvote, borbe u\u017eivo\" \/>\n<meta property=\"og:description\" content=\"BetLabel Bosna i Hercegovina kla\u0111enje na UFC i MMA \ud83e\udd4a. Bonusi za nove igra\u010de, borbe u\u017eivo, kvote i pouzdane isplate. Pridru\u017eite nam se i po\u010dnite pobje\u0111ivati \u200b\u200bve\u0107 danas!\" \/>\n<meta property=\"og:url\" content=\"https:\/\/label.bet\/bs\/ufc\/\" \/>\n<meta property=\"og:site_name\" content=\"Betlabel bs\" \/>\n<meta property=\"article:modified_time\" content=\"2026-03-23T15:25:32+00:00\" \/>\n<meta name=\"twitter:card\" content=\"summary_large_image\" \/>\n<script type=\"application\/ld+json\" class=\"yoast-schema-graph\">{\"@context\":\"https:\/\/schema.org\",\"@graph\":[{\"@type\":\"WebPage\",\"@id\":\"https:\/\/label.bet\/bs\/ufc\/\",\"url\":\"https:\/\/label.bet\/bs\/ufc\/\",\"name\":\"BetLabel UFC i MMA kla\u0111enje \ud83e\udd4a Visoke kvote, borbe u\u017eivo\",\"isPartOf\":{\"@id\":\"https:\/\/label.bet\/bs\/#website\"},\"datePublished\":\"2026-01-22T12:56:50+00:00\",\"dateModified\":\"2026-03-23T15:25:32+00:00\",\"description\":\"BetLabel Bosna i Hercegovina kla\u0111enje na UFC i MMA \ud83e\udd4a. Bonusi za nove igra\u010de, borbe u\u017eivo, kvote i pouzdane isplate. Pridru\u017eite nam se i po\u010dnite pobje\u0111ivati \u200b\u200bve\u0107 danas!\",\"inLanguage\":\"bs-BA\",\"potentialAction\":[{\"@type\":\"ReadAction\",\"target\":[\"https:\/\/label.bet\/bs\/ufc\/\"]}]},{\"@type\":\"WebSite\",\"@id\":\"https:\/\/label.bet\/bs\/#website\",\"url\":\"https:\/\/label.bet\/bs\/\",\"name\":\"Betlabel bs\",\"description\":\"\",\"potentialAction\":[{\"@type\":\"SearchAction\",\"target\":{\"@type\":\"EntryPoint\",\"urlTemplate\":\"https:\/\/label.bet\/bs\/?s={search_term_string}\"},\"query-input\":{\"@type\":\"PropertyValueSpecification\",\"valueRequired\":true,\"valueName\":\"search_term_string\"}}],\"inLanguage\":\"bs-BA\"}]}<\/script>\n<!-- \/ Yoast SEO plugin. -->","yoast_head_json":{"title":"BetLabel UFC i MMA kla\u0111enje \ud83e\udd4a Visoke kvote, borbe u\u017eivo","description":"BetLabel Bosna i Hercegovina kla\u0111enje na UFC i MMA \ud83e\udd4a. Bonusi za nove igra\u010de, borbe u\u017eivo, kvote i pouzdane isplate. Pridru\u017eite nam se i po\u010dnite pobje\u0111ivati \u200b\u200bve\u0107 danas!","robots":{"index":"index","follow":"follow","max-snippet":"max-snippet:-1","max-image-preview":"max-image-preview:large","max-video-preview":"max-video-preview:-1"},"canonical":"https:\/\/label.bet\/bs\/ufc\/","og_locale":"bs_BA","og_type":"article","og_title":"BetLabel UFC i MMA kla\u0111enje \ud83e\udd4a Visoke kvote, borbe u\u017eivo","og_description":"BetLabel Bosna i Hercegovina kla\u0111enje na UFC i MMA \ud83e\udd4a. Bonusi za nove igra\u010de, borbe u\u017eivo, kvote i pouzdane isplate. Pridru\u017eite nam se i po\u010dnite pobje\u0111ivati \u200b\u200bve\u0107 danas!","og_url":"https:\/\/label.bet\/bs\/ufc\/","og_site_name":"Betlabel bs","article_modified_time":"2026-03-23T15:25:32+00:00","twitter_card":"summary_large_image","schema":{"@context":"https:\/\/schema.org","@graph":[{"@type":"WebPage","@id":"https:\/\/label.bet\/bs\/ufc\/","url":"https:\/\/label.bet\/bs\/ufc\/","name":"BetLabel UFC i MMA kla\u0111enje \ud83e\udd4a Visoke kvote, borbe u\u017eivo","isPartOf":{"@id":"https:\/\/label.bet\/bs\/#website"},"datePublished":"2026-01-22T12:56:50+00:00","dateModified":"2026-03-23T15:25:32+00:00","description":"BetLabel Bosna i Hercegovina kla\u0111enje na UFC i MMA \ud83e\udd4a. Bonusi za nove igra\u010de, borbe u\u017eivo, kvote i pouzdane isplate. Pridru\u017eite nam se i po\u010dnite pobje\u0111ivati \u200b\u200bve\u0107 danas!","inLanguage":"bs-BA","potentialAction":[{"@type":"ReadAction","target":["https:\/\/label.bet\/bs\/ufc\/"]}]},{"@type":"WebSite","@id":"https:\/\/label.bet\/bs\/#website","url":"https:\/\/label.bet\/bs\/","name":"Betlabel bs","description":"","potentialAction":[{"@type":"SearchAction","target":{"@type":"EntryPoint","urlTemplate":"https:\/\/label.bet\/bs\/?s={search_term_string}"},"query-input":{"@type":"PropertyValueSpecification","valueRequired":true,"valueName":"search_term_string"}}],"inLanguage":"bs-BA"}]}},"_links":{"self":[{"href":"https:\/\/label.bet\/bs\/wp-json\/wp\/v2\/pages\/1736","targetHints":{"allow":["GET"]}}],"collection":[{"href":"https:\/\/label.bet\/bs\/wp-json\/wp\/v2\/pages"}],"about":[{"href":"https:\/\/label.bet\/bs\/wp-json\/wp\/v2\/types\/page"}],"author":[{"embeddable":true,"href":"https:\/\/label.bet\/bs\/wp-json\/wp\/v2\/users\/1"}],"replies":[{"embeddable":true,"href":"https:\/\/label.bet\/bs\/wp-json\/wp\/v2\/comments?post=1736"}],"version-history":[{"count":5,"href":"https:\/\/label.bet\/bs\/wp-json\/wp\/v2\/pages\/1736\/revisions"}],"predecessor-version":[{"id":2129,"href":"https:\/\/label.bet\/bs\/wp-json\/wp\/v2\/pages\/1736\/revisions\/2129"}],"wp:attachment":[{"href":"https:\/\/label.bet\/bs\/wp-json\/wp\/v2\/media?parent=1736"}],"curies":[{"name":"wp","href":"https:\/\/api.w.org\/{rel}","templated":true}]}}