{"id":1743,"date":"2026-01-22T17:36:57","date_gmt":"2026-01-22T14:36:57","guid":{"rendered":"https:\/\/label.bet\/bs\/?page_id=1743"},"modified":"2026-03-23T18:29:08","modified_gmt":"2026-03-23T15:29:08","slug":"volleyball","status":"publish","type":"page","link":"https:\/\/label.bet\/bs\/volleyball\/","title":{"rendered":"Odbojka"},"content":{"rendered":"","protected":false},"excerpt":{"rendered":"","protected":false},"author":1,"featured_media":0,"parent":0,"menu_order":0,"comment_status":"closed","ping_status":"closed","template":"","meta":{"_acf_changed":false,"footnotes":""},"class_list":["post-1743","page","type-page","status-publish","hentry"],"acf":[],"yoast_head":"<!-- This site is optimized with the Yoast SEO plugin v26.5 - https:\/\/yoast.com\/wordpress\/plugins\/seo\/ -->\n<title>Kla\u0111enje na odbojku na BetLabelu \u1409 Visoke kvote i jedinstveni bonus<\/title>\n<meta name=\"description\" content=\"Kladite se na odbojku sa BetLabel Bosna i Hercegovina! Visoke kvote, razne lige i turniri, kao i jedinstveni bonusi garantuju uzbudljivo iskustvo kla\u0111enja. Pridru\u017eite nam se i po\u010dnite pobje\u0111ivati \u200b\u200bve\u0107 danas!\" \/>\n<meta name=\"robots\" content=\"index, follow, max-snippet:-1, max-image-preview:large, max-video-preview:-1\" \/>\n<link rel=\"canonical\" href=\"https:\/\/label.bet\/bs\/volleyball\/\" \/>\n<meta property=\"og:locale\" content=\"bs_BA\" \/>\n<meta property=\"og:type\" content=\"article\" \/>\n<meta property=\"og:title\" content=\"Kla\u0111enje na odbojku na BetLabelu \u1409 Visoke kvote i jedinstveni bonus\" \/>\n<meta property=\"og:description\" content=\"Kladite se na odbojku sa BetLabel Bosna i Hercegovina! Visoke kvote, razne lige i turniri, kao i jedinstveni bonusi garantuju uzbudljivo iskustvo kla\u0111enja. Pridru\u017eite nam se i po\u010dnite pobje\u0111ivati \u200b\u200bve\u0107 danas!\" \/>\n<meta property=\"og:url\" content=\"https:\/\/label.bet\/bs\/volleyball\/\" \/>\n<meta property=\"og:site_name\" content=\"Betlabel bs\" \/>\n<meta property=\"article:modified_time\" content=\"2026-03-23T15:29:08+00:00\" \/>\n<meta name=\"twitter:card\" content=\"summary_large_image\" \/>\n<script type=\"application\/ld+json\" class=\"yoast-schema-graph\">{\"@context\":\"https:\/\/schema.org\",\"@graph\":[{\"@type\":\"WebPage\",\"@id\":\"https:\/\/label.bet\/bs\/volleyball\/\",\"url\":\"https:\/\/label.bet\/bs\/volleyball\/\",\"name\":\"Kla\u0111enje na odbojku na BetLabelu \u1409 Visoke kvote i jedinstveni bonus\",\"isPartOf\":{\"@id\":\"https:\/\/label.bet\/bs\/#website\"},\"datePublished\":\"2026-01-22T14:36:57+00:00\",\"dateModified\":\"2026-03-23T15:29:08+00:00\",\"description\":\"Kladite se na odbojku sa BetLabel Bosna i Hercegovina! Visoke kvote, razne lige i turniri, kao i jedinstveni bonusi garantuju uzbudljivo iskustvo kla\u0111enja. Pridru\u017eite nam se i po\u010dnite pobje\u0111ivati \u200b\u200bve\u0107 danas!\",\"inLanguage\":\"bs-BA\",\"potentialAction\":[{\"@type\":\"ReadAction\",\"target\":[\"https:\/\/label.bet\/bs\/volleyball\/\"]}]},{\"@type\":\"WebSite\",\"@id\":\"https:\/\/label.bet\/bs\/#website\",\"url\":\"https:\/\/label.bet\/bs\/\",\"name\":\"Betlabel bs\",\"description\":\"\",\"potentialAction\":[{\"@type\":\"SearchAction\",\"target\":{\"@type\":\"EntryPoint\",\"urlTemplate\":\"https:\/\/label.bet\/bs\/?s={search_term_string}\"},\"query-input\":{\"@type\":\"PropertyValueSpecification\",\"valueRequired\":true,\"valueName\":\"search_term_string\"}}],\"inLanguage\":\"bs-BA\"}]}<\/script>\n<!-- \/ Yoast SEO plugin. -->","yoast_head_json":{"title":"Kla\u0111enje na odbojku na BetLabelu \u1409 Visoke kvote i jedinstveni bonus","description":"Kladite se na odbojku sa BetLabel Bosna i Hercegovina! Visoke kvote, razne lige i turniri, kao i jedinstveni bonusi garantuju uzbudljivo iskustvo kla\u0111enja. Pridru\u017eite nam se i po\u010dnite pobje\u0111ivati \u200b\u200bve\u0107 danas!","robots":{"index":"index","follow":"follow","max-snippet":"max-snippet:-1","max-image-preview":"max-image-preview:large","max-video-preview":"max-video-preview:-1"},"canonical":"https:\/\/label.bet\/bs\/volleyball\/","og_locale":"bs_BA","og_type":"article","og_title":"Kla\u0111enje na odbojku na BetLabelu \u1409 Visoke kvote i jedinstveni bonus","og_description":"Kladite se na odbojku sa BetLabel Bosna i Hercegovina! Visoke kvote, razne lige i turniri, kao i jedinstveni bonusi garantuju uzbudljivo iskustvo kla\u0111enja. Pridru\u017eite nam se i po\u010dnite pobje\u0111ivati \u200b\u200bve\u0107 danas!","og_url":"https:\/\/label.bet\/bs\/volleyball\/","og_site_name":"Betlabel bs","article_modified_time":"2026-03-23T15:29:08+00:00","twitter_card":"summary_large_image","schema":{"@context":"https:\/\/schema.org","@graph":[{"@type":"WebPage","@id":"https:\/\/label.bet\/bs\/volleyball\/","url":"https:\/\/label.bet\/bs\/volleyball\/","name":"Kla\u0111enje na odbojku na BetLabelu \u1409 Visoke kvote i jedinstveni bonus","isPartOf":{"@id":"https:\/\/label.bet\/bs\/#website"},"datePublished":"2026-01-22T14:36:57+00:00","dateModified":"2026-03-23T15:29:08+00:00","description":"Kladite se na odbojku sa BetLabel Bosna i Hercegovina! Visoke kvote, razne lige i turniri, kao i jedinstveni bonusi garantuju uzbudljivo iskustvo kla\u0111enja. Pridru\u017eite nam se i po\u010dnite pobje\u0111ivati \u200b\u200bve\u0107 danas!","inLanguage":"bs-BA","potentialAction":[{"@type":"ReadAction","target":["https:\/\/label.bet\/bs\/volleyball\/"]}]},{"@type":"WebSite","@id":"https:\/\/label.bet\/bs\/#website","url":"https:\/\/label.bet\/bs\/","name":"Betlabel bs","description":"","potentialAction":[{"@type":"SearchAction","target":{"@type":"EntryPoint","urlTemplate":"https:\/\/label.bet\/bs\/?s={search_term_string}"},"query-input":{"@type":"PropertyValueSpecification","valueRequired":true,"valueName":"search_term_string"}}],"inLanguage":"bs-BA"}]}},"_links":{"self":[{"href":"https:\/\/label.bet\/bs\/wp-json\/wp\/v2\/pages\/1743","targetHints":{"allow":["GET"]}}],"collection":[{"href":"https:\/\/label.bet\/bs\/wp-json\/wp\/v2\/pages"}],"about":[{"href":"https:\/\/label.bet\/bs\/wp-json\/wp\/v2\/types\/page"}],"author":[{"embeddable":true,"href":"https:\/\/label.bet\/bs\/wp-json\/wp\/v2\/users\/1"}],"replies":[{"embeddable":true,"href":"https:\/\/label.bet\/bs\/wp-json\/wp\/v2\/comments?post=1743"}],"version-history":[{"count":5,"href":"https:\/\/label.bet\/bs\/wp-json\/wp\/v2\/pages\/1743\/revisions"}],"predecessor-version":[{"id":2132,"href":"https:\/\/label.bet\/bs\/wp-json\/wp\/v2\/pages\/1743\/revisions\/2132"}],"wp:attachment":[{"href":"https:\/\/label.bet\/bs\/wp-json\/wp\/v2\/media?parent=1743"}],"curies":[{"name":"wp","href":"https:\/\/api.w.org\/{rel}","templated":true}]}}