{"id":1788,"date":"2026-01-23T12:47:29","date_gmt":"2026-01-23T09:47:29","guid":{"rendered":"https:\/\/label.bet\/bs\/?page_id=1788"},"modified":"2026-03-23T14:13:05","modified_gmt":"2026-03-23T11:13:05","slug":"games","status":"publish","type":"page","link":"https:\/\/label.bet\/bs\/games\/","title":{"rendered":"Igre"},"content":{"rendered":"","protected":false},"excerpt":{"rendered":"","protected":false},"author":1,"featured_media":0,"parent":0,"menu_order":0,"comment_status":"closed","ping_status":"closed","template":"","meta":{"_acf_changed":false,"footnotes":""},"class_list":["post-1788","page","type-page","status-publish","hentry"],"acf":[],"yoast_head":"<!-- This site is optimized with the Yoast SEO plugin v26.5 - https:\/\/yoast.com\/wordpress\/plugins\/seo\/ -->\n<title>BetLabel kazino igre \u1409 online igre, slotovi i kazino u\u017eivo<\/title>\n<meta name=\"description\" content=\"Igrajte najbolje kazino igre na BetLabel Bosna i Hercegovina: slotove, stolne igre, djelitelje u\u017eivo i brze isplate. Bonusi i prakti\u010dna platforma.\" \/>\n<meta name=\"robots\" content=\"index, follow, max-snippet:-1, max-image-preview:large, max-video-preview:-1\" \/>\n<link rel=\"canonical\" href=\"https:\/\/label.bet\/bs\/games\/\" \/>\n<meta property=\"og:locale\" content=\"bs_BA\" \/>\n<meta property=\"og:type\" content=\"article\" \/>\n<meta property=\"og:title\" content=\"BetLabel kazino igre \u1409 online igre, slotovi i kazino u\u017eivo\" \/>\n<meta property=\"og:description\" content=\"Igrajte najbolje kazino igre na BetLabel Bosna i Hercegovina: slotove, stolne igre, djelitelje u\u017eivo i brze isplate. Bonusi i prakti\u010dna platforma.\" \/>\n<meta property=\"og:url\" content=\"https:\/\/label.bet\/bs\/games\/\" \/>\n<meta property=\"og:site_name\" content=\"Betlabel bs\" \/>\n<meta property=\"article:modified_time\" content=\"2026-03-23T11:13:05+00:00\" \/>\n<meta name=\"twitter:card\" content=\"summary_large_image\" \/>\n<script type=\"application\/ld+json\" class=\"yoast-schema-graph\">{\"@context\":\"https:\/\/schema.org\",\"@graph\":[{\"@type\":\"WebPage\",\"@id\":\"https:\/\/label.bet\/bs\/games\/\",\"url\":\"https:\/\/label.bet\/bs\/games\/\",\"name\":\"BetLabel kazino igre \u1409 online igre, slotovi i kazino u\u017eivo\",\"isPartOf\":{\"@id\":\"https:\/\/label.bet\/bs\/#website\"},\"datePublished\":\"2026-01-23T09:47:29+00:00\",\"dateModified\":\"2026-03-23T11:13:05+00:00\",\"description\":\"Igrajte najbolje kazino igre na BetLabel Bosna i Hercegovina: slotove, stolne igre, djelitelje u\u017eivo i brze isplate. Bonusi i prakti\u010dna platforma.\",\"inLanguage\":\"bs-BA\",\"potentialAction\":[{\"@type\":\"ReadAction\",\"target\":[\"https:\/\/label.bet\/bs\/games\/\"]}]},{\"@type\":\"WebSite\",\"@id\":\"https:\/\/label.bet\/bs\/#website\",\"url\":\"https:\/\/label.bet\/bs\/\",\"name\":\"Betlabel bs\",\"description\":\"\",\"potentialAction\":[{\"@type\":\"SearchAction\",\"target\":{\"@type\":\"EntryPoint\",\"urlTemplate\":\"https:\/\/label.bet\/bs\/?s={search_term_string}\"},\"query-input\":{\"@type\":\"PropertyValueSpecification\",\"valueRequired\":true,\"valueName\":\"search_term_string\"}}],\"inLanguage\":\"bs-BA\"}]}<\/script>\n<!-- \/ Yoast SEO plugin. -->","yoast_head_json":{"title":"BetLabel kazino igre \u1409 online igre, slotovi i kazino u\u017eivo","description":"Igrajte najbolje kazino igre na BetLabel Bosna i Hercegovina: slotove, stolne igre, djelitelje u\u017eivo i brze isplate. Bonusi i prakti\u010dna platforma.","robots":{"index":"index","follow":"follow","max-snippet":"max-snippet:-1","max-image-preview":"max-image-preview:large","max-video-preview":"max-video-preview:-1"},"canonical":"https:\/\/label.bet\/bs\/games\/","og_locale":"bs_BA","og_type":"article","og_title":"BetLabel kazino igre \u1409 online igre, slotovi i kazino u\u017eivo","og_description":"Igrajte najbolje kazino igre na BetLabel Bosna i Hercegovina: slotove, stolne igre, djelitelje u\u017eivo i brze isplate. Bonusi i prakti\u010dna platforma.","og_url":"https:\/\/label.bet\/bs\/games\/","og_site_name":"Betlabel bs","article_modified_time":"2026-03-23T11:13:05+00:00","twitter_card":"summary_large_image","schema":{"@context":"https:\/\/schema.org","@graph":[{"@type":"WebPage","@id":"https:\/\/label.bet\/bs\/games\/","url":"https:\/\/label.bet\/bs\/games\/","name":"BetLabel kazino igre \u1409 online igre, slotovi i kazino u\u017eivo","isPartOf":{"@id":"https:\/\/label.bet\/bs\/#website"},"datePublished":"2026-01-23T09:47:29+00:00","dateModified":"2026-03-23T11:13:05+00:00","description":"Igrajte najbolje kazino igre na BetLabel Bosna i Hercegovina: slotove, stolne igre, djelitelje u\u017eivo i brze isplate. Bonusi i prakti\u010dna platforma.","inLanguage":"bs-BA","potentialAction":[{"@type":"ReadAction","target":["https:\/\/label.bet\/bs\/games\/"]}]},{"@type":"WebSite","@id":"https:\/\/label.bet\/bs\/#website","url":"https:\/\/label.bet\/bs\/","name":"Betlabel bs","description":"","potentialAction":[{"@type":"SearchAction","target":{"@type":"EntryPoint","urlTemplate":"https:\/\/label.bet\/bs\/?s={search_term_string}"},"query-input":{"@type":"PropertyValueSpecification","valueRequired":true,"valueName":"search_term_string"}}],"inLanguage":"bs-BA"}]}},"_links":{"self":[{"href":"https:\/\/label.bet\/bs\/wp-json\/wp\/v2\/pages\/1788","targetHints":{"allow":["GET"]}}],"collection":[{"href":"https:\/\/label.bet\/bs\/wp-json\/wp\/v2\/pages"}],"about":[{"href":"https:\/\/label.bet\/bs\/wp-json\/wp\/v2\/types\/page"}],"author":[{"embeddable":true,"href":"https:\/\/label.bet\/bs\/wp-json\/wp\/v2\/users\/1"}],"replies":[{"embeddable":true,"href":"https:\/\/label.bet\/bs\/wp-json\/wp\/v2\/comments?post=1788"}],"version-history":[{"count":5,"href":"https:\/\/label.bet\/bs\/wp-json\/wp\/v2\/pages\/1788\/revisions"}],"predecessor-version":[{"id":2104,"href":"https:\/\/label.bet\/bs\/wp-json\/wp\/v2\/pages\/1788\/revisions\/2104"}],"wp:attachment":[{"href":"https:\/\/label.bet\/bs\/wp-json\/wp\/v2\/media?parent=1788"}],"curies":[{"name":"wp","href":"https:\/\/api.w.org\/{rel}","templated":true}]}}