{"id":1802,"date":"2026-01-23T14:35:42","date_gmt":"2026-01-23T11:35:42","guid":{"rendered":"https:\/\/label.bet\/bs\/?page_id=1802"},"modified":"2026-03-23T16:52:52","modified_gmt":"2026-03-23T13:52:52","slug":"plinko","status":"publish","type":"page","link":"https:\/\/label.bet\/bs\/plinko\/","title":{"rendered":"Plinko"},"content":{"rendered":"","protected":false},"excerpt":{"rendered":"","protected":false},"author":1,"featured_media":0,"parent":0,"menu_order":0,"comment_status":"closed","ping_status":"closed","template":"","meta":{"_acf_changed":false,"footnotes":""},"class_list":["post-1802","page","type-page","status-publish","hentry"],"acf":[],"yoast_head":"<!-- This site is optimized with the Yoast SEO plugin v26.5 - https:\/\/yoast.com\/wordpress\/plugins\/seo\/ -->\n<title>Igrajte Plinko u BetLabel kazinu \u27a4 Jednostavna igra s multiplikatorima<\/title>\n<meta name=\"description\" content=\"Plinko na BetLabel Bosna i Hercegovina \u2714\ufe0f je brza i lako razumljiva igra sa padaju\u0107im kuglicama i multiplikatorima. Minimalne opklade, kontrola rizika, kratke runde i prakti\u010dno igranje sa va\u0161eg ra\u010dunara ili telefona.\" \/>\n<meta name=\"robots\" content=\"index, follow, max-snippet:-1, max-image-preview:large, max-video-preview:-1\" \/>\n<link rel=\"canonical\" href=\"https:\/\/label.bet\/bs\/plinko\/\" \/>\n<meta property=\"og:locale\" content=\"bs_BA\" \/>\n<meta property=\"og:type\" content=\"article\" \/>\n<meta property=\"og:title\" content=\"Igrajte Plinko u BetLabel kazinu \u27a4 Jednostavna igra s multiplikatorima\" \/>\n<meta property=\"og:description\" content=\"Plinko na BetLabel Bosna i Hercegovina \u2714\ufe0f je brza i lako razumljiva igra sa padaju\u0107im kuglicama i multiplikatorima. Minimalne opklade, kontrola rizika, kratke runde i prakti\u010dno igranje sa va\u0161eg ra\u010dunara ili telefona.\" \/>\n<meta property=\"og:url\" content=\"https:\/\/label.bet\/bs\/plinko\/\" \/>\n<meta property=\"og:site_name\" content=\"Betlabel bs\" \/>\n<meta property=\"article:modified_time\" content=\"2026-03-23T13:52:52+00:00\" \/>\n<meta name=\"twitter:card\" content=\"summary_large_image\" \/>\n<script type=\"application\/ld+json\" class=\"yoast-schema-graph\">{\"@context\":\"https:\/\/schema.org\",\"@graph\":[{\"@type\":\"WebPage\",\"@id\":\"https:\/\/label.bet\/bs\/plinko\/\",\"url\":\"https:\/\/label.bet\/bs\/plinko\/\",\"name\":\"Igrajte Plinko u BetLabel kazinu \u27a4 Jednostavna igra s multiplikatorima\",\"isPartOf\":{\"@id\":\"https:\/\/label.bet\/bs\/#website\"},\"datePublished\":\"2026-01-23T11:35:42+00:00\",\"dateModified\":\"2026-03-23T13:52:52+00:00\",\"description\":\"Plinko na BetLabel Bosna i Hercegovina \u2714\ufe0f je brza i lako razumljiva igra sa padaju\u0107im kuglicama i multiplikatorima. Minimalne opklade, kontrola rizika, kratke runde i prakti\u010dno igranje sa va\u0161eg ra\u010dunara ili telefona.\",\"inLanguage\":\"bs-BA\",\"potentialAction\":[{\"@type\":\"ReadAction\",\"target\":[\"https:\/\/label.bet\/bs\/plinko\/\"]}]},{\"@type\":\"WebSite\",\"@id\":\"https:\/\/label.bet\/bs\/#website\",\"url\":\"https:\/\/label.bet\/bs\/\",\"name\":\"Betlabel bs\",\"description\":\"\",\"potentialAction\":[{\"@type\":\"SearchAction\",\"target\":{\"@type\":\"EntryPoint\",\"urlTemplate\":\"https:\/\/label.bet\/bs\/?s={search_term_string}\"},\"query-input\":{\"@type\":\"PropertyValueSpecification\",\"valueRequired\":true,\"valueName\":\"search_term_string\"}}],\"inLanguage\":\"bs-BA\"}]}<\/script>\n<!-- \/ Yoast SEO plugin. -->","yoast_head_json":{"title":"Igrajte Plinko u BetLabel kazinu \u27a4 Jednostavna igra s multiplikatorima","description":"Plinko na BetLabel Bosna i Hercegovina \u2714\ufe0f je brza i lako razumljiva igra sa padaju\u0107im kuglicama i multiplikatorima. Minimalne opklade, kontrola rizika, kratke runde i prakti\u010dno igranje sa va\u0161eg ra\u010dunara ili telefona.","robots":{"index":"index","follow":"follow","max-snippet":"max-snippet:-1","max-image-preview":"max-image-preview:large","max-video-preview":"max-video-preview:-1"},"canonical":"https:\/\/label.bet\/bs\/plinko\/","og_locale":"bs_BA","og_type":"article","og_title":"Igrajte Plinko u BetLabel kazinu \u27a4 Jednostavna igra s multiplikatorima","og_description":"Plinko na BetLabel Bosna i Hercegovina \u2714\ufe0f je brza i lako razumljiva igra sa padaju\u0107im kuglicama i multiplikatorima. Minimalne opklade, kontrola rizika, kratke runde i prakti\u010dno igranje sa va\u0161eg ra\u010dunara ili telefona.","og_url":"https:\/\/label.bet\/bs\/plinko\/","og_site_name":"Betlabel bs","article_modified_time":"2026-03-23T13:52:52+00:00","twitter_card":"summary_large_image","schema":{"@context":"https:\/\/schema.org","@graph":[{"@type":"WebPage","@id":"https:\/\/label.bet\/bs\/plinko\/","url":"https:\/\/label.bet\/bs\/plinko\/","name":"Igrajte Plinko u BetLabel kazinu \u27a4 Jednostavna igra s multiplikatorima","isPartOf":{"@id":"https:\/\/label.bet\/bs\/#website"},"datePublished":"2026-01-23T11:35:42+00:00","dateModified":"2026-03-23T13:52:52+00:00","description":"Plinko na BetLabel Bosna i Hercegovina \u2714\ufe0f je brza i lako razumljiva igra sa padaju\u0107im kuglicama i multiplikatorima. Minimalne opklade, kontrola rizika, kratke runde i prakti\u010dno igranje sa va\u0161eg ra\u010dunara ili telefona.","inLanguage":"bs-BA","potentialAction":[{"@type":"ReadAction","target":["https:\/\/label.bet\/bs\/plinko\/"]}]},{"@type":"WebSite","@id":"https:\/\/label.bet\/bs\/#website","url":"https:\/\/label.bet\/bs\/","name":"Betlabel bs","description":"","potentialAction":[{"@type":"SearchAction","target":{"@type":"EntryPoint","urlTemplate":"https:\/\/label.bet\/bs\/?s={search_term_string}"},"query-input":{"@type":"PropertyValueSpecification","valueRequired":true,"valueName":"search_term_string"}}],"inLanguage":"bs-BA"}]}},"_links":{"self":[{"href":"https:\/\/label.bet\/bs\/wp-json\/wp\/v2\/pages\/1802","targetHints":{"allow":["GET"]}}],"collection":[{"href":"https:\/\/label.bet\/bs\/wp-json\/wp\/v2\/pages"}],"about":[{"href":"https:\/\/label.bet\/bs\/wp-json\/wp\/v2\/types\/page"}],"author":[{"embeddable":true,"href":"https:\/\/label.bet\/bs\/wp-json\/wp\/v2\/users\/1"}],"replies":[{"embeddable":true,"href":"https:\/\/label.bet\/bs\/wp-json\/wp\/v2\/comments?post=1802"}],"version-history":[{"count":3,"href":"https:\/\/label.bet\/bs\/wp-json\/wp\/v2\/pages\/1802\/revisions"}],"predecessor-version":[{"id":2115,"href":"https:\/\/label.bet\/bs\/wp-json\/wp\/v2\/pages\/1802\/revisions\/2115"}],"wp:attachment":[{"href":"https:\/\/label.bet\/bs\/wp-json\/wp\/v2\/media?parent=1802"}],"curies":[{"name":"wp","href":"https:\/\/api.w.org\/{rel}","templated":true}]}}