{"id":1842,"date":"2026-01-26T10:38:10","date_gmt":"2026-01-26T07:38:10","guid":{"rendered":"https:\/\/label.bet\/bs\/?page_id=1842"},"modified":"2026-03-23T16:40:45","modified_gmt":"2026-03-23T13:40:45","slug":"jetx","status":"publish","type":"page","link":"https:\/\/label.bet\/bs\/jetx\/","title":{"rendered":"JetX"},"content":{"rendered":"","protected":false},"excerpt":{"rendered":"","protected":false},"author":1,"featured_media":0,"parent":0,"menu_order":0,"comment_status":"closed","ping_status":"closed","template":"","meta":{"_acf_changed":false,"footnotes":""},"class_list":["post-1842","page","type-page","status-publish","hentry"],"acf":[],"yoast_head":"<!-- This site is optimized with the Yoast SEO plugin v26.5 - https:\/\/yoast.com\/wordpress\/plugins\/seo\/ -->\n<title>JetX u BetLabel kazinu \u2611\ufe0f Crash igra sa rastu\u0107im kvotama<\/title>\n<meta name=\"description\" content=\"JetX na BetLabel Bosna i Hercegovina je popularna igra na sre\u0107u u kojoj se kvote pove\u0107avaju u realnom vremenu. Nau\u010dite kako igrati, kada isplatiti novac, koje strategije najbolje funkcioni\u0161u i za\u0161to je JetX idealan za brze sesije.\" \/>\n<meta name=\"robots\" content=\"index, follow, max-snippet:-1, max-image-preview:large, max-video-preview:-1\" \/>\n<link rel=\"canonical\" href=\"https:\/\/label.bet\/bs\/jetx\/\" \/>\n<meta property=\"og:locale\" content=\"bs_BA\" \/>\n<meta property=\"og:type\" content=\"article\" \/>\n<meta property=\"og:title\" content=\"JetX u BetLabel kazinu \u2611\ufe0f Crash igra sa rastu\u0107im kvotama\" \/>\n<meta property=\"og:description\" content=\"JetX na BetLabel Bosna i Hercegovina je popularna igra na sre\u0107u u kojoj se kvote pove\u0107avaju u realnom vremenu. Nau\u010dite kako igrati, kada isplatiti novac, koje strategije najbolje funkcioni\u0161u i za\u0161to je JetX idealan za brze sesije.\" \/>\n<meta property=\"og:url\" content=\"https:\/\/label.bet\/bs\/jetx\/\" \/>\n<meta property=\"og:site_name\" content=\"Betlabel bs\" \/>\n<meta property=\"article:modified_time\" content=\"2026-03-23T13:40:45+00:00\" \/>\n<meta name=\"twitter:card\" content=\"summary_large_image\" \/>\n<script type=\"application\/ld+json\" class=\"yoast-schema-graph\">{\"@context\":\"https:\/\/schema.org\",\"@graph\":[{\"@type\":\"WebPage\",\"@id\":\"https:\/\/label.bet\/bs\/jetx\/\",\"url\":\"https:\/\/label.bet\/bs\/jetx\/\",\"name\":\"JetX u BetLabel kazinu \u2611\ufe0f Crash igra sa rastu\u0107im kvotama\",\"isPartOf\":{\"@id\":\"https:\/\/label.bet\/bs\/#website\"},\"datePublished\":\"2026-01-26T07:38:10+00:00\",\"dateModified\":\"2026-03-23T13:40:45+00:00\",\"description\":\"JetX na BetLabel Bosna i Hercegovina je popularna igra na sre\u0107u u kojoj se kvote pove\u0107avaju u realnom vremenu. Nau\u010dite kako igrati, kada isplatiti novac, koje strategije najbolje funkcioni\u0161u i za\u0161to je JetX idealan za brze sesije.\",\"inLanguage\":\"bs-BA\",\"potentialAction\":[{\"@type\":\"ReadAction\",\"target\":[\"https:\/\/label.bet\/bs\/jetx\/\"]}]},{\"@type\":\"WebSite\",\"@id\":\"https:\/\/label.bet\/bs\/#website\",\"url\":\"https:\/\/label.bet\/bs\/\",\"name\":\"Betlabel bs\",\"description\":\"\",\"potentialAction\":[{\"@type\":\"SearchAction\",\"target\":{\"@type\":\"EntryPoint\",\"urlTemplate\":\"https:\/\/label.bet\/bs\/?s={search_term_string}\"},\"query-input\":{\"@type\":\"PropertyValueSpecification\",\"valueRequired\":true,\"valueName\":\"search_term_string\"}}],\"inLanguage\":\"bs-BA\"}]}<\/script>\n<!-- \/ Yoast SEO plugin. -->","yoast_head_json":{"title":"JetX u BetLabel kazinu \u2611\ufe0f Crash igra sa rastu\u0107im kvotama","description":"JetX na BetLabel Bosna i Hercegovina je popularna igra na sre\u0107u u kojoj se kvote pove\u0107avaju u realnom vremenu. Nau\u010dite kako igrati, kada isplatiti novac, koje strategije najbolje funkcioni\u0161u i za\u0161to je JetX idealan za brze sesije.","robots":{"index":"index","follow":"follow","max-snippet":"max-snippet:-1","max-image-preview":"max-image-preview:large","max-video-preview":"max-video-preview:-1"},"canonical":"https:\/\/label.bet\/bs\/jetx\/","og_locale":"bs_BA","og_type":"article","og_title":"JetX u BetLabel kazinu \u2611\ufe0f Crash igra sa rastu\u0107im kvotama","og_description":"JetX na BetLabel Bosna i Hercegovina je popularna igra na sre\u0107u u kojoj se kvote pove\u0107avaju u realnom vremenu. Nau\u010dite kako igrati, kada isplatiti novac, koje strategije najbolje funkcioni\u0161u i za\u0161to je JetX idealan za brze sesije.","og_url":"https:\/\/label.bet\/bs\/jetx\/","og_site_name":"Betlabel bs","article_modified_time":"2026-03-23T13:40:45+00:00","twitter_card":"summary_large_image","schema":{"@context":"https:\/\/schema.org","@graph":[{"@type":"WebPage","@id":"https:\/\/label.bet\/bs\/jetx\/","url":"https:\/\/label.bet\/bs\/jetx\/","name":"JetX u BetLabel kazinu \u2611\ufe0f Crash igra sa rastu\u0107im kvotama","isPartOf":{"@id":"https:\/\/label.bet\/bs\/#website"},"datePublished":"2026-01-26T07:38:10+00:00","dateModified":"2026-03-23T13:40:45+00:00","description":"JetX na BetLabel Bosna i Hercegovina je popularna igra na sre\u0107u u kojoj se kvote pove\u0107avaju u realnom vremenu. Nau\u010dite kako igrati, kada isplatiti novac, koje strategije najbolje funkcioni\u0161u i za\u0161to je JetX idealan za brze sesije.","inLanguage":"bs-BA","potentialAction":[{"@type":"ReadAction","target":["https:\/\/label.bet\/bs\/jetx\/"]}]},{"@type":"WebSite","@id":"https:\/\/label.bet\/bs\/#website","url":"https:\/\/label.bet\/bs\/","name":"Betlabel bs","description":"","potentialAction":[{"@type":"SearchAction","target":{"@type":"EntryPoint","urlTemplate":"https:\/\/label.bet\/bs\/?s={search_term_string}"},"query-input":{"@type":"PropertyValueSpecification","valueRequired":true,"valueName":"search_term_string"}}],"inLanguage":"bs-BA"}]}},"_links":{"self":[{"href":"https:\/\/label.bet\/bs\/wp-json\/wp\/v2\/pages\/1842","targetHints":{"allow":["GET"]}}],"collection":[{"href":"https:\/\/label.bet\/bs\/wp-json\/wp\/v2\/pages"}],"about":[{"href":"https:\/\/label.bet\/bs\/wp-json\/wp\/v2\/types\/page"}],"author":[{"embeddable":true,"href":"https:\/\/label.bet\/bs\/wp-json\/wp\/v2\/users\/1"}],"replies":[{"embeddable":true,"href":"https:\/\/label.bet\/bs\/wp-json\/wp\/v2\/comments?post=1842"}],"version-history":[{"count":5,"href":"https:\/\/label.bet\/bs\/wp-json\/wp\/v2\/pages\/1842\/revisions"}],"predecessor-version":[{"id":2110,"href":"https:\/\/label.bet\/bs\/wp-json\/wp\/v2\/pages\/1842\/revisions\/2110"}],"wp:attachment":[{"href":"https:\/\/label.bet\/bs\/wp-json\/wp\/v2\/media?parent=1842"}],"curies":[{"name":"wp","href":"https:\/\/api.w.org\/{rel}","templated":true}]}}