{"id":1914,"date":"2026-02-12T17:09:47","date_gmt":"2026-02-12T14:09:47","guid":{"rendered":"https:\/\/label.bet\/bs\/?page_id=1914"},"modified":"2026-03-23T17:23:16","modified_gmt":"2026-03-23T14:23:16","slug":"telegram","status":"publish","type":"page","link":"https:\/\/label.bet\/bs\/telegram\/","title":{"rendered":"Telegram"},"content":{"rendered":"","protected":false},"excerpt":{"rendered":"","protected":false},"author":1,"featured_media":0,"parent":0,"menu_order":0,"comment_status":"closed","ping_status":"closed","template":"","meta":{"_acf_changed":false,"footnotes":""},"class_list":["post-1914","page","type-page","status-publish","hentry"],"acf":[],"yoast_head":"<!-- This site is optimized with the Yoast SEO plugin v26.5 - https:\/\/yoast.com\/wordpress\/plugins\/seo\/ -->\n<title>BetLabel Telegram kanal \u2014 Bonusi i sportske prognoze<\/title>\n<meta name=\"description\" content=\"Pretplatite se na BetLabel Bosna i Hercegovina Telegram kanal i budite prvi koji \u0107e dobiti najnovije bonuse, ekskluzivne promotivne kodove, trenutne promocije i predvi\u0111anja za klju\u010dne sportske doga\u0111aje.\" \/>\n<meta name=\"robots\" content=\"index, follow, max-snippet:-1, max-image-preview:large, max-video-preview:-1\" \/>\n<link rel=\"canonical\" href=\"https:\/\/label.bet\/bs\/telegram\/\" \/>\n<meta property=\"og:locale\" content=\"bs_BA\" \/>\n<meta property=\"og:type\" content=\"article\" \/>\n<meta property=\"og:title\" content=\"BetLabel Telegram kanal \u2014 Bonusi i sportske prognoze\" \/>\n<meta property=\"og:description\" content=\"Pretplatite se na BetLabel Bosna i Hercegovina Telegram kanal i budite prvi koji \u0107e dobiti najnovije bonuse, ekskluzivne promotivne kodove, trenutne promocije i predvi\u0111anja za klju\u010dne sportske doga\u0111aje.\" \/>\n<meta property=\"og:url\" content=\"https:\/\/label.bet\/bs\/telegram\/\" \/>\n<meta property=\"og:site_name\" content=\"Betlabel bs\" \/>\n<meta property=\"article:modified_time\" content=\"2026-03-23T14:23:16+00:00\" \/>\n<meta name=\"twitter:card\" content=\"summary_large_image\" \/>\n<script type=\"application\/ld+json\" class=\"yoast-schema-graph\">{\"@context\":\"https:\/\/schema.org\",\"@graph\":[{\"@type\":\"WebPage\",\"@id\":\"https:\/\/label.bet\/bs\/telegram\/\",\"url\":\"https:\/\/label.bet\/bs\/telegram\/\",\"name\":\"BetLabel Telegram kanal \u2014 Bonusi i sportske prognoze\",\"isPartOf\":{\"@id\":\"https:\/\/label.bet\/bs\/#website\"},\"datePublished\":\"2026-02-12T14:09:47+00:00\",\"dateModified\":\"2026-03-23T14:23:16+00:00\",\"description\":\"Pretplatite se na BetLabel Bosna i Hercegovina Telegram kanal i budite prvi koji \u0107e dobiti najnovije bonuse, ekskluzivne promotivne kodove, trenutne promocije i predvi\u0111anja za klju\u010dne sportske doga\u0111aje.\",\"inLanguage\":\"bs-BA\",\"potentialAction\":[{\"@type\":\"ReadAction\",\"target\":[\"https:\/\/label.bet\/bs\/telegram\/\"]}]},{\"@type\":\"WebSite\",\"@id\":\"https:\/\/label.bet\/bs\/#website\",\"url\":\"https:\/\/label.bet\/bs\/\",\"name\":\"Betlabel bs\",\"description\":\"\",\"potentialAction\":[{\"@type\":\"SearchAction\",\"target\":{\"@type\":\"EntryPoint\",\"urlTemplate\":\"https:\/\/label.bet\/bs\/?s={search_term_string}\"},\"query-input\":{\"@type\":\"PropertyValueSpecification\",\"valueRequired\":true,\"valueName\":\"search_term_string\"}}],\"inLanguage\":\"bs-BA\"}]}<\/script>\n<!-- \/ Yoast SEO plugin. -->","yoast_head_json":{"title":"BetLabel Telegram kanal \u2014 Bonusi i sportske prognoze","description":"Pretplatite se na BetLabel Bosna i Hercegovina Telegram kanal i budite prvi koji \u0107e dobiti najnovije bonuse, ekskluzivne promotivne kodove, trenutne promocije i predvi\u0111anja za klju\u010dne sportske doga\u0111aje.","robots":{"index":"index","follow":"follow","max-snippet":"max-snippet:-1","max-image-preview":"max-image-preview:large","max-video-preview":"max-video-preview:-1"},"canonical":"https:\/\/label.bet\/bs\/telegram\/","og_locale":"bs_BA","og_type":"article","og_title":"BetLabel Telegram kanal \u2014 Bonusi i sportske prognoze","og_description":"Pretplatite se na BetLabel Bosna i Hercegovina Telegram kanal i budite prvi koji \u0107e dobiti najnovije bonuse, ekskluzivne promotivne kodove, trenutne promocije i predvi\u0111anja za klju\u010dne sportske doga\u0111aje.","og_url":"https:\/\/label.bet\/bs\/telegram\/","og_site_name":"Betlabel bs","article_modified_time":"2026-03-23T14:23:16+00:00","twitter_card":"summary_large_image","schema":{"@context":"https:\/\/schema.org","@graph":[{"@type":"WebPage","@id":"https:\/\/label.bet\/bs\/telegram\/","url":"https:\/\/label.bet\/bs\/telegram\/","name":"BetLabel Telegram kanal \u2014 Bonusi i sportske prognoze","isPartOf":{"@id":"https:\/\/label.bet\/bs\/#website"},"datePublished":"2026-02-12T14:09:47+00:00","dateModified":"2026-03-23T14:23:16+00:00","description":"Pretplatite se na BetLabel Bosna i Hercegovina Telegram kanal i budite prvi koji \u0107e dobiti najnovije bonuse, ekskluzivne promotivne kodove, trenutne promocije i predvi\u0111anja za klju\u010dne sportske doga\u0111aje.","inLanguage":"bs-BA","potentialAction":[{"@type":"ReadAction","target":["https:\/\/label.bet\/bs\/telegram\/"]}]},{"@type":"WebSite","@id":"https:\/\/label.bet\/bs\/#website","url":"https:\/\/label.bet\/bs\/","name":"Betlabel bs","description":"","potentialAction":[{"@type":"SearchAction","target":{"@type":"EntryPoint","urlTemplate":"https:\/\/label.bet\/bs\/?s={search_term_string}"},"query-input":{"@type":"PropertyValueSpecification","valueRequired":true,"valueName":"search_term_string"}}],"inLanguage":"bs-BA"}]}},"_links":{"self":[{"href":"https:\/\/label.bet\/bs\/wp-json\/wp\/v2\/pages\/1914","targetHints":{"allow":["GET"]}}],"collection":[{"href":"https:\/\/label.bet\/bs\/wp-json\/wp\/v2\/pages"}],"about":[{"href":"https:\/\/label.bet\/bs\/wp-json\/wp\/v2\/types\/page"}],"author":[{"embeddable":true,"href":"https:\/\/label.bet\/bs\/wp-json\/wp\/v2\/users\/1"}],"replies":[{"embeddable":true,"href":"https:\/\/label.bet\/bs\/wp-json\/wp\/v2\/comments?post=1914"}],"version-history":[{"count":3,"href":"https:\/\/label.bet\/bs\/wp-json\/wp\/v2\/pages\/1914\/revisions"}],"predecessor-version":[{"id":2123,"href":"https:\/\/label.bet\/bs\/wp-json\/wp\/v2\/pages\/1914\/revisions\/2123"}],"wp:attachment":[{"href":"https:\/\/label.bet\/bs\/wp-json\/wp\/v2\/media?parent=1914"}],"curies":[{"name":"wp","href":"https:\/\/api.w.org\/{rel}","templated":true}]}}