{"id":1931,"date":"2026-02-27T09:53:57","date_gmt":"2026-02-27T06:53:57","guid":{"rendered":"https:\/\/label.bet\/bs\/?page_id=1931"},"modified":"2026-03-23T17:27:22","modified_gmt":"2026-03-23T14:27:22","slug":"trustpilot","status":"publish","type":"page","link":"https:\/\/label.bet\/bs\/trustpilot\/","title":{"rendered":"Trustpilot"},"content":{"rendered":"","protected":false},"excerpt":{"rendered":"","protected":false},"author":1,"featured_media":0,"parent":0,"menu_order":0,"comment_status":"closed","ping_status":"closed","template":"","meta":{"_acf_changed":false,"footnotes":""},"class_list":["post-1931","page","type-page","status-publish","hentry"],"acf":[],"yoast_head":"<!-- This site is optimized with the Yoast SEO plugin v26.5 - https:\/\/yoast.com\/wordpress\/plugins\/seo\/ -->\n<title>BetLabel Trustpilot \u2014 Recenzije pravih igra\u010da<\/title>\n<meta name=\"description\" content=\"BetLabel Bosna i Hercegovina uglavnom dobija pozitivne recenzije na Trustpilotu: igra\u010di hvale brze isplate, korisni\u010dki interfejs, personaliziranu VIP uslugu i fer uslove bonusa, ali neke recenzije isti\u010du pote\u0161ko\u0107e s isplatama kori\u0161tenjem odre\u0111enih na\u010dina pla\u0107anja i kontroverzne situacije u vezi s verifikacijom.\" \/>\n<meta name=\"robots\" content=\"index, follow, max-snippet:-1, max-image-preview:large, max-video-preview:-1\" \/>\n<link rel=\"canonical\" href=\"https:\/\/label.bet\/bs\/trustpilot\/\" \/>\n<meta property=\"og:locale\" content=\"bs_BA\" \/>\n<meta property=\"og:type\" content=\"article\" \/>\n<meta property=\"og:title\" content=\"BetLabel Trustpilot \u2014 Recenzije pravih igra\u010da\" \/>\n<meta property=\"og:description\" content=\"BetLabel Bosna i Hercegovina uglavnom dobija pozitivne recenzije na Trustpilotu: igra\u010di hvale brze isplate, korisni\u010dki interfejs, personaliziranu VIP uslugu i fer uslove bonusa, ali neke recenzije isti\u010du pote\u0161ko\u0107e s isplatama kori\u0161tenjem odre\u0111enih na\u010dina pla\u0107anja i kontroverzne situacije u vezi s verifikacijom.\" \/>\n<meta property=\"og:url\" content=\"https:\/\/label.bet\/bs\/trustpilot\/\" \/>\n<meta property=\"og:site_name\" content=\"Betlabel bs\" \/>\n<meta property=\"article:modified_time\" content=\"2026-03-23T14:27:22+00:00\" \/>\n<meta name=\"twitter:card\" content=\"summary_large_image\" \/>\n<script type=\"application\/ld+json\" class=\"yoast-schema-graph\">{\"@context\":\"https:\/\/schema.org\",\"@graph\":[{\"@type\":\"WebPage\",\"@id\":\"https:\/\/label.bet\/bs\/trustpilot\/\",\"url\":\"https:\/\/label.bet\/bs\/trustpilot\/\",\"name\":\"BetLabel Trustpilot \u2014 Recenzije pravih igra\u010da\",\"isPartOf\":{\"@id\":\"https:\/\/label.bet\/bs\/#website\"},\"datePublished\":\"2026-02-27T06:53:57+00:00\",\"dateModified\":\"2026-03-23T14:27:22+00:00\",\"description\":\"BetLabel Bosna i Hercegovina uglavnom dobija pozitivne recenzije na Trustpilotu: igra\u010di hvale brze isplate, korisni\u010dki interfejs, personaliziranu VIP uslugu i fer uslove bonusa, ali neke recenzije isti\u010du pote\u0161ko\u0107e s isplatama kori\u0161tenjem odre\u0111enih na\u010dina pla\u0107anja i kontroverzne situacije u vezi s verifikacijom.\",\"inLanguage\":\"bs-BA\",\"potentialAction\":[{\"@type\":\"ReadAction\",\"target\":[\"https:\/\/label.bet\/bs\/trustpilot\/\"]}]},{\"@type\":\"WebSite\",\"@id\":\"https:\/\/label.bet\/bs\/#website\",\"url\":\"https:\/\/label.bet\/bs\/\",\"name\":\"Betlabel bs\",\"description\":\"\",\"potentialAction\":[{\"@type\":\"SearchAction\",\"target\":{\"@type\":\"EntryPoint\",\"urlTemplate\":\"https:\/\/label.bet\/bs\/?s={search_term_string}\"},\"query-input\":{\"@type\":\"PropertyValueSpecification\",\"valueRequired\":true,\"valueName\":\"search_term_string\"}}],\"inLanguage\":\"bs-BA\"}]}<\/script>\n<!-- \/ Yoast SEO plugin. -->","yoast_head_json":{"title":"BetLabel Trustpilot \u2014 Recenzije pravih igra\u010da","description":"BetLabel Bosna i Hercegovina uglavnom dobija pozitivne recenzije na Trustpilotu: igra\u010di hvale brze isplate, korisni\u010dki interfejs, personaliziranu VIP uslugu i fer uslove bonusa, ali neke recenzije isti\u010du pote\u0161ko\u0107e s isplatama kori\u0161tenjem odre\u0111enih na\u010dina pla\u0107anja i kontroverzne situacije u vezi s verifikacijom.","robots":{"index":"index","follow":"follow","max-snippet":"max-snippet:-1","max-image-preview":"max-image-preview:large","max-video-preview":"max-video-preview:-1"},"canonical":"https:\/\/label.bet\/bs\/trustpilot\/","og_locale":"bs_BA","og_type":"article","og_title":"BetLabel Trustpilot \u2014 Recenzije pravih igra\u010da","og_description":"BetLabel Bosna i Hercegovina uglavnom dobija pozitivne recenzije na Trustpilotu: igra\u010di hvale brze isplate, korisni\u010dki interfejs, personaliziranu VIP uslugu i fer uslove bonusa, ali neke recenzije isti\u010du pote\u0161ko\u0107e s isplatama kori\u0161tenjem odre\u0111enih na\u010dina pla\u0107anja i kontroverzne situacije u vezi s verifikacijom.","og_url":"https:\/\/label.bet\/bs\/trustpilot\/","og_site_name":"Betlabel bs","article_modified_time":"2026-03-23T14:27:22+00:00","twitter_card":"summary_large_image","schema":{"@context":"https:\/\/schema.org","@graph":[{"@type":"WebPage","@id":"https:\/\/label.bet\/bs\/trustpilot\/","url":"https:\/\/label.bet\/bs\/trustpilot\/","name":"BetLabel Trustpilot \u2014 Recenzije pravih igra\u010da","isPartOf":{"@id":"https:\/\/label.bet\/bs\/#website"},"datePublished":"2026-02-27T06:53:57+00:00","dateModified":"2026-03-23T14:27:22+00:00","description":"BetLabel Bosna i Hercegovina uglavnom dobija pozitivne recenzije na Trustpilotu: igra\u010di hvale brze isplate, korisni\u010dki interfejs, personaliziranu VIP uslugu i fer uslove bonusa, ali neke recenzije isti\u010du pote\u0161ko\u0107e s isplatama kori\u0161tenjem odre\u0111enih na\u010dina pla\u0107anja i kontroverzne situacije u vezi s verifikacijom.","inLanguage":"bs-BA","potentialAction":[{"@type":"ReadAction","target":["https:\/\/label.bet\/bs\/trustpilot\/"]}]},{"@type":"WebSite","@id":"https:\/\/label.bet\/bs\/#website","url":"https:\/\/label.bet\/bs\/","name":"Betlabel bs","description":"","potentialAction":[{"@type":"SearchAction","target":{"@type":"EntryPoint","urlTemplate":"https:\/\/label.bet\/bs\/?s={search_term_string}"},"query-input":{"@type":"PropertyValueSpecification","valueRequired":true,"valueName":"search_term_string"}}],"inLanguage":"bs-BA"}]}},"_links":{"self":[{"href":"https:\/\/label.bet\/bs\/wp-json\/wp\/v2\/pages\/1931","targetHints":{"allow":["GET"]}}],"collection":[{"href":"https:\/\/label.bet\/bs\/wp-json\/wp\/v2\/pages"}],"about":[{"href":"https:\/\/label.bet\/bs\/wp-json\/wp\/v2\/types\/page"}],"author":[{"embeddable":true,"href":"https:\/\/label.bet\/bs\/wp-json\/wp\/v2\/users\/1"}],"replies":[{"embeddable":true,"href":"https:\/\/label.bet\/bs\/wp-json\/wp\/v2\/comments?post=1931"}],"version-history":[{"count":5,"href":"https:\/\/label.bet\/bs\/wp-json\/wp\/v2\/pages\/1931\/revisions"}],"predecessor-version":[{"id":2126,"href":"https:\/\/label.bet\/bs\/wp-json\/wp\/v2\/pages\/1931\/revisions\/2126"}],"wp:attachment":[{"href":"https:\/\/label.bet\/bs\/wp-json\/wp\/v2\/media?parent=1931"}],"curies":[{"name":"wp","href":"https:\/\/api.w.org\/{rel}","templated":true}]}}