{"id":2002,"date":"2026-03-16T10:38:59","date_gmt":"2026-03-16T07:38:59","guid":{"rendered":"https:\/\/label.bet\/bs\/?page_id=2002"},"modified":"2026-03-23T18:37:00","modified_gmt":"2026-03-23T15:37:00","slug":"welcome-package","status":"publish","type":"page","link":"https:\/\/label.bet\/bs\/welcome-package\/","title":{"rendered":"Paket dobrodo\u0161lice"},"content":{"rendered":"","protected":false},"excerpt":{"rendered":"","protected":false},"author":1,"featured_media":0,"parent":0,"menu_order":0,"comment_status":"closed","ping_status":"closed","template":"","meta":{"_acf_changed":false,"footnotes":""},"class_list":["post-2002","page","type-page","status-publish","hentry"],"acf":[],"yoast_head":"<!-- This site is optimized with the Yoast SEO plugin v26.5 - https:\/\/yoast.com\/wordpress\/plugins\/seo\/ -->\n<title>BetLabel Casino bonus dobrodo\u0161lice \u2013 3.000 BAM + 150 besplatnih okretaja<\/title>\n<meta name=\"description\" content=\"Pridru\u017eite se BetLabel Bosna i Hercegovina Casinu i otklju\u010dajte paket dobrodo\u0161lice do 3.000 BAM + 150 besplatnih okretaja. Uplatite depozite, aktivirajte svaku bonus fazu i pobolj\u0161ajte svoju igru \u200b\u200bdodatnim sredstvima.\" \/>\n<meta name=\"robots\" content=\"index, follow, max-snippet:-1, max-image-preview:large, max-video-preview:-1\" \/>\n<link rel=\"canonical\" href=\"https:\/\/label.bet\/bs\/welcome-package\/\" \/>\n<meta property=\"og:locale\" content=\"bs_BA\" \/>\n<meta property=\"og:type\" content=\"article\" \/>\n<meta property=\"og:title\" content=\"BetLabel Casino bonus dobrodo\u0161lice \u2013 3.000 BAM + 150 besplatnih okretaja\" \/>\n<meta property=\"og:description\" content=\"Pridru\u017eite se BetLabel Bosna i Hercegovina Casinu i otklju\u010dajte paket dobrodo\u0161lice do 3.000 BAM + 150 besplatnih okretaja. Uplatite depozite, aktivirajte svaku bonus fazu i pobolj\u0161ajte svoju igru \u200b\u200bdodatnim sredstvima.\" \/>\n<meta property=\"og:url\" content=\"https:\/\/label.bet\/bs\/welcome-package\/\" \/>\n<meta property=\"og:site_name\" content=\"Betlabel bs\" \/>\n<meta property=\"article:modified_time\" content=\"2026-03-23T15:37:00+00:00\" \/>\n<meta name=\"twitter:card\" content=\"summary_large_image\" \/>\n<script type=\"application\/ld+json\" class=\"yoast-schema-graph\">{\"@context\":\"https:\/\/schema.org\",\"@graph\":[{\"@type\":\"WebPage\",\"@id\":\"https:\/\/label.bet\/bs\/welcome-package\/\",\"url\":\"https:\/\/label.bet\/bs\/welcome-package\/\",\"name\":\"BetLabel Casino bonus dobrodo\u0161lice \u2013 3.000 BAM + 150 besplatnih okretaja\",\"isPartOf\":{\"@id\":\"https:\/\/label.bet\/bs\/#website\"},\"datePublished\":\"2026-03-16T07:38:59+00:00\",\"dateModified\":\"2026-03-23T15:37:00+00:00\",\"description\":\"Pridru\u017eite se BetLabel Bosna i Hercegovina Casinu i otklju\u010dajte paket dobrodo\u0161lice do 3.000 BAM + 150 besplatnih okretaja. Uplatite depozite, aktivirajte svaku bonus fazu i pobolj\u0161ajte svoju igru \u200b\u200bdodatnim sredstvima.\",\"inLanguage\":\"bs-BA\",\"potentialAction\":[{\"@type\":\"ReadAction\",\"target\":[\"https:\/\/label.bet\/bs\/welcome-package\/\"]}]},{\"@type\":\"WebSite\",\"@id\":\"https:\/\/label.bet\/bs\/#website\",\"url\":\"https:\/\/label.bet\/bs\/\",\"name\":\"Betlabel bs\",\"description\":\"\",\"potentialAction\":[{\"@type\":\"SearchAction\",\"target\":{\"@type\":\"EntryPoint\",\"urlTemplate\":\"https:\/\/label.bet\/bs\/?s={search_term_string}\"},\"query-input\":{\"@type\":\"PropertyValueSpecification\",\"valueRequired\":true,\"valueName\":\"search_term_string\"}}],\"inLanguage\":\"bs-BA\"}]}<\/script>\n<!-- \/ Yoast SEO plugin. -->","yoast_head_json":{"title":"BetLabel Casino bonus dobrodo\u0161lice \u2013 3.000 BAM + 150 besplatnih okretaja","description":"Pridru\u017eite se BetLabel Bosna i Hercegovina Casinu i otklju\u010dajte paket dobrodo\u0161lice do 3.000 BAM + 150 besplatnih okretaja. Uplatite depozite, aktivirajte svaku bonus fazu i pobolj\u0161ajte svoju igru \u200b\u200bdodatnim sredstvima.","robots":{"index":"index","follow":"follow","max-snippet":"max-snippet:-1","max-image-preview":"max-image-preview:large","max-video-preview":"max-video-preview:-1"},"canonical":"https:\/\/label.bet\/bs\/welcome-package\/","og_locale":"bs_BA","og_type":"article","og_title":"BetLabel Casino bonus dobrodo\u0161lice \u2013 3.000 BAM + 150 besplatnih okretaja","og_description":"Pridru\u017eite se BetLabel Bosna i Hercegovina Casinu i otklju\u010dajte paket dobrodo\u0161lice do 3.000 BAM + 150 besplatnih okretaja. Uplatite depozite, aktivirajte svaku bonus fazu i pobolj\u0161ajte svoju igru \u200b\u200bdodatnim sredstvima.","og_url":"https:\/\/label.bet\/bs\/welcome-package\/","og_site_name":"Betlabel bs","article_modified_time":"2026-03-23T15:37:00+00:00","twitter_card":"summary_large_image","schema":{"@context":"https:\/\/schema.org","@graph":[{"@type":"WebPage","@id":"https:\/\/label.bet\/bs\/welcome-package\/","url":"https:\/\/label.bet\/bs\/welcome-package\/","name":"BetLabel Casino bonus dobrodo\u0161lice \u2013 3.000 BAM + 150 besplatnih okretaja","isPartOf":{"@id":"https:\/\/label.bet\/bs\/#website"},"datePublished":"2026-03-16T07:38:59+00:00","dateModified":"2026-03-23T15:37:00+00:00","description":"Pridru\u017eite se BetLabel Bosna i Hercegovina Casinu i otklju\u010dajte paket dobrodo\u0161lice do 3.000 BAM + 150 besplatnih okretaja. Uplatite depozite, aktivirajte svaku bonus fazu i pobolj\u0161ajte svoju igru \u200b\u200bdodatnim sredstvima.","inLanguage":"bs-BA","potentialAction":[{"@type":"ReadAction","target":["https:\/\/label.bet\/bs\/welcome-package\/"]}]},{"@type":"WebSite","@id":"https:\/\/label.bet\/bs\/#website","url":"https:\/\/label.bet\/bs\/","name":"Betlabel bs","description":"","potentialAction":[{"@type":"SearchAction","target":{"@type":"EntryPoint","urlTemplate":"https:\/\/label.bet\/bs\/?s={search_term_string}"},"query-input":{"@type":"PropertyValueSpecification","valueRequired":true,"valueName":"search_term_string"}}],"inLanguage":"bs-BA"}]}},"_links":{"self":[{"href":"https:\/\/label.bet\/bs\/wp-json\/wp\/v2\/pages\/2002","targetHints":{"allow":["GET"]}}],"collection":[{"href":"https:\/\/label.bet\/bs\/wp-json\/wp\/v2\/pages"}],"about":[{"href":"https:\/\/label.bet\/bs\/wp-json\/wp\/v2\/types\/page"}],"author":[{"embeddable":true,"href":"https:\/\/label.bet\/bs\/wp-json\/wp\/v2\/users\/1"}],"replies":[{"embeddable":true,"href":"https:\/\/label.bet\/bs\/wp-json\/wp\/v2\/comments?post=2002"}],"version-history":[{"count":4,"href":"https:\/\/label.bet\/bs\/wp-json\/wp\/v2\/pages\/2002\/revisions"}],"predecessor-version":[{"id":2138,"href":"https:\/\/label.bet\/bs\/wp-json\/wp\/v2\/pages\/2002\/revisions\/2138"}],"wp:attachment":[{"href":"https:\/\/label.bet\/bs\/wp-json\/wp\/v2\/media?parent=2002"}],"curies":[{"name":"wp","href":"https:\/\/api.w.org\/{rel}","templated":true}]}}