{"id":2008,"date":"2026-03-16T11:01:19","date_gmt":"2026-03-16T08:01:19","guid":{"rendered":"https:\/\/label.bet\/bs\/?page_id=2008"},"modified":"2026-03-23T14:09:12","modified_gmt":"2026-03-23T11:09:12","slug":"free-bet","status":"publish","type":"page","link":"https:\/\/label.bet\/bs\/free-bet\/","title":{"rendered":"Besplatna opklada"},"content":{"rendered":"","protected":false},"excerpt":{"rendered":"","protected":false},"author":1,"featured_media":0,"parent":0,"menu_order":0,"comment_status":"closed","ping_status":"closed","template":"","meta":{"_acf_changed":false,"footnotes":""},"class_list":["post-2008","page","type-page","status-publish","hentry"],"acf":[],"yoast_head":"<!-- This site is optimized with the Yoast SEO plugin v26.5 - https:\/\/yoast.com\/wordpress\/plugins\/seo\/ -->\n<title>BetLabel 15% besplatna opklada na prvi depozit \u2013 Iskoristite svoj bonus<\/title>\n<meta name=\"description\" content=\"Izvr\u0161ite svoj prvi depozit na BetLabel Bosna i Hercegovina i ostvarite 15% besplatne opklade na osnovu iznosa va\u0161eg depozita. Registrujte se danas i pobolj\u0161ajte svoje sportsko kla\u0111enje dodatnom opkladom.\" \/>\n<meta name=\"robots\" content=\"index, follow, max-snippet:-1, max-image-preview:large, max-video-preview:-1\" \/>\n<link rel=\"canonical\" href=\"https:\/\/label.bet\/bs\/free-bet\/\" \/>\n<meta property=\"og:locale\" content=\"bs_BA\" \/>\n<meta property=\"og:type\" content=\"article\" \/>\n<meta property=\"og:title\" content=\"BetLabel 15% besplatna opklada na prvi depozit \u2013 Iskoristite svoj bonus\" \/>\n<meta property=\"og:description\" content=\"Izvr\u0161ite svoj prvi depozit na BetLabel Bosna i Hercegovina i ostvarite 15% besplatne opklade na osnovu iznosa va\u0161eg depozita. Registrujte se danas i pobolj\u0161ajte svoje sportsko kla\u0111enje dodatnom opkladom.\" \/>\n<meta property=\"og:url\" content=\"https:\/\/label.bet\/bs\/free-bet\/\" \/>\n<meta property=\"og:site_name\" content=\"Betlabel bs\" \/>\n<meta property=\"article:modified_time\" content=\"2026-03-23T11:09:12+00:00\" \/>\n<meta name=\"twitter:card\" content=\"summary_large_image\" \/>\n<script type=\"application\/ld+json\" class=\"yoast-schema-graph\">{\"@context\":\"https:\/\/schema.org\",\"@graph\":[{\"@type\":\"WebPage\",\"@id\":\"https:\/\/label.bet\/bs\/free-bet\/\",\"url\":\"https:\/\/label.bet\/bs\/free-bet\/\",\"name\":\"BetLabel 15% besplatna opklada na prvi depozit \u2013 Iskoristite svoj bonus\",\"isPartOf\":{\"@id\":\"https:\/\/label.bet\/bs\/#website\"},\"datePublished\":\"2026-03-16T08:01:19+00:00\",\"dateModified\":\"2026-03-23T11:09:12+00:00\",\"description\":\"Izvr\u0161ite svoj prvi depozit na BetLabel Bosna i Hercegovina i ostvarite 15% besplatne opklade na osnovu iznosa va\u0161eg depozita. Registrujte se danas i pobolj\u0161ajte svoje sportsko kla\u0111enje dodatnom opkladom.\",\"inLanguage\":\"bs-BA\",\"potentialAction\":[{\"@type\":\"ReadAction\",\"target\":[\"https:\/\/label.bet\/bs\/free-bet\/\"]}]},{\"@type\":\"WebSite\",\"@id\":\"https:\/\/label.bet\/bs\/#website\",\"url\":\"https:\/\/label.bet\/bs\/\",\"name\":\"Betlabel bs\",\"description\":\"\",\"potentialAction\":[{\"@type\":\"SearchAction\",\"target\":{\"@type\":\"EntryPoint\",\"urlTemplate\":\"https:\/\/label.bet\/bs\/?s={search_term_string}\"},\"query-input\":{\"@type\":\"PropertyValueSpecification\",\"valueRequired\":true,\"valueName\":\"search_term_string\"}}],\"inLanguage\":\"bs-BA\"}]}<\/script>\n<!-- \/ Yoast SEO plugin. -->","yoast_head_json":{"title":"BetLabel 15% besplatna opklada na prvi depozit \u2013 Iskoristite svoj bonus","description":"Izvr\u0161ite svoj prvi depozit na BetLabel Bosna i Hercegovina i ostvarite 15% besplatne opklade na osnovu iznosa va\u0161eg depozita. Registrujte se danas i pobolj\u0161ajte svoje sportsko kla\u0111enje dodatnom opkladom.","robots":{"index":"index","follow":"follow","max-snippet":"max-snippet:-1","max-image-preview":"max-image-preview:large","max-video-preview":"max-video-preview:-1"},"canonical":"https:\/\/label.bet\/bs\/free-bet\/","og_locale":"bs_BA","og_type":"article","og_title":"BetLabel 15% besplatna opklada na prvi depozit \u2013 Iskoristite svoj bonus","og_description":"Izvr\u0161ite svoj prvi depozit na BetLabel Bosna i Hercegovina i ostvarite 15% besplatne opklade na osnovu iznosa va\u0161eg depozita. Registrujte se danas i pobolj\u0161ajte svoje sportsko kla\u0111enje dodatnom opkladom.","og_url":"https:\/\/label.bet\/bs\/free-bet\/","og_site_name":"Betlabel bs","article_modified_time":"2026-03-23T11:09:12+00:00","twitter_card":"summary_large_image","schema":{"@context":"https:\/\/schema.org","@graph":[{"@type":"WebPage","@id":"https:\/\/label.bet\/bs\/free-bet\/","url":"https:\/\/label.bet\/bs\/free-bet\/","name":"BetLabel 15% besplatna opklada na prvi depozit \u2013 Iskoristite svoj bonus","isPartOf":{"@id":"https:\/\/label.bet\/bs\/#website"},"datePublished":"2026-03-16T08:01:19+00:00","dateModified":"2026-03-23T11:09:12+00:00","description":"Izvr\u0161ite svoj prvi depozit na BetLabel Bosna i Hercegovina i ostvarite 15% besplatne opklade na osnovu iznosa va\u0161eg depozita. Registrujte se danas i pobolj\u0161ajte svoje sportsko kla\u0111enje dodatnom opkladom.","inLanguage":"bs-BA","potentialAction":[{"@type":"ReadAction","target":["https:\/\/label.bet\/bs\/free-bet\/"]}]},{"@type":"WebSite","@id":"https:\/\/label.bet\/bs\/#website","url":"https:\/\/label.bet\/bs\/","name":"Betlabel bs","description":"","potentialAction":[{"@type":"SearchAction","target":{"@type":"EntryPoint","urlTemplate":"https:\/\/label.bet\/bs\/?s={search_term_string}"},"query-input":{"@type":"PropertyValueSpecification","valueRequired":true,"valueName":"search_term_string"}}],"inLanguage":"bs-BA"}]}},"_links":{"self":[{"href":"https:\/\/label.bet\/bs\/wp-json\/wp\/v2\/pages\/2008","targetHints":{"allow":["GET"]}}],"collection":[{"href":"https:\/\/label.bet\/bs\/wp-json\/wp\/v2\/pages"}],"about":[{"href":"https:\/\/label.bet\/bs\/wp-json\/wp\/v2\/types\/page"}],"author":[{"embeddable":true,"href":"https:\/\/label.bet\/bs\/wp-json\/wp\/v2\/users\/1"}],"replies":[{"embeddable":true,"href":"https:\/\/label.bet\/bs\/wp-json\/wp\/v2\/comments?post=2008"}],"version-history":[{"count":4,"href":"https:\/\/label.bet\/bs\/wp-json\/wp\/v2\/pages\/2008\/revisions"}],"predecessor-version":[{"id":2102,"href":"https:\/\/label.bet\/bs\/wp-json\/wp\/v2\/pages\/2008\/revisions\/2102"}],"wp:attachment":[{"href":"https:\/\/label.bet\/bs\/wp-json\/wp\/v2\/media?parent=2008"}],"curies":[{"name":"wp","href":"https:\/\/api.w.org\/{rel}","templated":true}]}}