{"id":2019,"date":"2026-03-16T12:32:13","date_gmt":"2026-03-16T09:32:13","guid":{"rendered":"https:\/\/label.bet\/bs\/?page_id=2019"},"modified":"2026-03-23T17:09:29","modified_gmt":"2026-03-23T14:09:29","slug":"saturday-bonus","status":"publish","type":"page","link":"https:\/\/label.bet\/bs\/saturday-bonus\/","title":{"rendered":"Subotnji sportski bonus"},"content":{"rendered":"","protected":false},"excerpt":{"rendered":"","protected":false},"author":1,"featured_media":0,"parent":0,"menu_order":0,"comment_status":"closed","ping_status":"closed","template":"","meta":{"_acf_changed":false,"footnotes":""},"class_list":["post-2019","page","type-page","status-publish","hentry"],"acf":[],"yoast_head":"<!-- This site is optimized with the Yoast SEO plugin v26.5 - https:\/\/yoast.com\/wordpress\/plugins\/seo\/ -->\n<title>BetLabel 100% subotnji sportski bonus \u2013 bonus na depozit od 200 BAM<\/title>\n<meta name=\"description\" content=\"Uplatite depozit svake subote na BetLabel Bosna i Hercegovina i ostvarite 100% bonus na sportsko kla\u0111enje do 200 KM. Pove\u0107ajte svoj bankroll i u\u017eivajte u dodatnim sredstvima za kla\u0111enje vikendom.\" \/>\n<meta name=\"robots\" content=\"index, follow, max-snippet:-1, max-image-preview:large, max-video-preview:-1\" \/>\n<link rel=\"canonical\" href=\"https:\/\/label.bet\/bs\/saturday-bonus\/\" \/>\n<meta property=\"og:locale\" content=\"bs_BA\" \/>\n<meta property=\"og:type\" content=\"article\" \/>\n<meta property=\"og:title\" content=\"BetLabel 100% subotnji sportski bonus \u2013 bonus na depozit od 200 BAM\" \/>\n<meta property=\"og:description\" content=\"Uplatite depozit svake subote na BetLabel Bosna i Hercegovina i ostvarite 100% bonus na sportsko kla\u0111enje do 200 KM. Pove\u0107ajte svoj bankroll i u\u017eivajte u dodatnim sredstvima za kla\u0111enje vikendom.\" \/>\n<meta property=\"og:url\" content=\"https:\/\/label.bet\/bs\/saturday-bonus\/\" \/>\n<meta property=\"og:site_name\" content=\"Betlabel bs\" \/>\n<meta property=\"article:modified_time\" content=\"2026-03-23T14:09:29+00:00\" \/>\n<meta name=\"twitter:card\" content=\"summary_large_image\" \/>\n<script type=\"application\/ld+json\" class=\"yoast-schema-graph\">{\"@context\":\"https:\/\/schema.org\",\"@graph\":[{\"@type\":\"WebPage\",\"@id\":\"https:\/\/label.bet\/bs\/saturday-bonus\/\",\"url\":\"https:\/\/label.bet\/bs\/saturday-bonus\/\",\"name\":\"BetLabel 100% subotnji sportski bonus \u2013 bonus na depozit od 200 BAM\",\"isPartOf\":{\"@id\":\"https:\/\/label.bet\/bs\/#website\"},\"datePublished\":\"2026-03-16T09:32:13+00:00\",\"dateModified\":\"2026-03-23T14:09:29+00:00\",\"description\":\"Uplatite depozit svake subote na BetLabel Bosna i Hercegovina i ostvarite 100% bonus na sportsko kla\u0111enje do 200 KM. Pove\u0107ajte svoj bankroll i u\u017eivajte u dodatnim sredstvima za kla\u0111enje vikendom.\",\"inLanguage\":\"bs-BA\",\"potentialAction\":[{\"@type\":\"ReadAction\",\"target\":[\"https:\/\/label.bet\/bs\/saturday-bonus\/\"]}]},{\"@type\":\"WebSite\",\"@id\":\"https:\/\/label.bet\/bs\/#website\",\"url\":\"https:\/\/label.bet\/bs\/\",\"name\":\"Betlabel bs\",\"description\":\"\",\"potentialAction\":[{\"@type\":\"SearchAction\",\"target\":{\"@type\":\"EntryPoint\",\"urlTemplate\":\"https:\/\/label.bet\/bs\/?s={search_term_string}\"},\"query-input\":{\"@type\":\"PropertyValueSpecification\",\"valueRequired\":true,\"valueName\":\"search_term_string\"}}],\"inLanguage\":\"bs-BA\"}]}<\/script>\n<!-- \/ Yoast SEO plugin. -->","yoast_head_json":{"title":"BetLabel 100% subotnji sportski bonus \u2013 bonus na depozit od 200 BAM","description":"Uplatite depozit svake subote na BetLabel Bosna i Hercegovina i ostvarite 100% bonus na sportsko kla\u0111enje do 200 KM. Pove\u0107ajte svoj bankroll i u\u017eivajte u dodatnim sredstvima za kla\u0111enje vikendom.","robots":{"index":"index","follow":"follow","max-snippet":"max-snippet:-1","max-image-preview":"max-image-preview:large","max-video-preview":"max-video-preview:-1"},"canonical":"https:\/\/label.bet\/bs\/saturday-bonus\/","og_locale":"bs_BA","og_type":"article","og_title":"BetLabel 100% subotnji sportski bonus \u2013 bonus na depozit od 200 BAM","og_description":"Uplatite depozit svake subote na BetLabel Bosna i Hercegovina i ostvarite 100% bonus na sportsko kla\u0111enje do 200 KM. Pove\u0107ajte svoj bankroll i u\u017eivajte u dodatnim sredstvima za kla\u0111enje vikendom.","og_url":"https:\/\/label.bet\/bs\/saturday-bonus\/","og_site_name":"Betlabel bs","article_modified_time":"2026-03-23T14:09:29+00:00","twitter_card":"summary_large_image","schema":{"@context":"https:\/\/schema.org","@graph":[{"@type":"WebPage","@id":"https:\/\/label.bet\/bs\/saturday-bonus\/","url":"https:\/\/label.bet\/bs\/saturday-bonus\/","name":"BetLabel 100% subotnji sportski bonus \u2013 bonus na depozit od 200 BAM","isPartOf":{"@id":"https:\/\/label.bet\/bs\/#website"},"datePublished":"2026-03-16T09:32:13+00:00","dateModified":"2026-03-23T14:09:29+00:00","description":"Uplatite depozit svake subote na BetLabel Bosna i Hercegovina i ostvarite 100% bonus na sportsko kla\u0111enje do 200 KM. Pove\u0107ajte svoj bankroll i u\u017eivajte u dodatnim sredstvima za kla\u0111enje vikendom.","inLanguage":"bs-BA","potentialAction":[{"@type":"ReadAction","target":["https:\/\/label.bet\/bs\/saturday-bonus\/"]}]},{"@type":"WebSite","@id":"https:\/\/label.bet\/bs\/#website","url":"https:\/\/label.bet\/bs\/","name":"Betlabel bs","description":"","potentialAction":[{"@type":"SearchAction","target":{"@type":"EntryPoint","urlTemplate":"https:\/\/label.bet\/bs\/?s={search_term_string}"},"query-input":{"@type":"PropertyValueSpecification","valueRequired":true,"valueName":"search_term_string"}}],"inLanguage":"bs-BA"}]}},"_links":{"self":[{"href":"https:\/\/label.bet\/bs\/wp-json\/wp\/v2\/pages\/2019","targetHints":{"allow":["GET"]}}],"collection":[{"href":"https:\/\/label.bet\/bs\/wp-json\/wp\/v2\/pages"}],"about":[{"href":"https:\/\/label.bet\/bs\/wp-json\/wp\/v2\/types\/page"}],"author":[{"embeddable":true,"href":"https:\/\/label.bet\/bs\/wp-json\/wp\/v2\/users\/1"}],"replies":[{"embeddable":true,"href":"https:\/\/label.bet\/bs\/wp-json\/wp\/v2\/comments?post=2019"}],"version-history":[{"count":3,"href":"https:\/\/label.bet\/bs\/wp-json\/wp\/v2\/pages\/2019\/revisions"}],"predecessor-version":[{"id":2120,"href":"https:\/\/label.bet\/bs\/wp-json\/wp\/v2\/pages\/2019\/revisions\/2120"}],"wp:attachment":[{"href":"https:\/\/label.bet\/bs\/wp-json\/wp\/v2\/media?parent=2019"}],"curies":[{"name":"wp","href":"https:\/\/api.w.org\/{rel}","templated":true}]}}