{"id":2022,"date":"2026-03-16T12:48:19","date_gmt":"2026-03-16T09:48:19","guid":{"rendered":"https:\/\/label.bet\/bs\/?page_id=2022"},"modified":"2026-03-23T18:35:03","modified_gmt":"2026-03-23T15:35:03","slug":"wednesday-bonus","status":"publish","type":"page","link":"https:\/\/label.bet\/bs\/wednesday-bonus\/","title":{"rendered":"Bonus u srijedu"},"content":{"rendered":"","protected":false},"excerpt":{"rendered":"","protected":false},"author":1,"featured_media":0,"parent":0,"menu_order":0,"comment_status":"closed","ping_status":"closed","template":"","meta":{"_acf_changed":false,"footnotes":""},"class_list":["post-2022","page","type-page","status-publish","hentry"],"acf":[],"yoast_head":"<!-- This site is optimized with the Yoast SEO plugin v26.5 - https:\/\/yoast.com\/wordpress\/plugins\/seo\/ -->\n<title>BetLabel 50% bonus srijedom \u2013 bonus na depozit od 600 BAM<\/title>\n<meta name=\"description\" content=\"Uplatite depozit srijedom na BetLabel Bosna i Hercegovina i ostvarite bonus od 50% do 600 KM. Pove\u0107ajte svoj bankroll sredinom sedmice i u\u017eivajte u dodatnim sredstvima za sportsko kla\u0111enje svake srijede.\" \/>\n<meta name=\"robots\" content=\"index, follow, max-snippet:-1, max-image-preview:large, max-video-preview:-1\" \/>\n<link rel=\"canonical\" href=\"https:\/\/label.bet\/bs\/wednesday-bonus\/\" \/>\n<meta property=\"og:locale\" content=\"bs_BA\" \/>\n<meta property=\"og:type\" content=\"article\" \/>\n<meta property=\"og:title\" content=\"BetLabel 50% bonus srijedom \u2013 bonus na depozit od 600 BAM\" \/>\n<meta property=\"og:description\" content=\"Uplatite depozit srijedom na BetLabel Bosna i Hercegovina i ostvarite bonus od 50% do 600 KM. Pove\u0107ajte svoj bankroll sredinom sedmice i u\u017eivajte u dodatnim sredstvima za sportsko kla\u0111enje svake srijede.\" \/>\n<meta property=\"og:url\" content=\"https:\/\/label.bet\/bs\/wednesday-bonus\/\" \/>\n<meta property=\"og:site_name\" content=\"Betlabel bs\" \/>\n<meta property=\"article:modified_time\" content=\"2026-03-23T15:35:03+00:00\" \/>\n<meta name=\"twitter:card\" content=\"summary_large_image\" \/>\n<script type=\"application\/ld+json\" class=\"yoast-schema-graph\">{\"@context\":\"https:\/\/schema.org\",\"@graph\":[{\"@type\":\"WebPage\",\"@id\":\"https:\/\/label.bet\/bs\/wednesday-bonus\/\",\"url\":\"https:\/\/label.bet\/bs\/wednesday-bonus\/\",\"name\":\"BetLabel 50% bonus srijedom \u2013 bonus na depozit od 600 BAM\",\"isPartOf\":{\"@id\":\"https:\/\/label.bet\/bs\/#website\"},\"datePublished\":\"2026-03-16T09:48:19+00:00\",\"dateModified\":\"2026-03-23T15:35:03+00:00\",\"description\":\"Uplatite depozit srijedom na BetLabel Bosna i Hercegovina i ostvarite bonus od 50% do 600 KM. Pove\u0107ajte svoj bankroll sredinom sedmice i u\u017eivajte u dodatnim sredstvima za sportsko kla\u0111enje svake srijede.\",\"inLanguage\":\"bs-BA\",\"potentialAction\":[{\"@type\":\"ReadAction\",\"target\":[\"https:\/\/label.bet\/bs\/wednesday-bonus\/\"]}]},{\"@type\":\"WebSite\",\"@id\":\"https:\/\/label.bet\/bs\/#website\",\"url\":\"https:\/\/label.bet\/bs\/\",\"name\":\"Betlabel bs\",\"description\":\"\",\"potentialAction\":[{\"@type\":\"SearchAction\",\"target\":{\"@type\":\"EntryPoint\",\"urlTemplate\":\"https:\/\/label.bet\/bs\/?s={search_term_string}\"},\"query-input\":{\"@type\":\"PropertyValueSpecification\",\"valueRequired\":true,\"valueName\":\"search_term_string\"}}],\"inLanguage\":\"bs-BA\"}]}<\/script>\n<!-- \/ Yoast SEO plugin. -->","yoast_head_json":{"title":"BetLabel 50% bonus srijedom \u2013 bonus na depozit od 600 BAM","description":"Uplatite depozit srijedom na BetLabel Bosna i Hercegovina i ostvarite bonus od 50% do 600 KM. Pove\u0107ajte svoj bankroll sredinom sedmice i u\u017eivajte u dodatnim sredstvima za sportsko kla\u0111enje svake srijede.","robots":{"index":"index","follow":"follow","max-snippet":"max-snippet:-1","max-image-preview":"max-image-preview:large","max-video-preview":"max-video-preview:-1"},"canonical":"https:\/\/label.bet\/bs\/wednesday-bonus\/","og_locale":"bs_BA","og_type":"article","og_title":"BetLabel 50% bonus srijedom \u2013 bonus na depozit od 600 BAM","og_description":"Uplatite depozit srijedom na BetLabel Bosna i Hercegovina i ostvarite bonus od 50% do 600 KM. Pove\u0107ajte svoj bankroll sredinom sedmice i u\u017eivajte u dodatnim sredstvima za sportsko kla\u0111enje svake srijede.","og_url":"https:\/\/label.bet\/bs\/wednesday-bonus\/","og_site_name":"Betlabel bs","article_modified_time":"2026-03-23T15:35:03+00:00","twitter_card":"summary_large_image","schema":{"@context":"https:\/\/schema.org","@graph":[{"@type":"WebPage","@id":"https:\/\/label.bet\/bs\/wednesday-bonus\/","url":"https:\/\/label.bet\/bs\/wednesday-bonus\/","name":"BetLabel 50% bonus srijedom \u2013 bonus na depozit od 600 BAM","isPartOf":{"@id":"https:\/\/label.bet\/bs\/#website"},"datePublished":"2026-03-16T09:48:19+00:00","dateModified":"2026-03-23T15:35:03+00:00","description":"Uplatite depozit srijedom na BetLabel Bosna i Hercegovina i ostvarite bonus od 50% do 600 KM. Pove\u0107ajte svoj bankroll sredinom sedmice i u\u017eivajte u dodatnim sredstvima za sportsko kla\u0111enje svake srijede.","inLanguage":"bs-BA","potentialAction":[{"@type":"ReadAction","target":["https:\/\/label.bet\/bs\/wednesday-bonus\/"]}]},{"@type":"WebSite","@id":"https:\/\/label.bet\/bs\/#website","url":"https:\/\/label.bet\/bs\/","name":"Betlabel bs","description":"","potentialAction":[{"@type":"SearchAction","target":{"@type":"EntryPoint","urlTemplate":"https:\/\/label.bet\/bs\/?s={search_term_string}"},"query-input":{"@type":"PropertyValueSpecification","valueRequired":true,"valueName":"search_term_string"}}],"inLanguage":"bs-BA"}]}},"_links":{"self":[{"href":"https:\/\/label.bet\/bs\/wp-json\/wp\/v2\/pages\/2022","targetHints":{"allow":["GET"]}}],"collection":[{"href":"https:\/\/label.bet\/bs\/wp-json\/wp\/v2\/pages"}],"about":[{"href":"https:\/\/label.bet\/bs\/wp-json\/wp\/v2\/types\/page"}],"author":[{"embeddable":true,"href":"https:\/\/label.bet\/bs\/wp-json\/wp\/v2\/users\/1"}],"replies":[{"embeddable":true,"href":"https:\/\/label.bet\/bs\/wp-json\/wp\/v2\/comments?post=2022"}],"version-history":[{"count":5,"href":"https:\/\/label.bet\/bs\/wp-json\/wp\/v2\/pages\/2022\/revisions"}],"predecessor-version":[{"id":2137,"href":"https:\/\/label.bet\/bs\/wp-json\/wp\/v2\/pages\/2022\/revisions\/2137"}],"wp:attachment":[{"href":"https:\/\/label.bet\/bs\/wp-json\/wp\/v2\/media?parent=2022"}],"curies":[{"name":"wp","href":"https:\/\/api.w.org\/{rel}","templated":true}]}}