{"id":2027,"date":"2026-03-16T13:17:17","date_gmt":"2026-03-16T10:17:17","guid":{"rendered":"https:\/\/label.bet\/bs\/?page_id=2027"},"modified":"2026-03-23T12:25:51","modified_gmt":"2026-03-23T09:25:51","slug":"accumulator-insurance","status":"publish","type":"page","link":"https:\/\/label.bet\/bs\/accumulator-insurance\/","title":{"rendered":"Akumulatorsko osiguranje"},"content":{"rendered":"","protected":false},"excerpt":{"rendered":"","protected":false},"author":1,"featured_media":0,"parent":0,"menu_order":0,"comment_status":"closed","ping_status":"closed","template":"","meta":{"_acf_changed":false,"footnotes":""},"class_list":["post-2027","page","type-page","status-publish","hentry"],"acf":[],"yoast_head":"<!-- This site is optimized with the Yoast SEO plugin v26.5 - https:\/\/yoast.com\/wordpress\/plugins\/seo\/ -->\n<title>BetLabel akumulatorsko osiguranje \u2013 ostvarite 100% povrata opklade<\/title>\n<meta name=\"description\" content=\"Kladite se na akumulatore sa 7+ odabira na BetLabelu Bosna i Hercegovina i u\u017eivajte u 100% osiguranju akumulatora. Ako samo jedan odabir izgubi, va\u0161 ulog se vra\u0107a. Uklju\u010dene su opklade prije utakmice i u\u017eivo opklade.\" \/>\n<meta name=\"robots\" content=\"index, follow, max-snippet:-1, max-image-preview:large, max-video-preview:-1\" \/>\n<link rel=\"canonical\" href=\"https:\/\/label.bet\/bs\/accumulator-insurance\/\" \/>\n<meta property=\"og:locale\" content=\"bs_BA\" \/>\n<meta property=\"og:type\" content=\"article\" \/>\n<meta property=\"og:title\" content=\"BetLabel akumulatorsko osiguranje \u2013 ostvarite 100% povrata opklade\" \/>\n<meta property=\"og:description\" content=\"Kladite se na akumulatore sa 7+ odabira na BetLabelu Bosna i Hercegovina i u\u017eivajte u 100% osiguranju akumulatora. Ako samo jedan odabir izgubi, va\u0161 ulog se vra\u0107a. Uklju\u010dene su opklade prije utakmice i u\u017eivo opklade.\" \/>\n<meta property=\"og:url\" content=\"https:\/\/label.bet\/bs\/accumulator-insurance\/\" \/>\n<meta property=\"og:site_name\" content=\"Betlabel bs\" \/>\n<meta property=\"article:modified_time\" content=\"2026-03-23T09:25:51+00:00\" \/>\n<meta name=\"twitter:card\" content=\"summary_large_image\" \/>\n<script type=\"application\/ld+json\" class=\"yoast-schema-graph\">{\"@context\":\"https:\/\/schema.org\",\"@graph\":[{\"@type\":\"WebPage\",\"@id\":\"https:\/\/label.bet\/bs\/accumulator-insurance\/\",\"url\":\"https:\/\/label.bet\/bs\/accumulator-insurance\/\",\"name\":\"BetLabel akumulatorsko osiguranje \u2013 ostvarite 100% povrata opklade\",\"isPartOf\":{\"@id\":\"https:\/\/label.bet\/bs\/#website\"},\"datePublished\":\"2026-03-16T10:17:17+00:00\",\"dateModified\":\"2026-03-23T09:25:51+00:00\",\"description\":\"Kladite se na akumulatore sa 7+ odabira na BetLabelu Bosna i Hercegovina i u\u017eivajte u 100% osiguranju akumulatora. Ako samo jedan odabir izgubi, va\u0161 ulog se vra\u0107a. Uklju\u010dene su opklade prije utakmice i u\u017eivo opklade.\",\"inLanguage\":\"bs-BA\",\"potentialAction\":[{\"@type\":\"ReadAction\",\"target\":[\"https:\/\/label.bet\/bs\/accumulator-insurance\/\"]}]},{\"@type\":\"WebSite\",\"@id\":\"https:\/\/label.bet\/bs\/#website\",\"url\":\"https:\/\/label.bet\/bs\/\",\"name\":\"Betlabel bs\",\"description\":\"\",\"potentialAction\":[{\"@type\":\"SearchAction\",\"target\":{\"@type\":\"EntryPoint\",\"urlTemplate\":\"https:\/\/label.bet\/bs\/?s={search_term_string}\"},\"query-input\":{\"@type\":\"PropertyValueSpecification\",\"valueRequired\":true,\"valueName\":\"search_term_string\"}}],\"inLanguage\":\"bs-BA\"}]}<\/script>\n<!-- \/ Yoast SEO plugin. -->","yoast_head_json":{"title":"BetLabel akumulatorsko osiguranje \u2013 ostvarite 100% povrata opklade","description":"Kladite se na akumulatore sa 7+ odabira na BetLabelu Bosna i Hercegovina i u\u017eivajte u 100% osiguranju akumulatora. Ako samo jedan odabir izgubi, va\u0161 ulog se vra\u0107a. Uklju\u010dene su opklade prije utakmice i u\u017eivo opklade.","robots":{"index":"index","follow":"follow","max-snippet":"max-snippet:-1","max-image-preview":"max-image-preview:large","max-video-preview":"max-video-preview:-1"},"canonical":"https:\/\/label.bet\/bs\/accumulator-insurance\/","og_locale":"bs_BA","og_type":"article","og_title":"BetLabel akumulatorsko osiguranje \u2013 ostvarite 100% povrata opklade","og_description":"Kladite se na akumulatore sa 7+ odabira na BetLabelu Bosna i Hercegovina i u\u017eivajte u 100% osiguranju akumulatora. Ako samo jedan odabir izgubi, va\u0161 ulog se vra\u0107a. Uklju\u010dene su opklade prije utakmice i u\u017eivo opklade.","og_url":"https:\/\/label.bet\/bs\/accumulator-insurance\/","og_site_name":"Betlabel bs","article_modified_time":"2026-03-23T09:25:51+00:00","twitter_card":"summary_large_image","schema":{"@context":"https:\/\/schema.org","@graph":[{"@type":"WebPage","@id":"https:\/\/label.bet\/bs\/accumulator-insurance\/","url":"https:\/\/label.bet\/bs\/accumulator-insurance\/","name":"BetLabel akumulatorsko osiguranje \u2013 ostvarite 100% povrata opklade","isPartOf":{"@id":"https:\/\/label.bet\/bs\/#website"},"datePublished":"2026-03-16T10:17:17+00:00","dateModified":"2026-03-23T09:25:51+00:00","description":"Kladite se na akumulatore sa 7+ odabira na BetLabelu Bosna i Hercegovina i u\u017eivajte u 100% osiguranju akumulatora. Ako samo jedan odabir izgubi, va\u0161 ulog se vra\u0107a. Uklju\u010dene su opklade prije utakmice i u\u017eivo opklade.","inLanguage":"bs-BA","potentialAction":[{"@type":"ReadAction","target":["https:\/\/label.bet\/bs\/accumulator-insurance\/"]}]},{"@type":"WebSite","@id":"https:\/\/label.bet\/bs\/#website","url":"https:\/\/label.bet\/bs\/","name":"Betlabel bs","description":"","potentialAction":[{"@type":"SearchAction","target":{"@type":"EntryPoint","urlTemplate":"https:\/\/label.bet\/bs\/?s={search_term_string}"},"query-input":{"@type":"PropertyValueSpecification","valueRequired":true,"valueName":"search_term_string"}}],"inLanguage":"bs-BA"}]}},"_links":{"self":[{"href":"https:\/\/label.bet\/bs\/wp-json\/wp\/v2\/pages\/2027","targetHints":{"allow":["GET"]}}],"collection":[{"href":"https:\/\/label.bet\/bs\/wp-json\/wp\/v2\/pages"}],"about":[{"href":"https:\/\/label.bet\/bs\/wp-json\/wp\/v2\/types\/page"}],"author":[{"embeddable":true,"href":"https:\/\/label.bet\/bs\/wp-json\/wp\/v2\/users\/1"}],"replies":[{"embeddable":true,"href":"https:\/\/label.bet\/bs\/wp-json\/wp\/v2\/comments?post=2027"}],"version-history":[{"count":5,"href":"https:\/\/label.bet\/bs\/wp-json\/wp\/v2\/pages\/2027\/revisions"}],"predecessor-version":[{"id":2084,"href":"https:\/\/label.bet\/bs\/wp-json\/wp\/v2\/pages\/2027\/revisions\/2084"}],"wp:attachment":[{"href":"https:\/\/label.bet\/bs\/wp-json\/wp\/v2\/media?parent=2027"}],"curies":[{"name":"wp","href":"https:\/\/api.w.org\/{rel}","templated":true}]}}