{"id":2031,"date":"2026-03-16T13:36:20","date_gmt":"2026-03-16T10:36:20","guid":{"rendered":"https:\/\/label.bet\/bs\/?page_id=2031"},"modified":"2026-03-23T18:22:43","modified_gmt":"2026-03-23T15:22:43","slug":"tuesday-cashback","status":"publish","type":"page","link":"https:\/\/label.bet\/bs\/tuesday-cashback\/","title":{"rendered":"Povrat novca utorkom"},"content":{"rendered":"","protected":false},"excerpt":{"rendered":"","protected":false},"author":1,"featured_media":0,"parent":0,"menu_order":0,"comment_status":"closed","ping_status":"closed","template":"","meta":{"_acf_changed":false,"footnotes":""},"class_list":["post-2031","page","type-page","status-publish","hentry"],"acf":[],"yoast_head":"<!-- This site is optimized with the Yoast SEO plugin v26.5 - https:\/\/yoast.com\/wordpress\/plugins\/seo\/ -->\n<title>BetLabel 3% povrata novca utorkom \u2013 ostvarite sedmi\u010dni povrat novca<\/title>\n<meta name=\"description\" content=\"Kladite se tokom cijele sedmice na BetLabel Bosna i Hercegovina i ostvarite povrat novca od 3% svakog utorka na ukupan ulog va\u0161ih opklada. Ostanite aktivni i pove\u0107ajte svoj bankroll uz ovu sedmi\u010dnu nagradu.\" \/>\n<meta name=\"robots\" content=\"index, follow, max-snippet:-1, max-image-preview:large, max-video-preview:-1\" \/>\n<link rel=\"canonical\" href=\"https:\/\/label.bet\/bs\/tuesday-cashback\/\" \/>\n<meta property=\"og:locale\" content=\"bs_BA\" \/>\n<meta property=\"og:type\" content=\"article\" \/>\n<meta property=\"og:title\" content=\"BetLabel 3% povrata novca utorkom \u2013 ostvarite sedmi\u010dni povrat novca\" \/>\n<meta property=\"og:description\" content=\"Kladite se tokom cijele sedmice na BetLabel Bosna i Hercegovina i ostvarite povrat novca od 3% svakog utorka na ukupan ulog va\u0161ih opklada. Ostanite aktivni i pove\u0107ajte svoj bankroll uz ovu sedmi\u010dnu nagradu.\" \/>\n<meta property=\"og:url\" content=\"https:\/\/label.bet\/bs\/tuesday-cashback\/\" \/>\n<meta property=\"og:site_name\" content=\"Betlabel bs\" \/>\n<meta property=\"article:modified_time\" content=\"2026-03-23T15:22:43+00:00\" \/>\n<meta name=\"twitter:card\" content=\"summary_large_image\" \/>\n<script type=\"application\/ld+json\" class=\"yoast-schema-graph\">{\"@context\":\"https:\/\/schema.org\",\"@graph\":[{\"@type\":\"WebPage\",\"@id\":\"https:\/\/label.bet\/bs\/tuesday-cashback\/\",\"url\":\"https:\/\/label.bet\/bs\/tuesday-cashback\/\",\"name\":\"BetLabel 3% povrata novca utorkom \u2013 ostvarite sedmi\u010dni povrat novca\",\"isPartOf\":{\"@id\":\"https:\/\/label.bet\/bs\/#website\"},\"datePublished\":\"2026-03-16T10:36:20+00:00\",\"dateModified\":\"2026-03-23T15:22:43+00:00\",\"description\":\"Kladite se tokom cijele sedmice na BetLabel Bosna i Hercegovina i ostvarite povrat novca od 3% svakog utorka na ukupan ulog va\u0161ih opklada. Ostanite aktivni i pove\u0107ajte svoj bankroll uz ovu sedmi\u010dnu nagradu.\",\"inLanguage\":\"bs-BA\",\"potentialAction\":[{\"@type\":\"ReadAction\",\"target\":[\"https:\/\/label.bet\/bs\/tuesday-cashback\/\"]}]},{\"@type\":\"WebSite\",\"@id\":\"https:\/\/label.bet\/bs\/#website\",\"url\":\"https:\/\/label.bet\/bs\/\",\"name\":\"Betlabel bs\",\"description\":\"\",\"potentialAction\":[{\"@type\":\"SearchAction\",\"target\":{\"@type\":\"EntryPoint\",\"urlTemplate\":\"https:\/\/label.bet\/bs\/?s={search_term_string}\"},\"query-input\":{\"@type\":\"PropertyValueSpecification\",\"valueRequired\":true,\"valueName\":\"search_term_string\"}}],\"inLanguage\":\"bs-BA\"}]}<\/script>\n<!-- \/ Yoast SEO plugin. -->","yoast_head_json":{"title":"BetLabel 3% povrata novca utorkom \u2013 ostvarite sedmi\u010dni povrat novca","description":"Kladite se tokom cijele sedmice na BetLabel Bosna i Hercegovina i ostvarite povrat novca od 3% svakog utorka na ukupan ulog va\u0161ih opklada. Ostanite aktivni i pove\u0107ajte svoj bankroll uz ovu sedmi\u010dnu nagradu.","robots":{"index":"index","follow":"follow","max-snippet":"max-snippet:-1","max-image-preview":"max-image-preview:large","max-video-preview":"max-video-preview:-1"},"canonical":"https:\/\/label.bet\/bs\/tuesday-cashback\/","og_locale":"bs_BA","og_type":"article","og_title":"BetLabel 3% povrata novca utorkom \u2013 ostvarite sedmi\u010dni povrat novca","og_description":"Kladite se tokom cijele sedmice na BetLabel Bosna i Hercegovina i ostvarite povrat novca od 3% svakog utorka na ukupan ulog va\u0161ih opklada. Ostanite aktivni i pove\u0107ajte svoj bankroll uz ovu sedmi\u010dnu nagradu.","og_url":"https:\/\/label.bet\/bs\/tuesday-cashback\/","og_site_name":"Betlabel bs","article_modified_time":"2026-03-23T15:22:43+00:00","twitter_card":"summary_large_image","schema":{"@context":"https:\/\/schema.org","@graph":[{"@type":"WebPage","@id":"https:\/\/label.bet\/bs\/tuesday-cashback\/","url":"https:\/\/label.bet\/bs\/tuesday-cashback\/","name":"BetLabel 3% povrata novca utorkom \u2013 ostvarite sedmi\u010dni povrat novca","isPartOf":{"@id":"https:\/\/label.bet\/bs\/#website"},"datePublished":"2026-03-16T10:36:20+00:00","dateModified":"2026-03-23T15:22:43+00:00","description":"Kladite se tokom cijele sedmice na BetLabel Bosna i Hercegovina i ostvarite povrat novca od 3% svakog utorka na ukupan ulog va\u0161ih opklada. Ostanite aktivni i pove\u0107ajte svoj bankroll uz ovu sedmi\u010dnu nagradu.","inLanguage":"bs-BA","potentialAction":[{"@type":"ReadAction","target":["https:\/\/label.bet\/bs\/tuesday-cashback\/"]}]},{"@type":"WebSite","@id":"https:\/\/label.bet\/bs\/#website","url":"https:\/\/label.bet\/bs\/","name":"Betlabel bs","description":"","potentialAction":[{"@type":"SearchAction","target":{"@type":"EntryPoint","urlTemplate":"https:\/\/label.bet\/bs\/?s={search_term_string}"},"query-input":{"@type":"PropertyValueSpecification","valueRequired":true,"valueName":"search_term_string"}}],"inLanguage":"bs-BA"}]}},"_links":{"self":[{"href":"https:\/\/label.bet\/bs\/wp-json\/wp\/v2\/pages\/2031","targetHints":{"allow":["GET"]}}],"collection":[{"href":"https:\/\/label.bet\/bs\/wp-json\/wp\/v2\/pages"}],"about":[{"href":"https:\/\/label.bet\/bs\/wp-json\/wp\/v2\/types\/page"}],"author":[{"embeddable":true,"href":"https:\/\/label.bet\/bs\/wp-json\/wp\/v2\/users\/1"}],"replies":[{"embeddable":true,"href":"https:\/\/label.bet\/bs\/wp-json\/wp\/v2\/comments?post=2031"}],"version-history":[{"count":3,"href":"https:\/\/label.bet\/bs\/wp-json\/wp\/v2\/pages\/2031\/revisions"}],"predecessor-version":[{"id":2128,"href":"https:\/\/label.bet\/bs\/wp-json\/wp\/v2\/pages\/2031\/revisions\/2128"}],"wp:attachment":[{"href":"https:\/\/label.bet\/bs\/wp-json\/wp\/v2\/media?parent=2031"}],"curies":[{"name":"wp","href":"https:\/\/api.w.org\/{rel}","templated":true}]}}