{"id":1646,"date":"2025-12-30T10:08:42","date_gmt":"2025-12-30T07:08:42","guid":{"rendered":"https:\/\/label.bet\/ch\/?page_id=1646"},"modified":"2026-03-05T19:18:15","modified_gmt":"2026-03-05T16:18:15","slug":"login","status":"publish","type":"page","link":"https:\/\/label.bet\/ch\/login\/","title":{"rendered":"Anmelden"},"content":{"rendered":"","protected":false},"excerpt":{"rendered":"","protected":false},"author":1,"featured_media":0,"parent":0,"menu_order":0,"comment_status":"closed","ping_status":"closed","template":"","meta":{"_acf_changed":false,"footnotes":""},"class_list":["post-1646","page","type-page","status-publish","hentry"],"acf":[],"yoast_head":"<!-- This site is optimized with the Yoast SEO plugin v26.5 - https:\/\/yoast.com\/wordpress\/plugins\/seo\/ -->\n<title>BetLabel Schweiz Login \u1409 Anleitung und Tipps zum Konto-Login<\/title>\n<meta name=\"description\" content=\"So melden Sie sich schnell und sicher bei Ihrem BetLabel-Konto an. Ausf\u00fchrliche Anleitung zur Anmeldung, Autorisierungsmethoden und L\u00f6sungen f\u00fcr h\u00e4ufig auftretende Probleme bei BetLabel.\" \/>\n<meta name=\"robots\" content=\"index, follow, max-snippet:-1, max-image-preview:large, max-video-preview:-1\" \/>\n<meta property=\"og:locale\" content=\"de_DE\" \/>\n<meta property=\"og:type\" content=\"article\" \/>\n<meta property=\"og:title\" content=\"BetLabel Schweiz Login \u1409 Anleitung und Tipps zum Konto-Login\" \/>\n<meta property=\"og:description\" content=\"So melden Sie sich schnell und sicher bei Ihrem BetLabel-Konto an. Ausf\u00fchrliche Anleitung zur Anmeldung, Autorisierungsmethoden und L\u00f6sungen f\u00fcr h\u00e4ufig auftretende Probleme bei BetLabel.\" \/>\n<meta property=\"og:url\" content=\"https:\/\/label.bet\/ch\/login\/\" \/>\n<meta property=\"og:site_name\" content=\"Betlabel ch\" \/>\n<meta property=\"article:modified_time\" content=\"2026-03-05T16:18:15+00:00\" \/>\n<meta name=\"twitter:card\" content=\"summary_large_image\" \/>\n<script type=\"application\/ld+json\" class=\"yoast-schema-graph\">{\"@context\":\"https:\/\/schema.org\",\"@graph\":[{\"@type\":\"WebPage\",\"@id\":\"https:\/\/label.bet\/ch\/login\/\",\"url\":\"https:\/\/label.bet\/ch\/login\/\",\"name\":\"BetLabel Schweiz Login \u1409 Anleitung und Tipps zum Konto-Login\",\"isPartOf\":{\"@id\":\"https:\/\/label.bet\/ch\/#website\"},\"datePublished\":\"2025-12-30T07:08:42+00:00\",\"dateModified\":\"2026-03-05T16:18:15+00:00\",\"description\":\"So melden Sie sich schnell und sicher bei Ihrem BetLabel-Konto an. Ausf\u00fchrliche Anleitung zur Anmeldung, Autorisierungsmethoden und L\u00f6sungen f\u00fcr h\u00e4ufig auftretende Probleme bei BetLabel.\",\"inLanguage\":\"de-CH\",\"potentialAction\":[{\"@type\":\"ReadAction\",\"target\":[\"https:\/\/label.bet\/ch\/login\/\"]}]},{\"@type\":\"WebSite\",\"@id\":\"https:\/\/label.bet\/ch\/#website\",\"url\":\"https:\/\/label.bet\/ch\/\",\"name\":\"Betlabel ch\",\"description\":\"\",\"potentialAction\":[{\"@type\":\"SearchAction\",\"target\":{\"@type\":\"EntryPoint\",\"urlTemplate\":\"https:\/\/label.bet\/ch\/?s={search_term_string}\"},\"query-input\":{\"@type\":\"PropertyValueSpecification\",\"valueRequired\":true,\"valueName\":\"search_term_string\"}}],\"inLanguage\":\"de-CH\"}]}<\/script>\n<!-- \/ Yoast SEO plugin. -->","yoast_head_json":{"title":"BetLabel Schweiz Login \u1409 Anleitung und Tipps zum Konto-Login","description":"So melden Sie sich schnell und sicher bei Ihrem BetLabel-Konto an. Ausf\u00fchrliche Anleitung zur Anmeldung, Autorisierungsmethoden und L\u00f6sungen f\u00fcr h\u00e4ufig auftretende Probleme bei BetLabel.","robots":{"index":"index","follow":"follow","max-snippet":"max-snippet:-1","max-image-preview":"max-image-preview:large","max-video-preview":"max-video-preview:-1"},"og_locale":"de_DE","og_type":"article","og_title":"BetLabel Schweiz Login \u1409 Anleitung und Tipps zum Konto-Login","og_description":"So melden Sie sich schnell und sicher bei Ihrem BetLabel-Konto an. Ausf\u00fchrliche Anleitung zur Anmeldung, Autorisierungsmethoden und L\u00f6sungen f\u00fcr h\u00e4ufig auftretende Probleme bei BetLabel.","og_url":"https:\/\/label.bet\/ch\/login\/","og_site_name":"Betlabel ch","article_modified_time":"2026-03-05T16:18:15+00:00","twitter_card":"summary_large_image","schema":{"@context":"https:\/\/schema.org","@graph":[{"@type":"WebPage","@id":"https:\/\/label.bet\/ch\/login\/","url":"https:\/\/label.bet\/ch\/login\/","name":"BetLabel Schweiz Login \u1409 Anleitung und Tipps zum Konto-Login","isPartOf":{"@id":"https:\/\/label.bet\/ch\/#website"},"datePublished":"2025-12-30T07:08:42+00:00","dateModified":"2026-03-05T16:18:15+00:00","description":"So melden Sie sich schnell und sicher bei Ihrem BetLabel-Konto an. Ausf\u00fchrliche Anleitung zur Anmeldung, Autorisierungsmethoden und L\u00f6sungen f\u00fcr h\u00e4ufig auftretende Probleme bei BetLabel.","inLanguage":"de-CH","potentialAction":[{"@type":"ReadAction","target":["https:\/\/label.bet\/ch\/login\/"]}]},{"@type":"WebSite","@id":"https:\/\/label.bet\/ch\/#website","url":"https:\/\/label.bet\/ch\/","name":"Betlabel ch","description":"","potentialAction":[{"@type":"SearchAction","target":{"@type":"EntryPoint","urlTemplate":"https:\/\/label.bet\/ch\/?s={search_term_string}"},"query-input":{"@type":"PropertyValueSpecification","valueRequired":true,"valueName":"search_term_string"}}],"inLanguage":"de-CH"}]}},"_links":{"self":[{"href":"https:\/\/label.bet\/ch\/wp-json\/wp\/v2\/pages\/1646","targetHints":{"allow":["GET"]}}],"collection":[{"href":"https:\/\/label.bet\/ch\/wp-json\/wp\/v2\/pages"}],"about":[{"href":"https:\/\/label.bet\/ch\/wp-json\/wp\/v2\/types\/page"}],"author":[{"embeddable":true,"href":"https:\/\/label.bet\/ch\/wp-json\/wp\/v2\/users\/1"}],"replies":[{"embeddable":true,"href":"https:\/\/label.bet\/ch\/wp-json\/wp\/v2\/comments?post=1646"}],"version-history":[{"count":5,"href":"https:\/\/label.bet\/ch\/wp-json\/wp\/v2\/pages\/1646\/revisions"}],"predecessor-version":[{"id":2039,"href":"https:\/\/label.bet\/ch\/wp-json\/wp\/v2\/pages\/1646\/revisions\/2039"}],"wp:attachment":[{"href":"https:\/\/label.bet\/ch\/wp-json\/wp\/v2\/media?parent=1646"}],"curies":[{"name":"wp","href":"https:\/\/api.w.org\/{rel}","templated":true}]}}