{"id":1679,"date":"2026-01-02T15:08:59","date_gmt":"2026-01-02T12:08:59","guid":{"rendered":"https:\/\/label.bet\/ch\/?page_id=1679"},"modified":"2026-03-10T19:10:40","modified_gmt":"2026-03-10T16:10:40","slug":"partners","status":"publish","type":"page","link":"https:\/\/label.bet\/ch\/partners\/","title":{"rendered":"Partner"},"content":{"rendered":"","protected":false},"excerpt":{"rendered":"","protected":false},"author":1,"featured_media":0,"parent":0,"menu_order":0,"comment_status":"closed","ping_status":"closed","template":"","meta":{"_acf_changed":false,"footnotes":""},"class_list":["post-1679","page","type-page","status-publish","hentry"],"acf":[],"yoast_head":"<!-- This site is optimized with the Yoast SEO plugin v26.5 - https:\/\/yoast.com\/wordpress\/plugins\/seo\/ -->\n<title>BetLabel Schweiz Partner \u2013 Partnerprogramm | CPA &amp; RevShare<\/title>\n<meta name=\"description\" content=\"BetLabel Partners-Partnerprogramm \u2013 RevShare bis zu 50 % auf Lebenszeit, CPA bis zu 200 CHF und Hybridmodelle. W\u00f6chentliche Auszahlungen ab 100 CHF, beliebiger Traffic, pers\u00f6nlicher Manager und keine negativen \u00dcbertr\u00e4ge. Jetzt registrieren!\" \/>\n<meta name=\"robots\" content=\"index, follow, max-snippet:-1, max-image-preview:large, max-video-preview:-1\" \/>\n<meta property=\"og:locale\" content=\"de_DE\" \/>\n<meta property=\"og:type\" content=\"article\" \/>\n<meta property=\"og:title\" content=\"BetLabel Schweiz Partner \u2013 Partnerprogramm | CPA &amp; RevShare\" \/>\n<meta property=\"og:description\" content=\"BetLabel Partners-Partnerprogramm \u2013 RevShare bis zu 50 % auf Lebenszeit, CPA bis zu 200 CHF und Hybridmodelle. W\u00f6chentliche Auszahlungen ab 100 CHF, beliebiger Traffic, pers\u00f6nlicher Manager und keine negativen \u00dcbertr\u00e4ge. Jetzt registrieren!\" \/>\n<meta property=\"og:url\" content=\"https:\/\/label.bet\/ch\/partners\/\" \/>\n<meta property=\"og:site_name\" content=\"Betlabel ch\" \/>\n<meta property=\"article:modified_time\" content=\"2026-03-10T16:10:40+00:00\" \/>\n<meta name=\"twitter:card\" content=\"summary_large_image\" \/>\n<script type=\"application\/ld+json\" class=\"yoast-schema-graph\">{\"@context\":\"https:\/\/schema.org\",\"@graph\":[{\"@type\":\"WebPage\",\"@id\":\"https:\/\/label.bet\/ch\/partners\/\",\"url\":\"https:\/\/label.bet\/ch\/partners\/\",\"name\":\"BetLabel Schweiz Partner \u2013 Partnerprogramm | CPA & RevShare\",\"isPartOf\":{\"@id\":\"https:\/\/label.bet\/ch\/#website\"},\"datePublished\":\"2026-01-02T12:08:59+00:00\",\"dateModified\":\"2026-03-10T16:10:40+00:00\",\"description\":\"BetLabel Partners-Partnerprogramm \u2013 RevShare bis zu 50 % auf Lebenszeit, CPA bis zu 200 CHF und Hybridmodelle. W\u00f6chentliche Auszahlungen ab 100 CHF, beliebiger Traffic, pers\u00f6nlicher Manager und keine negativen \u00dcbertr\u00e4ge. Jetzt registrieren!\",\"inLanguage\":\"de-CH\",\"potentialAction\":[{\"@type\":\"ReadAction\",\"target\":[\"https:\/\/label.bet\/ch\/partners\/\"]}]},{\"@type\":\"WebSite\",\"@id\":\"https:\/\/label.bet\/ch\/#website\",\"url\":\"https:\/\/label.bet\/ch\/\",\"name\":\"Betlabel ch\",\"description\":\"\",\"potentialAction\":[{\"@type\":\"SearchAction\",\"target\":{\"@type\":\"EntryPoint\",\"urlTemplate\":\"https:\/\/label.bet\/ch\/?s={search_term_string}\"},\"query-input\":{\"@type\":\"PropertyValueSpecification\",\"valueRequired\":true,\"valueName\":\"search_term_string\"}}],\"inLanguage\":\"de-CH\"}]}<\/script>\n<!-- \/ Yoast SEO plugin. -->","yoast_head_json":{"title":"BetLabel Schweiz Partner \u2013 Partnerprogramm | CPA & RevShare","description":"BetLabel Partners-Partnerprogramm \u2013 RevShare bis zu 50 % auf Lebenszeit, CPA bis zu 200 CHF und Hybridmodelle. W\u00f6chentliche Auszahlungen ab 100 CHF, beliebiger Traffic, pers\u00f6nlicher Manager und keine negativen \u00dcbertr\u00e4ge. Jetzt registrieren!","robots":{"index":"index","follow":"follow","max-snippet":"max-snippet:-1","max-image-preview":"max-image-preview:large","max-video-preview":"max-video-preview:-1"},"og_locale":"de_DE","og_type":"article","og_title":"BetLabel Schweiz Partner \u2013 Partnerprogramm | CPA & RevShare","og_description":"BetLabel Partners-Partnerprogramm \u2013 RevShare bis zu 50 % auf Lebenszeit, CPA bis zu 200 CHF und Hybridmodelle. W\u00f6chentliche Auszahlungen ab 100 CHF, beliebiger Traffic, pers\u00f6nlicher Manager und keine negativen \u00dcbertr\u00e4ge. Jetzt registrieren!","og_url":"https:\/\/label.bet\/ch\/partners\/","og_site_name":"Betlabel ch","article_modified_time":"2026-03-10T16:10:40+00:00","twitter_card":"summary_large_image","schema":{"@context":"https:\/\/schema.org","@graph":[{"@type":"WebPage","@id":"https:\/\/label.bet\/ch\/partners\/","url":"https:\/\/label.bet\/ch\/partners\/","name":"BetLabel Schweiz Partner \u2013 Partnerprogramm | CPA & RevShare","isPartOf":{"@id":"https:\/\/label.bet\/ch\/#website"},"datePublished":"2026-01-02T12:08:59+00:00","dateModified":"2026-03-10T16:10:40+00:00","description":"BetLabel Partners-Partnerprogramm \u2013 RevShare bis zu 50 % auf Lebenszeit, CPA bis zu 200 CHF und Hybridmodelle. W\u00f6chentliche Auszahlungen ab 100 CHF, beliebiger Traffic, pers\u00f6nlicher Manager und keine negativen \u00dcbertr\u00e4ge. Jetzt registrieren!","inLanguage":"de-CH","potentialAction":[{"@type":"ReadAction","target":["https:\/\/label.bet\/ch\/partners\/"]}]},{"@type":"WebSite","@id":"https:\/\/label.bet\/ch\/#website","url":"https:\/\/label.bet\/ch\/","name":"Betlabel ch","description":"","potentialAction":[{"@type":"SearchAction","target":{"@type":"EntryPoint","urlTemplate":"https:\/\/label.bet\/ch\/?s={search_term_string}"},"query-input":{"@type":"PropertyValueSpecification","valueRequired":true,"valueName":"search_term_string"}}],"inLanguage":"de-CH"}]}},"_links":{"self":[{"href":"https:\/\/label.bet\/ch\/wp-json\/wp\/v2\/pages\/1679","targetHints":{"allow":["GET"]}}],"collection":[{"href":"https:\/\/label.bet\/ch\/wp-json\/wp\/v2\/pages"}],"about":[{"href":"https:\/\/label.bet\/ch\/wp-json\/wp\/v2\/types\/page"}],"author":[{"embeddable":true,"href":"https:\/\/label.bet\/ch\/wp-json\/wp\/v2\/users\/1"}],"replies":[{"embeddable":true,"href":"https:\/\/label.bet\/ch\/wp-json\/wp\/v2\/comments?post=1679"}],"version-history":[{"count":5,"href":"https:\/\/label.bet\/ch\/wp-json\/wp\/v2\/pages\/1679\/revisions"}],"predecessor-version":[{"id":2002,"href":"https:\/\/label.bet\/ch\/wp-json\/wp\/v2\/pages\/1679\/revisions\/2002"}],"wp:attachment":[{"href":"https:\/\/label.bet\/ch\/wp-json\/wp\/v2\/media?parent=1679"}],"curies":[{"name":"wp","href":"https:\/\/api.w.org\/{rel}","templated":true}]}}