{"id":1723,"date":"2026-01-22T14:27:58","date_gmt":"2026-01-22T11:27:58","guid":{"rendered":"https:\/\/label.bet\/ch\/?page_id=1723"},"modified":"2026-03-10T19:06:16","modified_gmt":"2026-03-10T16:06:16","slug":"hockey","status":"publish","type":"page","link":"https:\/\/label.bet\/ch\/hockey\/","title":{"rendered":"Eishockey"},"content":{"rendered":"","protected":false},"excerpt":{"rendered":"","protected":false},"author":1,"featured_media":0,"parent":0,"menu_order":0,"comment_status":"closed","ping_status":"closed","template":"","meta":{"_acf_changed":false,"footnotes":""},"class_list":["post-1723","page","type-page","status-publish","hentry"],"acf":[],"yoast_head":"<!-- This site is optimized with the Yoast SEO plugin v26.5 - https:\/\/yoast.com\/wordpress\/plugins\/seo\/ -->\n<title>Eishockey bei BetLabel \u2014 Quoten &amp; Vorhersagen<\/title>\n<meta name=\"description\" content=\"Hockey-Wetten bei BetLabel Schweiz! Geben Sie genaue Vorhersagen zu den Top-Spielen der KHL und NHL ab, sichern Sie sich g\u00fcnstige Quoten und gewinnen Sie. Ein zuverl\u00e4ssiger Buchmacher f\u00fcr Hockey-Fans wartet auf Sie.\" \/>\n<meta name=\"robots\" content=\"index, follow, max-snippet:-1, max-image-preview:large, max-video-preview:-1\" \/>\n<meta property=\"og:locale\" content=\"de_DE\" \/>\n<meta property=\"og:type\" content=\"article\" \/>\n<meta property=\"og:title\" content=\"Eishockey bei BetLabel \u2014 Quoten &amp; Vorhersagen\" \/>\n<meta property=\"og:description\" content=\"Hockey-Wetten bei BetLabel Schweiz! Geben Sie genaue Vorhersagen zu den Top-Spielen der KHL und NHL ab, sichern Sie sich g\u00fcnstige Quoten und gewinnen Sie. Ein zuverl\u00e4ssiger Buchmacher f\u00fcr Hockey-Fans wartet auf Sie.\" \/>\n<meta property=\"og:url\" content=\"https:\/\/label.bet\/ch\/hockey\/\" \/>\n<meta property=\"og:site_name\" content=\"Betlabel ch\" \/>\n<meta property=\"article:modified_time\" content=\"2026-03-10T16:06:16+00:00\" \/>\n<meta name=\"twitter:card\" content=\"summary_large_image\" \/>\n<script type=\"application\/ld+json\" class=\"yoast-schema-graph\">{\"@context\":\"https:\/\/schema.org\",\"@graph\":[{\"@type\":\"WebPage\",\"@id\":\"https:\/\/label.bet\/ch\/hockey\/\",\"url\":\"https:\/\/label.bet\/ch\/hockey\/\",\"name\":\"Eishockey bei BetLabel \u2014 Quoten & Vorhersagen\",\"isPartOf\":{\"@id\":\"https:\/\/label.bet\/ch\/#website\"},\"datePublished\":\"2026-01-22T11:27:58+00:00\",\"dateModified\":\"2026-03-10T16:06:16+00:00\",\"description\":\"Hockey-Wetten bei BetLabel Schweiz! Geben Sie genaue Vorhersagen zu den Top-Spielen der KHL und NHL ab, sichern Sie sich g\u00fcnstige Quoten und gewinnen Sie. Ein zuverl\u00e4ssiger Buchmacher f\u00fcr Hockey-Fans wartet auf Sie.\",\"inLanguage\":\"de-CH\",\"potentialAction\":[{\"@type\":\"ReadAction\",\"target\":[\"https:\/\/label.bet\/ch\/hockey\/\"]}]},{\"@type\":\"WebSite\",\"@id\":\"https:\/\/label.bet\/ch\/#website\",\"url\":\"https:\/\/label.bet\/ch\/\",\"name\":\"Betlabel ch\",\"description\":\"\",\"potentialAction\":[{\"@type\":\"SearchAction\",\"target\":{\"@type\":\"EntryPoint\",\"urlTemplate\":\"https:\/\/label.bet\/ch\/?s={search_term_string}\"},\"query-input\":{\"@type\":\"PropertyValueSpecification\",\"valueRequired\":true,\"valueName\":\"search_term_string\"}}],\"inLanguage\":\"de-CH\"}]}<\/script>\n<!-- \/ Yoast SEO plugin. -->","yoast_head_json":{"title":"Eishockey bei BetLabel \u2014 Quoten & Vorhersagen","description":"Hockey-Wetten bei BetLabel Schweiz! Geben Sie genaue Vorhersagen zu den Top-Spielen der KHL und NHL ab, sichern Sie sich g\u00fcnstige Quoten und gewinnen Sie. Ein zuverl\u00e4ssiger Buchmacher f\u00fcr Hockey-Fans wartet auf Sie.","robots":{"index":"index","follow":"follow","max-snippet":"max-snippet:-1","max-image-preview":"max-image-preview:large","max-video-preview":"max-video-preview:-1"},"og_locale":"de_DE","og_type":"article","og_title":"Eishockey bei BetLabel \u2014 Quoten & Vorhersagen","og_description":"Hockey-Wetten bei BetLabel Schweiz! Geben Sie genaue Vorhersagen zu den Top-Spielen der KHL und NHL ab, sichern Sie sich g\u00fcnstige Quoten und gewinnen Sie. Ein zuverl\u00e4ssiger Buchmacher f\u00fcr Hockey-Fans wartet auf Sie.","og_url":"https:\/\/label.bet\/ch\/hockey\/","og_site_name":"Betlabel ch","article_modified_time":"2026-03-10T16:06:16+00:00","twitter_card":"summary_large_image","schema":{"@context":"https:\/\/schema.org","@graph":[{"@type":"WebPage","@id":"https:\/\/label.bet\/ch\/hockey\/","url":"https:\/\/label.bet\/ch\/hockey\/","name":"Eishockey bei BetLabel \u2014 Quoten & Vorhersagen","isPartOf":{"@id":"https:\/\/label.bet\/ch\/#website"},"datePublished":"2026-01-22T11:27:58+00:00","dateModified":"2026-03-10T16:06:16+00:00","description":"Hockey-Wetten bei BetLabel Schweiz! Geben Sie genaue Vorhersagen zu den Top-Spielen der KHL und NHL ab, sichern Sie sich g\u00fcnstige Quoten und gewinnen Sie. Ein zuverl\u00e4ssiger Buchmacher f\u00fcr Hockey-Fans wartet auf Sie.","inLanguage":"de-CH","potentialAction":[{"@type":"ReadAction","target":["https:\/\/label.bet\/ch\/hockey\/"]}]},{"@type":"WebSite","@id":"https:\/\/label.bet\/ch\/#website","url":"https:\/\/label.bet\/ch\/","name":"Betlabel ch","description":"","potentialAction":[{"@type":"SearchAction","target":{"@type":"EntryPoint","urlTemplate":"https:\/\/label.bet\/ch\/?s={search_term_string}"},"query-input":{"@type":"PropertyValueSpecification","valueRequired":true,"valueName":"search_term_string"}}],"inLanguage":"de-CH"}]}},"_links":{"self":[{"href":"https:\/\/label.bet\/ch\/wp-json\/wp\/v2\/pages\/1723","targetHints":{"allow":["GET"]}}],"collection":[{"href":"https:\/\/label.bet\/ch\/wp-json\/wp\/v2\/pages"}],"about":[{"href":"https:\/\/label.bet\/ch\/wp-json\/wp\/v2\/types\/page"}],"author":[{"embeddable":true,"href":"https:\/\/label.bet\/ch\/wp-json\/wp\/v2\/users\/1"}],"replies":[{"embeddable":true,"href":"https:\/\/label.bet\/ch\/wp-json\/wp\/v2\/comments?post=1723"}],"version-history":[{"count":5,"href":"https:\/\/label.bet\/ch\/wp-json\/wp\/v2\/pages\/1723\/revisions"}],"predecessor-version":[{"id":2048,"href":"https:\/\/label.bet\/ch\/wp-json\/wp\/v2\/pages\/1723\/revisions\/2048"}],"wp:attachment":[{"href":"https:\/\/label.bet\/ch\/wp-json\/wp\/v2\/media?parent=1723"}],"curies":[{"name":"wp","href":"https:\/\/api.w.org\/{rel}","templated":true}]}}