{"id":1086,"date":"2025-11-15T16:52:15","date_gmt":"2025-11-15T13:52:15","guid":{"rendered":"https:\/\/label.bet\/cs\/?page_id=1086"},"modified":"2026-02-05T16:28:25","modified_gmt":"2026-02-05T13:28:25","slug":"home","status":"publish","type":"page","link":"https:\/\/label.bet\/cs\/","title":{"rendered":"Dom\u016f"},"content":{"rendered":"","protected":false},"excerpt":{"rendered":"","protected":false},"author":1,"featured_media":0,"parent":0,"menu_order":0,"comment_status":"closed","ping_status":"closed","template":"","meta":{"_acf_changed":false,"footnotes":""},"class_list":["post-1086","page","type-page","status-publish","hentry"],"acf":[],"yoast_head":"<!-- This site is optimized with the Yoast SEO plugin v26.5 - https:\/\/yoast.com\/wordpress\/plugins\/seo\/ -->\n<title>Sportovn\u00ed s\u00e1zen\u00ed a nejlep\u0161\u00ed kurzy \u2014 Bet Label \u2014 Duben 2026<\/title>\n<meta name=\"description\" content=\"Betlabel nab\u00edz\u00ed sportovn\u00ed s\u00e1zen\u00ed na hlavn\u00ed ligy a glob\u00e1ln\u00ed ud\u00e1losti s konkurenceschopn\u00fdmi kurzy, \u0161irok\u00fdm pokryt\u00edm trhu, rychl\u00fdm zad\u00e1v\u00e1n\u00edm s\u00e1zek a plynul\u00fdm z\u00e1\u017eitkem pro aktivn\u00ed s\u00e1zej\u00edc\u00ed.\" \/>\n<meta name=\"robots\" content=\"index, follow, max-snippet:-1, max-image-preview:large, max-video-preview:-1\" \/>\n<link rel=\"canonical\" href=\"https:\/\/label.bet\/cs\/\" \/>\n<meta property=\"og:locale\" content=\"cs_CZ\" \/>\n<meta property=\"og:type\" content=\"article\" \/>\n<meta property=\"og:title\" content=\"Sportovn\u00ed s\u00e1zen\u00ed a nejlep\u0161\u00ed kurzy \u2014 Bet Label \u2014 Duben 2026\" \/>\n<meta property=\"og:description\" content=\"Betlabel nab\u00edz\u00ed sportovn\u00ed s\u00e1zen\u00ed na hlavn\u00ed ligy a glob\u00e1ln\u00ed ud\u00e1losti s konkurenceschopn\u00fdmi kurzy, \u0161irok\u00fdm pokryt\u00edm trhu, rychl\u00fdm zad\u00e1v\u00e1n\u00edm s\u00e1zek a plynul\u00fdm z\u00e1\u017eitkem pro aktivn\u00ed s\u00e1zej\u00edc\u00ed.\" \/>\n<meta property=\"og:url\" content=\"https:\/\/label.bet\/cs\/\" \/>\n<meta property=\"og:site_name\" content=\"Betlabel cs\" \/>\n<meta property=\"article:modified_time\" content=\"2026-02-05T13:28:25+00:00\" \/>\n<meta name=\"twitter:card\" content=\"summary_large_image\" \/>\n<script type=\"application\/ld+json\" class=\"yoast-schema-graph\">{\"@context\":\"https:\/\/schema.org\",\"@graph\":[{\"@type\":\"WebPage\",\"@id\":\"https:\/\/label.bet\/cs\/\",\"url\":\"https:\/\/label.bet\/cs\/\",\"name\":\"Sportovn\u00ed s\u00e1zen\u00ed a nejlep\u0161\u00ed kurzy \u2014 Bet Label \u2014 Duben 2026\",\"isPartOf\":{\"@id\":\"https:\/\/label.bet\/cs\/#website\"},\"datePublished\":\"2025-11-15T13:52:15+00:00\",\"dateModified\":\"2026-02-05T13:28:25+00:00\",\"description\":\"Betlabel nab\u00edz\u00ed sportovn\u00ed s\u00e1zen\u00ed na hlavn\u00ed ligy a glob\u00e1ln\u00ed ud\u00e1losti s konkurenceschopn\u00fdmi kurzy, \u0161irok\u00fdm pokryt\u00edm trhu, rychl\u00fdm zad\u00e1v\u00e1n\u00edm s\u00e1zek a plynul\u00fdm z\u00e1\u017eitkem pro aktivn\u00ed s\u00e1zej\u00edc\u00ed.\",\"inLanguage\":\"cs\",\"potentialAction\":[{\"@type\":\"ReadAction\",\"target\":[\"https:\/\/label.bet\/cs\/\"]}]},{\"@type\":\"WebSite\",\"@id\":\"https:\/\/label.bet\/cs\/#website\",\"url\":\"https:\/\/label.bet\/cs\/\",\"name\":\"Betlabel cs\",\"description\":\"\",\"potentialAction\":[{\"@type\":\"SearchAction\",\"target\":{\"@type\":\"EntryPoint\",\"urlTemplate\":\"https:\/\/label.bet\/cs\/?s={search_term_string}\"},\"query-input\":{\"@type\":\"PropertyValueSpecification\",\"valueRequired\":true,\"valueName\":\"search_term_string\"}}],\"inLanguage\":\"cs\"}]}<\/script>\n<!-- \/ Yoast SEO plugin. -->","yoast_head_json":{"title":"Sportovn\u00ed s\u00e1zen\u00ed a nejlep\u0161\u00ed kurzy \u2014 Bet Label \u2014 Duben 2026","description":"Betlabel nab\u00edz\u00ed sportovn\u00ed s\u00e1zen\u00ed na hlavn\u00ed ligy a glob\u00e1ln\u00ed ud\u00e1losti s konkurenceschopn\u00fdmi kurzy, \u0161irok\u00fdm pokryt\u00edm trhu, rychl\u00fdm zad\u00e1v\u00e1n\u00edm s\u00e1zek a plynul\u00fdm z\u00e1\u017eitkem pro aktivn\u00ed s\u00e1zej\u00edc\u00ed.","robots":{"index":"index","follow":"follow","max-snippet":"max-snippet:-1","max-image-preview":"max-image-preview:large","max-video-preview":"max-video-preview:-1"},"canonical":"https:\/\/label.bet\/cs\/","og_locale":"cs_CZ","og_type":"article","og_title":"Sportovn\u00ed s\u00e1zen\u00ed a nejlep\u0161\u00ed kurzy \u2014 Bet Label \u2014 Duben 2026","og_description":"Betlabel nab\u00edz\u00ed sportovn\u00ed s\u00e1zen\u00ed na hlavn\u00ed ligy a glob\u00e1ln\u00ed ud\u00e1losti s konkurenceschopn\u00fdmi kurzy, \u0161irok\u00fdm pokryt\u00edm trhu, rychl\u00fdm zad\u00e1v\u00e1n\u00edm s\u00e1zek a plynul\u00fdm z\u00e1\u017eitkem pro aktivn\u00ed s\u00e1zej\u00edc\u00ed.","og_url":"https:\/\/label.bet\/cs\/","og_site_name":"Betlabel cs","article_modified_time":"2026-02-05T13:28:25+00:00","twitter_card":"summary_large_image","schema":{"@context":"https:\/\/schema.org","@graph":[{"@type":"WebPage","@id":"https:\/\/label.bet\/cs\/","url":"https:\/\/label.bet\/cs\/","name":"Sportovn\u00ed s\u00e1zen\u00ed a nejlep\u0161\u00ed kurzy \u2014 Bet Label \u2014 Duben 2026","isPartOf":{"@id":"https:\/\/label.bet\/cs\/#website"},"datePublished":"2025-11-15T13:52:15+00:00","dateModified":"2026-02-05T13:28:25+00:00","description":"Betlabel nab\u00edz\u00ed sportovn\u00ed s\u00e1zen\u00ed na hlavn\u00ed ligy a glob\u00e1ln\u00ed ud\u00e1losti s konkurenceschopn\u00fdmi kurzy, \u0161irok\u00fdm pokryt\u00edm trhu, rychl\u00fdm zad\u00e1v\u00e1n\u00edm s\u00e1zek a plynul\u00fdm z\u00e1\u017eitkem pro aktivn\u00ed s\u00e1zej\u00edc\u00ed.","inLanguage":"cs","potentialAction":[{"@type":"ReadAction","target":["https:\/\/label.bet\/cs\/"]}]},{"@type":"WebSite","@id":"https:\/\/label.bet\/cs\/#website","url":"https:\/\/label.bet\/cs\/","name":"Betlabel cs","description":"","potentialAction":[{"@type":"SearchAction","target":{"@type":"EntryPoint","urlTemplate":"https:\/\/label.bet\/cs\/?s={search_term_string}"},"query-input":{"@type":"PropertyValueSpecification","valueRequired":true,"valueName":"search_term_string"}}],"inLanguage":"cs"}]}},"_links":{"self":[{"href":"https:\/\/label.bet\/cs\/wp-json\/wp\/v2\/pages\/1086","targetHints":{"allow":["GET"]}}],"collection":[{"href":"https:\/\/label.bet\/cs\/wp-json\/wp\/v2\/pages"}],"about":[{"href":"https:\/\/label.bet\/cs\/wp-json\/wp\/v2\/types\/page"}],"author":[{"embeddable":true,"href":"https:\/\/label.bet\/cs\/wp-json\/wp\/v2\/users\/1"}],"replies":[{"embeddable":true,"href":"https:\/\/label.bet\/cs\/wp-json\/wp\/v2\/comments?post=1086"}],"version-history":[{"count":4,"href":"https:\/\/label.bet\/cs\/wp-json\/wp\/v2\/pages\/1086\/revisions"}],"predecessor-version":[{"id":1940,"href":"https:\/\/label.bet\/cs\/wp-json\/wp\/v2\/pages\/1086\/revisions\/1940"}],"wp:attachment":[{"href":"https:\/\/label.bet\/cs\/wp-json\/wp\/v2\/media?parent=1086"}],"curies":[{"name":"wp","href":"https:\/\/api.w.org\/{rel}","templated":true}]}}