{"id":1503,"date":"2025-12-23T14:01:33","date_gmt":"2025-12-23T11:01:33","guid":{"rendered":"https:\/\/label.bet\/cs\/?page_id=1503"},"modified":"2026-02-09T07:36:37","modified_gmt":"2026-02-09T04:36:37","slug":"app","status":"publish","type":"page","link":"https:\/\/label.bet\/cs\/app\/","title":{"rendered":"Aplikace"},"content":{"rendered":"","protected":false},"excerpt":{"rendered":"","protected":false},"author":1,"featured_media":0,"parent":0,"menu_order":0,"comment_status":"closed","ping_status":"closed","template":"","meta":{"_acf_changed":false,"footnotes":""},"class_list":["post-1503","page","type-page","status-publish","hentry"],"acf":[],"yoast_head":"<!-- This site is optimized with the Yoast SEO plugin v26.5 - https:\/\/yoast.com\/wordpress\/plugins\/seo\/ -->\n<title>BetLabel Aplikace \ud83d\udcf1 St\u00e1hnout zdarma pro Android a iOS<\/title>\n<meta name=\"description\" content=\"St\u00e1hn\u011bte si aplikaci BetLabel pro Android a iOS a z\u00edskejte pln\u00fd p\u0159\u00edstup ke sportovn\u00edm s\u00e1zk\u00e1m a online kasinov\u00fdm hr\u00e1m ze sv\u00e9ho telefonu. Pohodln\u00e9 APK, rychl\u00e9 p\u0159ihl\u00e1\u0161en\u00ed, bonus pro nov\u00e9 hr\u00e1\u010de a nep\u0159etr\u017eit\u00e1 podpora.\" \/>\n<meta name=\"robots\" content=\"index, follow, max-snippet:-1, max-image-preview:large, max-video-preview:-1\" \/>\n<link rel=\"canonical\" href=\"https:\/\/label.bet\/cs\/app\/\" \/>\n<meta property=\"og:locale\" content=\"cs_CZ\" \/>\n<meta property=\"og:type\" content=\"article\" \/>\n<meta property=\"og:title\" content=\"BetLabel Aplikace \ud83d\udcf1 St\u00e1hnout zdarma pro Android a iOS\" \/>\n<meta property=\"og:description\" content=\"St\u00e1hn\u011bte si aplikaci BetLabel pro Android a iOS a z\u00edskejte pln\u00fd p\u0159\u00edstup ke sportovn\u00edm s\u00e1zk\u00e1m a online kasinov\u00fdm hr\u00e1m ze sv\u00e9ho telefonu. Pohodln\u00e9 APK, rychl\u00e9 p\u0159ihl\u00e1\u0161en\u00ed, bonus pro nov\u00e9 hr\u00e1\u010de a nep\u0159etr\u017eit\u00e1 podpora.\" \/>\n<meta property=\"og:url\" content=\"https:\/\/label.bet\/cs\/app\/\" \/>\n<meta property=\"og:site_name\" content=\"Betlabel cs\" \/>\n<meta property=\"article:modified_time\" content=\"2026-02-09T04:36:37+00:00\" \/>\n<meta name=\"twitter:card\" content=\"summary_large_image\" \/>\n<script type=\"application\/ld+json\" class=\"yoast-schema-graph\">{\"@context\":\"https:\/\/schema.org\",\"@graph\":[{\"@type\":\"WebPage\",\"@id\":\"https:\/\/label.bet\/cs\/app\/\",\"url\":\"https:\/\/label.bet\/cs\/app\/\",\"name\":\"BetLabel Aplikace \ud83d\udcf1 St\u00e1hnout zdarma pro Android a iOS\",\"isPartOf\":{\"@id\":\"https:\/\/label.bet\/cs\/#website\"},\"datePublished\":\"2025-12-23T11:01:33+00:00\",\"dateModified\":\"2026-02-09T04:36:37+00:00\",\"description\":\"St\u00e1hn\u011bte si aplikaci BetLabel pro Android a iOS a z\u00edskejte pln\u00fd p\u0159\u00edstup ke sportovn\u00edm s\u00e1zk\u00e1m a online kasinov\u00fdm hr\u00e1m ze sv\u00e9ho telefonu. Pohodln\u00e9 APK, rychl\u00e9 p\u0159ihl\u00e1\u0161en\u00ed, bonus pro nov\u00e9 hr\u00e1\u010de a nep\u0159etr\u017eit\u00e1 podpora.\",\"inLanguage\":\"cs\",\"potentialAction\":[{\"@type\":\"ReadAction\",\"target\":[\"https:\/\/label.bet\/cs\/app\/\"]}]},{\"@type\":\"WebSite\",\"@id\":\"https:\/\/label.bet\/cs\/#website\",\"url\":\"https:\/\/label.bet\/cs\/\",\"name\":\"Betlabel cs\",\"description\":\"\",\"potentialAction\":[{\"@type\":\"SearchAction\",\"target\":{\"@type\":\"EntryPoint\",\"urlTemplate\":\"https:\/\/label.bet\/cs\/?s={search_term_string}\"},\"query-input\":{\"@type\":\"PropertyValueSpecification\",\"valueRequired\":true,\"valueName\":\"search_term_string\"}}],\"inLanguage\":\"cs\"}]}<\/script>\n<!-- \/ Yoast SEO plugin. -->","yoast_head_json":{"title":"BetLabel Aplikace \ud83d\udcf1 St\u00e1hnout zdarma pro Android a iOS","description":"St\u00e1hn\u011bte si aplikaci BetLabel pro Android a iOS a z\u00edskejte pln\u00fd p\u0159\u00edstup ke sportovn\u00edm s\u00e1zk\u00e1m a online kasinov\u00fdm hr\u00e1m ze sv\u00e9ho telefonu. Pohodln\u00e9 APK, rychl\u00e9 p\u0159ihl\u00e1\u0161en\u00ed, bonus pro nov\u00e9 hr\u00e1\u010de a nep\u0159etr\u017eit\u00e1 podpora.","robots":{"index":"index","follow":"follow","max-snippet":"max-snippet:-1","max-image-preview":"max-image-preview:large","max-video-preview":"max-video-preview:-1"},"canonical":"https:\/\/label.bet\/cs\/app\/","og_locale":"cs_CZ","og_type":"article","og_title":"BetLabel Aplikace \ud83d\udcf1 St\u00e1hnout zdarma pro Android a iOS","og_description":"St\u00e1hn\u011bte si aplikaci BetLabel pro Android a iOS a z\u00edskejte pln\u00fd p\u0159\u00edstup ke sportovn\u00edm s\u00e1zk\u00e1m a online kasinov\u00fdm hr\u00e1m ze sv\u00e9ho telefonu. Pohodln\u00e9 APK, rychl\u00e9 p\u0159ihl\u00e1\u0161en\u00ed, bonus pro nov\u00e9 hr\u00e1\u010de a nep\u0159etr\u017eit\u00e1 podpora.","og_url":"https:\/\/label.bet\/cs\/app\/","og_site_name":"Betlabel cs","article_modified_time":"2026-02-09T04:36:37+00:00","twitter_card":"summary_large_image","schema":{"@context":"https:\/\/schema.org","@graph":[{"@type":"WebPage","@id":"https:\/\/label.bet\/cs\/app\/","url":"https:\/\/label.bet\/cs\/app\/","name":"BetLabel Aplikace \ud83d\udcf1 St\u00e1hnout zdarma pro Android a iOS","isPartOf":{"@id":"https:\/\/label.bet\/cs\/#website"},"datePublished":"2025-12-23T11:01:33+00:00","dateModified":"2026-02-09T04:36:37+00:00","description":"St\u00e1hn\u011bte si aplikaci BetLabel pro Android a iOS a z\u00edskejte pln\u00fd p\u0159\u00edstup ke sportovn\u00edm s\u00e1zk\u00e1m a online kasinov\u00fdm hr\u00e1m ze sv\u00e9ho telefonu. Pohodln\u00e9 APK, rychl\u00e9 p\u0159ihl\u00e1\u0161en\u00ed, bonus pro nov\u00e9 hr\u00e1\u010de a nep\u0159etr\u017eit\u00e1 podpora.","inLanguage":"cs","potentialAction":[{"@type":"ReadAction","target":["https:\/\/label.bet\/cs\/app\/"]}]},{"@type":"WebSite","@id":"https:\/\/label.bet\/cs\/#website","url":"https:\/\/label.bet\/cs\/","name":"Betlabel cs","description":"","potentialAction":[{"@type":"SearchAction","target":{"@type":"EntryPoint","urlTemplate":"https:\/\/label.bet\/cs\/?s={search_term_string}"},"query-input":{"@type":"PropertyValueSpecification","valueRequired":true,"valueName":"search_term_string"}}],"inLanguage":"cs"}]}},"_links":{"self":[{"href":"https:\/\/label.bet\/cs\/wp-json\/wp\/v2\/pages\/1503","targetHints":{"allow":["GET"]}}],"collection":[{"href":"https:\/\/label.bet\/cs\/wp-json\/wp\/v2\/pages"}],"about":[{"href":"https:\/\/label.bet\/cs\/wp-json\/wp\/v2\/types\/page"}],"author":[{"embeddable":true,"href":"https:\/\/label.bet\/cs\/wp-json\/wp\/v2\/users\/1"}],"replies":[{"embeddable":true,"href":"https:\/\/label.bet\/cs\/wp-json\/wp\/v2\/comments?post=1503"}],"version-history":[{"count":4,"href":"https:\/\/label.bet\/cs\/wp-json\/wp\/v2\/pages\/1503\/revisions"}],"predecessor-version":[{"id":1905,"href":"https:\/\/label.bet\/cs\/wp-json\/wp\/v2\/pages\/1503\/revisions\/1905"}],"wp:attachment":[{"href":"https:\/\/label.bet\/cs\/wp-json\/wp\/v2\/media?parent=1503"}],"curies":[{"name":"wp","href":"https:\/\/api.w.org\/{rel}","templated":true}]}}