{"id":1561,"date":"2025-12-26T09:04:18","date_gmt":"2025-12-26T06:04:18","guid":{"rendered":"https:\/\/label.bet\/cs\/?page_id=1561"},"modified":"2026-02-05T10:13:43","modified_gmt":"2026-02-05T07:13:43","slug":"casino","status":"publish","type":"page","link":"https:\/\/label.bet\/cs\/casino\/","title":{"rendered":"Kasino"},"content":{"rendered":"","protected":false},"excerpt":{"rendered":"","protected":false},"author":1,"featured_media":0,"parent":0,"menu_order":0,"comment_status":"closed","ping_status":"closed","template":"","meta":{"_acf_changed":false,"footnotes":""},"class_list":["post-1561","page","type-page","status-publish","hentry"],"acf":[],"yoast_head":"<!-- This site is optimized with the Yoast SEO plugin v26.5 - https:\/\/yoast.com\/wordpress\/plugins\/seo\/ -->\n<title>BetLabel Kasino \u2728 9000+ slot\u016f a bonus a\u017e 40 000 K\u010d \ud83c\udfb0<\/title>\n<meta name=\"description\" content=\"Online kasino BetLabel \u2014 v\u00edce ne\u017e 9 000 her, automaty, ruleta a \u017eiv\u00e9 show s opravdov\u00fdmi krupi\u00e9ry. Rychl\u00e1 registrace, uv\u00edtac\u00ed bonus a\u017e 40 000 K\u010d, denn\u00ed akce a okam\u017eit\u00e9 v\u00fdplaty pro v\u0161echny hr\u00e1\u010de.\" \/>\n<meta name=\"robots\" content=\"index, follow, max-snippet:-1, max-image-preview:large, max-video-preview:-1\" \/>\n<link rel=\"canonical\" href=\"https:\/\/label.bet\/cs\/casino\/\" \/>\n<meta property=\"og:locale\" content=\"cs_CZ\" \/>\n<meta property=\"og:type\" content=\"article\" \/>\n<meta property=\"og:title\" content=\"BetLabel Kasino \u2728 9000+ slot\u016f a bonus a\u017e 40 000 K\u010d \ud83c\udfb0\" \/>\n<meta property=\"og:description\" content=\"Online kasino BetLabel \u2014 v\u00edce ne\u017e 9 000 her, automaty, ruleta a \u017eiv\u00e9 show s opravdov\u00fdmi krupi\u00e9ry. Rychl\u00e1 registrace, uv\u00edtac\u00ed bonus a\u017e 40 000 K\u010d, denn\u00ed akce a okam\u017eit\u00e9 v\u00fdplaty pro v\u0161echny hr\u00e1\u010de.\" \/>\n<meta property=\"og:url\" content=\"https:\/\/label.bet\/cs\/casino\/\" \/>\n<meta property=\"og:site_name\" content=\"Betlabel cs\" \/>\n<meta property=\"article:modified_time\" content=\"2026-02-05T07:13:43+00:00\" \/>\n<meta name=\"twitter:card\" content=\"summary_large_image\" \/>\n<script type=\"application\/ld+json\" class=\"yoast-schema-graph\">{\"@context\":\"https:\/\/schema.org\",\"@graph\":[{\"@type\":\"WebPage\",\"@id\":\"https:\/\/label.bet\/cs\/casino\/\",\"url\":\"https:\/\/label.bet\/cs\/casino\/\",\"name\":\"BetLabel Kasino \u2728 9000+ slot\u016f a bonus a\u017e 40 000 K\u010d \ud83c\udfb0\",\"isPartOf\":{\"@id\":\"https:\/\/label.bet\/cs\/#website\"},\"datePublished\":\"2025-12-26T06:04:18+00:00\",\"dateModified\":\"2026-02-05T07:13:43+00:00\",\"description\":\"Online kasino BetLabel \u2014 v\u00edce ne\u017e 9 000 her, automaty, ruleta a \u017eiv\u00e9 show s opravdov\u00fdmi krupi\u00e9ry. Rychl\u00e1 registrace, uv\u00edtac\u00ed bonus a\u017e 40 000 K\u010d, denn\u00ed akce a okam\u017eit\u00e9 v\u00fdplaty pro v\u0161echny hr\u00e1\u010de.\",\"inLanguage\":\"cs\",\"potentialAction\":[{\"@type\":\"ReadAction\",\"target\":[\"https:\/\/label.bet\/cs\/casino\/\"]}]},{\"@type\":\"WebSite\",\"@id\":\"https:\/\/label.bet\/cs\/#website\",\"url\":\"https:\/\/label.bet\/cs\/\",\"name\":\"Betlabel cs\",\"description\":\"\",\"potentialAction\":[{\"@type\":\"SearchAction\",\"target\":{\"@type\":\"EntryPoint\",\"urlTemplate\":\"https:\/\/label.bet\/cs\/?s={search_term_string}\"},\"query-input\":{\"@type\":\"PropertyValueSpecification\",\"valueRequired\":true,\"valueName\":\"search_term_string\"}}],\"inLanguage\":\"cs\"}]}<\/script>\n<!-- \/ Yoast SEO plugin. -->","yoast_head_json":{"title":"BetLabel Kasino \u2728 9000+ slot\u016f a bonus a\u017e 40 000 K\u010d \ud83c\udfb0","description":"Online kasino BetLabel \u2014 v\u00edce ne\u017e 9 000 her, automaty, ruleta a \u017eiv\u00e9 show s opravdov\u00fdmi krupi\u00e9ry. Rychl\u00e1 registrace, uv\u00edtac\u00ed bonus a\u017e 40 000 K\u010d, denn\u00ed akce a okam\u017eit\u00e9 v\u00fdplaty pro v\u0161echny hr\u00e1\u010de.","robots":{"index":"index","follow":"follow","max-snippet":"max-snippet:-1","max-image-preview":"max-image-preview:large","max-video-preview":"max-video-preview:-1"},"canonical":"https:\/\/label.bet\/cs\/casino\/","og_locale":"cs_CZ","og_type":"article","og_title":"BetLabel Kasino \u2728 9000+ slot\u016f a bonus a\u017e 40 000 K\u010d \ud83c\udfb0","og_description":"Online kasino BetLabel \u2014 v\u00edce ne\u017e 9 000 her, automaty, ruleta a \u017eiv\u00e9 show s opravdov\u00fdmi krupi\u00e9ry. Rychl\u00e1 registrace, uv\u00edtac\u00ed bonus a\u017e 40 000 K\u010d, denn\u00ed akce a okam\u017eit\u00e9 v\u00fdplaty pro v\u0161echny hr\u00e1\u010de.","og_url":"https:\/\/label.bet\/cs\/casino\/","og_site_name":"Betlabel cs","article_modified_time":"2026-02-05T07:13:43+00:00","twitter_card":"summary_large_image","schema":{"@context":"https:\/\/schema.org","@graph":[{"@type":"WebPage","@id":"https:\/\/label.bet\/cs\/casino\/","url":"https:\/\/label.bet\/cs\/casino\/","name":"BetLabel Kasino \u2728 9000+ slot\u016f a bonus a\u017e 40 000 K\u010d \ud83c\udfb0","isPartOf":{"@id":"https:\/\/label.bet\/cs\/#website"},"datePublished":"2025-12-26T06:04:18+00:00","dateModified":"2026-02-05T07:13:43+00:00","description":"Online kasino BetLabel \u2014 v\u00edce ne\u017e 9 000 her, automaty, ruleta a \u017eiv\u00e9 show s opravdov\u00fdmi krupi\u00e9ry. Rychl\u00e1 registrace, uv\u00edtac\u00ed bonus a\u017e 40 000 K\u010d, denn\u00ed akce a okam\u017eit\u00e9 v\u00fdplaty pro v\u0161echny hr\u00e1\u010de.","inLanguage":"cs","potentialAction":[{"@type":"ReadAction","target":["https:\/\/label.bet\/cs\/casino\/"]}]},{"@type":"WebSite","@id":"https:\/\/label.bet\/cs\/#website","url":"https:\/\/label.bet\/cs\/","name":"Betlabel cs","description":"","potentialAction":[{"@type":"SearchAction","target":{"@type":"EntryPoint","urlTemplate":"https:\/\/label.bet\/cs\/?s={search_term_string}"},"query-input":{"@type":"PropertyValueSpecification","valueRequired":true,"valueName":"search_term_string"}}],"inLanguage":"cs"}]}},"_links":{"self":[{"href":"https:\/\/label.bet\/cs\/wp-json\/wp\/v2\/pages\/1561","targetHints":{"allow":["GET"]}}],"collection":[{"href":"https:\/\/label.bet\/cs\/wp-json\/wp\/v2\/pages"}],"about":[{"href":"https:\/\/label.bet\/cs\/wp-json\/wp\/v2\/types\/page"}],"author":[{"embeddable":true,"href":"https:\/\/label.bet\/cs\/wp-json\/wp\/v2\/users\/1"}],"replies":[{"embeddable":true,"href":"https:\/\/label.bet\/cs\/wp-json\/wp\/v2\/comments?post=1561"}],"version-history":[{"count":5,"href":"https:\/\/label.bet\/cs\/wp-json\/wp\/v2\/pages\/1561\/revisions"}],"predecessor-version":[{"id":1917,"href":"https:\/\/label.bet\/cs\/wp-json\/wp\/v2\/pages\/1561\/revisions\/1917"}],"wp:attachment":[{"href":"https:\/\/label.bet\/cs\/wp-json\/wp\/v2\/media?parent=1561"}],"curies":[{"name":"wp","href":"https:\/\/api.w.org\/{rel}","templated":true}]}}