{"id":1713,"date":"2026-01-22T12:31:04","date_gmt":"2026-01-22T09:31:04","guid":{"rendered":"https:\/\/label.bet\/cs\/?page_id=1713"},"modified":"2026-02-05T13:32:14","modified_gmt":"2026-02-05T10:32:14","slug":"sport-betting","status":"publish","type":"page","link":"https:\/\/label.bet\/cs\/sport-betting\/","title":{"rendered":"Sport"},"content":{"rendered":"","protected":false},"excerpt":{"rendered":"","protected":false},"author":1,"featured_media":0,"parent":0,"menu_order":0,"comment_status":"closed","ping_status":"closed","template":"","meta":{"_acf_changed":false,"footnotes":""},"class_list":["post-1713","page","type-page","status-publish","hentry"],"acf":[],"yoast_head":"<!-- This site is optimized with the Yoast SEO plugin v26.5 - https:\/\/yoast.com\/wordpress\/plugins\/seo\/ -->\n<title>BetLabel sportovn\u00ed s\u00e1zen\u00ed \u26a1\ufe0f tipujte na nejd\u016fle\u017eit\u011bj\u0161\u00ed z\u00e1pasy<\/title>\n<meta name=\"description\" content=\"BetLabel je pohodln\u00e1 slu\u017eba pro sportovn\u00ed s\u00e1zen\u00ed \u2611\ufe0f hrajte , vytv\u00e1\u0159ejte p\u0159esn\u00e9 p\u0159edpov\u011bdi nejlep\u0161\u00edch z\u00e1pas\u016f a u\u017eijte si v\u00edce vzru\u0161en\u00ed z ka\u017ed\u00e9 ud\u00e1losti.\" \/>\n<meta name=\"robots\" content=\"index, follow, max-snippet:-1, max-image-preview:large, max-video-preview:-1\" \/>\n<link rel=\"canonical\" href=\"https:\/\/label.bet\/cs\/sport-betting\/\" \/>\n<meta property=\"og:locale\" content=\"cs_CZ\" \/>\n<meta property=\"og:type\" content=\"article\" \/>\n<meta property=\"og:title\" content=\"BetLabel sportovn\u00ed s\u00e1zen\u00ed \u26a1\ufe0f tipujte na nejd\u016fle\u017eit\u011bj\u0161\u00ed z\u00e1pasy\" \/>\n<meta property=\"og:description\" content=\"BetLabel je pohodln\u00e1 slu\u017eba pro sportovn\u00ed s\u00e1zen\u00ed \u2611\ufe0f hrajte , vytv\u00e1\u0159ejte p\u0159esn\u00e9 p\u0159edpov\u011bdi nejlep\u0161\u00edch z\u00e1pas\u016f a u\u017eijte si v\u00edce vzru\u0161en\u00ed z ka\u017ed\u00e9 ud\u00e1losti.\" \/>\n<meta property=\"og:url\" content=\"https:\/\/label.bet\/cs\/sport-betting\/\" \/>\n<meta property=\"og:site_name\" content=\"Betlabel cs\" \/>\n<meta property=\"article:modified_time\" content=\"2026-02-05T10:32:14+00:00\" \/>\n<meta name=\"twitter:card\" content=\"summary_large_image\" \/>\n<script type=\"application\/ld+json\" class=\"yoast-schema-graph\">{\"@context\":\"https:\/\/schema.org\",\"@graph\":[{\"@type\":\"WebPage\",\"@id\":\"https:\/\/label.bet\/cs\/sport-betting\/\",\"url\":\"https:\/\/label.bet\/cs\/sport-betting\/\",\"name\":\"BetLabel sportovn\u00ed s\u00e1zen\u00ed \u26a1\ufe0f tipujte na nejd\u016fle\u017eit\u011bj\u0161\u00ed z\u00e1pasy\",\"isPartOf\":{\"@id\":\"https:\/\/label.bet\/cs\/#website\"},\"datePublished\":\"2026-01-22T09:31:04+00:00\",\"dateModified\":\"2026-02-05T10:32:14+00:00\",\"description\":\"BetLabel je pohodln\u00e1 slu\u017eba pro sportovn\u00ed s\u00e1zen\u00ed \u2611\ufe0f hrajte , vytv\u00e1\u0159ejte p\u0159esn\u00e9 p\u0159edpov\u011bdi nejlep\u0161\u00edch z\u00e1pas\u016f a u\u017eijte si v\u00edce vzru\u0161en\u00ed z ka\u017ed\u00e9 ud\u00e1losti.\",\"inLanguage\":\"cs\",\"potentialAction\":[{\"@type\":\"ReadAction\",\"target\":[\"https:\/\/label.bet\/cs\/sport-betting\/\"]}]},{\"@type\":\"WebSite\",\"@id\":\"https:\/\/label.bet\/cs\/#website\",\"url\":\"https:\/\/label.bet\/cs\/\",\"name\":\"Betlabel cs\",\"description\":\"\",\"potentialAction\":[{\"@type\":\"SearchAction\",\"target\":{\"@type\":\"EntryPoint\",\"urlTemplate\":\"https:\/\/label.bet\/cs\/?s={search_term_string}\"},\"query-input\":{\"@type\":\"PropertyValueSpecification\",\"valueRequired\":true,\"valueName\":\"search_term_string\"}}],\"inLanguage\":\"cs\"}]}<\/script>\n<!-- \/ Yoast SEO plugin. -->","yoast_head_json":{"title":"BetLabel sportovn\u00ed s\u00e1zen\u00ed \u26a1\ufe0f tipujte na nejd\u016fle\u017eit\u011bj\u0161\u00ed z\u00e1pasy","description":"BetLabel je pohodln\u00e1 slu\u017eba pro sportovn\u00ed s\u00e1zen\u00ed \u2611\ufe0f hrajte , vytv\u00e1\u0159ejte p\u0159esn\u00e9 p\u0159edpov\u011bdi nejlep\u0161\u00edch z\u00e1pas\u016f a u\u017eijte si v\u00edce vzru\u0161en\u00ed z ka\u017ed\u00e9 ud\u00e1losti.","robots":{"index":"index","follow":"follow","max-snippet":"max-snippet:-1","max-image-preview":"max-image-preview:large","max-video-preview":"max-video-preview:-1"},"canonical":"https:\/\/label.bet\/cs\/sport-betting\/","og_locale":"cs_CZ","og_type":"article","og_title":"BetLabel sportovn\u00ed s\u00e1zen\u00ed \u26a1\ufe0f tipujte na nejd\u016fle\u017eit\u011bj\u0161\u00ed z\u00e1pasy","og_description":"BetLabel je pohodln\u00e1 slu\u017eba pro sportovn\u00ed s\u00e1zen\u00ed \u2611\ufe0f hrajte , vytv\u00e1\u0159ejte p\u0159esn\u00e9 p\u0159edpov\u011bdi nejlep\u0161\u00edch z\u00e1pas\u016f a u\u017eijte si v\u00edce vzru\u0161en\u00ed z ka\u017ed\u00e9 ud\u00e1losti.","og_url":"https:\/\/label.bet\/cs\/sport-betting\/","og_site_name":"Betlabel cs","article_modified_time":"2026-02-05T10:32:14+00:00","twitter_card":"summary_large_image","schema":{"@context":"https:\/\/schema.org","@graph":[{"@type":"WebPage","@id":"https:\/\/label.bet\/cs\/sport-betting\/","url":"https:\/\/label.bet\/cs\/sport-betting\/","name":"BetLabel sportovn\u00ed s\u00e1zen\u00ed \u26a1\ufe0f tipujte na nejd\u016fle\u017eit\u011bj\u0161\u00ed z\u00e1pasy","isPartOf":{"@id":"https:\/\/label.bet\/cs\/#website"},"datePublished":"2026-01-22T09:31:04+00:00","dateModified":"2026-02-05T10:32:14+00:00","description":"BetLabel je pohodln\u00e1 slu\u017eba pro sportovn\u00ed s\u00e1zen\u00ed \u2611\ufe0f hrajte , vytv\u00e1\u0159ejte p\u0159esn\u00e9 p\u0159edpov\u011bdi nejlep\u0161\u00edch z\u00e1pas\u016f a u\u017eijte si v\u00edce vzru\u0161en\u00ed z ka\u017ed\u00e9 ud\u00e1losti.","inLanguage":"cs","potentialAction":[{"@type":"ReadAction","target":["https:\/\/label.bet\/cs\/sport-betting\/"]}]},{"@type":"WebSite","@id":"https:\/\/label.bet\/cs\/#website","url":"https:\/\/label.bet\/cs\/","name":"Betlabel cs","description":"","potentialAction":[{"@type":"SearchAction","target":{"@type":"EntryPoint","urlTemplate":"https:\/\/label.bet\/cs\/?s={search_term_string}"},"query-input":{"@type":"PropertyValueSpecification","valueRequired":true,"valueName":"search_term_string"}}],"inLanguage":"cs"}]}},"_links":{"self":[{"href":"https:\/\/label.bet\/cs\/wp-json\/wp\/v2\/pages\/1713","targetHints":{"allow":["GET"]}}],"collection":[{"href":"https:\/\/label.bet\/cs\/wp-json\/wp\/v2\/pages"}],"about":[{"href":"https:\/\/label.bet\/cs\/wp-json\/wp\/v2\/types\/page"}],"author":[{"embeddable":true,"href":"https:\/\/label.bet\/cs\/wp-json\/wp\/v2\/users\/1"}],"replies":[{"embeddable":true,"href":"https:\/\/label.bet\/cs\/wp-json\/wp\/v2\/comments?post=1713"}],"version-history":[{"count":4,"href":"https:\/\/label.bet\/cs\/wp-json\/wp\/v2\/pages\/1713\/revisions"}],"predecessor-version":[{"id":1931,"href":"https:\/\/label.bet\/cs\/wp-json\/wp\/v2\/pages\/1713\/revisions\/1931"}],"wp:attachment":[{"href":"https:\/\/label.bet\/cs\/wp-json\/wp\/v2\/media?parent=1713"}],"curies":[{"name":"wp","href":"https:\/\/api.w.org\/{rel}","templated":true}]}}