{"id":1723,"date":"2026-01-22T14:27:58","date_gmt":"2026-01-22T11:27:58","guid":{"rendered":"https:\/\/label.bet\/cs\/?page_id=1723"},"modified":"2026-02-05T10:43:27","modified_gmt":"2026-02-05T07:43:27","slug":"hockey","status":"publish","type":"page","link":"https:\/\/label.bet\/cs\/hockey\/","title":{"rendered":"Hokej"},"content":{"rendered":"","protected":false},"excerpt":{"rendered":"","protected":false},"author":1,"featured_media":0,"parent":0,"menu_order":0,"comment_status":"closed","ping_status":"closed","template":"","meta":{"_acf_changed":false,"footnotes":""},"class_list":["post-1723","page","type-page","status-publish","hentry"],"acf":[],"yoast_head":"<!-- This site is optimized with the Yoast SEO plugin v26.5 - https:\/\/yoast.com\/wordpress\/plugins\/seo\/ -->\n<title>Hokej na BetLabel \ud83d\udc8e Kurzy a p\u0159edpov\u011bdi pro nejd\u016fle\u017eit\u011bj\u0161\u00ed z\u00e1pasy<\/title>\n<meta name=\"description\" content=\"S\u00e1zen\u00ed na hokej na BetLabel! Vytv\u00e1\u0159ejte p\u0159esn\u00e9 p\u0159edpov\u011bdi na nejlep\u0161\u00ed z\u00e1pasy KHL a NHL, z\u00edskejte v\u00fdhodn\u00e9 kurzy a vyhrajte. Spolehliv\u00e1 s\u00e1zkov\u00e1 kancel\u00e1\u0159 pro fanou\u0161ky hokeje na v\u00e1s \u010dek\u00e1.\" \/>\n<meta name=\"robots\" content=\"index, follow, max-snippet:-1, max-image-preview:large, max-video-preview:-1\" \/>\n<link rel=\"canonical\" href=\"https:\/\/label.bet\/cs\/hockey\/\" \/>\n<meta property=\"og:locale\" content=\"cs_CZ\" \/>\n<meta property=\"og:type\" content=\"article\" \/>\n<meta property=\"og:title\" content=\"Hokej na BetLabel \ud83d\udc8e Kurzy a p\u0159edpov\u011bdi pro nejd\u016fle\u017eit\u011bj\u0161\u00ed z\u00e1pasy\" \/>\n<meta property=\"og:description\" content=\"S\u00e1zen\u00ed na hokej na BetLabel! Vytv\u00e1\u0159ejte p\u0159esn\u00e9 p\u0159edpov\u011bdi na nejlep\u0161\u00ed z\u00e1pasy KHL a NHL, z\u00edskejte v\u00fdhodn\u00e9 kurzy a vyhrajte. Spolehliv\u00e1 s\u00e1zkov\u00e1 kancel\u00e1\u0159 pro fanou\u0161ky hokeje na v\u00e1s \u010dek\u00e1.\" \/>\n<meta property=\"og:url\" content=\"https:\/\/label.bet\/cs\/hockey\/\" \/>\n<meta property=\"og:site_name\" content=\"Betlabel cs\" \/>\n<meta property=\"article:modified_time\" content=\"2026-02-05T07:43:27+00:00\" \/>\n<meta name=\"twitter:card\" content=\"summary_large_image\" \/>\n<script type=\"application\/ld+json\" class=\"yoast-schema-graph\">{\"@context\":\"https:\/\/schema.org\",\"@graph\":[{\"@type\":\"WebPage\",\"@id\":\"https:\/\/label.bet\/cs\/hockey\/\",\"url\":\"https:\/\/label.bet\/cs\/hockey\/\",\"name\":\"Hokej na BetLabel \ud83d\udc8e Kurzy a p\u0159edpov\u011bdi pro nejd\u016fle\u017eit\u011bj\u0161\u00ed z\u00e1pasy\",\"isPartOf\":{\"@id\":\"https:\/\/label.bet\/cs\/#website\"},\"datePublished\":\"2026-01-22T11:27:58+00:00\",\"dateModified\":\"2026-02-05T07:43:27+00:00\",\"description\":\"S\u00e1zen\u00ed na hokej na BetLabel! Vytv\u00e1\u0159ejte p\u0159esn\u00e9 p\u0159edpov\u011bdi na nejlep\u0161\u00ed z\u00e1pasy KHL a NHL, z\u00edskejte v\u00fdhodn\u00e9 kurzy a vyhrajte. Spolehliv\u00e1 s\u00e1zkov\u00e1 kancel\u00e1\u0159 pro fanou\u0161ky hokeje na v\u00e1s \u010dek\u00e1.\",\"inLanguage\":\"cs\",\"potentialAction\":[{\"@type\":\"ReadAction\",\"target\":[\"https:\/\/label.bet\/cs\/hockey\/\"]}]},{\"@type\":\"WebSite\",\"@id\":\"https:\/\/label.bet\/cs\/#website\",\"url\":\"https:\/\/label.bet\/cs\/\",\"name\":\"Betlabel cs\",\"description\":\"\",\"potentialAction\":[{\"@type\":\"SearchAction\",\"target\":{\"@type\":\"EntryPoint\",\"urlTemplate\":\"https:\/\/label.bet\/cs\/?s={search_term_string}\"},\"query-input\":{\"@type\":\"PropertyValueSpecification\",\"valueRequired\":true,\"valueName\":\"search_term_string\"}}],\"inLanguage\":\"cs\"}]}<\/script>\n<!-- \/ Yoast SEO plugin. -->","yoast_head_json":{"title":"Hokej na BetLabel \ud83d\udc8e Kurzy a p\u0159edpov\u011bdi pro nejd\u016fle\u017eit\u011bj\u0161\u00ed z\u00e1pasy","description":"S\u00e1zen\u00ed na hokej na BetLabel! Vytv\u00e1\u0159ejte p\u0159esn\u00e9 p\u0159edpov\u011bdi na nejlep\u0161\u00ed z\u00e1pasy KHL a NHL, z\u00edskejte v\u00fdhodn\u00e9 kurzy a vyhrajte. Spolehliv\u00e1 s\u00e1zkov\u00e1 kancel\u00e1\u0159 pro fanou\u0161ky hokeje na v\u00e1s \u010dek\u00e1.","robots":{"index":"index","follow":"follow","max-snippet":"max-snippet:-1","max-image-preview":"max-image-preview:large","max-video-preview":"max-video-preview:-1"},"canonical":"https:\/\/label.bet\/cs\/hockey\/","og_locale":"cs_CZ","og_type":"article","og_title":"Hokej na BetLabel \ud83d\udc8e Kurzy a p\u0159edpov\u011bdi pro nejd\u016fle\u017eit\u011bj\u0161\u00ed z\u00e1pasy","og_description":"S\u00e1zen\u00ed na hokej na BetLabel! Vytv\u00e1\u0159ejte p\u0159esn\u00e9 p\u0159edpov\u011bdi na nejlep\u0161\u00ed z\u00e1pasy KHL a NHL, z\u00edskejte v\u00fdhodn\u00e9 kurzy a vyhrajte. Spolehliv\u00e1 s\u00e1zkov\u00e1 kancel\u00e1\u0159 pro fanou\u0161ky hokeje na v\u00e1s \u010dek\u00e1.","og_url":"https:\/\/label.bet\/cs\/hockey\/","og_site_name":"Betlabel cs","article_modified_time":"2026-02-05T07:43:27+00:00","twitter_card":"summary_large_image","schema":{"@context":"https:\/\/schema.org","@graph":[{"@type":"WebPage","@id":"https:\/\/label.bet\/cs\/hockey\/","url":"https:\/\/label.bet\/cs\/hockey\/","name":"Hokej na BetLabel \ud83d\udc8e Kurzy a p\u0159edpov\u011bdi pro nejd\u016fle\u017eit\u011bj\u0161\u00ed z\u00e1pasy","isPartOf":{"@id":"https:\/\/label.bet\/cs\/#website"},"datePublished":"2026-01-22T11:27:58+00:00","dateModified":"2026-02-05T07:43:27+00:00","description":"S\u00e1zen\u00ed na hokej na BetLabel! Vytv\u00e1\u0159ejte p\u0159esn\u00e9 p\u0159edpov\u011bdi na nejlep\u0161\u00ed z\u00e1pasy KHL a NHL, z\u00edskejte v\u00fdhodn\u00e9 kurzy a vyhrajte. Spolehliv\u00e1 s\u00e1zkov\u00e1 kancel\u00e1\u0159 pro fanou\u0161ky hokeje na v\u00e1s \u010dek\u00e1.","inLanguage":"cs","potentialAction":[{"@type":"ReadAction","target":["https:\/\/label.bet\/cs\/hockey\/"]}]},{"@type":"WebSite","@id":"https:\/\/label.bet\/cs\/#website","url":"https:\/\/label.bet\/cs\/","name":"Betlabel cs","description":"","potentialAction":[{"@type":"SearchAction","target":{"@type":"EntryPoint","urlTemplate":"https:\/\/label.bet\/cs\/?s={search_term_string}"},"query-input":{"@type":"PropertyValueSpecification","valueRequired":true,"valueName":"search_term_string"}}],"inLanguage":"cs"}]}},"_links":{"self":[{"href":"https:\/\/label.bet\/cs\/wp-json\/wp\/v2\/pages\/1723","targetHints":{"allow":["GET"]}}],"collection":[{"href":"https:\/\/label.bet\/cs\/wp-json\/wp\/v2\/pages"}],"about":[{"href":"https:\/\/label.bet\/cs\/wp-json\/wp\/v2\/types\/page"}],"author":[{"embeddable":true,"href":"https:\/\/label.bet\/cs\/wp-json\/wp\/v2\/users\/1"}],"replies":[{"embeddable":true,"href":"https:\/\/label.bet\/cs\/wp-json\/wp\/v2\/comments?post=1723"}],"version-history":[{"count":5,"href":"https:\/\/label.bet\/cs\/wp-json\/wp\/v2\/pages\/1723\/revisions"}],"predecessor-version":[{"id":1923,"href":"https:\/\/label.bet\/cs\/wp-json\/wp\/v2\/pages\/1723\/revisions\/1923"}],"wp:attachment":[{"href":"https:\/\/label.bet\/cs\/wp-json\/wp\/v2\/media?parent=1723"}],"curies":[{"name":"wp","href":"https:\/\/api.w.org\/{rel}","templated":true}]}}