{"id":1729,"date":"2026-01-22T15:02:05","date_gmt":"2026-01-22T12:02:05","guid":{"rendered":"https:\/\/label.bet\/cs\/?page_id=1729"},"modified":"2026-02-05T14:20:58","modified_gmt":"2026-02-05T11:20:58","slug":"tennis","status":"publish","type":"page","link":"https:\/\/label.bet\/cs\/tennis\/","title":{"rendered":"Tenis"},"content":{"rendered":"","protected":false},"excerpt":{"rendered":"","protected":false},"author":1,"featured_media":0,"parent":0,"menu_order":0,"comment_status":"closed","ping_status":"closed","template":"","meta":{"_acf_changed":false,"footnotes":""},"class_list":["post-1729","page","type-page","status-publish","hentry"],"acf":[],"yoast_head":"<!-- This site is optimized with the Yoast SEO plugin v26.5 - https:\/\/yoast.com\/wordpress\/plugins\/seo\/ -->\n<title>BetLabel Tenis \u26a1\ufe0f S\u00e1zkov\u00e9 kurzy, p\u0159edpov\u011bdi pro turnaje<\/title>\n<meta name=\"description\" content=\"S\u00e1zen\u00ed na tenis na BetLabel! Tipujte v\u00fdsledky turnaj\u016f ATP, WTA a Grand Slam, z\u00edskejte vysok\u00e9 kurzy a vyhrajte. \u010cek\u00e1 na v\u00e1s spolehliv\u00e1 s\u00e1zkov\u00e1 kancel\u00e1\u0159 se zam\u011b\u0159en\u00edm na sport.\" \/>\n<meta name=\"robots\" content=\"index, follow, max-snippet:-1, max-image-preview:large, max-video-preview:-1\" \/>\n<link rel=\"canonical\" href=\"https:\/\/label.bet\/cs\/tennis\/\" \/>\n<meta property=\"og:locale\" content=\"cs_CZ\" \/>\n<meta property=\"og:type\" content=\"article\" \/>\n<meta property=\"og:title\" content=\"BetLabel Tenis \u26a1\ufe0f S\u00e1zkov\u00e9 kurzy, p\u0159edpov\u011bdi pro turnaje\" \/>\n<meta property=\"og:description\" content=\"S\u00e1zen\u00ed na tenis na BetLabel! Tipujte v\u00fdsledky turnaj\u016f ATP, WTA a Grand Slam, z\u00edskejte vysok\u00e9 kurzy a vyhrajte. \u010cek\u00e1 na v\u00e1s spolehliv\u00e1 s\u00e1zkov\u00e1 kancel\u00e1\u0159 se zam\u011b\u0159en\u00edm na sport.\" \/>\n<meta property=\"og:url\" content=\"https:\/\/label.bet\/cs\/tennis\/\" \/>\n<meta property=\"og:site_name\" content=\"Betlabel cs\" \/>\n<meta property=\"article:modified_time\" content=\"2026-02-05T11:20:58+00:00\" \/>\n<meta name=\"twitter:card\" content=\"summary_large_image\" \/>\n<script type=\"application\/ld+json\" class=\"yoast-schema-graph\">{\"@context\":\"https:\/\/schema.org\",\"@graph\":[{\"@type\":\"WebPage\",\"@id\":\"https:\/\/label.bet\/cs\/tennis\/\",\"url\":\"https:\/\/label.bet\/cs\/tennis\/\",\"name\":\"BetLabel Tenis \u26a1\ufe0f S\u00e1zkov\u00e9 kurzy, p\u0159edpov\u011bdi pro turnaje\",\"isPartOf\":{\"@id\":\"https:\/\/label.bet\/cs\/#website\"},\"datePublished\":\"2026-01-22T12:02:05+00:00\",\"dateModified\":\"2026-02-05T11:20:58+00:00\",\"description\":\"S\u00e1zen\u00ed na tenis na BetLabel! Tipujte v\u00fdsledky turnaj\u016f ATP, WTA a Grand Slam, z\u00edskejte vysok\u00e9 kurzy a vyhrajte. \u010cek\u00e1 na v\u00e1s spolehliv\u00e1 s\u00e1zkov\u00e1 kancel\u00e1\u0159 se zam\u011b\u0159en\u00edm na sport.\",\"inLanguage\":\"cs\",\"potentialAction\":[{\"@type\":\"ReadAction\",\"target\":[\"https:\/\/label.bet\/cs\/tennis\/\"]}]},{\"@type\":\"WebSite\",\"@id\":\"https:\/\/label.bet\/cs\/#website\",\"url\":\"https:\/\/label.bet\/cs\/\",\"name\":\"Betlabel cs\",\"description\":\"\",\"potentialAction\":[{\"@type\":\"SearchAction\",\"target\":{\"@type\":\"EntryPoint\",\"urlTemplate\":\"https:\/\/label.bet\/cs\/?s={search_term_string}\"},\"query-input\":{\"@type\":\"PropertyValueSpecification\",\"valueRequired\":true,\"valueName\":\"search_term_string\"}}],\"inLanguage\":\"cs\"}]}<\/script>\n<!-- \/ Yoast SEO plugin. -->","yoast_head_json":{"title":"BetLabel Tenis \u26a1\ufe0f S\u00e1zkov\u00e9 kurzy, p\u0159edpov\u011bdi pro turnaje","description":"S\u00e1zen\u00ed na tenis na BetLabel! Tipujte v\u00fdsledky turnaj\u016f ATP, WTA a Grand Slam, z\u00edskejte vysok\u00e9 kurzy a vyhrajte. \u010cek\u00e1 na v\u00e1s spolehliv\u00e1 s\u00e1zkov\u00e1 kancel\u00e1\u0159 se zam\u011b\u0159en\u00edm na sport.","robots":{"index":"index","follow":"follow","max-snippet":"max-snippet:-1","max-image-preview":"max-image-preview:large","max-video-preview":"max-video-preview:-1"},"canonical":"https:\/\/label.bet\/cs\/tennis\/","og_locale":"cs_CZ","og_type":"article","og_title":"BetLabel Tenis \u26a1\ufe0f S\u00e1zkov\u00e9 kurzy, p\u0159edpov\u011bdi pro turnaje","og_description":"S\u00e1zen\u00ed na tenis na BetLabel! Tipujte v\u00fdsledky turnaj\u016f ATP, WTA a Grand Slam, z\u00edskejte vysok\u00e9 kurzy a vyhrajte. \u010cek\u00e1 na v\u00e1s spolehliv\u00e1 s\u00e1zkov\u00e1 kancel\u00e1\u0159 se zam\u011b\u0159en\u00edm na sport.","og_url":"https:\/\/label.bet\/cs\/tennis\/","og_site_name":"Betlabel cs","article_modified_time":"2026-02-05T11:20:58+00:00","twitter_card":"summary_large_image","schema":{"@context":"https:\/\/schema.org","@graph":[{"@type":"WebPage","@id":"https:\/\/label.bet\/cs\/tennis\/","url":"https:\/\/label.bet\/cs\/tennis\/","name":"BetLabel Tenis \u26a1\ufe0f S\u00e1zkov\u00e9 kurzy, p\u0159edpov\u011bdi pro turnaje","isPartOf":{"@id":"https:\/\/label.bet\/cs\/#website"},"datePublished":"2026-01-22T12:02:05+00:00","dateModified":"2026-02-05T11:20:58+00:00","description":"S\u00e1zen\u00ed na tenis na BetLabel! Tipujte v\u00fdsledky turnaj\u016f ATP, WTA a Grand Slam, z\u00edskejte vysok\u00e9 kurzy a vyhrajte. \u010cek\u00e1 na v\u00e1s spolehliv\u00e1 s\u00e1zkov\u00e1 kancel\u00e1\u0159 se zam\u011b\u0159en\u00edm na sport.","inLanguage":"cs","potentialAction":[{"@type":"ReadAction","target":["https:\/\/label.bet\/cs\/tennis\/"]}]},{"@type":"WebSite","@id":"https:\/\/label.bet\/cs\/#website","url":"https:\/\/label.bet\/cs\/","name":"Betlabel cs","description":"","potentialAction":[{"@type":"SearchAction","target":{"@type":"EntryPoint","urlTemplate":"https:\/\/label.bet\/cs\/?s={search_term_string}"},"query-input":{"@type":"PropertyValueSpecification","valueRequired":true,"valueName":"search_term_string"}}],"inLanguage":"cs"}]}},"_links":{"self":[{"href":"https:\/\/label.bet\/cs\/wp-json\/wp\/v2\/pages\/1729","targetHints":{"allow":["GET"]}}],"collection":[{"href":"https:\/\/label.bet\/cs\/wp-json\/wp\/v2\/pages"}],"about":[{"href":"https:\/\/label.bet\/cs\/wp-json\/wp\/v2\/types\/page"}],"author":[{"embeddable":true,"href":"https:\/\/label.bet\/cs\/wp-json\/wp\/v2\/users\/1"}],"replies":[{"embeddable":true,"href":"https:\/\/label.bet\/cs\/wp-json\/wp\/v2\/comments?post=1729"}],"version-history":[{"count":5,"href":"https:\/\/label.bet\/cs\/wp-json\/wp\/v2\/pages\/1729\/revisions"}],"predecessor-version":[{"id":1934,"href":"https:\/\/label.bet\/cs\/wp-json\/wp\/v2\/pages\/1729\/revisions\/1934"}],"wp:attachment":[{"href":"https:\/\/label.bet\/cs\/wp-json\/wp\/v2\/media?parent=1729"}],"curies":[{"name":"wp","href":"https:\/\/api.w.org\/{rel}","templated":true}]}}