{"id":1743,"date":"2026-01-22T17:36:57","date_gmt":"2026-01-22T14:36:57","guid":{"rendered":"https:\/\/label.bet\/cs\/?page_id=1743"},"modified":"2026-02-05T14:42:12","modified_gmt":"2026-02-05T11:42:12","slug":"volleyball","status":"publish","type":"page","link":"https:\/\/label.bet\/cs\/volleyball\/","title":{"rendered":"Volleyball"},"content":{"rendered":"","protected":false},"excerpt":{"rendered":"","protected":false},"author":1,"featured_media":0,"parent":0,"menu_order":0,"comment_status":"closed","ping_status":"closed","template":"","meta":{"_acf_changed":false,"footnotes":""},"class_list":["post-1743","page","type-page","status-publish","hentry"],"acf":[],"yoast_head":"<!-- This site is optimized with the Yoast SEO plugin v26.5 - https:\/\/yoast.com\/wordpress\/plugins\/seo\/ -->\n<title>BetLabel S\u00e1zen\u00ed na volejbal \u1409 Vysok\u00e9 kurzy a jedine\u010dn\u00fd bonus<\/title>\n<meta name=\"description\" content=\"S\u00e1zejte na volejbal s BetLabel! Vysok\u00e9 kurzy, \u0161irok\u00e1 nab\u00eddka lig a turnaj\u016f a jedine\u010dn\u00e9 bonusy zaru\u010duj\u00ed vzru\u0161uj\u00edc\u00ed s\u00e1zka\u0159sk\u00fd z\u00e1\u017eitek. P\u0159idejte se k n\u00e1m a za\u010dn\u011bte vyhr\u00e1vat je\u0161t\u011b dnes!\" \/>\n<meta name=\"robots\" content=\"index, follow, max-snippet:-1, max-image-preview:large, max-video-preview:-1\" \/>\n<link rel=\"canonical\" href=\"https:\/\/label.bet\/cs\/volleyball\/\" \/>\n<meta property=\"og:locale\" content=\"cs_CZ\" \/>\n<meta property=\"og:type\" content=\"article\" \/>\n<meta property=\"og:title\" content=\"BetLabel S\u00e1zen\u00ed na volejbal \u1409 Vysok\u00e9 kurzy a jedine\u010dn\u00fd bonus\" \/>\n<meta property=\"og:description\" content=\"S\u00e1zejte na volejbal s BetLabel! Vysok\u00e9 kurzy, \u0161irok\u00e1 nab\u00eddka lig a turnaj\u016f a jedine\u010dn\u00e9 bonusy zaru\u010duj\u00ed vzru\u0161uj\u00edc\u00ed s\u00e1zka\u0159sk\u00fd z\u00e1\u017eitek. P\u0159idejte se k n\u00e1m a za\u010dn\u011bte vyhr\u00e1vat je\u0161t\u011b dnes!\" \/>\n<meta property=\"og:url\" content=\"https:\/\/label.bet\/cs\/volleyball\/\" \/>\n<meta property=\"og:site_name\" content=\"Betlabel cs\" \/>\n<meta property=\"article:modified_time\" content=\"2026-02-05T11:42:12+00:00\" \/>\n<meta name=\"twitter:card\" content=\"summary_large_image\" \/>\n<script type=\"application\/ld+json\" class=\"yoast-schema-graph\">{\"@context\":\"https:\/\/schema.org\",\"@graph\":[{\"@type\":\"WebPage\",\"@id\":\"https:\/\/label.bet\/cs\/volleyball\/\",\"url\":\"https:\/\/label.bet\/cs\/volleyball\/\",\"name\":\"BetLabel S\u00e1zen\u00ed na volejbal \u1409 Vysok\u00e9 kurzy a jedine\u010dn\u00fd bonus\",\"isPartOf\":{\"@id\":\"https:\/\/label.bet\/cs\/#website\"},\"datePublished\":\"2026-01-22T14:36:57+00:00\",\"dateModified\":\"2026-02-05T11:42:12+00:00\",\"description\":\"S\u00e1zejte na volejbal s BetLabel! Vysok\u00e9 kurzy, \u0161irok\u00e1 nab\u00eddka lig a turnaj\u016f a jedine\u010dn\u00e9 bonusy zaru\u010duj\u00ed vzru\u0161uj\u00edc\u00ed s\u00e1zka\u0159sk\u00fd z\u00e1\u017eitek. P\u0159idejte se k n\u00e1m a za\u010dn\u011bte vyhr\u00e1vat je\u0161t\u011b dnes!\",\"inLanguage\":\"cs\",\"potentialAction\":[{\"@type\":\"ReadAction\",\"target\":[\"https:\/\/label.bet\/cs\/volleyball\/\"]}]},{\"@type\":\"WebSite\",\"@id\":\"https:\/\/label.bet\/cs\/#website\",\"url\":\"https:\/\/label.bet\/cs\/\",\"name\":\"Betlabel cs\",\"description\":\"\",\"potentialAction\":[{\"@type\":\"SearchAction\",\"target\":{\"@type\":\"EntryPoint\",\"urlTemplate\":\"https:\/\/label.bet\/cs\/?s={search_term_string}\"},\"query-input\":{\"@type\":\"PropertyValueSpecification\",\"valueRequired\":true,\"valueName\":\"search_term_string\"}}],\"inLanguage\":\"cs\"}]}<\/script>\n<!-- \/ Yoast SEO plugin. -->","yoast_head_json":{"title":"BetLabel S\u00e1zen\u00ed na volejbal \u1409 Vysok\u00e9 kurzy a jedine\u010dn\u00fd bonus","description":"S\u00e1zejte na volejbal s BetLabel! Vysok\u00e9 kurzy, \u0161irok\u00e1 nab\u00eddka lig a turnaj\u016f a jedine\u010dn\u00e9 bonusy zaru\u010duj\u00ed vzru\u0161uj\u00edc\u00ed s\u00e1zka\u0159sk\u00fd z\u00e1\u017eitek. P\u0159idejte se k n\u00e1m a za\u010dn\u011bte vyhr\u00e1vat je\u0161t\u011b dnes!","robots":{"index":"index","follow":"follow","max-snippet":"max-snippet:-1","max-image-preview":"max-image-preview:large","max-video-preview":"max-video-preview:-1"},"canonical":"https:\/\/label.bet\/cs\/volleyball\/","og_locale":"cs_CZ","og_type":"article","og_title":"BetLabel S\u00e1zen\u00ed na volejbal \u1409 Vysok\u00e9 kurzy a jedine\u010dn\u00fd bonus","og_description":"S\u00e1zejte na volejbal s BetLabel! Vysok\u00e9 kurzy, \u0161irok\u00e1 nab\u00eddka lig a turnaj\u016f a jedine\u010dn\u00e9 bonusy zaru\u010duj\u00ed vzru\u0161uj\u00edc\u00ed s\u00e1zka\u0159sk\u00fd z\u00e1\u017eitek. P\u0159idejte se k n\u00e1m a za\u010dn\u011bte vyhr\u00e1vat je\u0161t\u011b dnes!","og_url":"https:\/\/label.bet\/cs\/volleyball\/","og_site_name":"Betlabel cs","article_modified_time":"2026-02-05T11:42:12+00:00","twitter_card":"summary_large_image","schema":{"@context":"https:\/\/schema.org","@graph":[{"@type":"WebPage","@id":"https:\/\/label.bet\/cs\/volleyball\/","url":"https:\/\/label.bet\/cs\/volleyball\/","name":"BetLabel S\u00e1zen\u00ed na volejbal \u1409 Vysok\u00e9 kurzy a jedine\u010dn\u00fd bonus","isPartOf":{"@id":"https:\/\/label.bet\/cs\/#website"},"datePublished":"2026-01-22T14:36:57+00:00","dateModified":"2026-02-05T11:42:12+00:00","description":"S\u00e1zejte na volejbal s BetLabel! Vysok\u00e9 kurzy, \u0161irok\u00e1 nab\u00eddka lig a turnaj\u016f a jedine\u010dn\u00e9 bonusy zaru\u010duj\u00ed vzru\u0161uj\u00edc\u00ed s\u00e1zka\u0159sk\u00fd z\u00e1\u017eitek. P\u0159idejte se k n\u00e1m a za\u010dn\u011bte vyhr\u00e1vat je\u0161t\u011b dnes!","inLanguage":"cs","potentialAction":[{"@type":"ReadAction","target":["https:\/\/label.bet\/cs\/volleyball\/"]}]},{"@type":"WebSite","@id":"https:\/\/label.bet\/cs\/#website","url":"https:\/\/label.bet\/cs\/","name":"Betlabel cs","description":"","potentialAction":[{"@type":"SearchAction","target":{"@type":"EntryPoint","urlTemplate":"https:\/\/label.bet\/cs\/?s={search_term_string}"},"query-input":{"@type":"PropertyValueSpecification","valueRequired":true,"valueName":"search_term_string"}}],"inLanguage":"cs"}]}},"_links":{"self":[{"href":"https:\/\/label.bet\/cs\/wp-json\/wp\/v2\/pages\/1743","targetHints":{"allow":["GET"]}}],"collection":[{"href":"https:\/\/label.bet\/cs\/wp-json\/wp\/v2\/pages"}],"about":[{"href":"https:\/\/label.bet\/cs\/wp-json\/wp\/v2\/types\/page"}],"author":[{"embeddable":true,"href":"https:\/\/label.bet\/cs\/wp-json\/wp\/v2\/users\/1"}],"replies":[{"embeddable":true,"href":"https:\/\/label.bet\/cs\/wp-json\/wp\/v2\/comments?post=1743"}],"version-history":[{"count":5,"href":"https:\/\/label.bet\/cs\/wp-json\/wp\/v2\/pages\/1743\/revisions"}],"predecessor-version":[{"id":1937,"href":"https:\/\/label.bet\/cs\/wp-json\/wp\/v2\/pages\/1743\/revisions\/1937"}],"wp:attachment":[{"href":"https:\/\/label.bet\/cs\/wp-json\/wp\/v2\/media?parent=1743"}],"curies":[{"name":"wp","href":"https:\/\/api.w.org\/{rel}","templated":true}]}}