{"id":1802,"date":"2026-01-23T14:35:42","date_gmt":"2026-01-23T11:35:42","guid":{"rendered":"https:\/\/label.bet\/cs\/?page_id=1802"},"modified":"2026-02-05T13:16:11","modified_gmt":"2026-02-05T10:16:11","slug":"plinko","status":"publish","type":"page","link":"https:\/\/label.bet\/cs\/plinko\/","title":{"rendered":"Plinko"},"content":{"rendered":"","protected":false},"excerpt":{"rendered":"","protected":false},"author":1,"featured_media":0,"parent":0,"menu_order":0,"comment_status":"closed","ping_status":"closed","template":"","meta":{"_acf_changed":false,"footnotes":""},"class_list":["post-1802","page","type-page","status-publish","hentry"],"acf":[],"yoast_head":"<!-- This site is optimized with the Yoast SEO plugin v26.5 - https:\/\/yoast.com\/wordpress\/plugins\/seo\/ -->\n<title>Hrajte Plinko v kasinu BetLabel \u27a4 Jednoduch\u00e1 hra s multiplik\u00e1tory<\/title>\n<meta name=\"description\" content=\"Plinko na BetLabel \u2714\ufe0f je rychl\u00e1 a snadno pochopiteln\u00e1 hra s padaj\u00edc\u00edmi kuli\u010dkami a multiplik\u00e1tory. Minim\u00e1ln\u00ed s\u00e1zky, kontrola rizika, kr\u00e1tk\u00e1 kola a pohodln\u00e9 hran\u00ed z po\u010d\u00edta\u010de nebo telefonu.\" \/>\n<meta name=\"robots\" content=\"index, follow, max-snippet:-1, max-image-preview:large, max-video-preview:-1\" \/>\n<link rel=\"canonical\" href=\"https:\/\/label.bet\/cs\/plinko\/\" \/>\n<meta property=\"og:locale\" content=\"cs_CZ\" \/>\n<meta property=\"og:type\" content=\"article\" \/>\n<meta property=\"og:title\" content=\"Hrajte Plinko v kasinu BetLabel \u27a4 Jednoduch\u00e1 hra s multiplik\u00e1tory\" \/>\n<meta property=\"og:description\" content=\"Plinko na BetLabel \u2714\ufe0f je rychl\u00e1 a snadno pochopiteln\u00e1 hra s padaj\u00edc\u00edmi kuli\u010dkami a multiplik\u00e1tory. Minim\u00e1ln\u00ed s\u00e1zky, kontrola rizika, kr\u00e1tk\u00e1 kola a pohodln\u00e9 hran\u00ed z po\u010d\u00edta\u010de nebo telefonu.\" \/>\n<meta property=\"og:url\" content=\"https:\/\/label.bet\/cs\/plinko\/\" \/>\n<meta property=\"og:site_name\" content=\"Betlabel cs\" \/>\n<meta property=\"article:modified_time\" content=\"2026-02-05T10:16:11+00:00\" \/>\n<meta name=\"twitter:card\" content=\"summary_large_image\" \/>\n<script type=\"application\/ld+json\" class=\"yoast-schema-graph\">{\"@context\":\"https:\/\/schema.org\",\"@graph\":[{\"@type\":\"WebPage\",\"@id\":\"https:\/\/label.bet\/cs\/plinko\/\",\"url\":\"https:\/\/label.bet\/cs\/plinko\/\",\"name\":\"Hrajte Plinko v kasinu BetLabel \u27a4 Jednoduch\u00e1 hra s multiplik\u00e1tory\",\"isPartOf\":{\"@id\":\"https:\/\/label.bet\/cs\/#website\"},\"datePublished\":\"2026-01-23T11:35:42+00:00\",\"dateModified\":\"2026-02-05T10:16:11+00:00\",\"description\":\"Plinko na BetLabel \u2714\ufe0f je rychl\u00e1 a snadno pochopiteln\u00e1 hra s padaj\u00edc\u00edmi kuli\u010dkami a multiplik\u00e1tory. Minim\u00e1ln\u00ed s\u00e1zky, kontrola rizika, kr\u00e1tk\u00e1 kola a pohodln\u00e9 hran\u00ed z po\u010d\u00edta\u010de nebo telefonu.\",\"inLanguage\":\"cs\",\"potentialAction\":[{\"@type\":\"ReadAction\",\"target\":[\"https:\/\/label.bet\/cs\/plinko\/\"]}]},{\"@type\":\"WebSite\",\"@id\":\"https:\/\/label.bet\/cs\/#website\",\"url\":\"https:\/\/label.bet\/cs\/\",\"name\":\"Betlabel cs\",\"description\":\"\",\"potentialAction\":[{\"@type\":\"SearchAction\",\"target\":{\"@type\":\"EntryPoint\",\"urlTemplate\":\"https:\/\/label.bet\/cs\/?s={search_term_string}\"},\"query-input\":{\"@type\":\"PropertyValueSpecification\",\"valueRequired\":true,\"valueName\":\"search_term_string\"}}],\"inLanguage\":\"cs\"}]}<\/script>\n<!-- \/ Yoast SEO plugin. -->","yoast_head_json":{"title":"Hrajte Plinko v kasinu BetLabel \u27a4 Jednoduch\u00e1 hra s multiplik\u00e1tory","description":"Plinko na BetLabel \u2714\ufe0f je rychl\u00e1 a snadno pochopiteln\u00e1 hra s padaj\u00edc\u00edmi kuli\u010dkami a multiplik\u00e1tory. Minim\u00e1ln\u00ed s\u00e1zky, kontrola rizika, kr\u00e1tk\u00e1 kola a pohodln\u00e9 hran\u00ed z po\u010d\u00edta\u010de nebo telefonu.","robots":{"index":"index","follow":"follow","max-snippet":"max-snippet:-1","max-image-preview":"max-image-preview:large","max-video-preview":"max-video-preview:-1"},"canonical":"https:\/\/label.bet\/cs\/plinko\/","og_locale":"cs_CZ","og_type":"article","og_title":"Hrajte Plinko v kasinu BetLabel \u27a4 Jednoduch\u00e1 hra s multiplik\u00e1tory","og_description":"Plinko na BetLabel \u2714\ufe0f je rychl\u00e1 a snadno pochopiteln\u00e1 hra s padaj\u00edc\u00edmi kuli\u010dkami a multiplik\u00e1tory. Minim\u00e1ln\u00ed s\u00e1zky, kontrola rizika, kr\u00e1tk\u00e1 kola a pohodln\u00e9 hran\u00ed z po\u010d\u00edta\u010de nebo telefonu.","og_url":"https:\/\/label.bet\/cs\/plinko\/","og_site_name":"Betlabel cs","article_modified_time":"2026-02-05T10:16:11+00:00","twitter_card":"summary_large_image","schema":{"@context":"https:\/\/schema.org","@graph":[{"@type":"WebPage","@id":"https:\/\/label.bet\/cs\/plinko\/","url":"https:\/\/label.bet\/cs\/plinko\/","name":"Hrajte Plinko v kasinu BetLabel \u27a4 Jednoduch\u00e1 hra s multiplik\u00e1tory","isPartOf":{"@id":"https:\/\/label.bet\/cs\/#website"},"datePublished":"2026-01-23T11:35:42+00:00","dateModified":"2026-02-05T10:16:11+00:00","description":"Plinko na BetLabel \u2714\ufe0f je rychl\u00e1 a snadno pochopiteln\u00e1 hra s padaj\u00edc\u00edmi kuli\u010dkami a multiplik\u00e1tory. Minim\u00e1ln\u00ed s\u00e1zky, kontrola rizika, kr\u00e1tk\u00e1 kola a pohodln\u00e9 hran\u00ed z po\u010d\u00edta\u010de nebo telefonu.","inLanguage":"cs","potentialAction":[{"@type":"ReadAction","target":["https:\/\/label.bet\/cs\/plinko\/"]}]},{"@type":"WebSite","@id":"https:\/\/label.bet\/cs\/#website","url":"https:\/\/label.bet\/cs\/","name":"Betlabel cs","description":"","potentialAction":[{"@type":"SearchAction","target":{"@type":"EntryPoint","urlTemplate":"https:\/\/label.bet\/cs\/?s={search_term_string}"},"query-input":{"@type":"PropertyValueSpecification","valueRequired":true,"valueName":"search_term_string"}}],"inLanguage":"cs"}]}},"_links":{"self":[{"href":"https:\/\/label.bet\/cs\/wp-json\/wp\/v2\/pages\/1802","targetHints":{"allow":["GET"]}}],"collection":[{"href":"https:\/\/label.bet\/cs\/wp-json\/wp\/v2\/pages"}],"about":[{"href":"https:\/\/label.bet\/cs\/wp-json\/wp\/v2\/types\/page"}],"author":[{"embeddable":true,"href":"https:\/\/label.bet\/cs\/wp-json\/wp\/v2\/users\/1"}],"replies":[{"embeddable":true,"href":"https:\/\/label.bet\/cs\/wp-json\/wp\/v2\/comments?post=1802"}],"version-history":[{"count":3,"href":"https:\/\/label.bet\/cs\/wp-json\/wp\/v2\/pages\/1802\/revisions"}],"predecessor-version":[{"id":1928,"href":"https:\/\/label.bet\/cs\/wp-json\/wp\/v2\/pages\/1802\/revisions\/1928"}],"wp:attachment":[{"href":"https:\/\/label.bet\/cs\/wp-json\/wp\/v2\/media?parent=1802"}],"curies":[{"name":"wp","href":"https:\/\/api.w.org\/{rel}","templated":true}]}}