{"id":1815,"date":"2026-01-25T14:57:29","date_gmt":"2026-01-25T11:57:29","guid":{"rendered":"https:\/\/label.bet\/cs\/?page_id=1815"},"modified":"2026-02-05T13:41:01","modified_gmt":"2026-02-05T10:41:01","slug":"sweet-bonanza","status":"publish","type":"page","link":"https:\/\/label.bet\/cs\/sweet-bonanza\/","title":{"rendered":"Sweet Bonanza"},"content":{"rendered":"","protected":false},"excerpt":{"rendered":"","protected":false},"author":1,"featured_media":0,"parent":0,"menu_order":0,"comment_status":"closed","ping_status":"closed","template":"","meta":{"_acf_changed":false,"footnotes":""},"class_list":["post-1815","page","type-page","status-publish","hentry"],"acf":[],"yoast_head":"<!-- This site is optimized with the Yoast SEO plugin v26.5 - https:\/\/yoast.com\/wordpress\/plugins\/seo\/ -->\n<title>Sweet Bonanza na BetLabel \u26a1\ufe0f Pragmatic Play slot s bonusy<\/title>\n<meta name=\"description\" content=\"Zahrajte si Sweet Bonanza od Pragmatic Play v kasinu BetLabel \u27a4 \u017eiv\u00fd ovocn\u00fd automat s kask\u00e1dov\u00fdmi v\u00fdhrami, oto\u010dkami zdarma a multiplik\u00e1tory. Rychl\u00e1 hra a bonusov\u00e1 kola bez slo\u017eit\u00fdch pravidel.\" \/>\n<meta name=\"robots\" content=\"index, follow, max-snippet:-1, max-image-preview:large, max-video-preview:-1\" \/>\n<link rel=\"canonical\" href=\"https:\/\/label.bet\/cs\/sweet-bonanza\/\" \/>\n<meta property=\"og:locale\" content=\"cs_CZ\" \/>\n<meta property=\"og:type\" content=\"article\" \/>\n<meta property=\"og:title\" content=\"Sweet Bonanza na BetLabel \u26a1\ufe0f Pragmatic Play slot s bonusy\" \/>\n<meta property=\"og:description\" content=\"Zahrajte si Sweet Bonanza od Pragmatic Play v kasinu BetLabel \u27a4 \u017eiv\u00fd ovocn\u00fd automat s kask\u00e1dov\u00fdmi v\u00fdhrami, oto\u010dkami zdarma a multiplik\u00e1tory. Rychl\u00e1 hra a bonusov\u00e1 kola bez slo\u017eit\u00fdch pravidel.\" \/>\n<meta property=\"og:url\" content=\"https:\/\/label.bet\/cs\/sweet-bonanza\/\" \/>\n<meta property=\"og:site_name\" content=\"Betlabel cs\" \/>\n<meta property=\"article:modified_time\" content=\"2026-02-05T10:41:01+00:00\" \/>\n<meta name=\"twitter:card\" content=\"summary_large_image\" \/>\n<script type=\"application\/ld+json\" class=\"yoast-schema-graph\">{\"@context\":\"https:\/\/schema.org\",\"@graph\":[{\"@type\":\"WebPage\",\"@id\":\"https:\/\/label.bet\/cs\/sweet-bonanza\/\",\"url\":\"https:\/\/label.bet\/cs\/sweet-bonanza\/\",\"name\":\"Sweet Bonanza na BetLabel \u26a1\ufe0f Pragmatic Play slot s bonusy\",\"isPartOf\":{\"@id\":\"https:\/\/label.bet\/cs\/#website\"},\"datePublished\":\"2026-01-25T11:57:29+00:00\",\"dateModified\":\"2026-02-05T10:41:01+00:00\",\"description\":\"Zahrajte si Sweet Bonanza od Pragmatic Play v kasinu BetLabel \u27a4 \u017eiv\u00fd ovocn\u00fd automat s kask\u00e1dov\u00fdmi v\u00fdhrami, oto\u010dkami zdarma a multiplik\u00e1tory. Rychl\u00e1 hra a bonusov\u00e1 kola bez slo\u017eit\u00fdch pravidel.\",\"inLanguage\":\"cs\",\"potentialAction\":[{\"@type\":\"ReadAction\",\"target\":[\"https:\/\/label.bet\/cs\/sweet-bonanza\/\"]}]},{\"@type\":\"WebSite\",\"@id\":\"https:\/\/label.bet\/cs\/#website\",\"url\":\"https:\/\/label.bet\/cs\/\",\"name\":\"Betlabel cs\",\"description\":\"\",\"potentialAction\":[{\"@type\":\"SearchAction\",\"target\":{\"@type\":\"EntryPoint\",\"urlTemplate\":\"https:\/\/label.bet\/cs\/?s={search_term_string}\"},\"query-input\":{\"@type\":\"PropertyValueSpecification\",\"valueRequired\":true,\"valueName\":\"search_term_string\"}}],\"inLanguage\":\"cs\"}]}<\/script>\n<!-- \/ Yoast SEO plugin. -->","yoast_head_json":{"title":"Sweet Bonanza na BetLabel \u26a1\ufe0f Pragmatic Play slot s bonusy","description":"Zahrajte si Sweet Bonanza od Pragmatic Play v kasinu BetLabel \u27a4 \u017eiv\u00fd ovocn\u00fd automat s kask\u00e1dov\u00fdmi v\u00fdhrami, oto\u010dkami zdarma a multiplik\u00e1tory. Rychl\u00e1 hra a bonusov\u00e1 kola bez slo\u017eit\u00fdch pravidel.","robots":{"index":"index","follow":"follow","max-snippet":"max-snippet:-1","max-image-preview":"max-image-preview:large","max-video-preview":"max-video-preview:-1"},"canonical":"https:\/\/label.bet\/cs\/sweet-bonanza\/","og_locale":"cs_CZ","og_type":"article","og_title":"Sweet Bonanza na BetLabel \u26a1\ufe0f Pragmatic Play slot s bonusy","og_description":"Zahrajte si Sweet Bonanza od Pragmatic Play v kasinu BetLabel \u27a4 \u017eiv\u00fd ovocn\u00fd automat s kask\u00e1dov\u00fdmi v\u00fdhrami, oto\u010dkami zdarma a multiplik\u00e1tory. Rychl\u00e1 hra a bonusov\u00e1 kola bez slo\u017eit\u00fdch pravidel.","og_url":"https:\/\/label.bet\/cs\/sweet-bonanza\/","og_site_name":"Betlabel cs","article_modified_time":"2026-02-05T10:41:01+00:00","twitter_card":"summary_large_image","schema":{"@context":"https:\/\/schema.org","@graph":[{"@type":"WebPage","@id":"https:\/\/label.bet\/cs\/sweet-bonanza\/","url":"https:\/\/label.bet\/cs\/sweet-bonanza\/","name":"Sweet Bonanza na BetLabel \u26a1\ufe0f Pragmatic Play slot s bonusy","isPartOf":{"@id":"https:\/\/label.bet\/cs\/#website"},"datePublished":"2026-01-25T11:57:29+00:00","dateModified":"2026-02-05T10:41:01+00:00","description":"Zahrajte si Sweet Bonanza od Pragmatic Play v kasinu BetLabel \u27a4 \u017eiv\u00fd ovocn\u00fd automat s kask\u00e1dov\u00fdmi v\u00fdhrami, oto\u010dkami zdarma a multiplik\u00e1tory. Rychl\u00e1 hra a bonusov\u00e1 kola bez slo\u017eit\u00fdch pravidel.","inLanguage":"cs","potentialAction":[{"@type":"ReadAction","target":["https:\/\/label.bet\/cs\/sweet-bonanza\/"]}]},{"@type":"WebSite","@id":"https:\/\/label.bet\/cs\/#website","url":"https:\/\/label.bet\/cs\/","name":"Betlabel cs","description":"","potentialAction":[{"@type":"SearchAction","target":{"@type":"EntryPoint","urlTemplate":"https:\/\/label.bet\/cs\/?s={search_term_string}"},"query-input":{"@type":"PropertyValueSpecification","valueRequired":true,"valueName":"search_term_string"}}],"inLanguage":"cs"}]}},"_links":{"self":[{"href":"https:\/\/label.bet\/cs\/wp-json\/wp\/v2\/pages\/1815","targetHints":{"allow":["GET"]}}],"collection":[{"href":"https:\/\/label.bet\/cs\/wp-json\/wp\/v2\/pages"}],"about":[{"href":"https:\/\/label.bet\/cs\/wp-json\/wp\/v2\/types\/page"}],"author":[{"embeddable":true,"href":"https:\/\/label.bet\/cs\/wp-json\/wp\/v2\/users\/1"}],"replies":[{"embeddable":true,"href":"https:\/\/label.bet\/cs\/wp-json\/wp\/v2\/comments?post=1815"}],"version-history":[{"count":4,"href":"https:\/\/label.bet\/cs\/wp-json\/wp\/v2\/pages\/1815\/revisions"}],"predecessor-version":[{"id":1932,"href":"https:\/\/label.bet\/cs\/wp-json\/wp\/v2\/pages\/1815\/revisions\/1932"}],"wp:attachment":[{"href":"https:\/\/label.bet\/cs\/wp-json\/wp\/v2\/media?parent=1815"}],"curies":[{"name":"wp","href":"https:\/\/api.w.org\/{rel}","templated":true}]}}