{"id":1828,"date":"2026-01-25T16:47:31","date_gmt":"2026-01-25T13:47:31","guid":{"rendered":"https:\/\/label.bet\/cs\/?page_id=1828"},"modified":"2026-02-05T09:35:38","modified_gmt":"2026-02-05T06:35:38","slug":"book-of-dead","status":"publish","type":"page","link":"https:\/\/label.bet\/cs\/book-of-dead\/","title":{"rendered":"Book of Dead"},"content":{"rendered":"","protected":false},"excerpt":{"rendered":"","protected":false},"author":1,"featured_media":0,"parent":0,"menu_order":0,"comment_status":"closed","ping_status":"closed","template":"","meta":{"_acf_changed":false,"footnotes":""},"class_list":["post-1828","page","type-page","status-publish","hentry"],"acf":[],"yoast_head":"<!-- This site is optimized with the Yoast SEO plugin v26.5 - https:\/\/yoast.com\/wordpress\/plugins\/seo\/ -->\n<title>Book of Dead v kasinu BetLabel \u2b50\ufe0f Klasick\u00fd automat od Play&#039;n GO<\/title>\n<meta name=\"description\" content=\"Zahrajte si Book of Dead na BetLabel \u27a4 legend\u00e1rn\u00ed kni\u017en\u00ed automat od Play&#039;n GO s bezplatn\u00fdmi oto\u010dkami a vysok\u00fdm v\u00fdhern\u00edm potenci\u00e1lem. Jednoduch\u00e1 pravidla, rychl\u00e9 oto\u010dky a obl\u00edben\u00e1 klasika online kasin.\" \/>\n<meta name=\"robots\" content=\"index, follow, max-snippet:-1, max-image-preview:large, max-video-preview:-1\" \/>\n<link rel=\"canonical\" href=\"https:\/\/label.bet\/cs\/book-of-dead\/\" \/>\n<meta property=\"og:locale\" content=\"cs_CZ\" \/>\n<meta property=\"og:type\" content=\"article\" \/>\n<meta property=\"og:title\" content=\"Book of Dead v kasinu BetLabel \u2b50\ufe0f Klasick\u00fd automat od Play&#039;n GO\" \/>\n<meta property=\"og:description\" content=\"Zahrajte si Book of Dead na BetLabel \u27a4 legend\u00e1rn\u00ed kni\u017en\u00ed automat od Play&#039;n GO s bezplatn\u00fdmi oto\u010dkami a vysok\u00fdm v\u00fdhern\u00edm potenci\u00e1lem. Jednoduch\u00e1 pravidla, rychl\u00e9 oto\u010dky a obl\u00edben\u00e1 klasika online kasin.\" \/>\n<meta property=\"og:url\" content=\"https:\/\/label.bet\/cs\/book-of-dead\/\" \/>\n<meta property=\"og:site_name\" content=\"Betlabel cs\" \/>\n<meta property=\"article:modified_time\" content=\"2026-02-05T06:35:38+00:00\" \/>\n<meta name=\"twitter:card\" content=\"summary_large_image\" \/>\n<script type=\"application\/ld+json\" class=\"yoast-schema-graph\">{\"@context\":\"https:\/\/schema.org\",\"@graph\":[{\"@type\":\"WebPage\",\"@id\":\"https:\/\/label.bet\/cs\/book-of-dead\/\",\"url\":\"https:\/\/label.bet\/cs\/book-of-dead\/\",\"name\":\"Book of Dead v kasinu BetLabel \u2b50\ufe0f Klasick\u00fd automat od Play'n GO\",\"isPartOf\":{\"@id\":\"https:\/\/label.bet\/cs\/#website\"},\"datePublished\":\"2026-01-25T13:47:31+00:00\",\"dateModified\":\"2026-02-05T06:35:38+00:00\",\"description\":\"Zahrajte si Book of Dead na BetLabel \u27a4 legend\u00e1rn\u00ed kni\u017en\u00ed automat od Play'n GO s bezplatn\u00fdmi oto\u010dkami a vysok\u00fdm v\u00fdhern\u00edm potenci\u00e1lem. Jednoduch\u00e1 pravidla, rychl\u00e9 oto\u010dky a obl\u00edben\u00e1 klasika online kasin.\",\"inLanguage\":\"cs\",\"potentialAction\":[{\"@type\":\"ReadAction\",\"target\":[\"https:\/\/label.bet\/cs\/book-of-dead\/\"]}]},{\"@type\":\"WebSite\",\"@id\":\"https:\/\/label.bet\/cs\/#website\",\"url\":\"https:\/\/label.bet\/cs\/\",\"name\":\"Betlabel cs\",\"description\":\"\",\"potentialAction\":[{\"@type\":\"SearchAction\",\"target\":{\"@type\":\"EntryPoint\",\"urlTemplate\":\"https:\/\/label.bet\/cs\/?s={search_term_string}\"},\"query-input\":{\"@type\":\"PropertyValueSpecification\",\"valueRequired\":true,\"valueName\":\"search_term_string\"}}],\"inLanguage\":\"cs\"}]}<\/script>\n<!-- \/ Yoast SEO plugin. -->","yoast_head_json":{"title":"Book of Dead v kasinu BetLabel \u2b50\ufe0f Klasick\u00fd automat od Play'n GO","description":"Zahrajte si Book of Dead na BetLabel \u27a4 legend\u00e1rn\u00ed kni\u017en\u00ed automat od Play'n GO s bezplatn\u00fdmi oto\u010dkami a vysok\u00fdm v\u00fdhern\u00edm potenci\u00e1lem. Jednoduch\u00e1 pravidla, rychl\u00e9 oto\u010dky a obl\u00edben\u00e1 klasika online kasin.","robots":{"index":"index","follow":"follow","max-snippet":"max-snippet:-1","max-image-preview":"max-image-preview:large","max-video-preview":"max-video-preview:-1"},"canonical":"https:\/\/label.bet\/cs\/book-of-dead\/","og_locale":"cs_CZ","og_type":"article","og_title":"Book of Dead v kasinu BetLabel \u2b50\ufe0f Klasick\u00fd automat od Play'n GO","og_description":"Zahrajte si Book of Dead na BetLabel \u27a4 legend\u00e1rn\u00ed kni\u017en\u00ed automat od Play'n GO s bezplatn\u00fdmi oto\u010dkami a vysok\u00fdm v\u00fdhern\u00edm potenci\u00e1lem. Jednoduch\u00e1 pravidla, rychl\u00e9 oto\u010dky a obl\u00edben\u00e1 klasika online kasin.","og_url":"https:\/\/label.bet\/cs\/book-of-dead\/","og_site_name":"Betlabel cs","article_modified_time":"2026-02-05T06:35:38+00:00","twitter_card":"summary_large_image","schema":{"@context":"https:\/\/schema.org","@graph":[{"@type":"WebPage","@id":"https:\/\/label.bet\/cs\/book-of-dead\/","url":"https:\/\/label.bet\/cs\/book-of-dead\/","name":"Book of Dead v kasinu BetLabel \u2b50\ufe0f Klasick\u00fd automat od Play'n GO","isPartOf":{"@id":"https:\/\/label.bet\/cs\/#website"},"datePublished":"2026-01-25T13:47:31+00:00","dateModified":"2026-02-05T06:35:38+00:00","description":"Zahrajte si Book of Dead na BetLabel \u27a4 legend\u00e1rn\u00ed kni\u017en\u00ed automat od Play'n GO s bezplatn\u00fdmi oto\u010dkami a vysok\u00fdm v\u00fdhern\u00edm potenci\u00e1lem. Jednoduch\u00e1 pravidla, rychl\u00e9 oto\u010dky a obl\u00edben\u00e1 klasika online kasin.","inLanguage":"cs","potentialAction":[{"@type":"ReadAction","target":["https:\/\/label.bet\/cs\/book-of-dead\/"]}]},{"@type":"WebSite","@id":"https:\/\/label.bet\/cs\/#website","url":"https:\/\/label.bet\/cs\/","name":"Betlabel cs","description":"","potentialAction":[{"@type":"SearchAction","target":{"@type":"EntryPoint","urlTemplate":"https:\/\/label.bet\/cs\/?s={search_term_string}"},"query-input":{"@type":"PropertyValueSpecification","valueRequired":true,"valueName":"search_term_string"}}],"inLanguage":"cs"}]}},"_links":{"self":[{"href":"https:\/\/label.bet\/cs\/wp-json\/wp\/v2\/pages\/1828","targetHints":{"allow":["GET"]}}],"collection":[{"href":"https:\/\/label.bet\/cs\/wp-json\/wp\/v2\/pages"}],"about":[{"href":"https:\/\/label.bet\/cs\/wp-json\/wp\/v2\/types\/page"}],"author":[{"embeddable":true,"href":"https:\/\/label.bet\/cs\/wp-json\/wp\/v2\/users\/1"}],"replies":[{"embeddable":true,"href":"https:\/\/label.bet\/cs\/wp-json\/wp\/v2\/comments?post=1828"}],"version-history":[{"count":4,"href":"https:\/\/label.bet\/cs\/wp-json\/wp\/v2\/pages\/1828\/revisions"}],"predecessor-version":[{"id":1911,"href":"https:\/\/label.bet\/cs\/wp-json\/wp\/v2\/pages\/1828\/revisions\/1911"}],"wp:attachment":[{"href":"https:\/\/label.bet\/cs\/wp-json\/wp\/v2\/media?parent=1828"}],"curies":[{"name":"wp","href":"https:\/\/api.w.org\/{rel}","templated":true}]}}