{"id":1835,"date":"2026-01-25T17:34:39","date_gmt":"2026-01-25T14:34:39","guid":{"rendered":"https:\/\/label.bet\/cs\/?page_id=1835"},"modified":"2026-02-05T13:11:36","modified_gmt":"2026-02-05T10:11:36","slug":"mines","status":"publish","type":"page","link":"https:\/\/label.bet\/cs\/mines\/","title":{"rendered":"Mines"},"content":{"rendered":"","protected":false},"excerpt":{"rendered":"","protected":false},"author":1,"featured_media":0,"parent":0,"menu_order":0,"comment_status":"closed","ping_status":"closed","template":"","meta":{"_acf_changed":false,"footnotes":""},"class_list":["post-1835","page","type-page","status-publish","hentry"],"acf":[],"yoast_head":"<!-- This site is optimized with the Yoast SEO plugin v26.5 - https:\/\/yoast.com\/wordpress\/plugins\/seo\/ -->\n<title>Doly na BetLabel \u2714\ufe0f Hra s kontrolou rizika a rychl\u00fdmi v\u00fdhrami<\/title>\n<meta name=\"description\" content=\"Hrajte Mines v kasinu BetLabel \u27a4 dynamick\u00e1 okam\u017eit\u00e1 hra s p\u0159izp\u016fsobiteln\u00fdm rizikem. Vyberte si po\u010det min, ovl\u00e1dejte \u0161ance a kdykoli si vyzvedn\u011bte sv\u00e9 v\u00fdhry.\" \/>\n<meta name=\"robots\" content=\"index, follow, max-snippet:-1, max-image-preview:large, max-video-preview:-1\" \/>\n<link rel=\"canonical\" href=\"https:\/\/label.bet\/cs\/mines\/\" \/>\n<meta property=\"og:locale\" content=\"cs_CZ\" \/>\n<meta property=\"og:type\" content=\"article\" \/>\n<meta property=\"og:title\" content=\"Doly na BetLabel \u2714\ufe0f Hra s kontrolou rizika a rychl\u00fdmi v\u00fdhrami\" \/>\n<meta property=\"og:description\" content=\"Hrajte Mines v kasinu BetLabel \u27a4 dynamick\u00e1 okam\u017eit\u00e1 hra s p\u0159izp\u016fsobiteln\u00fdm rizikem. Vyberte si po\u010det min, ovl\u00e1dejte \u0161ance a kdykoli si vyzvedn\u011bte sv\u00e9 v\u00fdhry.\" \/>\n<meta property=\"og:url\" content=\"https:\/\/label.bet\/cs\/mines\/\" \/>\n<meta property=\"og:site_name\" content=\"Betlabel cs\" \/>\n<meta property=\"article:modified_time\" content=\"2026-02-05T10:11:36+00:00\" \/>\n<meta name=\"twitter:card\" content=\"summary_large_image\" \/>\n<script type=\"application\/ld+json\" class=\"yoast-schema-graph\">{\"@context\":\"https:\/\/schema.org\",\"@graph\":[{\"@type\":\"WebPage\",\"@id\":\"https:\/\/label.bet\/cs\/mines\/\",\"url\":\"https:\/\/label.bet\/cs\/mines\/\",\"name\":\"Doly na BetLabel \u2714\ufe0f Hra s kontrolou rizika a rychl\u00fdmi v\u00fdhrami\",\"isPartOf\":{\"@id\":\"https:\/\/label.bet\/cs\/#website\"},\"datePublished\":\"2026-01-25T14:34:39+00:00\",\"dateModified\":\"2026-02-05T10:11:36+00:00\",\"description\":\"Hrajte Mines v kasinu BetLabel \u27a4 dynamick\u00e1 okam\u017eit\u00e1 hra s p\u0159izp\u016fsobiteln\u00fdm rizikem. Vyberte si po\u010det min, ovl\u00e1dejte \u0161ance a kdykoli si vyzvedn\u011bte sv\u00e9 v\u00fdhry.\",\"inLanguage\":\"cs\",\"potentialAction\":[{\"@type\":\"ReadAction\",\"target\":[\"https:\/\/label.bet\/cs\/mines\/\"]}]},{\"@type\":\"WebSite\",\"@id\":\"https:\/\/label.bet\/cs\/#website\",\"url\":\"https:\/\/label.bet\/cs\/\",\"name\":\"Betlabel cs\",\"description\":\"\",\"potentialAction\":[{\"@type\":\"SearchAction\",\"target\":{\"@type\":\"EntryPoint\",\"urlTemplate\":\"https:\/\/label.bet\/cs\/?s={search_term_string}\"},\"query-input\":{\"@type\":\"PropertyValueSpecification\",\"valueRequired\":true,\"valueName\":\"search_term_string\"}}],\"inLanguage\":\"cs\"}]}<\/script>\n<!-- \/ Yoast SEO plugin. -->","yoast_head_json":{"title":"Doly na BetLabel \u2714\ufe0f Hra s kontrolou rizika a rychl\u00fdmi v\u00fdhrami","description":"Hrajte Mines v kasinu BetLabel \u27a4 dynamick\u00e1 okam\u017eit\u00e1 hra s p\u0159izp\u016fsobiteln\u00fdm rizikem. Vyberte si po\u010det min, ovl\u00e1dejte \u0161ance a kdykoli si vyzvedn\u011bte sv\u00e9 v\u00fdhry.","robots":{"index":"index","follow":"follow","max-snippet":"max-snippet:-1","max-image-preview":"max-image-preview:large","max-video-preview":"max-video-preview:-1"},"canonical":"https:\/\/label.bet\/cs\/mines\/","og_locale":"cs_CZ","og_type":"article","og_title":"Doly na BetLabel \u2714\ufe0f Hra s kontrolou rizika a rychl\u00fdmi v\u00fdhrami","og_description":"Hrajte Mines v kasinu BetLabel \u27a4 dynamick\u00e1 okam\u017eit\u00e1 hra s p\u0159izp\u016fsobiteln\u00fdm rizikem. Vyberte si po\u010det min, ovl\u00e1dejte \u0161ance a kdykoli si vyzvedn\u011bte sv\u00e9 v\u00fdhry.","og_url":"https:\/\/label.bet\/cs\/mines\/","og_site_name":"Betlabel cs","article_modified_time":"2026-02-05T10:11:36+00:00","twitter_card":"summary_large_image","schema":{"@context":"https:\/\/schema.org","@graph":[{"@type":"WebPage","@id":"https:\/\/label.bet\/cs\/mines\/","url":"https:\/\/label.bet\/cs\/mines\/","name":"Doly na BetLabel \u2714\ufe0f Hra s kontrolou rizika a rychl\u00fdmi v\u00fdhrami","isPartOf":{"@id":"https:\/\/label.bet\/cs\/#website"},"datePublished":"2026-01-25T14:34:39+00:00","dateModified":"2026-02-05T10:11:36+00:00","description":"Hrajte Mines v kasinu BetLabel \u27a4 dynamick\u00e1 okam\u017eit\u00e1 hra s p\u0159izp\u016fsobiteln\u00fdm rizikem. Vyberte si po\u010det min, ovl\u00e1dejte \u0161ance a kdykoli si vyzvedn\u011bte sv\u00e9 v\u00fdhry.","inLanguage":"cs","potentialAction":[{"@type":"ReadAction","target":["https:\/\/label.bet\/cs\/mines\/"]}]},{"@type":"WebSite","@id":"https:\/\/label.bet\/cs\/#website","url":"https:\/\/label.bet\/cs\/","name":"Betlabel cs","description":"","potentialAction":[{"@type":"SearchAction","target":{"@type":"EntryPoint","urlTemplate":"https:\/\/label.bet\/cs\/?s={search_term_string}"},"query-input":{"@type":"PropertyValueSpecification","valueRequired":true,"valueName":"search_term_string"}}],"inLanguage":"cs"}]}},"_links":{"self":[{"href":"https:\/\/label.bet\/cs\/wp-json\/wp\/v2\/pages\/1835","targetHints":{"allow":["GET"]}}],"collection":[{"href":"https:\/\/label.bet\/cs\/wp-json\/wp\/v2\/pages"}],"about":[{"href":"https:\/\/label.bet\/cs\/wp-json\/wp\/v2\/types\/page"}],"author":[{"embeddable":true,"href":"https:\/\/label.bet\/cs\/wp-json\/wp\/v2\/users\/1"}],"replies":[{"embeddable":true,"href":"https:\/\/label.bet\/cs\/wp-json\/wp\/v2\/comments?post=1835"}],"version-history":[{"count":4,"href":"https:\/\/label.bet\/cs\/wp-json\/wp\/v2\/pages\/1835\/revisions"}],"predecessor-version":[{"id":1927,"href":"https:\/\/label.bet\/cs\/wp-json\/wp\/v2\/pages\/1835\/revisions\/1927"}],"wp:attachment":[{"href":"https:\/\/label.bet\/cs\/wp-json\/wp\/v2\/media?parent=1835"}],"curies":[{"name":"wp","href":"https:\/\/api.w.org\/{rel}","templated":true}]}}