{"id":1086,"date":"2025-11-15T16:52:15","date_gmt":"2025-11-15T13:52:15","guid":{"rendered":"https:\/\/label.bet\/da\/?page_id=1086"},"modified":"2026-03-31T08:57:07","modified_gmt":"2026-03-31T05:57:07","slug":"home","status":"publish","type":"page","link":"https:\/\/label.bet\/da\/","title":{"rendered":"Hjem"},"content":{"rendered":"","protected":false},"excerpt":{"rendered":"","protected":false},"author":1,"featured_media":0,"parent":0,"menu_order":0,"comment_status":"closed","ping_status":"closed","template":"","meta":{"_acf_changed":false,"footnotes":""},"class_list":["post-1086","page","type-page","status-publish","hentry"],"acf":[],"yoast_head":"<!-- This site is optimized with the Yoast SEO plugin v26.5 - https:\/\/yoast.com\/wordpress\/plugins\/seo\/ -->\n<title>Sportsspil og de bedste odds \u2014 Bet Label \u2014 maj 2026<\/title>\n<meta name=\"description\" content=\"Betlabel tilbyder sportsv\u00e6ddem\u00e5l p\u00e5 store ligaer og globale begivenheder med konkurrencedygtige odds, bred markedsd\u00e6kning, hurtig placering af v\u00e6ddem\u00e5l og en problemfri oplevelse for aktive spillere.\" \/>\n<meta name=\"robots\" content=\"index, follow, max-snippet:-1, max-image-preview:large, max-video-preview:-1\" \/>\n<meta property=\"og:locale\" content=\"da_DK\" \/>\n<meta property=\"og:type\" content=\"article\" \/>\n<meta property=\"og:title\" content=\"Sportsspil og de bedste odds \u2014 Bet Label \u2014 maj 2026\" \/>\n<meta property=\"og:description\" content=\"Betlabel tilbyder sportsv\u00e6ddem\u00e5l p\u00e5 store ligaer og globale begivenheder med konkurrencedygtige odds, bred markedsd\u00e6kning, hurtig placering af v\u00e6ddem\u00e5l og en problemfri oplevelse for aktive spillere.\" \/>\n<meta property=\"og:url\" content=\"https:\/\/label.bet\/da\/\" \/>\n<meta property=\"og:site_name\" content=\"BetLabel da\" \/>\n<meta property=\"article:modified_time\" content=\"2026-03-31T05:57:07+00:00\" \/>\n<meta name=\"twitter:card\" content=\"summary_large_image\" \/>\n<script type=\"application\/ld+json\" class=\"yoast-schema-graph\">{\"@context\":\"https:\/\/schema.org\",\"@graph\":[{\"@type\":\"WebPage\",\"@id\":\"https:\/\/label.bet\/da\/\",\"url\":\"https:\/\/label.bet\/da\/\",\"name\":\"Sportsspil og de bedste odds \u2014 Bet Label \u2014 maj 2026\",\"isPartOf\":{\"@id\":\"https:\/\/label.bet\/da\/#website\"},\"datePublished\":\"2025-11-15T13:52:15+00:00\",\"dateModified\":\"2026-03-31T05:57:07+00:00\",\"description\":\"Betlabel tilbyder sportsv\u00e6ddem\u00e5l p\u00e5 store ligaer og globale begivenheder med konkurrencedygtige odds, bred markedsd\u00e6kning, hurtig placering af v\u00e6ddem\u00e5l og en problemfri oplevelse for aktive spillere.\",\"inLanguage\":\"da-DK\",\"potentialAction\":[{\"@type\":\"ReadAction\",\"target\":[\"https:\/\/label.bet\/da\/\"]}]},{\"@type\":\"WebSite\",\"@id\":\"https:\/\/label.bet\/da\/#website\",\"url\":\"https:\/\/label.bet\/da\/\",\"name\":\"BetLabel da\",\"description\":\"\",\"potentialAction\":[{\"@type\":\"SearchAction\",\"target\":{\"@type\":\"EntryPoint\",\"urlTemplate\":\"https:\/\/label.bet\/da\/?s={search_term_string}\"},\"query-input\":{\"@type\":\"PropertyValueSpecification\",\"valueRequired\":true,\"valueName\":\"search_term_string\"}}],\"inLanguage\":\"da-DK\"}]}<\/script>\n<!-- \/ Yoast SEO plugin. -->","yoast_head_json":{"title":"Sportsspil og de bedste odds \u2014 Bet Label \u2014 maj 2026","description":"Betlabel tilbyder sportsv\u00e6ddem\u00e5l p\u00e5 store ligaer og globale begivenheder med konkurrencedygtige odds, bred markedsd\u00e6kning, hurtig placering af v\u00e6ddem\u00e5l og en problemfri oplevelse for aktive spillere.","robots":{"index":"index","follow":"follow","max-snippet":"max-snippet:-1","max-image-preview":"max-image-preview:large","max-video-preview":"max-video-preview:-1"},"og_locale":"da_DK","og_type":"article","og_title":"Sportsspil og de bedste odds \u2014 Bet Label \u2014 maj 2026","og_description":"Betlabel tilbyder sportsv\u00e6ddem\u00e5l p\u00e5 store ligaer og globale begivenheder med konkurrencedygtige odds, bred markedsd\u00e6kning, hurtig placering af v\u00e6ddem\u00e5l og en problemfri oplevelse for aktive spillere.","og_url":"https:\/\/label.bet\/da\/","og_site_name":"BetLabel da","article_modified_time":"2026-03-31T05:57:07+00:00","twitter_card":"summary_large_image","schema":{"@context":"https:\/\/schema.org","@graph":[{"@type":"WebPage","@id":"https:\/\/label.bet\/da\/","url":"https:\/\/label.bet\/da\/","name":"Sportsspil og de bedste odds \u2014 Bet Label \u2014 maj 2026","isPartOf":{"@id":"https:\/\/label.bet\/da\/#website"},"datePublished":"2025-11-15T13:52:15+00:00","dateModified":"2026-03-31T05:57:07+00:00","description":"Betlabel tilbyder sportsv\u00e6ddem\u00e5l p\u00e5 store ligaer og globale begivenheder med konkurrencedygtige odds, bred markedsd\u00e6kning, hurtig placering af v\u00e6ddem\u00e5l og en problemfri oplevelse for aktive spillere.","inLanguage":"da-DK","potentialAction":[{"@type":"ReadAction","target":["https:\/\/label.bet\/da\/"]}]},{"@type":"WebSite","@id":"https:\/\/label.bet\/da\/#website","url":"https:\/\/label.bet\/da\/","name":"BetLabel da","description":"","potentialAction":[{"@type":"SearchAction","target":{"@type":"EntryPoint","urlTemplate":"https:\/\/label.bet\/da\/?s={search_term_string}"},"query-input":{"@type":"PropertyValueSpecification","valueRequired":true,"valueName":"search_term_string"}}],"inLanguage":"da-DK"}]}},"_links":{"self":[{"href":"https:\/\/label.bet\/da\/wp-json\/wp\/v2\/pages\/1086","targetHints":{"allow":["GET"]}}],"collection":[{"href":"https:\/\/label.bet\/da\/wp-json\/wp\/v2\/pages"}],"about":[{"href":"https:\/\/label.bet\/da\/wp-json\/wp\/v2\/types\/page"}],"author":[{"embeddable":true,"href":"https:\/\/label.bet\/da\/wp-json\/wp\/v2\/users\/1"}],"replies":[{"embeddable":true,"href":"https:\/\/label.bet\/da\/wp-json\/wp\/v2\/comments?post=1086"}],"version-history":[{"count":6,"href":"https:\/\/label.bet\/da\/wp-json\/wp\/v2\/pages\/1086\/revisions"}],"predecessor-version":[{"id":1981,"href":"https:\/\/label.bet\/da\/wp-json\/wp\/v2\/pages\/1086\/revisions\/1981"}],"wp:attachment":[{"href":"https:\/\/label.bet\/da\/wp-json\/wp\/v2\/media?parent=1086"}],"curies":[{"name":"wp","href":"https:\/\/api.w.org\/{rel}","templated":true}]}}