{"id":1503,"date":"2025-12-23T14:01:33","date_gmt":"2025-12-23T11:01:33","guid":{"rendered":"https:\/\/label.bet\/da\/?page_id=1503"},"modified":"2026-02-11T09:59:55","modified_gmt":"2026-02-11T06:59:55","slug":"app","status":"publish","type":"page","link":"https:\/\/label.bet\/da\/app\/","title":{"rendered":"App"},"content":{"rendered":"","protected":false},"excerpt":{"rendered":"","protected":false},"author":1,"featured_media":0,"parent":0,"menu_order":0,"comment_status":"closed","ping_status":"closed","template":"","meta":{"_acf_changed":false,"footnotes":""},"class_list":["post-1503","page","type-page","status-publish","hentry"],"acf":[],"yoast_head":"<!-- This site is optimized with the Yoast SEO plugin v26.5 - https:\/\/yoast.com\/wordpress\/plugins\/seo\/ -->\n<title>BetLabel App \u1409 Download APP til Android og iOS gratis<\/title>\n<meta name=\"description\" content=\"Download BetLabel-appen til Android og iOS, og f\u00e5 fuld adgang til sportsv\u00e6ddem\u00e5l og online casinospil fra din telefon. Praktisk APK, hurtig login, bonus til nye spillere og support d\u00f8gnet rundt.\" \/>\n<meta name=\"robots\" content=\"index, follow, max-snippet:-1, max-image-preview:large, max-video-preview:-1\" \/>\n<meta property=\"og:locale\" content=\"da_DK\" \/>\n<meta property=\"og:type\" content=\"article\" \/>\n<meta property=\"og:title\" content=\"BetLabel App \u1409 Download APP til Android og iOS gratis\" \/>\n<meta property=\"og:description\" content=\"Download BetLabel-appen til Android og iOS, og f\u00e5 fuld adgang til sportsv\u00e6ddem\u00e5l og online casinospil fra din telefon. Praktisk APK, hurtig login, bonus til nye spillere og support d\u00f8gnet rundt.\" \/>\n<meta property=\"og:url\" content=\"https:\/\/label.bet\/da\/app\/\" \/>\n<meta property=\"og:site_name\" content=\"BetLabel da\" \/>\n<meta property=\"article:modified_time\" content=\"2026-02-11T06:59:55+00:00\" \/>\n<meta name=\"twitter:card\" content=\"summary_large_image\" \/>\n<script type=\"application\/ld+json\" class=\"yoast-schema-graph\">{\"@context\":\"https:\/\/schema.org\",\"@graph\":[{\"@type\":\"WebPage\",\"@id\":\"https:\/\/label.bet\/da\/app\/\",\"url\":\"https:\/\/label.bet\/da\/app\/\",\"name\":\"BetLabel App \u1409 Download APP til Android og iOS gratis\",\"isPartOf\":{\"@id\":\"https:\/\/label.bet\/da\/#website\"},\"datePublished\":\"2025-12-23T11:01:33+00:00\",\"dateModified\":\"2026-02-11T06:59:55+00:00\",\"description\":\"Download BetLabel-appen til Android og iOS, og f\u00e5 fuld adgang til sportsv\u00e6ddem\u00e5l og online casinospil fra din telefon. Praktisk APK, hurtig login, bonus til nye spillere og support d\u00f8gnet rundt.\",\"inLanguage\":\"da-DK\",\"potentialAction\":[{\"@type\":\"ReadAction\",\"target\":[\"https:\/\/label.bet\/da\/app\/\"]}]},{\"@type\":\"WebSite\",\"@id\":\"https:\/\/label.bet\/da\/#website\",\"url\":\"https:\/\/label.bet\/da\/\",\"name\":\"BetLabel da\",\"description\":\"\",\"potentialAction\":[{\"@type\":\"SearchAction\",\"target\":{\"@type\":\"EntryPoint\",\"urlTemplate\":\"https:\/\/label.bet\/da\/?s={search_term_string}\"},\"query-input\":{\"@type\":\"PropertyValueSpecification\",\"valueRequired\":true,\"valueName\":\"search_term_string\"}}],\"inLanguage\":\"da-DK\"}]}<\/script>\n<!-- \/ Yoast SEO plugin. -->","yoast_head_json":{"title":"BetLabel App \u1409 Download APP til Android og iOS gratis","description":"Download BetLabel-appen til Android og iOS, og f\u00e5 fuld adgang til sportsv\u00e6ddem\u00e5l og online casinospil fra din telefon. Praktisk APK, hurtig login, bonus til nye spillere og support d\u00f8gnet rundt.","robots":{"index":"index","follow":"follow","max-snippet":"max-snippet:-1","max-image-preview":"max-image-preview:large","max-video-preview":"max-video-preview:-1"},"og_locale":"da_DK","og_type":"article","og_title":"BetLabel App \u1409 Download APP til Android og iOS gratis","og_description":"Download BetLabel-appen til Android og iOS, og f\u00e5 fuld adgang til sportsv\u00e6ddem\u00e5l og online casinospil fra din telefon. Praktisk APK, hurtig login, bonus til nye spillere og support d\u00f8gnet rundt.","og_url":"https:\/\/label.bet\/da\/app\/","og_site_name":"BetLabel da","article_modified_time":"2026-02-11T06:59:55+00:00","twitter_card":"summary_large_image","schema":{"@context":"https:\/\/schema.org","@graph":[{"@type":"WebPage","@id":"https:\/\/label.bet\/da\/app\/","url":"https:\/\/label.bet\/da\/app\/","name":"BetLabel App \u1409 Download APP til Android og iOS gratis","isPartOf":{"@id":"https:\/\/label.bet\/da\/#website"},"datePublished":"2025-12-23T11:01:33+00:00","dateModified":"2026-02-11T06:59:55+00:00","description":"Download BetLabel-appen til Android og iOS, og f\u00e5 fuld adgang til sportsv\u00e6ddem\u00e5l og online casinospil fra din telefon. Praktisk APK, hurtig login, bonus til nye spillere og support d\u00f8gnet rundt.","inLanguage":"da-DK","potentialAction":[{"@type":"ReadAction","target":["https:\/\/label.bet\/da\/app\/"]}]},{"@type":"WebSite","@id":"https:\/\/label.bet\/da\/#website","url":"https:\/\/label.bet\/da\/","name":"BetLabel da","description":"","potentialAction":[{"@type":"SearchAction","target":{"@type":"EntryPoint","urlTemplate":"https:\/\/label.bet\/da\/?s={search_term_string}"},"query-input":{"@type":"PropertyValueSpecification","valueRequired":true,"valueName":"search_term_string"}}],"inLanguage":"da-DK"}]}},"_links":{"self":[{"href":"https:\/\/label.bet\/da\/wp-json\/wp\/v2\/pages\/1503","targetHints":{"allow":["GET"]}}],"collection":[{"href":"https:\/\/label.bet\/da\/wp-json\/wp\/v2\/pages"}],"about":[{"href":"https:\/\/label.bet\/da\/wp-json\/wp\/v2\/types\/page"}],"author":[{"embeddable":true,"href":"https:\/\/label.bet\/da\/wp-json\/wp\/v2\/users\/1"}],"replies":[{"embeddable":true,"href":"https:\/\/label.bet\/da\/wp-json\/wp\/v2\/comments?post=1503"}],"version-history":[{"count":6,"href":"https:\/\/label.bet\/da\/wp-json\/wp\/v2\/pages\/1503\/revisions"}],"predecessor-version":[{"id":1907,"href":"https:\/\/label.bet\/da\/wp-json\/wp\/v2\/pages\/1503\/revisions\/1907"}],"wp:attachment":[{"href":"https:\/\/label.bet\/da\/wp-json\/wp\/v2\/media?parent=1503"}],"curies":[{"name":"wp","href":"https:\/\/api.w.org\/{rel}","templated":true}]}}